{"id":118808,"date":"2023-02-23T14:58:18","date_gmt":"2023-02-23T13:58:18","guid":{"rendered":"http:\/\/new.limmathaus.com\/wordpress\/?page_id=118808"},"modified":"2023-06-01T13:02:36","modified_gmt":"2023-06-01T11:02:36","slug":"startseite","status":"publish","type":"page","link":"https:\/\/limmathaus.com\/it\/","title":{"rendered":"Startseite"},"content":{"rendered":"<div class=\"wpb-content-wrapper\"><p>[vc_row unlock_row_content=&#8221;yes&#8221; row_height_percent=&#8221;100&#8243; override_padding=&#8221;yes&#8221; h_padding=&#8221;0&#8243; top_padding=&#8221;0&#8243; bottom_padding=&#8221;0&#8243; overlay_alpha=&#8221;50&#8243; gutter_size=&#8221;3&#8243; column_width_percent=&#8221;100&#8243; shift_y=&#8221;0&#8243; z_index=&#8221;0&#8243; uncode_shortcode_id=&#8221;347329&#8243;][vc_column column_width_percent=&#8221;100&#8243; gutter_size=&#8221;3&#8243; overlay_alpha=&#8221;50&#8243; shift_x=&#8221;0&#8243; shift_y=&#8221;0&#8243; shift_y_down=&#8221;0&#8243; z_index=&#8221;0&#8243; medium_width=&#8221;0&#8243; mobile_width=&#8221;0&#8243; width=&#8221;1\/1&#8243; uncode_shortcode_id=&#8221;289589&#8243; css=&#8221;.vc_custom_1685427362191{padding-top: 32px !important;padding-bottom: 32px !important;}&#8221;][vc_single_image media=&#8221;118668&#8243; media_width_percent=&#8221;80&#8243; alignment=&#8221;center&#8221; uncode_shortcode_id=&#8221;977901&#8243; el_class=&#8221;zoooom&#8221;][\/vc_column][\/vc_row][vc_row row_height_percent=&#8221;0&#8243; override_padding=&#8221;yes&#8221; h_padding=&#8221;2&#8243; top_padding=&#8221;7&#8243; bottom_padding=&#8221;7&#8243; back_color=&#8221;color-wayh&#8221; overlay_alpha=&#8221;15&#8243; gutter_size=&#8221;3&#8243; column_width_percent=&#8221;100&#8243; shift_y=&#8221;0&#8243; z_index=&#8221;0&#8243; top_divider=&#8221;gradient&#8221; bottom_divider=&#8221;gradient&#8221; inverted_device_order=&#8221;yes&#8221; auto_height_device=&#8221;yes&#8221; uncode_shortcode_id=&#8221;313743&#8243; back_color_type=&#8221;uncode-palette&#8221;][vc_column column_width_use_pixel=&#8221;yes&#8221; position_vertical=&#8221;middle&#8221; gutter_size=&#8221;4&#8243; style=&#8221;dark&#8221; overlay_alpha=&#8221;50&#8243; shift_x=&#8221;0&#8243; shift_y=&#8221;0&#8243; shift_y_down=&#8221;0&#8243; z_index=&#8221;0&#8243; medium_width=&#8221;0&#8243; mobile_width=&#8221;0&#8243; width=&#8221;1\/1&#8243; uncode_shortcode_id=&#8221;186018&#8243; column_width_pixel=&#8221;1000&#8243;][vc_custom_heading heading_semantic=&#8221;h3&#8243; text_size=&#8221;h1&#8243; uncode_shortcode_id=&#8221;104790&#8243;]Willkommen im Limmathaus \u2013 dem Begegnungsort f\u00fcrs Quartier, die Stadt und die ganze Region[\/vc_custom_heading][vc_row_inner row_inner_height_percent=&#8221;0&#8243; overlay_alpha=&#8221;50&#8243; gutter_size=&#8221;4&#8243; shift_y=&#8221;0&#8243; z_index=&#8221;0&#8243; limit_content=&#8221;&#8221;][vc_column_inner column_width_percent=&#8221;100&#8243; gutter_size=&#8221;3&#8243; style=&#8221;dark&#8221; overlay_alpha=&#8221;50&#8243; shift_x=&#8221;0&#8243; shift_y=&#8221;0&#8243; shift_y_down=&#8221;0&#8243; z_index=&#8221;0&#8243; medium_width=&#8221;0&#8243; mobile_width=&#8221;0&#8243; width=&#8221;1\/1&#8243; uncode_shortcode_id=&#8221;500698&#8243;][vc_custom_heading heading_semantic=&#8221;h6&#8243; text_size=&#8221;h3&#8243; uncode_shortcode_id=&#8221;146083&#8243;]Das Limmathaus kommt zur\u00fcck ins Quartier und vereint Kultur und Begegnung, Restaurant- und Barkultur, Kreation und Innovation, Party und Musik, Kunst und vieles mehr unter einem Dach.<\/p>\n<p>&nbsp;<\/p>\n<p>Das denkmalgesch\u00fctzte Geb\u00e4ude wurde im Jahr 1913 errichtet und steht nun vor einer grossen Sanierung. Mit der Sanierung kommt die R\u00fcckf\u00fchrung zum Ursprungszweck des Geb\u00e4udes als Begegnungsort f\u00fcr die Menschen im Quartier sowie in und um Z\u00fcrich.[\/vc_custom_heading][vc_empty_space empty_h=&#8221;1&#8243; mobile_visibility=&#8221;yes&#8221;][\/vc_column_inner][\/vc_row_inner][vc_separator sep_color=&#8221;,Default&#8221;][\/vc_column][\/vc_row][vc_row row_height_percent=&#8221;0&#8243; override_padding=&#8221;yes&#8221; h_padding=&#8221;2&#8243; top_padding=&#8221;4&#8243; bottom_padding=&#8221;2&#8243; overlay_alpha=&#8221;50&#8243; equal_height=&#8221;yes&#8221; gutter_size=&#8221;3&#8243; column_width_percent=&#8221;100&#8243; shift_y=&#8221;0&#8243; z_index=&#8221;0&#8243; el_class=&#8221;inverted-device-order&#8221; uncode_shortcode_id=&#8221;162088&#8243;][vc_column column_width_percent=&#8221;100&#8243; position_vertical=&#8221;middle&#8221; gutter_size=&#8221;3&#8243; back_color=&#8221;color-xsdn&#8221; overlay_alpha=&#8221;50&#8243; border_color=&#8221;color-jevc&#8221; border_style=&#8221;solid&#8221; shift_x=&#8221;0&#8243; shift_y=&#8221;0&#8243; shift_y_down=&#8221;0&#8243; z_index=&#8221;0&#8243; medium_width=&#8221;0&#8243; mobile_width=&#8221;0&#8243; radius=&#8221;sm&#8221; shadow=&#8221;xs&#8221; width=&#8221;1\/3&#8243; uncode_shortcode_id=&#8221;959732&#8243; back_color_type=&#8221;uncode-palette&#8221; border_color_type=&#8221;uncode-palette&#8221; link_to=&#8221;url:https%3A%2F%2Flimmathaus.commusik-party%2F|title:Musik%20%26%20Party&#8221;][vc_single_image media=&#8221;118649&#8243; media_width_percent=&#8221;100&#8243; uncode_shortcode_id=&#8221;141358&#8243;][vc_custom_heading heading_semantic=&#8221;h3&#8243; text_size=&#8221;h3&#8243; separator=&#8221;yes&#8221; subheading=&#8221;Im Limmathaus finden Musikveranstaltungen aller Art statt: B\u00fchne frei f\u00fcr Konzerte, Partys und Raves. Von Grossveranstaltungen \u00fcber intime Ap\u00e9ros mit lokalen DJs, im Limmathaus setzen wir auf Vielfalt. Lorem Ipsum dollar sit amet&#8221; uncode_shortcode_id=&#8221;180506&#8243;]Musik und Party[\/vc_custom_heading][vc_button size=&#8221;btn-link&#8221; icon_position=&#8221;right&#8221; icon=&#8221;fa fa-arrow-right2&#8243; link=&#8221;url:https%3A%2F%2Flimmathaus.commusik-party%2F|title:Innovation&#8221; uncode_shortcode_id=&#8221;104876&#8243;]Erfahre Mehr[\/vc_button][\/vc_column][vc_column column_width_percent=&#8221;100&#8243; gutter_size=&#8221;3&#8243; override_padding=&#8221;yes&#8221; column_padding=&#8221;3&#8243; back_color=&#8221;color-xsdn&#8221; overlay_alpha=&#8221;50&#8243; shift_x=&#8221;0&#8243; shift_y=&#8221;0&#8243; shift_y_down=&#8221;0&#8243; z_index=&#8221;0&#8243; medium_width=&#8221;0&#8243; mobile_width=&#8221;0&#8243; radius=&#8221;sm&#8221; shadow=&#8221;xs&#8221; width=&#8221;1\/3&#8243; uncode_shortcode_id=&#8221;180296&#8243; back_color_type=&#8221;uncode-palette&#8221; link_to=&#8221;url:https%3A%2F%2Flimmathaus.comkunst-politik%2F|title:Kunst%20%26%20Politik&#8221;][vc_single_image media=&#8221;118645&#8243; media_width_percent=&#8221;100&#8243; uncode_shortcode_id=&#8221;704887&#8243;][vc_custom_heading heading_semantic=&#8221;h3&#8243; text_size=&#8221;h3&#8243; separator=&#8221;yes&#8221; subheading=&#8221;Kunstausstellungen von bekannten oder noch unbekannten Kunstschaffenden sowie politischer Austausch haben Platz im Limmathaus. Wir freuen uns auf spannende Podiumsdiskussionen und vielf\u00e4ltige Kunst aus verschiedenen Bereichen.&#8221; uncode_shortcode_id=&#8221;293689&#8243;]Kunst und Politik[\/vc_custom_heading][vc_button size=&#8221;btn-link&#8221; icon_position=&#8221;right&#8221; icon=&#8221;fa fa-arrow-right2&#8243; link=&#8221;url:https%3A%2F%2Flimmathaus.comkunst-politik%2F|title:Zusammenarbeit&#8221; uncode_shortcode_id=&#8221;160036&#8243;]Erfahre Mehr[\/vc_button][\/vc_column][vc_column column_width_percent=&#8221;100&#8243; gutter_size=&#8221;3&#8243; override_padding=&#8221;yes&#8221; column_padding=&#8221;3&#8243; back_color=&#8221;color-xsdn&#8221; overlay_alpha=&#8221;50&#8243; shift_x=&#8221;0&#8243; shift_y=&#8221;0&#8243; shift_y_down=&#8221;0&#8243; z_index=&#8221;0&#8243; medium_width=&#8221;0&#8243; mobile_width=&#8221;0&#8243; radius=&#8221;sm&#8221; shadow=&#8221;xs&#8221; width=&#8221;1\/3&#8243; uncode_shortcode_id=&#8221;173209&#8243; back_color_type=&#8221;uncode-palette&#8221; link_to=&#8221;url:https%3A%2F%2Flimmathaus.comkultur-und-begegnung%2F|title:Kultur%20und%20Begegnung&#8221;][vc_single_image media=&#8221;118641&#8243; media_width_percent=&#8221;100&#8243; uncode_shortcode_id=&#8221;959145&#8243;][vc_custom_heading heading_semantic=&#8221;h3&#8243; text_size=&#8221;h3&#8243; separator=&#8221;yes&#8221; subheading=&#8221;Wir w\u00fcnschen uns einen Ort f\u00fcr freie Begegnungen, sei es einfach so oder im Rahmen einer Aktivit\u00e4t oder Veranstaltung. Yoga, Sound Bath Sessions, Cacao Ceremonies oder Ecstatic Dances bieten Raum f\u00fcr Austausch und Verbindung.&#8221; uncode_shortcode_id=&#8221;116847&#8243;]Kultur und Begegnung[\/vc_custom_heading][vc_button size=&#8221;btn-link&#8221; icon_position=&#8221;right&#8221; icon=&#8221;fa fa-arrow-right2&#8243; link=&#8221;url:https%3A%2F%2Flimmathaus.comkultur-und-begegnung%2F&#8221; uncode_shortcode_id=&#8221;242028&#8243;]Erfahre Mehr[\/vc_button][\/vc_column][\/vc_row][vc_row row_height_percent=&#8221;0&#8243; override_padding=&#8221;yes&#8221; h_padding=&#8221;2&#8243; top_padding=&#8221;1&#8243; bottom_padding=&#8221;5&#8243; overlay_alpha=&#8221;50&#8243; equal_height=&#8221;yes&#8221; gutter_size=&#8221;3&#8243; column_width_percent=&#8221;100&#8243; shift_y=&#8221;0&#8243; z_index=&#8221;0&#8243; el_class=&#8221;inverted-device-order&#8221; uncode_shortcode_id=&#8221;794820&#8243;][vc_column column_width_percent=&#8221;100&#8243; position_vertical=&#8221;middle&#8221; gutter_size=&#8221;3&#8243; override_padding=&#8221;yes&#8221; column_padding=&#8221;3&#8243; back_color=&#8221;color-xsdn&#8221; overlay_alpha=&#8221;50&#8243; shift_x=&#8221;0&#8243; shift_y=&#8221;0&#8243; shift_y_down=&#8221;0&#8243; z_index=&#8221;0&#8243; medium_width=&#8221;0&#8243; mobile_width=&#8221;0&#8243; radius=&#8221;sm&#8221; shadow=&#8221;xs&#8221; width=&#8221;1\/3&#8243; uncode_shortcode_id=&#8221;461874&#8243; back_color_type=&#8221;uncode-palette&#8221; link_to=&#8221;url:https%3A%2F%2Flimmathaus.comgastronomie%2F|title:Gastronomie&#8221;][vc_single_image media=&#8221;118635&#8243; media_width_percent=&#8221;100&#8243; uncode_shortcode_id=&#8221;507683&#8243;][vc_custom_heading heading_semantic=&#8221;h3&#8243; text_size=&#8221;h3&#8243; separator=&#8221;yes&#8221; subheading=&#8221;Ein grossfl\u00e4chiger Gastronomiebereich mit Innen- und Aussenbereichen bietet Platz f\u00fcr Restaurantbetrieb, Caff\u00e8 und Bar. Dich erwartet ein breites und kreatives Angebot an veganen und vegetarischen Speisen. Ob du mit Kind und Kegel oder auf einen gem\u00fctlichen Apero..&#8221; uncode_shortcode_id=&#8221;109606&#8243;]Gastronomie[\/vc_custom_heading][vc_button size=&#8221;btn-link&#8221; icon_position=&#8221;right&#8221; icon=&#8221;fa fa-arrow-right2&#8243; link=&#8221;url:https%3A%2F%2Flimmathaus.com%2Finnovation%2F|title:Innovation&#8221; uncode_shortcode_id=&#8221;106105&#8243;]Erfahre Mehr[\/vc_button][\/vc_column][vc_column column_width_percent=&#8221;100&#8243; gutter_size=&#8221;3&#8243; override_padding=&#8221;yes&#8221; column_padding=&#8221;3&#8243; back_color=&#8221;color-xsdn&#8221; overlay_alpha=&#8221;50&#8243; shift_x=&#8221;0&#8243; shift_y=&#8221;0&#8243; shift_y_down=&#8221;0&#8243; z_index=&#8221;0&#8243; medium_width=&#8221;0&#8243; mobile_width=&#8221;0&#8243; radius=&#8221;sm&#8221; shadow=&#8221;xs&#8221; width=&#8221;1\/3&#8243; uncode_shortcode_id=&#8221;156518&#8243; back_color_type=&#8221;uncode-palette&#8221; link_to=&#8221;url:https%3A%2F%2Flimmathaus.cominnovation%2F|title:Innovation&#8221;][vc_single_image media=&#8221;118624&#8243; media_width_percent=&#8221;100&#8243; uncode_shortcode_id=&#8221;906540&#8243;][vc_custom_heading heading_semantic=&#8221;h3&#8243; text_size=&#8221;h3&#8243; separator=&#8221;yes&#8221; subheading=&#8221;Der Hoteltrakt wird nach dem Umbau zum Arbeiten und Vernetzen genutzt. Arbeitspl\u00e4tze und Sitzungsr\u00e4ume f\u00fcr dich und dein Team stehen dir zur Verf\u00fcgung. Das Tolle ist, dass du hier viele spannende Menschen mit tollen Ideen kennenlernen kannst.&#8221; uncode_shortcode_id=&#8221;217673&#8243;]Innovation[\/vc_custom_heading][vc_button size=&#8221;btn-link&#8221; icon_position=&#8221;right&#8221; icon=&#8221;fa fa-arrow-right2&#8243; link=&#8221;url:https%3A%2F%2Flimmathaus.cominnovation%2F&#8221; uncode_shortcode_id=&#8221;133635&#8243;]Erfahre Mehr[\/vc_button][\/vc_column][vc_column column_width_percent=&#8221;100&#8243; gutter_size=&#8221;3&#8243; override_padding=&#8221;yes&#8221; column_padding=&#8221;3&#8243; back_color=&#8221;color-xsdn&#8221; overlay_alpha=&#8221;50&#8243; shift_x=&#8221;0&#8243; shift_y=&#8221;0&#8243; shift_y_down=&#8221;0&#8243; z_index=&#8221;0&#8243; medium_width=&#8221;0&#8243; mobile_width=&#8221;0&#8243; radius=&#8221;sm&#8221; shadow=&#8221;xs&#8221; width=&#8221;1\/3&#8243; uncode_shortcode_id=&#8221;148963&#8243; back_color_type=&#8221;uncode-palette&#8221; link_to=&#8221;url:https%3A%2F%2Flimmathaus.comzusammenarbeit%2F|title:Zusammenarbeit&#8221;][vc_single_image media=&#8221;118619&#8243; media_width_percent=&#8221;100&#8243; uncode_shortcode_id=&#8221;153477&#8243;][vc_custom_heading heading_semantic=&#8221;h3&#8243; text_size=&#8221;h3&#8243; separator=&#8221;yes&#8221; subheading=&#8221;Der Hoteltrakt wird nach dem Umbau zum Arbeiten und Vernetzen genutzt. Arbeitspl\u00e4tze und Sitzungsr\u00e4ume f\u00fcr dich und dein Team stehen dir zur Verf\u00fcgung. Das Tolle ist, dass du hier viele spannende Menschen mit tollen Ideen kennenlernen kannst.&#8221; uncode_shortcode_id=&#8221;562292&#8243;]Zusammenarbeit[\/vc_custom_heading][vc_button size=&#8221;btn-link&#8221; icon_position=&#8221;right&#8221; icon=&#8221;fa fa-arrow-right2&#8243; link=&#8221;url:https%3A%2F%2Flimmathaus.comzusammenarbeit%2F|title:Soziokultur&#8221; uncode_shortcode_id=&#8221;409568&#8243;]Erfahre Mehr[\/vc_button][\/vc_column][\/vc_row]<\/p>\n<\/div>","protected":false},"excerpt":{"rendered":"<p>[vc_row unlock_row_content=&#8221;yes&#8221; row_height_percent=&#8221;100&#8243; override_padding=&#8221;yes&#8221; h_padding=&#8221;0&#8243; top_padding=&#8221;0&#8243; bottom_padding=&#8221;0&#8243; overlay_alpha=&#8221;50&#8243; gutter_size=&#8221;3&#8243; column_width_percent=&#8221;100&#8243; shift_y=&#8221;0&#8243; z_index=&#8221;0&#8243; uncode_shortcode_id=&#8221;347329&#8243;][vc_column column_width_percent=&#8221;100&#8243; gutter_size=&#8221;3&#8243; overlay_alpha=&#8221;50&#8243; shift_x=&#8221;0&#8243; shift_y=&#8221;0&#8243; shift_y_down=&#8221;0&#8243; z_index=&#8221;0&#8243; [&hellip;]<\/p>\n","protected":false},"author":1,"featured_media":0,"parent":0,"menu_order":0,"comment_status":"closed","ping_status":"closed","template":"","meta":{"footnotes":""},"class_list":["post-118808","page","type-page","status-publish","hentry"],"yoast_head":"<!-- This site is optimized with the Yoast SEO Premium plugin v25.8 (Yoast SEO v25.8) - https:\/\/yoast.com\/wordpress\/plugins\/seo\/ -->\n<title>Startseite - Limmathaus<\/title>\n<meta name=\"robots\" content=\"index, follow, max-snippet:-1, max-image-preview:large, max-video-preview:-1\" \/>\n<link rel=\"canonical\" href=\"https:\/\/limmathaus.com\/de\/\" \/>\n<meta property=\"og:locale\" content=\"it_IT\" \/>\n<meta property=\"og:type\" content=\"article\" \/>\n<meta property=\"og:title\" content=\"Startseite\" \/>\n<meta property=\"og:description\" content=\"[vc_row unlock_row_content=&#8221;yes&#8221; row_height_percent=&#8221;100&#8243; override_padding=&#8221;yes&#8221; h_padding=&#8221;0&#8243; top_padding=&#8221;0&#8243; bottom_padding=&#8221;0&#8243; overlay_alpha=&#8221;50&#8243; gutter_size=&#8221;3&#8243; column_width_percent=&#8221;100&#8243; shift_y=&#8221;0&#8243; z_index=&#8221;0&#8243; uncode_shortcode_id=&#8221;347329&#8243;][vc_column column_width_percent=&#8221;100&#8243; gutter_size=&#8221;3&#8243; overlay_alpha=&#8221;50&#8243; shift_x=&#8221;0&#8243; shift_y=&#8221;0&#8243; shift_y_down=&#8221;0&#8243; z_index=&#8221;0&#8243; [&hellip;]\" \/>\n<meta property=\"og:url\" content=\"https:\/\/limmathaus.com\/de\/\" \/>\n<meta property=\"og:site_name\" content=\"Limmathaus\" \/>\n<meta property=\"article:modified_time\" content=\"2023-06-01T11:02:36+00:00\" \/>\n<meta name=\"twitter:card\" content=\"summary_large_image\" \/>\n<meta name=\"twitter:label1\" content=\"Tempo di lettura stimato\" \/>\n\t<meta name=\"twitter:data1\" content=\"7 minuti\" \/>\n<script type=\"application\/ld+json\" class=\"yoast-schema-graph\">{\"@context\":\"https:\/\/schema.org\",\"@graph\":[{\"@type\":\"WebPage\",\"@id\":\"https:\/\/limmathaus.com\/de\/\",\"url\":\"https:\/\/limmathaus.com\/de\/\",\"name\":\"Startseite - Limmathaus\",\"isPartOf\":{\"@id\":\"https:\/\/limmathaus.com\/de\/#website\"},\"datePublished\":\"2023-02-23T13:58:18+00:00\",\"dateModified\":\"2023-06-01T11:02:36+00:00\",\"breadcrumb\":{\"@id\":\"https:\/\/limmathaus.com\/de\/#breadcrumb\"},\"inLanguage\":\"it-IT\",\"potentialAction\":[{\"@type\":\"ReadAction\",\"target\":[\"https:\/\/limmathaus.com\/de\/\"]}]},{\"@type\":\"BreadcrumbList\",\"@id\":\"https:\/\/limmathaus.com\/de\/#breadcrumb\",\"itemListElement\":[{\"@type\":\"ListItem\",\"position\":1,\"name\":\"Startseite\",\"item\":\"https:\/\/limmathaus.com\/de\/\"},{\"@type\":\"ListItem\",\"position\":2,\"name\":\"Startseite\"}]},{\"@type\":\"WebSite\",\"@id\":\"https:\/\/limmathaus.com\/de\/#website\",\"url\":\"https:\/\/limmathaus.com\/de\/\",\"name\":\"Limmathaus\",\"description\":\"Der Begegnungsort f\u00fcrs Quartier\",\"publisher\":{\"@id\":\"https:\/\/limmathaus.com\/de\/#organization\"},\"potentialAction\":[{\"@type\":\"SearchAction\",\"target\":{\"@type\":\"EntryPoint\",\"urlTemplate\":\"https:\/\/limmathaus.com\/de\/?s={search_term_string}\"},\"query-input\":{\"@type\":\"PropertyValueSpecification\",\"valueRequired\":true,\"valueName\":\"search_term_string\"}}],\"inLanguage\":\"it-IT\"},{\"@type\":\"Organization\",\"@id\":\"https:\/\/limmathaus.com\/de\/#organization\",\"name\":\"Limmathaus\",\"url\":\"https:\/\/limmathaus.com\/de\/\",\"logo\":{\"@type\":\"ImageObject\",\"inLanguage\":\"it-IT\",\"@id\":\"https:\/\/limmathaus.com\/de\/#\/schema\/logo\/image\/\",\"url\":\"https:\/\/limmathaus.com\/wp-content\/uploads\/Limmatplatz-10.jpg\",\"contentUrl\":\"https:\/\/limmathaus.com\/wp-content\/uploads\/Limmatplatz-10.jpg\",\"width\":2200,\"height\":1275,\"caption\":\"Limmathaus\"},\"image\":{\"@id\":\"https:\/\/limmathaus.com\/de\/#\/schema\/logo\/image\/\"}}]}<\/script>\n<!-- \/ Yoast SEO Premium plugin. -->","yoast_head_json":{"title":"Startseite - Limmathaus","robots":{"index":"index","follow":"follow","max-snippet":"max-snippet:-1","max-image-preview":"max-image-preview:large","max-video-preview":"max-video-preview:-1"},"canonical":"https:\/\/limmathaus.com\/de\/","og_locale":"it_IT","og_type":"article","og_title":"Startseite","og_description":"[vc_row unlock_row_content=&#8221;yes&#8221; row_height_percent=&#8221;100&#8243; override_padding=&#8221;yes&#8221; h_padding=&#8221;0&#8243; top_padding=&#8221;0&#8243; bottom_padding=&#8221;0&#8243; overlay_alpha=&#8221;50&#8243; gutter_size=&#8221;3&#8243; column_width_percent=&#8221;100&#8243; shift_y=&#8221;0&#8243; z_index=&#8221;0&#8243; uncode_shortcode_id=&#8221;347329&#8243;][vc_column column_width_percent=&#8221;100&#8243; gutter_size=&#8221;3&#8243; overlay_alpha=&#8221;50&#8243; shift_x=&#8221;0&#8243; shift_y=&#8221;0&#8243; shift_y_down=&#8221;0&#8243; z_index=&#8221;0&#8243; [&hellip;]","og_url":"https:\/\/limmathaus.com\/de\/","og_site_name":"Limmathaus","article_modified_time":"2023-06-01T11:02:36+00:00","twitter_card":"summary_large_image","twitter_misc":{"Tempo di lettura stimato":"7 minuti"},"schema":{"@context":"https:\/\/schema.org","@graph":[{"@type":"WebPage","@id":"https:\/\/limmathaus.com\/de\/","url":"https:\/\/limmathaus.com\/de\/","name":"Startseite - Limmathaus","isPartOf":{"@id":"https:\/\/limmathaus.com\/de\/#website"},"datePublished":"2023-02-23T13:58:18+00:00","dateModified":"2023-06-01T11:02:36+00:00","breadcrumb":{"@id":"https:\/\/limmathaus.com\/de\/#breadcrumb"},"inLanguage":"it-IT","potentialAction":[{"@type":"ReadAction","target":["https:\/\/limmathaus.com\/de\/"]}]},{"@type":"BreadcrumbList","@id":"https:\/\/limmathaus.com\/de\/#breadcrumb","itemListElement":[{"@type":"ListItem","position":1,"name":"Startseite","item":"https:\/\/limmathaus.com\/de\/"},{"@type":"ListItem","position":2,"name":"Startseite"}]},{"@type":"WebSite","@id":"https:\/\/limmathaus.com\/de\/#website","url":"https:\/\/limmathaus.com\/de\/","name":"Limmathaus","description":"Der Begegnungsort f\u00fcrs Quartier","publisher":{"@id":"https:\/\/limmathaus.com\/de\/#organization"},"potentialAction":[{"@type":"SearchAction","target":{"@type":"EntryPoint","urlTemplate":"https:\/\/limmathaus.com\/de\/?s={search_term_string}"},"query-input":{"@type":"PropertyValueSpecification","valueRequired":true,"valueName":"search_term_string"}}],"inLanguage":"it-IT"},{"@type":"Organization","@id":"https:\/\/limmathaus.com\/de\/#organization","name":"Limmathaus","url":"https:\/\/limmathaus.com\/de\/","logo":{"@type":"ImageObject","inLanguage":"it-IT","@id":"https:\/\/limmathaus.com\/de\/#\/schema\/logo\/image\/","url":"https:\/\/limmathaus.com\/wp-content\/uploads\/Limmatplatz-10.jpg","contentUrl":"https:\/\/limmathaus.com\/wp-content\/uploads\/Limmatplatz-10.jpg","width":2200,"height":1275,"caption":"Limmathaus"},"image":{"@id":"https:\/\/limmathaus.com\/de\/#\/schema\/logo\/image\/"}}]}},"_links":{"self":[{"href":"https:\/\/limmathaus.com\/it\/wp-json\/wp\/v2\/pages\/118808","targetHints":{"allow":["GET"]}}],"collection":[{"href":"https:\/\/limmathaus.com\/it\/wp-json\/wp\/v2\/pages"}],"about":[{"href":"https:\/\/limmathaus.com\/it\/wp-json\/wp\/v2\/types\/page"}],"author":[{"embeddable":true,"href":"https:\/\/limmathaus.com\/it\/wp-json\/wp\/v2\/users\/1"}],"replies":[{"embeddable":true,"href":"https:\/\/limmathaus.com\/it\/wp-json\/wp\/v2\/comments?post=118808"}],"version-history":[{"count":1,"href":"https:\/\/limmathaus.com\/it\/wp-json\/wp\/v2\/pages\/118808\/revisions"}],"predecessor-version":[{"id":118809,"href":"https:\/\/limmathaus.com\/it\/wp-json\/wp\/v2\/pages\/118808\/revisions\/118809"}],"wp:attachment":[{"href":"https:\/\/limmathaus.com\/it\/wp-json\/wp\/v2\/media?parent=118808"}],"curies":[{"name":"wp","href":"https:\/\/api.w.org\/{rel}","templated":true}]}}