{"id":118819,"date":"2023-04-13T08:03:46","date_gmt":"2023-04-13T06:03:46","guid":{"rendered":"http:\/\/new.limmathaus.com\/wordpress\/?page_id=118819"},"modified":"2023-06-01T13:17:29","modified_gmt":"2023-06-01T11:17:29","slug":"ueber-uns","status":"publish","type":"page","link":"https:\/\/limmathaus.com\/fr\/ueber-uns\/","title":{"rendered":"\u00dcber Uns"},"content":{"rendered":"<div class=\"wpb-content-wrapper\"><p>[vc_row row_height_percent=\u00a0\u00bb0&Prime; override_padding=\u00a0\u00bbyes\u00a0\u00bb h_padding=\u00a0\u00bb2&Prime; top_padding=\u00a0\u00bb4&Prime; bottom_padding=\u00a0\u00bb1&Prime; overlay_alpha=\u00a0\u00bb100&Prime; gutter_size=\u00a0\u00bb3&Prime; column_width_percent=\u00a0\u00bb100&Prime; border_color=\u00a0\u00bbcolor-gyho\u00a0\u00bb border_style=\u00a0\u00bbsolid\u00a0\u00bb shift_y=\u00a0\u00bb0&Prime; z_index=\u00a0\u00bb0&Prime; uncode_shortcode_id=\u00a0\u00bb659510&Prime; border_color_type=\u00a0\u00bbuncode-palette\u00a0\u00bb][vc_column column_width_percent=\u00a0\u00bb100&Prime; align_horizontal=\u00a0\u00bbalign_center\u00a0\u00bb gutter_size=\u00a0\u00bb3&Prime; overlay_alpha=\u00a0\u00bb100&Prime; shift_x=\u00a0\u00bb0&Prime; shift_y=\u00a0\u00bb0&Prime; z_index=\u00a0\u00bb0&Prime; medium_width=\u00a0\u00bb0&Prime; zoom_width=\u00a0\u00bb0&Prime; zoom_height=\u00a0\u00bb0&Prime; width=\u00a0\u00bb1\/1&Prime;][vc_row_inner][vc_column_inner width=\u00a0\u00bb1\/1&Prime;][vc_custom_heading heading_semantic=\u00a0\u00bbh3&Prime; text_size=\u00a0\u00bbh1&Prime; uncode_shortcode_id=\u00a0\u00bb127712&Prime;]<\/p>\n<h3>Wir sind der Impact Hub Z\u00fcrich und zu uns geh\u00f6ren das <a href=\"https:\/\/www.auer.coffee\/\" target=\"_blank\" rel=\"noopener\">Auer &amp; Co<\/a>.\u00a0sowie das <a href=\"https:\/\/www.kraftwerk.coffee\/\" target=\"_blank\" rel=\"noopener\">Kraftwerk Selnau<\/a>.\u00a0Gemeinsam mit der <a href=\"http:\/\/www.limmathaus.ch\/\" target=\"_blank\" rel=\"noopener\">Stiftung Limmathaus<\/a>\u00a0stemmen wir den grosszyklischen Umbau, um das denkmalgesch\u00fctzte Limmathaus den heutigen Bauauflagen anzupassen.<\/h3>\n<p>[\/vc_custom_heading][vc_custom_heading heading_semantic=\u00a0\u00bbh3&Prime; text_size=\u00a0\u00bbh3&Prime; uncode_shortcode_id=\u00a0\u00bb138202&Prime;]Und danach? Danach beleben wir das Limmathaus: Mit Co-Working und Innovation, mit Gastronomie und Barbetrieb und mit einer breiten Palette an kulturellen Veranstaltungen im Party- und Musikbereich, mit Kunst, Kultur, Politik und vielseitigen Aktivit\u00e4ten.[\/vc_custom_heading][\/vc_column_inner][\/vc_row_inner][vc_gallery el_id=\u00a0\u00bbgallery-85457&Prime; type=\u00a0\u00bbcarousel\u00a0\u00bb medias=\u00a0\u00bb118753,118757,118761,118765&Prime; carousel_lg=\u00a0\u00bb4&Prime; carousel_md=\u00a0\u00bb4&Prime; carousel_sm=\u00a0\u00bb4&Prime; gutter_size=\u00a0\u00bb3&Prime; media_items=\u00a0\u00bbmedia|nolink|original,icon\u00a0\u00bb carousel_interval=\u00a0\u00bb3000&Prime; carousel_navspeed=\u00a0\u00bb400&Prime; carousel_loop=\u00a0\u00bbyes\u00a0\u00bb stage_padding=\u00a0\u00bb0&Prime; single_overlay_opacity=\u00a0\u00bb50&Prime; single_overlay_anim=\u00a0\u00bbno\u00a0\u00bb single_text_anim=\u00a0\u00bbno\u00a0\u00bb single_image_anim=\u00a0\u00bbno\u00a0\u00bb single_padding=\u00a0\u00bb2&Prime; single_border=\u00a0\u00bbyes\u00a0\u00bb title=\u00a0\u00bbClients\u00a0\u00bb uncode_shortcode_id=\u00a0\u00bb119511&Prime;][\/vc_column][\/vc_row][vc_row row_height_percent=\u00a0\u00bb0&Prime; override_padding=\u00a0\u00bbyes\u00a0\u00bb h_padding=\u00a0\u00bb2&Prime; top_padding=\u00a0\u00bb5&Prime; bottom_padding=\u00a0\u00bb5&Prime; overlay_alpha=\u00a0\u00bb50&Prime; gutter_size=\u00a0\u00bb3&Prime; column_width_percent=\u00a0\u00bb100&Prime; shift_y=\u00a0\u00bb0&Prime; z_index=\u00a0\u00bb0&Prime;][vc_column width=\u00a0\u00bb1\/1&Prime;][vc_accordion][vc_accordion_tab gutter_size=\u00a0\u00bb2&Prime; column_padding=\u00a0\u00bb2&Prime; title=\u00a0\u00bbImpact Hub\u00a0\u00bb tab_id=\u00a0\u00bb1685166645-1-96&Prime;][vc_column_text uncode_shortcode_id=\u00a0\u00bb163207&Prime;]Der Impact Hub Z\u00fcrich (IHZ) ist ein selbsttragendes Unternehmen mit dem Ziel, eine Gemeinschaft zur Vernetzung von engagierten und unternehmerischen Menschen in Z\u00fcrich aufzubauen. Der IHZ ist seit seiner Gr\u00fcndung im Jahr 2010 lokal im Kreis 5 verankert und gleichzeitig \u00fcber das internationale und gemeinn\u00fctzige Impact Hub Netzwerk international vernetzt.<\/p>\n<p>Die Hauptaktivit\u00e4ten des IHZ heute sind:<\/p>\n<ul>\n<li>Community Management und F\u00f6rderung von Unternehmertum<\/li>\n<li>Kultur- und Netzwerkveranstaltungen bis 1000 Personen<\/li>\n<li>\u00d6ffentlich zug\u00e4ngliche geteilte Arbeitspl\u00e4tze an drei Standorten (Hauptstandort am Sihlquai 131 (befristet bis 2024), Kraftwerk (befristet bis 2026), und Viadukt)<\/li>\n<li>Mehrfach ausgezeichnete Gastronomie<\/li>\n<li>Raumvermietung<\/li>\n<\/ul>\n<p>Im Impact Hub Netzwerk entstehen j\u00e4hrlich \u00fcber 1&rsquo;000 neue Vollzeitstellen sowie rund 350 neue Projekte und Startups. Mehr als 80% der 700 Impact Hub Mitglieder geben an, eines der 17 Nachhaltigkeitsziele der Vereinten Nationen zu verfolgen.<\/p>\n<p>Zur Website des IHZ: <a href=\"https:\/\/zurich.impacthub.ch\/\">zurich.impacthub.ch<\/a>[\/vc_column_text][\/vc_accordion_tab][vc_accordion_tab gutter_size=\u00a0\u00bb2&Prime; column_padding=\u00a0\u00bb2&Prime; title=\u00a0\u00bbAuer &amp; Co.\u00a0\u00bb tab_id=\u00a0\u00bb1685166645-2-70&Prime;][vc_column_text uncode_shortcode_id=\u00a0\u00bb571351&Prime;]Das Auer &amp; Co. befindet sich am gleichen Standort wie das Colab des Impact Hubs und war seit Tag eins mit von der Partie. Das gem\u00fctliche Kafi mit der weitl\u00e4ufigen Terrasse im Innenhof bietet eine vegetarische Karte und hochwertige Kaffeekultur. Und es wird vielseitig genutzt: zum ruhigen Arbeiten, f\u00fcr einen Kaffeeplausch mit Freunden, f\u00fcr Partys oder ein Feierabendbier. Zudem finden regelm\u00e4ssig Spielabende und Comedy Nights statt.<\/p>\n<p>Komm vorbei oder besuche uns online: <a href=\"https:\/\/www.auer.coffee\/\">https:\/\/www.auer.coffee\/<\/a>[\/vc_column_text][\/vc_accordion_tab][vc_accordion_tab gutter_size=\u00a0\u00bb2&Prime; column_padding=\u00a0\u00bb2&Prime; title=\u00a0\u00bbKraftwerk Selnau\u00a0\u00bb tab_id=\u00a0\u00bb1685448936215-2-9&Prime;][vc_column_text uncode_shortcode_id=\u00a0\u00bb801743&Prime;]Das Kraftwerk Selnau geh\u00f6rt zur Impact Hub Familie und betreibt im ehemaligen Elektrizit\u00e4tswerk direkt an der Sihl einen vielseitigen Erlebnisbetrieb. Hier passiert so einiges:<\/p>\n<ul>\n<li>Restaurant- und Barbetrieb\n<ul>\n<li>Das Restaurant Kraftwerk bietet eine breite und kreative Karte mit veganen und vegetarischen Speisen. Auch f\u00fcr Ap\u00e9ro und Eventgastronomie ist hier gesorgt. An der markanten Bar im Herzen des Innenraums bekommst du hochwertige Cocktails und es finden regelm\u00e4ssig After Work Aperos mit DJ-Begleitung statt.<\/li>\n<\/ul>\n<\/li>\n<li>Infrastruktur zum Arbeiten und Vernetzen\n<ul>\n<li>Wie im Colab am jetzigen Standort am Sihlquai 131 verf\u00fcgt auch das Kraftwerk Selnau \u00fcber Arbeitsinfrastrukturen der besonderen Art. Die Arbeits- und Sitzungsr\u00e4ume befinden sich in Schiffscontainern \u2013 mitten im Raum, aber dennoch ruhig und gesch\u00fctzt.<\/li>\n<\/ul>\n<\/li>\n<li>Private Events und Firmenanl\u00e4sse\n<ul>\n<li>Die Event Spaces hosten Events verschiedener Gr\u00f6ssen und Ausrichtungen. Ob Jubil\u00e4um einer grossen Versicherungsfirma, ein Weihnachtsessen einer Z\u00fcrcher Schreinerei, ein privates Geburtstagsfest mit Karaoke im Keller \u2013 das Kraftwerk Team verw\u00f6hnt unsere G\u00e4ste kulinarisch und mit Leidenschaft.<\/li>\n<\/ul>\n<\/li>\n<li>Politische Veranstaltungen und Podiumsdiskussionen\n<ul>\n<li>Das Kraftwerk bietet den idealen Raum f\u00fcr politische Streitgespr\u00e4che, TED Talks oder Podiumsdiskussionen.<\/li>\n<\/ul>\n<\/li>\n<li>Kommerzielle und nicht-kommerzielle Partys und Konzerte\n<ul>\n<li>Verschiedene Partyreihen von Grossveranstaltern, aber auch kleine Konzerte und Auftritte von DJs, die sich erst noch einen Namen machen m\u00f6chten \u2013 bei uns findest du ein breites Angebot an Musik- und Partyveranstaltungen. Zudem kannst du in unserem Karaoke-Keller auch selbst im Rampenlicht stehen.<\/li>\n<\/ul>\n<\/li>\n<li>Kunstausstellungen\n<ul>\n<li>Im Kraftwerk finden regelm\u00e4ssig Ausstellungen statt. Hier ist es uns wichtig, dass sowohl bekannte K\u00fcnstlerinnen, sowie auch noch unbekannte Kunstschaffende eine B\u00fchne finden, ihre Werke mit anderen Menschen zu teilen.<\/li>\n<\/ul>\n<\/li>\n<li>Aktivit\u00e4ten\n<ul>\n<li>Von Breath Work und Soundhealing Sessions \u00fcber Ecstatic Dances zu Yoga Events und Tribal Nights \u2013 das Kraftwerk Selnau bietet Platz f\u00fcr eine breite Palette an Aktivit\u00e4ten und Events.<\/li>\n<\/ul>\n<p>Komm vorbei oder besuche uns online: <a href=\"https:\/\/www.kraftwerk.coffee\/\">https:\/\/www.kraftwerk.coffee\/<\/a><\/li>\n<\/ul>\n<p>[\/vc_column_text][\/vc_accordion_tab][\/vc_accordion][\/vc_column][\/vc_row]<\/p>\n<\/div>","protected":false},"excerpt":{"rendered":"<p>[vc_row row_height_percent=\u00a0\u00bb0&Prime; override_padding=\u00a0\u00bbyes\u00a0\u00bb h_padding=\u00a0\u00bb2&Prime; top_padding=\u00a0\u00bb4&Prime; bottom_padding=\u00a0\u00bb1&Prime; overlay_alpha=\u00a0\u00bb100&Prime; gutter_size=\u00a0\u00bb3&Prime; column_width_percent=\u00a0\u00bb100&Prime; border_color=\u00a0\u00bbcolor-gyho\u00a0\u00bb border_style=\u00a0\u00bbsolid\u00a0\u00bb shift_y=\u00a0\u00bb0&Prime; z_index=\u00a0\u00bb0&Prime; uncode_shortcode_id=\u00a0\u00bb659510&Prime; border_color_type=\u00a0\u00bbuncode-palette\u00a0\u00bb][vc_column column_width_percent=\u00a0\u00bb100&Prime; align_horizontal=\u00a0\u00bbalign_center\u00a0\u00bb gutter_size=\u00a0\u00bb3&Prime; overlay_alpha=\u00a0\u00bb100&Prime; shift_x=\u00a0\u00bb0&Prime; [&hellip;]<\/p>\n","protected":false},"author":1,"featured_media":119420,"parent":0,"menu_order":0,"comment_status":"closed","ping_status":"closed","template":"","meta":{"footnotes":""},"class_list":["post-118819","page","type-page","status-publish","has-post-thumbnail","hentry"],"yoast_head":"<!-- This site is optimized with the Yoast SEO Premium plugin v25.8 (Yoast SEO v25.8) - https:\/\/yoast.com\/wordpress\/plugins\/seo\/ -->\n<title>\u00dcber Uns - Limmathaus<\/title>\n<meta name=\"robots\" content=\"index, follow, max-snippet:-1, max-image-preview:large, max-video-preview:-1\" \/>\n<link rel=\"canonical\" href=\"https:\/\/limmathaus.com\/de\/ueber-uns\/\" \/>\n<meta property=\"og:locale\" content=\"fr_FR\" \/>\n<meta property=\"og:type\" content=\"article\" \/>\n<meta property=\"og:title\" content=\"\u00dcber Uns\" \/>\n<meta property=\"og:description\" content=\"[vc_row row_height_percent=\u00a0\u00bb0&Prime; override_padding=\u00a0\u00bbyes\u00a0\u00bb h_padding=\u00a0\u00bb2&Prime; top_padding=\u00a0\u00bb4&Prime; bottom_padding=\u00a0\u00bb1&Prime; overlay_alpha=\u00a0\u00bb100&Prime; gutter_size=\u00a0\u00bb3&Prime; column_width_percent=\u00a0\u00bb100&Prime; border_color=\u00a0\u00bbcolor-gyho\u00a0\u00bb border_style=\u00a0\u00bbsolid\u00a0\u00bb shift_y=\u00a0\u00bb0&Prime; z_index=\u00a0\u00bb0&Prime; uncode_shortcode_id=\u00a0\u00bb659510&Prime; border_color_type=\u00a0\u00bbuncode-palette\u00a0\u00bb][vc_column column_width_percent=\u00a0\u00bb100&Prime; align_horizontal=\u00a0\u00bbalign_center\u00a0\u00bb gutter_size=\u00a0\u00bb3&Prime; overlay_alpha=\u00a0\u00bb100&Prime; shift_x=\u00a0\u00bb0&Prime; [&hellip;]\" \/>\n<meta property=\"og:url\" content=\"https:\/\/limmathaus.com\/de\/ueber-uns\/\" \/>\n<meta property=\"og:site_name\" content=\"Limmathaus\" \/>\n<meta property=\"article:modified_time\" content=\"2023-06-01T11:17:29+00:00\" \/>\n<meta property=\"og:image\" content=\"https:\/\/limmathaus.com\/wp-content\/uploads\/Limmathaus-Ueber-Uns.jpg\" \/>\n\t<meta property=\"og:image:width\" content=\"2200\" \/>\n\t<meta property=\"og:image:height\" content=\"1067\" \/>\n\t<meta property=\"og:image:type\" content=\"image\/jpeg\" \/>\n<meta name=\"twitter:card\" content=\"summary_large_image\" \/>\n<meta name=\"twitter:label1\" content=\"Dur\u00e9e de lecture estim\u00e9e\" \/>\n\t<meta name=\"twitter:data1\" content=\"4 minutes\" \/>\n<script type=\"application\/ld+json\" class=\"yoast-schema-graph\">{\"@context\":\"https:\/\/schema.org\",\"@graph\":[{\"@type\":\"WebPage\",\"@id\":\"https:\/\/limmathaus.com\/de\/ueber-uns\/\",\"url\":\"https:\/\/limmathaus.com\/de\/ueber-uns\/\",\"name\":\"\u00dcber Uns - Limmathaus\",\"isPartOf\":{\"@id\":\"https:\/\/limmathaus.com\/de\/#website\"},\"primaryImageOfPage\":{\"@id\":\"https:\/\/limmathaus.com\/de\/ueber-uns\/#primaryimage\"},\"image\":{\"@id\":\"https:\/\/limmathaus.com\/de\/ueber-uns\/#primaryimage\"},\"thumbnailUrl\":\"https:\/\/limmathaus.com\/wp-content\/uploads\/Limmathaus-Ueber-Uns.jpg\",\"datePublished\":\"2023-04-13T06:03:46+00:00\",\"dateModified\":\"2023-06-01T11:17:29+00:00\",\"breadcrumb\":{\"@id\":\"https:\/\/limmathaus.com\/de\/ueber-uns\/#breadcrumb\"},\"inLanguage\":\"fr-FR\",\"potentialAction\":[{\"@type\":\"ReadAction\",\"target\":[\"https:\/\/limmathaus.com\/de\/ueber-uns\/\"]}]},{\"@type\":\"ImageObject\",\"inLanguage\":\"fr-FR\",\"@id\":\"https:\/\/limmathaus.com\/de\/ueber-uns\/#primaryimage\",\"url\":\"https:\/\/limmathaus.com\/wp-content\/uploads\/Limmathaus-Ueber-Uns.jpg\",\"contentUrl\":\"https:\/\/limmathaus.com\/wp-content\/uploads\/Limmathaus-Ueber-Uns.jpg\",\"width\":2200,\"height\":1067,\"caption\":\"Headebild Limmathaus\"},{\"@type\":\"BreadcrumbList\",\"@id\":\"https:\/\/limmathaus.com\/de\/ueber-uns\/#breadcrumb\",\"itemListElement\":[{\"@type\":\"ListItem\",\"position\":1,\"name\":\"Startseite\",\"item\":\"https:\/\/limmathaus.com\/de\/\"},{\"@type\":\"ListItem\",\"position\":2,\"name\":\"\u00dcber Uns\"}]},{\"@type\":\"WebSite\",\"@id\":\"https:\/\/limmathaus.com\/de\/#website\",\"url\":\"https:\/\/limmathaus.com\/de\/\",\"name\":\"Limmathaus\",\"description\":\"Der Begegnungsort f\u00fcrs Quartier\",\"publisher\":{\"@id\":\"https:\/\/limmathaus.com\/de\/#organization\"},\"potentialAction\":[{\"@type\":\"SearchAction\",\"target\":{\"@type\":\"EntryPoint\",\"urlTemplate\":\"https:\/\/limmathaus.com\/de\/?s={search_term_string}\"},\"query-input\":{\"@type\":\"PropertyValueSpecification\",\"valueRequired\":true,\"valueName\":\"search_term_string\"}}],\"inLanguage\":\"fr-FR\"},{\"@type\":\"Organization\",\"@id\":\"https:\/\/limmathaus.com\/de\/#organization\",\"name\":\"Limmathaus\",\"url\":\"https:\/\/limmathaus.com\/de\/\",\"logo\":{\"@type\":\"ImageObject\",\"inLanguage\":\"fr-FR\",\"@id\":\"https:\/\/limmathaus.com\/de\/#\/schema\/logo\/image\/\",\"url\":\"https:\/\/limmathaus.com\/wp-content\/uploads\/Limmatplatz-10.jpg\",\"contentUrl\":\"https:\/\/limmathaus.com\/wp-content\/uploads\/Limmatplatz-10.jpg\",\"width\":2200,\"height\":1275,\"caption\":\"Limmathaus\"},\"image\":{\"@id\":\"https:\/\/limmathaus.com\/de\/#\/schema\/logo\/image\/\"}}]}<\/script>\n<!-- \/ Yoast SEO Premium plugin. -->","yoast_head_json":{"title":"\u00dcber Uns - Limmathaus","robots":{"index":"index","follow":"follow","max-snippet":"max-snippet:-1","max-image-preview":"max-image-preview:large","max-video-preview":"max-video-preview:-1"},"canonical":"https:\/\/limmathaus.com\/de\/ueber-uns\/","og_locale":"fr_FR","og_type":"article","og_title":"\u00dcber Uns","og_description":"[vc_row row_height_percent=\u00a0\u00bb0&Prime; override_padding=\u00a0\u00bbyes\u00a0\u00bb h_padding=\u00a0\u00bb2&Prime; top_padding=\u00a0\u00bb4&Prime; bottom_padding=\u00a0\u00bb1&Prime; overlay_alpha=\u00a0\u00bb100&Prime; gutter_size=\u00a0\u00bb3&Prime; column_width_percent=\u00a0\u00bb100&Prime; border_color=\u00a0\u00bbcolor-gyho\u00a0\u00bb border_style=\u00a0\u00bbsolid\u00a0\u00bb shift_y=\u00a0\u00bb0&Prime; z_index=\u00a0\u00bb0&Prime; uncode_shortcode_id=\u00a0\u00bb659510&Prime; border_color_type=\u00a0\u00bbuncode-palette\u00a0\u00bb][vc_column column_width_percent=\u00a0\u00bb100&Prime; align_horizontal=\u00a0\u00bbalign_center\u00a0\u00bb gutter_size=\u00a0\u00bb3&Prime; overlay_alpha=\u00a0\u00bb100&Prime; shift_x=\u00a0\u00bb0&Prime; [&hellip;]","og_url":"https:\/\/limmathaus.com\/de\/ueber-uns\/","og_site_name":"Limmathaus","article_modified_time":"2023-06-01T11:17:29+00:00","og_image":[{"width":2200,"height":1067,"url":"https:\/\/limmathaus.com\/wp-content\/uploads\/Limmathaus-Ueber-Uns.jpg","type":"image\/jpeg"}],"twitter_card":"summary_large_image","twitter_misc":{"Dur\u00e9e de lecture estim\u00e9e":"4 minutes"},"schema":{"@context":"https:\/\/schema.org","@graph":[{"@type":"WebPage","@id":"https:\/\/limmathaus.com\/de\/ueber-uns\/","url":"https:\/\/limmathaus.com\/de\/ueber-uns\/","name":"\u00dcber Uns - Limmathaus","isPartOf":{"@id":"https:\/\/limmathaus.com\/de\/#website"},"primaryImageOfPage":{"@id":"https:\/\/limmathaus.com\/de\/ueber-uns\/#primaryimage"},"image":{"@id":"https:\/\/limmathaus.com\/de\/ueber-uns\/#primaryimage"},"thumbnailUrl":"https:\/\/limmathaus.com\/wp-content\/uploads\/Limmathaus-Ueber-Uns.jpg","datePublished":"2023-04-13T06:03:46+00:00","dateModified":"2023-06-01T11:17:29+00:00","breadcrumb":{"@id":"https:\/\/limmathaus.com\/de\/ueber-uns\/#breadcrumb"},"inLanguage":"fr-FR","potentialAction":[{"@type":"ReadAction","target":["https:\/\/limmathaus.com\/de\/ueber-uns\/"]}]},{"@type":"ImageObject","inLanguage":"fr-FR","@id":"https:\/\/limmathaus.com\/de\/ueber-uns\/#primaryimage","url":"https:\/\/limmathaus.com\/wp-content\/uploads\/Limmathaus-Ueber-Uns.jpg","contentUrl":"https:\/\/limmathaus.com\/wp-content\/uploads\/Limmathaus-Ueber-Uns.jpg","width":2200,"height":1067,"caption":"Headebild Limmathaus"},{"@type":"BreadcrumbList","@id":"https:\/\/limmathaus.com\/de\/ueber-uns\/#breadcrumb","itemListElement":[{"@type":"ListItem","position":1,"name":"Startseite","item":"https:\/\/limmathaus.com\/de\/"},{"@type":"ListItem","position":2,"name":"\u00dcber Uns"}]},{"@type":"WebSite","@id":"https:\/\/limmathaus.com\/de\/#website","url":"https:\/\/limmathaus.com\/de\/","name":"Limmathaus","description":"Der Begegnungsort f\u00fcrs Quartier","publisher":{"@id":"https:\/\/limmathaus.com\/de\/#organization"},"potentialAction":[{"@type":"SearchAction","target":{"@type":"EntryPoint","urlTemplate":"https:\/\/limmathaus.com\/de\/?s={search_term_string}"},"query-input":{"@type":"PropertyValueSpecification","valueRequired":true,"valueName":"search_term_string"}}],"inLanguage":"fr-FR"},{"@type":"Organization","@id":"https:\/\/limmathaus.com\/de\/#organization","name":"Limmathaus","url":"https:\/\/limmathaus.com\/de\/","logo":{"@type":"ImageObject","inLanguage":"fr-FR","@id":"https:\/\/limmathaus.com\/de\/#\/schema\/logo\/image\/","url":"https:\/\/limmathaus.com\/wp-content\/uploads\/Limmatplatz-10.jpg","contentUrl":"https:\/\/limmathaus.com\/wp-content\/uploads\/Limmatplatz-10.jpg","width":2200,"height":1275,"caption":"Limmathaus"},"image":{"@id":"https:\/\/limmathaus.com\/de\/#\/schema\/logo\/image\/"}}]}},"_links":{"self":[{"href":"https:\/\/limmathaus.com\/fr\/wp-json\/wp\/v2\/pages\/118819","targetHints":{"allow":["GET"]}}],"collection":[{"href":"https:\/\/limmathaus.com\/fr\/wp-json\/wp\/v2\/pages"}],"about":[{"href":"https:\/\/limmathaus.com\/fr\/wp-json\/wp\/v2\/types\/page"}],"author":[{"embeddable":true,"href":"https:\/\/limmathaus.com\/fr\/wp-json\/wp\/v2\/users\/1"}],"replies":[{"embeddable":true,"href":"https:\/\/limmathaus.com\/fr\/wp-json\/wp\/v2\/comments?post=118819"}],"version-history":[{"count":1,"href":"https:\/\/limmathaus.com\/fr\/wp-json\/wp\/v2\/pages\/118819\/revisions"}],"predecessor-version":[{"id":118820,"href":"https:\/\/limmathaus.com\/fr\/wp-json\/wp\/v2\/pages\/118819\/revisions\/118820"}],"wp:featuredmedia":[{"embeddable":true,"href":"https:\/\/limmathaus.com\/fr\/wp-json\/wp\/v2\/media\/119420"}],"wp:attachment":[{"href":"https:\/\/limmathaus.com\/fr\/wp-json\/wp\/v2\/media?parent=118819"}],"curies":[{"name":"wp","href":"https:\/\/api.w.org\/{rel}","templated":true}]}}