{"id":118810,"date":"2023-04-13T07:10:24","date_gmt":"2023-04-13T05:10:24","guid":{"rendered":"http:\/\/new.limmathaus.com\/wordpress\/?page_id=118810"},"modified":"2023-06-01T13:04:05","modified_gmt":"2023-06-01T11:04:05","slug":"limmathaus","status":"publish","type":"page","link":"https:\/\/limmathaus.com\/fr\/limmathaus\/","title":{"rendered":"Limmathaus"},"content":{"rendered":"<div class=\"wpb-content-wrapper\"><p>[vc_row row_height_percent=\u00a0\u00bb0&Prime; override_padding=\u00a0\u00bbyes\u00a0\u00bb h_padding=\u00a0\u00bb2&Prime; top_padding=\u00a0\u00bb4&Prime; bottom_padding=\u00a0\u00bb2&Prime; overlay_alpha=\u00a0\u00bb50&Prime; equal_height=\u00a0\u00bbyes\u00a0\u00bb gutter_size=\u00a0\u00bb3&Prime; column_width_percent=\u00a0\u00bb100&Prime; shift_y=\u00a0\u00bb0&Prime; z_index=\u00a0\u00bb0&Prime; el_class=\u00a0\u00bbinverted-device-order\u00a0\u00bb uncode_shortcode_id=\u00a0\u00bb162088&Prime;][vc_column column_width_percent=\u00a0\u00bb100&Prime; position_vertical=\u00a0\u00bbmiddle\u00a0\u00bb gutter_size=\u00a0\u00bb3&Prime; back_color=\u00a0\u00bbcolor-xsdn\u00a0\u00bb overlay_alpha=\u00a0\u00bb50&Prime; border_color=\u00a0\u00bbcolor-jevc\u00a0\u00bb border_style=\u00a0\u00bbsolid\u00a0\u00bb shift_x=\u00a0\u00bb0&Prime; shift_y=\u00a0\u00bb0&Prime; shift_y_down=\u00a0\u00bb0&Prime; z_index=\u00a0\u00bb0&Prime; medium_width=\u00a0\u00bb0&Prime; mobile_width=\u00a0\u00bb0&Prime; radius=\u00a0\u00bbsm\u00a0\u00bb shadow=\u00a0\u00bbxs\u00a0\u00bb width=\u00a0\u00bb1\/3&Prime; uncode_shortcode_id=\u00a0\u00bb959732&Prime; back_color_type=\u00a0\u00bbuncode-palette\u00a0\u00bb border_color_type=\u00a0\u00bbuncode-palette\u00a0\u00bb link_to=\u00a0\u00bburl:https%3A%2F%2Flimmathaus.commusik-party%2F|title:Musik%20%26%20Party\u00a0\u00bb][vc_single_image media=\u00a0\u00bb118649&Prime; media_width_percent=\u00a0\u00bb100&Prime; uncode_shortcode_id=\u00a0\u00bb141358&Prime;][vc_custom_heading heading_semantic=\u00a0\u00bbh3&Prime; text_size=\u00a0\u00bbh3&Prime; separator=\u00a0\u00bbyes\u00a0\u00bb subheading=\u00a0\u00bbIm Limmathaus finden Musikveranstaltungen aller Art statt: B\u00fchne frei f\u00fcr Konzerte, Partys und Raves. Von Grossveranstaltungen \u00fcber intime Ap\u00e9ros mit lokalen DJs, im Limmathaus setzen wir auf Vielfalt. Lorem Ipsum dollar sit amet\u00a0\u00bb uncode_shortcode_id=\u00a0\u00bb180506&Prime;]Musik und Party[\/vc_custom_heading][vc_button size=\u00a0\u00bbbtn-link\u00a0\u00bb icon_position=\u00a0\u00bbright\u00a0\u00bb icon=\u00a0\u00bbfa fa-arrow-right2&Prime; link=\u00a0\u00bburl:https%3A%2F%2Flimmathaus.commusik-party%2F|title:Innovation\u00a0\u00bb uncode_shortcode_id=\u00a0\u00bb104876&Prime;]Erfahre Mehr[\/vc_button][\/vc_column][vc_column column_width_percent=\u00a0\u00bb100&Prime; gutter_size=\u00a0\u00bb3&Prime; override_padding=\u00a0\u00bbyes\u00a0\u00bb column_padding=\u00a0\u00bb3&Prime; back_color=\u00a0\u00bbcolor-xsdn\u00a0\u00bb overlay_alpha=\u00a0\u00bb50&Prime; shift_x=\u00a0\u00bb0&Prime; shift_y=\u00a0\u00bb0&Prime; shift_y_down=\u00a0\u00bb0&Prime; z_index=\u00a0\u00bb0&Prime; medium_width=\u00a0\u00bb0&Prime; mobile_width=\u00a0\u00bb0&Prime; radius=\u00a0\u00bbsm\u00a0\u00bb shadow=\u00a0\u00bbxs\u00a0\u00bb width=\u00a0\u00bb1\/3&Prime; uncode_shortcode_id=\u00a0\u00bb180296&Prime; back_color_type=\u00a0\u00bbuncode-palette\u00a0\u00bb link_to=\u00a0\u00bburl:https%3A%2F%2Flimmathaus.comkunst-politik%2F|title:Kunst%20%26%20Politik\u00a0\u00bb][vc_single_image media=\u00a0\u00bb118645&Prime; media_width_percent=\u00a0\u00bb100&Prime; uncode_shortcode_id=\u00a0\u00bb704887&Prime;][vc_custom_heading heading_semantic=\u00a0\u00bbh3&Prime; text_size=\u00a0\u00bbh3&Prime; separator=\u00a0\u00bbyes\u00a0\u00bb subheading=\u00a0\u00bbKunstausstellungen von bekannten oder noch unbekannten Kunstschaffenden sowie politischer Austausch haben Platz im Limmathaus. Wir freuen uns auf spannende Podiumsdiskussionen und vielf\u00e4ltige Kunst aus verschiedenen Bereichen.\u00a0\u00bb uncode_shortcode_id=\u00a0\u00bb293689&Prime;]Kunst und Politik[\/vc_custom_heading][vc_button size=\u00a0\u00bbbtn-link\u00a0\u00bb icon_position=\u00a0\u00bbright\u00a0\u00bb icon=\u00a0\u00bbfa fa-arrow-right2&Prime; link=\u00a0\u00bburl:https%3A%2F%2Flimmathaus.comkunst-politik%2F|title:Zusammenarbeit\u00a0\u00bb uncode_shortcode_id=\u00a0\u00bb160036&Prime;]Erfahre Mehr[\/vc_button][\/vc_column][vc_column column_width_percent=\u00a0\u00bb100&Prime; gutter_size=\u00a0\u00bb3&Prime; override_padding=\u00a0\u00bbyes\u00a0\u00bb column_padding=\u00a0\u00bb3&Prime; back_color=\u00a0\u00bbcolor-xsdn\u00a0\u00bb overlay_alpha=\u00a0\u00bb50&Prime; shift_x=\u00a0\u00bb0&Prime; shift_y=\u00a0\u00bb0&Prime; shift_y_down=\u00a0\u00bb0&Prime; z_index=\u00a0\u00bb0&Prime; medium_width=\u00a0\u00bb0&Prime; mobile_width=\u00a0\u00bb0&Prime; radius=\u00a0\u00bbsm\u00a0\u00bb shadow=\u00a0\u00bbxs\u00a0\u00bb width=\u00a0\u00bb1\/3&Prime; uncode_shortcode_id=\u00a0\u00bb173209&Prime; back_color_type=\u00a0\u00bbuncode-palette\u00a0\u00bb link_to=\u00a0\u00bburl:https%3A%2F%2Flimmathaus.comkultur-und-begegnung%2F|title:Kultur%20und%20Begegnung\u00a0\u00bb][vc_single_image media=\u00a0\u00bb118641&Prime; media_width_percent=\u00a0\u00bb100&Prime; uncode_shortcode_id=\u00a0\u00bb959145&Prime;][vc_custom_heading heading_semantic=\u00a0\u00bbh3&Prime; text_size=\u00a0\u00bbh3&Prime; separator=\u00a0\u00bbyes\u00a0\u00bb subheading=\u00a0\u00bbWir w\u00fcnschen uns einen Ort f\u00fcr freie Begegnungen, sei es einfach so oder im Rahmen einer Aktivit\u00e4t oder Veranstaltung. Yoga, Sound Bath Sessions, Cacao Ceremonies oder Ecstatic Dances bieten Raum f\u00fcr Austausch und Verbindung.\u00a0\u00bb uncode_shortcode_id=\u00a0\u00bb116847&Prime;]Kultur und Begegnung[\/vc_custom_heading][vc_button size=\u00a0\u00bbbtn-link\u00a0\u00bb icon_position=\u00a0\u00bbright\u00a0\u00bb icon=\u00a0\u00bbfa fa-arrow-right2&Prime; link=\u00a0\u00bburl:https%3A%2F%2Flimmathaus.comkultur-und-begegnung%2F\u00a0\u00bb uncode_shortcode_id=\u00a0\u00bb242028&Prime;]Erfahre Mehr[\/vc_button][\/vc_column][\/vc_row][vc_row row_height_percent=\u00a0\u00bb0&Prime; override_padding=\u00a0\u00bbyes\u00a0\u00bb h_padding=\u00a0\u00bb2&Prime; top_padding=\u00a0\u00bb1&Prime; bottom_padding=\u00a0\u00bb5&Prime; overlay_alpha=\u00a0\u00bb50&Prime; equal_height=\u00a0\u00bbyes\u00a0\u00bb gutter_size=\u00a0\u00bb3&Prime; column_width_percent=\u00a0\u00bb100&Prime; shift_y=\u00a0\u00bb0&Prime; z_index=\u00a0\u00bb0&Prime; el_class=\u00a0\u00bbinverted-device-order\u00a0\u00bb uncode_shortcode_id=\u00a0\u00bb794820&Prime;][vc_column column_width_percent=\u00a0\u00bb100&Prime; position_vertical=\u00a0\u00bbmiddle\u00a0\u00bb gutter_size=\u00a0\u00bb3&Prime; override_padding=\u00a0\u00bbyes\u00a0\u00bb column_padding=\u00a0\u00bb3&Prime; back_color=\u00a0\u00bbcolor-xsdn\u00a0\u00bb overlay_alpha=\u00a0\u00bb50&Prime; shift_x=\u00a0\u00bb0&Prime; shift_y=\u00a0\u00bb0&Prime; shift_y_down=\u00a0\u00bb0&Prime; z_index=\u00a0\u00bb0&Prime; medium_width=\u00a0\u00bb0&Prime; mobile_width=\u00a0\u00bb0&Prime; radius=\u00a0\u00bbsm\u00a0\u00bb shadow=\u00a0\u00bbxs\u00a0\u00bb width=\u00a0\u00bb1\/3&Prime; uncode_shortcode_id=\u00a0\u00bb461874&Prime; back_color_type=\u00a0\u00bbuncode-palette\u00a0\u00bb link_to=\u00a0\u00bburl:https%3A%2F%2Flimmathaus.comgastronomie%2F|title:Gastronomie\u00a0\u00bb][vc_single_image media=\u00a0\u00bb118635&Prime; media_width_percent=\u00a0\u00bb100&Prime; uncode_shortcode_id=\u00a0\u00bb507683&Prime;][vc_custom_heading heading_semantic=\u00a0\u00bbh3&Prime; text_size=\u00a0\u00bbh3&Prime; separator=\u00a0\u00bbyes\u00a0\u00bb subheading=\u00a0\u00bbEin grossfl\u00e4chiger Gastronomiebereich mit Innen- und Aussenbereichen bietet Platz f\u00fcr Restaurantbetrieb, Caff\u00e8 und Bar. Dich erwartet ein breites und kreatives Angebot an veganen und vegetarischen Speisen. Ob du mit Kind und Kegel oder auf einen gem\u00fctlichen Apero..\u00a0\u00bb uncode_shortcode_id=\u00a0\u00bb109606&Prime;]Gastronomie[\/vc_custom_heading][vc_button size=\u00a0\u00bbbtn-link\u00a0\u00bb icon_position=\u00a0\u00bbright\u00a0\u00bb icon=\u00a0\u00bbfa fa-arrow-right2&Prime; link=\u00a0\u00bburl:https%3A%2F%2Flimmathaus.com%2Finnovation%2F|title:Innovation\u00a0\u00bb uncode_shortcode_id=\u00a0\u00bb106105&Prime;]Erfahre Mehr[\/vc_button][\/vc_column][vc_column column_width_percent=\u00a0\u00bb100&Prime; gutter_size=\u00a0\u00bb3&Prime; override_padding=\u00a0\u00bbyes\u00a0\u00bb column_padding=\u00a0\u00bb3&Prime; back_color=\u00a0\u00bbcolor-xsdn\u00a0\u00bb overlay_alpha=\u00a0\u00bb50&Prime; shift_x=\u00a0\u00bb0&Prime; shift_y=\u00a0\u00bb0&Prime; shift_y_down=\u00a0\u00bb0&Prime; z_index=\u00a0\u00bb0&Prime; medium_width=\u00a0\u00bb0&Prime; mobile_width=\u00a0\u00bb0&Prime; radius=\u00a0\u00bbsm\u00a0\u00bb shadow=\u00a0\u00bbxs\u00a0\u00bb width=\u00a0\u00bb1\/3&Prime; uncode_shortcode_id=\u00a0\u00bb156518&Prime; back_color_type=\u00a0\u00bbuncode-palette\u00a0\u00bb link_to=\u00a0\u00bburl:https%3A%2F%2Flimmathaus.cominnovation%2F|title:Innovation\u00a0\u00bb][vc_single_image media=\u00a0\u00bb118624&Prime; media_width_percent=\u00a0\u00bb100&Prime; uncode_shortcode_id=\u00a0\u00bb906540&Prime;][vc_custom_heading heading_semantic=\u00a0\u00bbh3&Prime; text_size=\u00a0\u00bbh3&Prime; separator=\u00a0\u00bbyes\u00a0\u00bb subheading=\u00a0\u00bbDer Hoteltrakt wird nach dem Umbau zum Arbeiten und Vernetzen genutzt. Arbeitspl\u00e4tze und Sitzungsr\u00e4ume f\u00fcr dich und dein Team stehen dir zur Verf\u00fcgung. Das Tolle ist, dass du hier viele spannende Menschen mit tollen Ideen kennenlernen kannst.\u00a0\u00bb uncode_shortcode_id=\u00a0\u00bb217673&Prime;]Innovation[\/vc_custom_heading][vc_button size=\u00a0\u00bbbtn-link\u00a0\u00bb icon_position=\u00a0\u00bbright\u00a0\u00bb icon=\u00a0\u00bbfa fa-arrow-right2&Prime; link=\u00a0\u00bburl:https%3A%2F%2Flimmathaus.cominnovation%2F\u00a0\u00bb uncode_shortcode_id=\u00a0\u00bb133635&Prime;]Erfahre Mehr[\/vc_button][\/vc_column][vc_column column_width_percent=\u00a0\u00bb100&Prime; gutter_size=\u00a0\u00bb3&Prime; override_padding=\u00a0\u00bbyes\u00a0\u00bb column_padding=\u00a0\u00bb3&Prime; back_color=\u00a0\u00bbcolor-xsdn\u00a0\u00bb overlay_alpha=\u00a0\u00bb50&Prime; shift_x=\u00a0\u00bb0&Prime; shift_y=\u00a0\u00bb0&Prime; shift_y_down=\u00a0\u00bb0&Prime; z_index=\u00a0\u00bb0&Prime; medium_width=\u00a0\u00bb0&Prime; mobile_width=\u00a0\u00bb0&Prime; radius=\u00a0\u00bbsm\u00a0\u00bb shadow=\u00a0\u00bbxs\u00a0\u00bb width=\u00a0\u00bb1\/3&Prime; uncode_shortcode_id=\u00a0\u00bb148963&Prime; back_color_type=\u00a0\u00bbuncode-palette\u00a0\u00bb link_to=\u00a0\u00bburl:https%3A%2F%2Flimmathaus.comzusammenarbeit%2F|title:Zusammenarbeit\u00a0\u00bb][vc_single_image media=\u00a0\u00bb118619&Prime; media_width_percent=\u00a0\u00bb100&Prime; uncode_shortcode_id=\u00a0\u00bb153477&Prime;][vc_custom_heading heading_semantic=\u00a0\u00bbh3&Prime; text_size=\u00a0\u00bbh3&Prime; separator=\u00a0\u00bbyes\u00a0\u00bb subheading=\u00a0\u00bbDer Hoteltrakt wird nach dem Umbau zum Arbeiten und Vernetzen genutzt. Arbeitspl\u00e4tze und Sitzungsr\u00e4ume f\u00fcr dich und dein Team stehen dir zur Verf\u00fcgung. Das Tolle ist, dass du hier viele spannende Menschen mit tollen Ideen kennenlernen kannst.\u00a0\u00bb uncode_shortcode_id=\u00a0\u00bb562292&Prime;]Zusammenarbeit[\/vc_custom_heading][vc_button size=\u00a0\u00bbbtn-link\u00a0\u00bb icon_position=\u00a0\u00bbright\u00a0\u00bb icon=\u00a0\u00bbfa fa-arrow-right2&Prime; link=\u00a0\u00bburl:https%3A%2F%2Flimmathaus.comzusammenarbeit%2F|title:Soziokultur\u00a0\u00bb uncode_shortcode_id=\u00a0\u00bb409568&Prime;]Erfahre Mehr[\/vc_button][\/vc_column][\/vc_row]<\/p>\n<\/div>","protected":false},"excerpt":{"rendered":"<p>[vc_row row_height_percent=\u00a0\u00bb0&Prime; override_padding=\u00a0\u00bbyes\u00a0\u00bb h_padding=\u00a0\u00bb2&Prime; top_padding=\u00a0\u00bb4&Prime; bottom_padding=\u00a0\u00bb2&Prime; overlay_alpha=\u00a0\u00bb50&Prime; equal_height=\u00a0\u00bbyes\u00a0\u00bb gutter_size=\u00a0\u00bb3&Prime; column_width_percent=\u00a0\u00bb100&Prime; shift_y=\u00a0\u00bb0&Prime; z_index=\u00a0\u00bb0&Prime; el_class=\u00a0\u00bbinverted-device-order\u00a0\u00bb uncode_shortcode_id=\u00a0\u00bb162088&Prime;][vc_column column_width_percent=\u00a0\u00bb100&Prime; position_vertical=\u00a0\u00bbmiddle\u00a0\u00bb gutter_size=\u00a0\u00bb3&Prime; back_color=\u00a0\u00bbcolor-xsdn\u00a0\u00bb overlay_alpha=\u00a0\u00bb50&Prime; border_color=\u00a0\u00bbcolor-jevc\u00a0\u00bb [&hellip;]<\/p>\n","protected":false},"author":1,"featured_media":119420,"parent":0,"menu_order":0,"comment_status":"closed","ping_status":"closed","template":"","meta":{"footnotes":""},"class_list":["post-118810","page","type-page","status-publish","has-post-thumbnail","hentry"],"yoast_head":"<!-- This site is optimized with the Yoast SEO Premium plugin v25.8 (Yoast SEO v25.8) - https:\/\/yoast.com\/wordpress\/plugins\/seo\/ -->\n<title>Limmathaus - Limmathaus<\/title>\n<meta name=\"robots\" content=\"index, follow, max-snippet:-1, max-image-preview:large, max-video-preview:-1\" \/>\n<link rel=\"canonical\" href=\"https:\/\/limmathaus.com\/de\/limmathaus\/\" \/>\n<meta property=\"og:locale\" content=\"fr_FR\" \/>\n<meta property=\"og:type\" content=\"article\" \/>\n<meta property=\"og:title\" content=\"Limmathaus\" \/>\n<meta property=\"og:description\" content=\"[vc_row row_height_percent=\u00a0\u00bb0&Prime; override_padding=\u00a0\u00bbyes\u00a0\u00bb h_padding=\u00a0\u00bb2&Prime; top_padding=\u00a0\u00bb4&Prime; bottom_padding=\u00a0\u00bb2&Prime; overlay_alpha=\u00a0\u00bb50&Prime; equal_height=\u00a0\u00bbyes\u00a0\u00bb gutter_size=\u00a0\u00bb3&Prime; column_width_percent=\u00a0\u00bb100&Prime; shift_y=\u00a0\u00bb0&Prime; z_index=\u00a0\u00bb0&Prime; el_class=\u00a0\u00bbinverted-device-order\u00a0\u00bb uncode_shortcode_id=\u00a0\u00bb162088&Prime;][vc_column column_width_percent=\u00a0\u00bb100&Prime; position_vertical=\u00a0\u00bbmiddle\u00a0\u00bb gutter_size=\u00a0\u00bb3&Prime; back_color=\u00a0\u00bbcolor-xsdn\u00a0\u00bb overlay_alpha=\u00a0\u00bb50&Prime; border_color=\u00a0\u00bbcolor-jevc\u00a0\u00bb [&hellip;]\" \/>\n<meta property=\"og:url\" content=\"https:\/\/limmathaus.com\/de\/limmathaus\/\" \/>\n<meta property=\"og:site_name\" content=\"Limmathaus\" \/>\n<meta property=\"article:modified_time\" content=\"2023-06-01T11:04:05+00:00\" \/>\n<meta property=\"og:image\" content=\"https:\/\/limmathaus.com\/wp-content\/uploads\/Limmathaus-Ueber-Uns.jpg\" \/>\n\t<meta property=\"og:image:width\" content=\"2200\" \/>\n\t<meta property=\"og:image:height\" content=\"1067\" \/>\n\t<meta property=\"og:image:type\" content=\"image\/jpeg\" \/>\n<meta name=\"twitter:card\" content=\"summary_large_image\" \/>\n<meta name=\"twitter:label1\" content=\"Dur\u00e9e de lecture estim\u00e9e\" \/>\n\t<meta name=\"twitter:data1\" content=\"5 minutes\" \/>\n<script type=\"application\/ld+json\" class=\"yoast-schema-graph\">{\"@context\":\"https:\/\/schema.org\",\"@graph\":[{\"@type\":\"WebPage\",\"@id\":\"https:\/\/limmathaus.com\/de\/limmathaus\/\",\"url\":\"https:\/\/limmathaus.com\/de\/limmathaus\/\",\"name\":\"Limmathaus - Limmathaus\",\"isPartOf\":{\"@id\":\"https:\/\/limmathaus.com\/de\/#website\"},\"primaryImageOfPage\":{\"@id\":\"https:\/\/limmathaus.com\/de\/limmathaus\/#primaryimage\"},\"image\":{\"@id\":\"https:\/\/limmathaus.com\/de\/limmathaus\/#primaryimage\"},\"thumbnailUrl\":\"https:\/\/limmathaus.com\/wp-content\/uploads\/Limmathaus-Ueber-Uns.jpg\",\"datePublished\":\"2023-04-13T05:10:24+00:00\",\"dateModified\":\"2023-06-01T11:04:05+00:00\",\"breadcrumb\":{\"@id\":\"https:\/\/limmathaus.com\/de\/limmathaus\/#breadcrumb\"},\"inLanguage\":\"fr-FR\",\"potentialAction\":[{\"@type\":\"ReadAction\",\"target\":[\"https:\/\/limmathaus.com\/de\/limmathaus\/\"]}]},{\"@type\":\"ImageObject\",\"inLanguage\":\"fr-FR\",\"@id\":\"https:\/\/limmathaus.com\/de\/limmathaus\/#primaryimage\",\"url\":\"https:\/\/limmathaus.com\/wp-content\/uploads\/Limmathaus-Ueber-Uns.jpg\",\"contentUrl\":\"https:\/\/limmathaus.com\/wp-content\/uploads\/Limmathaus-Ueber-Uns.jpg\",\"width\":2200,\"height\":1067,\"caption\":\"Headebild Limmathaus\"},{\"@type\":\"BreadcrumbList\",\"@id\":\"https:\/\/limmathaus.com\/de\/limmathaus\/#breadcrumb\",\"itemListElement\":[{\"@type\":\"ListItem\",\"position\":1,\"name\":\"Startseite\",\"item\":\"https:\/\/limmathaus.com\/de\/\"},{\"@type\":\"ListItem\",\"position\":2,\"name\":\"Limmathaus\"}]},{\"@type\":\"WebSite\",\"@id\":\"https:\/\/limmathaus.com\/de\/#website\",\"url\":\"https:\/\/limmathaus.com\/de\/\",\"name\":\"Limmathaus\",\"description\":\"Der Begegnungsort f\u00fcrs Quartier\",\"publisher\":{\"@id\":\"https:\/\/limmathaus.com\/de\/#organization\"},\"potentialAction\":[{\"@type\":\"SearchAction\",\"target\":{\"@type\":\"EntryPoint\",\"urlTemplate\":\"https:\/\/limmathaus.com\/de\/?s={search_term_string}\"},\"query-input\":{\"@type\":\"PropertyValueSpecification\",\"valueRequired\":true,\"valueName\":\"search_term_string\"}}],\"inLanguage\":\"fr-FR\"},{\"@type\":\"Organization\",\"@id\":\"https:\/\/limmathaus.com\/de\/#organization\",\"name\":\"Limmathaus\",\"url\":\"https:\/\/limmathaus.com\/de\/\",\"logo\":{\"@type\":\"ImageObject\",\"inLanguage\":\"fr-FR\",\"@id\":\"https:\/\/limmathaus.com\/de\/#\/schema\/logo\/image\/\",\"url\":\"https:\/\/limmathaus.com\/wp-content\/uploads\/Limmatplatz-10.jpg\",\"contentUrl\":\"https:\/\/limmathaus.com\/wp-content\/uploads\/Limmatplatz-10.jpg\",\"width\":2200,\"height\":1275,\"caption\":\"Limmathaus\"},\"image\":{\"@id\":\"https:\/\/limmathaus.com\/de\/#\/schema\/logo\/image\/\"}}]}<\/script>\n<!-- \/ Yoast SEO Premium plugin. -->","yoast_head_json":{"title":"Limmathaus - Limmathaus","robots":{"index":"index","follow":"follow","max-snippet":"max-snippet:-1","max-image-preview":"max-image-preview:large","max-video-preview":"max-video-preview:-1"},"canonical":"https:\/\/limmathaus.com\/de\/limmathaus\/","og_locale":"fr_FR","og_type":"article","og_title":"Limmathaus","og_description":"[vc_row row_height_percent=\u00a0\u00bb0&Prime; override_padding=\u00a0\u00bbyes\u00a0\u00bb h_padding=\u00a0\u00bb2&Prime; top_padding=\u00a0\u00bb4&Prime; bottom_padding=\u00a0\u00bb2&Prime; overlay_alpha=\u00a0\u00bb50&Prime; equal_height=\u00a0\u00bbyes\u00a0\u00bb gutter_size=\u00a0\u00bb3&Prime; column_width_percent=\u00a0\u00bb100&Prime; shift_y=\u00a0\u00bb0&Prime; z_index=\u00a0\u00bb0&Prime; el_class=\u00a0\u00bbinverted-device-order\u00a0\u00bb uncode_shortcode_id=\u00a0\u00bb162088&Prime;][vc_column column_width_percent=\u00a0\u00bb100&Prime; position_vertical=\u00a0\u00bbmiddle\u00a0\u00bb gutter_size=\u00a0\u00bb3&Prime; back_color=\u00a0\u00bbcolor-xsdn\u00a0\u00bb overlay_alpha=\u00a0\u00bb50&Prime; border_color=\u00a0\u00bbcolor-jevc\u00a0\u00bb [&hellip;]","og_url":"https:\/\/limmathaus.com\/de\/limmathaus\/","og_site_name":"Limmathaus","article_modified_time":"2023-06-01T11:04:05+00:00","og_image":[{"width":2200,"height":1067,"url":"https:\/\/limmathaus.com\/wp-content\/uploads\/Limmathaus-Ueber-Uns.jpg","type":"image\/jpeg"}],"twitter_card":"summary_large_image","twitter_misc":{"Dur\u00e9e de lecture estim\u00e9e":"5 minutes"},"schema":{"@context":"https:\/\/schema.org","@graph":[{"@type":"WebPage","@id":"https:\/\/limmathaus.com\/de\/limmathaus\/","url":"https:\/\/limmathaus.com\/de\/limmathaus\/","name":"Limmathaus - Limmathaus","isPartOf":{"@id":"https:\/\/limmathaus.com\/de\/#website"},"primaryImageOfPage":{"@id":"https:\/\/limmathaus.com\/de\/limmathaus\/#primaryimage"},"image":{"@id":"https:\/\/limmathaus.com\/de\/limmathaus\/#primaryimage"},"thumbnailUrl":"https:\/\/limmathaus.com\/wp-content\/uploads\/Limmathaus-Ueber-Uns.jpg","datePublished":"2023-04-13T05:10:24+00:00","dateModified":"2023-06-01T11:04:05+00:00","breadcrumb":{"@id":"https:\/\/limmathaus.com\/de\/limmathaus\/#breadcrumb"},"inLanguage":"fr-FR","potentialAction":[{"@type":"ReadAction","target":["https:\/\/limmathaus.com\/de\/limmathaus\/"]}]},{"@type":"ImageObject","inLanguage":"fr-FR","@id":"https:\/\/limmathaus.com\/de\/limmathaus\/#primaryimage","url":"https:\/\/limmathaus.com\/wp-content\/uploads\/Limmathaus-Ueber-Uns.jpg","contentUrl":"https:\/\/limmathaus.com\/wp-content\/uploads\/Limmathaus-Ueber-Uns.jpg","width":2200,"height":1067,"caption":"Headebild Limmathaus"},{"@type":"BreadcrumbList","@id":"https:\/\/limmathaus.com\/de\/limmathaus\/#breadcrumb","itemListElement":[{"@type":"ListItem","position":1,"name":"Startseite","item":"https:\/\/limmathaus.com\/de\/"},{"@type":"ListItem","position":2,"name":"Limmathaus"}]},{"@type":"WebSite","@id":"https:\/\/limmathaus.com\/de\/#website","url":"https:\/\/limmathaus.com\/de\/","name":"Limmathaus","description":"Der Begegnungsort f\u00fcrs Quartier","publisher":{"@id":"https:\/\/limmathaus.com\/de\/#organization"},"potentialAction":[{"@type":"SearchAction","target":{"@type":"EntryPoint","urlTemplate":"https:\/\/limmathaus.com\/de\/?s={search_term_string}"},"query-input":{"@type":"PropertyValueSpecification","valueRequired":true,"valueName":"search_term_string"}}],"inLanguage":"fr-FR"},{"@type":"Organization","@id":"https:\/\/limmathaus.com\/de\/#organization","name":"Limmathaus","url":"https:\/\/limmathaus.com\/de\/","logo":{"@type":"ImageObject","inLanguage":"fr-FR","@id":"https:\/\/limmathaus.com\/de\/#\/schema\/logo\/image\/","url":"https:\/\/limmathaus.com\/wp-content\/uploads\/Limmatplatz-10.jpg","contentUrl":"https:\/\/limmathaus.com\/wp-content\/uploads\/Limmatplatz-10.jpg","width":2200,"height":1275,"caption":"Limmathaus"},"image":{"@id":"https:\/\/limmathaus.com\/de\/#\/schema\/logo\/image\/"}}]}},"_links":{"self":[{"href":"https:\/\/limmathaus.com\/fr\/wp-json\/wp\/v2\/pages\/118810","targetHints":{"allow":["GET"]}}],"collection":[{"href":"https:\/\/limmathaus.com\/fr\/wp-json\/wp\/v2\/pages"}],"about":[{"href":"https:\/\/limmathaus.com\/fr\/wp-json\/wp\/v2\/types\/page"}],"author":[{"embeddable":true,"href":"https:\/\/limmathaus.com\/fr\/wp-json\/wp\/v2\/users\/1"}],"replies":[{"embeddable":true,"href":"https:\/\/limmathaus.com\/fr\/wp-json\/wp\/v2\/comments?post=118810"}],"version-history":[{"count":1,"href":"https:\/\/limmathaus.com\/fr\/wp-json\/wp\/v2\/pages\/118810\/revisions"}],"predecessor-version":[{"id":118811,"href":"https:\/\/limmathaus.com\/fr\/wp-json\/wp\/v2\/pages\/118810\/revisions\/118811"}],"wp:featuredmedia":[{"embeddable":true,"href":"https:\/\/limmathaus.com\/fr\/wp-json\/wp\/v2\/media\/119420"}],"wp:attachment":[{"href":"https:\/\/limmathaus.com\/fr\/wp-json\/wp\/v2\/media?parent=118810"}],"curies":[{"name":"wp","href":"https:\/\/api.w.org\/{rel}","templated":true}]}}