{"id":118776,"date":"2023-02-23T14:41:18","date_gmt":"2023-02-23T13:41:18","guid":{"rendered":"http:\/\/new.limmathaus.com\/wordpress\/?page_id=118776"},"modified":"2023-06-01T12:21:42","modified_gmt":"2023-06-01T10:21:42","slug":"history-future","status":"publish","type":"page","link":"https:\/\/limmathaus.com\/en\/history-future\/","title":{"rendered":"History &#038; Future"},"content":{"rendered":"<div class=\"wpb-content-wrapper\"><p>[vc_row row_height_percent=&#8221;40&#8243; override_padding=&#8221;yes&#8221; h_padding=&#8221;2&#8243; top_padding=&#8221;5&#8243; bottom_padding=&#8221;5&#8243; back_color=&#8221;color-lxmt&#8221; back_image=&#8221;118790&#8243; parallax=&#8221;yes&#8221; overlay_color=&#8221;color-jevc&#8221; overlay_alpha=&#8221;20&#8243; equal_height=&#8221;yes&#8221; gutter_size=&#8221;3&#8243; column_width_percent=&#8221;100&#8243; shift_y=&#8221;0&#8243; z_index=&#8221;0&#8243; top_divider=&#8221;gradient&#8221; bottom_divider=&#8221;gradient&#8221; uncode_shortcode_id=&#8221;195520&#8243; back_color_type=&#8221;uncode-palette&#8221; overlay_color_type=&#8221;uncode-palette&#8221; shape_dividers=&#8221;&#8221;][vc_column column_width_percent=&#8221;100&#8243; position_vertical=&#8221;bottom&#8221; gutter_size=&#8221;3&#8243; style=&#8221;dark&#8221; overlay_alpha=&#8221;50&#8243; shift_x=&#8221;0&#8243; shift_y=&#8221;0&#8243; shift_y_down=&#8221;0&#8243; z_index=&#8221;0&#8243; medium_width=&#8221;0&#8243; mobile_width=&#8221;0&#8243; width=&#8221;1\/1&#8243;][vc_row_inner row_inner_height_percent=&#8221;0&#8243; overlay_alpha=&#8221;50&#8243; gutter_size=&#8221;3&#8243; shift_y=&#8221;0&#8243;][vc_column_inner column_width_percent=&#8221;100&#8243; gutter_size=&#8221;3&#8243; style=&#8221;dark&#8221; overlay_alpha=&#8221;50&#8243; shift_x=&#8221;0&#8243; shift_y=&#8221;0&#8243; shift_y_down=&#8221;0&#8243; z_index=&#8221;0&#8243; medium_width=&#8221;0&#8243; mobile_width=&#8221;0&#8243; css_animation=&#8221;alpha-anim&#8221; animation_delay=&#8221;200&#8243; width=&#8221;9\/12&#8243;][vc_custom_heading heading_semantic=&#8221;h1&#8243; text_size=&#8221;h1&#8243; uncode_shortcode_id=&#8221;316972&#8243;]Geschichte &amp; Zukunft[\/vc_custom_heading][\/vc_column_inner][vc_column_inner width=&#8221;3\/12&#8243;][\/vc_column_inner][\/vc_row_inner][\/vc_column][\/vc_row][vc_row row_height_percent=&#8221;0&#8243; overlay_alpha=&#8221;50&#8243; gutter_size=&#8221;3&#8243; column_width_percent=&#8221;100&#8243; shift_y=&#8221;0&#8243; z_index=&#8221;0&#8243; uncode_shortcode_id=&#8221;317606&#8243; css=&#8221;.vc_custom_1685450572238{padding-top: 32px !important;padding-bottom: 32px !important;}&#8221;][vc_column width=&#8221;1\/2&#8243;][vc_custom_heading uncode_shortcode_id=&#8221;108186&#8243;]Ein Haus f\u00fcrs Quartier[\/vc_custom_heading][vc_column_text text_lead=&#8221;yes&#8221; uncode_shortcode_id=&#8221;176097&#8243;]Das Limmathaus am Limmatplatz im Kreis 5 ist ein Geb\u00e4ude im Bauhausstil und bildet mit der nahegelegenen Kunstgewerbeschule ein Zeugnis des \u00abNeuen Bauens\u00bb aus den 1930er-Jahren. Darum stehen einige Teile des Geb\u00e4udes unter Denkmalschutz. Durch einen Seitentrakt ist es mit der angrenzenden Johanneskirche verbunden, einer reformierten Kirche aus dem Jahr 1898.[\/vc_column_text][vc_column_text uncode_shortcode_id=&#8221;200198&#8243;]Geplant wurde das Geb\u00e4ude vom Schweizer Architekten Karl Egender, einem wichtigen Protagonisten des neuen Bauens in Z\u00fcrich. Seinen Pl\u00e4nen entstammen auch weitere Wahrzeichen Z\u00fcrichs, darunter das Albisriederhaus, der Globus am L\u00f6wenplatz sowie das Hallenstadium in Oerlikon.<\/p>\n<p>Nach 16 Monaten Bauzeit wurde am 1. November 1931 die Er\u00f6ffnung gefeiert. Die \u00abVolksgenossenschaft Z\u00fcrich 5\u00bb initiierte den Bau und verpflichtete sich dem Erhalt des Geb\u00e4udes. Im Jahre 2013 \u00e4nderte das Limmathaus seine Eigent\u00fcmerin und die neu gegr\u00fcndete \u00abStiftung Limmathaus Z\u00fcrich\u00bb k\u00fcmmert sich seither um das Limmathaus.[\/vc_column_text][\/vc_column][vc_column width=&#8221;1\/2&#8243;][vc_column_text uncode_shortcode_id=&#8221;167326&#8243;]<strong>Blick in die Vergangenheit<\/strong><br \/>\nDie \u00abVolksgenossenschaft Z\u00fcrich 5\u00bb erbaute das Limmathaus mit einer klaren Vision: Es sollte ein Ort der Begegnung sowie des kulturellen und soziokulturellen Austausches sein, ein Begegnungsort f\u00fcr das politische und das gesellschaftliche Leben, aber auch f\u00fcr den Alltag. Das Haus sollte sich selber finanzieren und Gewinn abwerfen, so waren bereits seit der Er\u00f6ffnung das \u00abPostbureau\u00bb und eine Gastwirtschaft Teil des Limmathaus.[\/vc_column_text][vc_column_text uncode_shortcode_id=&#8221;140512&#8243;]<span style=\"font-family: -apple-system, BlinkMacSystemFont, 'Segoe UI', Roboto, Oxygen-Sans, Ubuntu, Cantarell, 'Helvetica Neue', sans-serif;\"><strong>Br\u00fccke zur Gegenwart<\/strong><br \/>\nDas Limmathaus wurde auch in den vergangenen Jahren genutzt. So ist die Poststelle noch immer Teil des Limmathauses. Hinzu kamen ein Hotelbetrieb, ein Irish Pub, der Club X-tra, die Kung-Fu-Schule Sewer und eine Yoga-Schule.<\/span>[\/vc_column_text][vc_column_text uncode_shortcode_id=&#8221;161560&#8243;]<b>Zur\u00fcck in die Zukunft<br \/>\n<\/b>Mit dem Umbau und dem P\u00e4chterwechsel soll die Nutzung des Limmathauses erweitert werden und sich noch mehr dem urspr\u00fcnglichen Zweck ann\u00e4hern. Das ganze Geb\u00e4ude soll zug\u00e4nglich und nutzbar sein: Gastro- und Barbetrieb, Clubbetrieb und Konzerte mit kommerziellen und nicht-kommerziellen Veranstaltungen, Kunstausstellungen im digitalen und analogen Bereich, Co-Working und Innovation Space, politische Veranstaltungen und Podiumsdiskussionen, diverse Aktivit\u00e4ten wie Sound Healings, Breath Work Events und vieles, an das wir noch gar nicht gedacht haben.[\/vc_column_text][\/vc_column][\/vc_row][vc_row row_height_percent=&#8221;50&#8243; override_padding=&#8221;yes&#8221; h_padding=&#8221;2&#8243; top_padding=&#8221;5&#8243; bottom_padding=&#8221;5&#8243; overlay_alpha=&#8221;50&#8243; gutter_size=&#8221;3&#8243; column_width_percent=&#8221;100&#8243; shift_y=&#8221;0&#8243; z_index=&#8221;0&#8243;][vc_column column_width_use_pixel=&#8221;yes&#8221; position_vertical=&#8221;middle&#8221; align_horizontal=&#8221;align_center&#8221; gutter_size=&#8221;3&#8243; overlay_alpha=&#8221;50&#8243; shift_x=&#8221;0&#8243; shift_y=&#8221;0&#8243; shift_y_down=&#8221;0&#8243; z_index=&#8221;0&#8243; medium_width=&#8221;0&#8243; mobile_width=&#8221;0&#8243; width=&#8221;1\/1&#8243; column_width_pixel=&#8221;900&#8243;][vc_custom_heading heading_semantic=&#8221;h3&#8243; text_size=&#8221;h1&#8243; uncode_shortcode_id=&#8221;212835&#8243;]Inputs oder Anregungen?[\/vc_custom_heading][vc_column_text uncode_shortcode_id=&#8221;187633&#8243;]<span class=\"discussion-level-1 discussion-id-eddfbd8c-f037-4788-8e94-d0015edec720 notion-enable-hover\" data-token-index=\"0\">Hast du Inputs oder Anregungen, womit wir das Limmathaus noch mehr beleben k\u00f6nnen? Oder suchst du einen Ort, um deine Kunst, deine Leidenschaft oder deine innovativen Ideen ausleben und mit anderen Menschen teilen zu k\u00f6nnen?<\/span>[\/vc_column_text][vc_empty_space empty_h=&#8221;2&#8243;][vc_button button_color=&#8221;accent&#8221; border_width=&#8221;0&#8243; display=&#8221;inline&#8221; link=&#8221;url:%23|title:inf%40limmathaus.ch&#8221; button_color_type=&#8221;uncode-palette&#8221; uncode_shortcode_id=&#8221;454424&#8243;]info@limmathaus.ch[\/vc_button][\/vc_column][\/vc_row]<\/p>\n<\/div>","protected":false},"excerpt":{"rendered":"<p>[vc_row row_height_percent=&#8221;40&#8243; override_padding=&#8221;yes&#8221; h_padding=&#8221;2&#8243; top_padding=&#8221;5&#8243; bottom_padding=&#8221;5&#8243; back_color=&#8221;color-lxmt&#8221; back_image=&#8221;118790&#8243; parallax=&#8221;yes&#8221; overlay_color=&#8221;color-jevc&#8221; overlay_alpha=&#8221;20&#8243; equal_height=&#8221;yes&#8221; gutter_size=&#8221;3&#8243; column_width_percent=&#8221;100&#8243; shift_y=&#8221;0&#8243; z_index=&#8221;0&#8243; top_divider=&#8221;gradient&#8221; bottom_divider=&#8221;gradient&#8221; uncode_shortcode_id=&#8221;195520&#8243; back_color_type=&#8221;uncode-palette&#8221; [&hellip;]<\/p>\n","protected":false},"author":1,"featured_media":0,"parent":0,"menu_order":0,"comment_status":"closed","ping_status":"closed","template":"","meta":{"footnotes":""},"class_list":["post-118776","page","type-page","status-publish","hentry"],"yoast_head":"<!-- This site is optimized with the Yoast SEO Premium plugin v25.8 (Yoast SEO v25.8) - https:\/\/yoast.com\/wordpress\/plugins\/seo\/ -->\n<title>History &amp; Future - Limmathaus<\/title>\n<meta name=\"robots\" content=\"index, follow, max-snippet:-1, max-image-preview:large, max-video-preview:-1\" \/>\n<link rel=\"canonical\" href=\"https:\/\/limmathaus.com\/de\/geschichte-zukunft\/\" \/>\n<meta property=\"og:locale\" content=\"en_US\" \/>\n<meta property=\"og:type\" content=\"article\" \/>\n<meta property=\"og:title\" content=\"History &amp; Future\" \/>\n<meta property=\"og:description\" content=\"[vc_row row_height_percent=&#8221;40&#8243; override_padding=&#8221;yes&#8221; h_padding=&#8221;2&#8243; top_padding=&#8221;5&#8243; bottom_padding=&#8221;5&#8243; back_color=&#8221;color-lxmt&#8221; back_image=&#8221;118790&#8243; parallax=&#8221;yes&#8221; overlay_color=&#8221;color-jevc&#8221; overlay_alpha=&#8221;20&#8243; equal_height=&#8221;yes&#8221; gutter_size=&#8221;3&#8243; column_width_percent=&#8221;100&#8243; shift_y=&#8221;0&#8243; z_index=&#8221;0&#8243; top_divider=&#8221;gradient&#8221; bottom_divider=&#8221;gradient&#8221; uncode_shortcode_id=&#8221;195520&#8243; back_color_type=&#8221;uncode-palette&#8221; [&hellip;]\" \/>\n<meta property=\"og:url\" content=\"https:\/\/limmathaus.com\/de\/geschichte-zukunft\/\" \/>\n<meta property=\"og:site_name\" content=\"Limmathaus\" \/>\n<meta property=\"article:modified_time\" content=\"2023-06-01T10:21:42+00:00\" \/>\n<meta name=\"twitter:card\" content=\"summary_large_image\" \/>\n<meta name=\"twitter:label1\" content=\"Est. reading time\" \/>\n\t<meta name=\"twitter:data1\" content=\"4 minutes\" \/>\n<script type=\"application\/ld+json\" class=\"yoast-schema-graph\">{\"@context\":\"https:\/\/schema.org\",\"@graph\":[{\"@type\":\"WebPage\",\"@id\":\"https:\/\/limmathaus.com\/de\/geschichte-zukunft\/\",\"url\":\"https:\/\/limmathaus.com\/de\/geschichte-zukunft\/\",\"name\":\"History & Future - Limmathaus\",\"isPartOf\":{\"@id\":\"https:\/\/limmathaus.com\/de\/#website\"},\"datePublished\":\"2023-02-23T13:41:18+00:00\",\"dateModified\":\"2023-06-01T10:21:42+00:00\",\"breadcrumb\":{\"@id\":\"https:\/\/limmathaus.com\/de\/geschichte-zukunft\/#breadcrumb\"},\"inLanguage\":\"en-US\",\"potentialAction\":[{\"@type\":\"ReadAction\",\"target\":[\"https:\/\/limmathaus.com\/de\/geschichte-zukunft\/\"]}]},{\"@type\":\"BreadcrumbList\",\"@id\":\"https:\/\/limmathaus.com\/de\/geschichte-zukunft\/#breadcrumb\",\"itemListElement\":[{\"@type\":\"ListItem\",\"position\":1,\"name\":\"Startseite\",\"item\":\"https:\/\/limmathaus.com\/de\/\"},{\"@type\":\"ListItem\",\"position\":2,\"name\":\"History &#038; Future\"}]},{\"@type\":\"WebSite\",\"@id\":\"https:\/\/limmathaus.com\/de\/#website\",\"url\":\"https:\/\/limmathaus.com\/de\/\",\"name\":\"Limmathaus\",\"description\":\"Der Begegnungsort f\u00fcrs Quartier\",\"publisher\":{\"@id\":\"https:\/\/limmathaus.com\/de\/#organization\"},\"potentialAction\":[{\"@type\":\"SearchAction\",\"target\":{\"@type\":\"EntryPoint\",\"urlTemplate\":\"https:\/\/limmathaus.com\/de\/?s={search_term_string}\"},\"query-input\":{\"@type\":\"PropertyValueSpecification\",\"valueRequired\":true,\"valueName\":\"search_term_string\"}}],\"inLanguage\":\"en-US\"},{\"@type\":\"Organization\",\"@id\":\"https:\/\/limmathaus.com\/de\/#organization\",\"name\":\"Limmathaus\",\"url\":\"https:\/\/limmathaus.com\/de\/\",\"logo\":{\"@type\":\"ImageObject\",\"inLanguage\":\"en-US\",\"@id\":\"https:\/\/limmathaus.com\/de\/#\/schema\/logo\/image\/\",\"url\":\"https:\/\/limmathaus.com\/wp-content\/uploads\/Limmatplatz-10.jpg\",\"contentUrl\":\"https:\/\/limmathaus.com\/wp-content\/uploads\/Limmatplatz-10.jpg\",\"width\":2200,\"height\":1275,\"caption\":\"Limmathaus\"},\"image\":{\"@id\":\"https:\/\/limmathaus.com\/de\/#\/schema\/logo\/image\/\"}}]}<\/script>\n<!-- \/ Yoast SEO Premium plugin. -->","yoast_head_json":{"title":"History & Future - Limmathaus","robots":{"index":"index","follow":"follow","max-snippet":"max-snippet:-1","max-image-preview":"max-image-preview:large","max-video-preview":"max-video-preview:-1"},"canonical":"https:\/\/limmathaus.com\/de\/geschichte-zukunft\/","og_locale":"en_US","og_type":"article","og_title":"History & Future","og_description":"[vc_row row_height_percent=&#8221;40&#8243; override_padding=&#8221;yes&#8221; h_padding=&#8221;2&#8243; top_padding=&#8221;5&#8243; bottom_padding=&#8221;5&#8243; back_color=&#8221;color-lxmt&#8221; back_image=&#8221;118790&#8243; parallax=&#8221;yes&#8221; overlay_color=&#8221;color-jevc&#8221; overlay_alpha=&#8221;20&#8243; equal_height=&#8221;yes&#8221; gutter_size=&#8221;3&#8243; column_width_percent=&#8221;100&#8243; shift_y=&#8221;0&#8243; z_index=&#8221;0&#8243; top_divider=&#8221;gradient&#8221; bottom_divider=&#8221;gradient&#8221; uncode_shortcode_id=&#8221;195520&#8243; back_color_type=&#8221;uncode-palette&#8221; [&hellip;]","og_url":"https:\/\/limmathaus.com\/de\/geschichte-zukunft\/","og_site_name":"Limmathaus","article_modified_time":"2023-06-01T10:21:42+00:00","twitter_card":"summary_large_image","twitter_misc":{"Est. reading time":"4 minutes"},"schema":{"@context":"https:\/\/schema.org","@graph":[{"@type":"WebPage","@id":"https:\/\/limmathaus.com\/de\/geschichte-zukunft\/","url":"https:\/\/limmathaus.com\/de\/geschichte-zukunft\/","name":"History & Future - Limmathaus","isPartOf":{"@id":"https:\/\/limmathaus.com\/de\/#website"},"datePublished":"2023-02-23T13:41:18+00:00","dateModified":"2023-06-01T10:21:42+00:00","breadcrumb":{"@id":"https:\/\/limmathaus.com\/de\/geschichte-zukunft\/#breadcrumb"},"inLanguage":"en-US","potentialAction":[{"@type":"ReadAction","target":["https:\/\/limmathaus.com\/de\/geschichte-zukunft\/"]}]},{"@type":"BreadcrumbList","@id":"https:\/\/limmathaus.com\/de\/geschichte-zukunft\/#breadcrumb","itemListElement":[{"@type":"ListItem","position":1,"name":"Startseite","item":"https:\/\/limmathaus.com\/de\/"},{"@type":"ListItem","position":2,"name":"History &#038; Future"}]},{"@type":"WebSite","@id":"https:\/\/limmathaus.com\/de\/#website","url":"https:\/\/limmathaus.com\/de\/","name":"Limmathaus","description":"Der Begegnungsort f\u00fcrs Quartier","publisher":{"@id":"https:\/\/limmathaus.com\/de\/#organization"},"potentialAction":[{"@type":"SearchAction","target":{"@type":"EntryPoint","urlTemplate":"https:\/\/limmathaus.com\/de\/?s={search_term_string}"},"query-input":{"@type":"PropertyValueSpecification","valueRequired":true,"valueName":"search_term_string"}}],"inLanguage":"en-US"},{"@type":"Organization","@id":"https:\/\/limmathaus.com\/de\/#organization","name":"Limmathaus","url":"https:\/\/limmathaus.com\/de\/","logo":{"@type":"ImageObject","inLanguage":"en-US","@id":"https:\/\/limmathaus.com\/de\/#\/schema\/logo\/image\/","url":"https:\/\/limmathaus.com\/wp-content\/uploads\/Limmatplatz-10.jpg","contentUrl":"https:\/\/limmathaus.com\/wp-content\/uploads\/Limmatplatz-10.jpg","width":2200,"height":1275,"caption":"Limmathaus"},"image":{"@id":"https:\/\/limmathaus.com\/de\/#\/schema\/logo\/image\/"}}]}},"_links":{"self":[{"href":"https:\/\/limmathaus.com\/en\/wp-json\/wp\/v2\/pages\/118776","targetHints":{"allow":["GET"]}}],"collection":[{"href":"https:\/\/limmathaus.com\/en\/wp-json\/wp\/v2\/pages"}],"about":[{"href":"https:\/\/limmathaus.com\/en\/wp-json\/wp\/v2\/types\/page"}],"author":[{"embeddable":true,"href":"https:\/\/limmathaus.com\/en\/wp-json\/wp\/v2\/users\/1"}],"replies":[{"embeddable":true,"href":"https:\/\/limmathaus.com\/en\/wp-json\/wp\/v2\/comments?post=118776"}],"version-history":[{"count":6,"href":"https:\/\/limmathaus.com\/en\/wp-json\/wp\/v2\/pages\/118776\/revisions"}],"predecessor-version":[{"id":118797,"href":"https:\/\/limmathaus.com\/en\/wp-json\/wp\/v2\/pages\/118776\/revisions\/118797"}],"wp:attachment":[{"href":"https:\/\/limmathaus.com\/en\/wp-json\/wp\/v2\/media?parent=118776"}],"curies":[{"name":"wp","href":"https:\/\/api.w.org\/{rel}","templated":true}]}}