{"id":118773,"date":"2023-04-13T08:03:46","date_gmt":"2023-04-13T06:03:46","guid":{"rendered":"http:\/\/new.limmathaus.com\/wordpress\/?page_id=118773"},"modified":"2023-06-01T12:26:24","modified_gmt":"2023-06-01T10:26:24","slug":"about-us","status":"publish","type":"page","link":"https:\/\/limmathaus.com\/en\/about-us\/","title":{"rendered":"About Us"},"content":{"rendered":"<div class=\"wpb-content-wrapper\"><p>[vc_row row_height_percent=&#8221;40&#8243; override_padding=&#8221;yes&#8221; h_padding=&#8221;2&#8243; top_padding=&#8221;5&#8243; bottom_padding=&#8221;5&#8243; back_color=&#8221;color-lxmt&#8221; back_image=&#8221;118790&#8243; parallax=&#8221;yes&#8221; overlay_color=&#8221;color-jevc&#8221; overlay_alpha=&#8221;20&#8243; equal_height=&#8221;yes&#8221; gutter_size=&#8221;3&#8243; column_width_percent=&#8221;100&#8243; shift_y=&#8221;0&#8243; z_index=&#8221;0&#8243; top_divider=&#8221;gradient&#8221; bottom_divider=&#8221;gradient&#8221; uncode_shortcode_id=&#8221;538840&#8243; back_color_type=&#8221;uncode-palette&#8221; overlay_color_type=&#8221;uncode-palette&#8221;][vc_column column_width_percent=&#8221;100&#8243; position_vertical=&#8221;bottom&#8221; gutter_size=&#8221;3&#8243; style=&#8221;dark&#8221; overlay_alpha=&#8221;50&#8243; shift_x=&#8221;0&#8243; shift_y=&#8221;0&#8243; shift_y_down=&#8221;0&#8243; z_index=&#8221;0&#8243; medium_width=&#8221;0&#8243; mobile_width=&#8221;0&#8243; width=&#8221;1\/1&#8243;][vc_row_inner row_inner_height_percent=&#8221;0&#8243; overlay_alpha=&#8221;50&#8243; gutter_size=&#8221;3&#8243; shift_y=&#8221;0&#8243;][vc_column_inner column_width_percent=&#8221;100&#8243; gutter_size=&#8221;3&#8243; style=&#8221;dark&#8221; overlay_alpha=&#8221;50&#8243; shift_x=&#8221;0&#8243; shift_y=&#8221;0&#8243; shift_y_down=&#8221;0&#8243; z_index=&#8221;0&#8243; medium_width=&#8221;0&#8243; mobile_width=&#8221;0&#8243; css_animation=&#8221;alpha-anim&#8221; animation_delay=&#8221;200&#8243; width=&#8221;9\/12&#8243;][vc_custom_heading heading_semantic=&#8221;h1&#8243; text_size=&#8221;h1&#8243; uncode_shortcode_id=&#8221;324057&#8243;]Impact Hub Z\u00fcrich &#8211; Auer &amp; Co. &#8211; Kraftwerk <span class=\"discussion-level-1 discussion-id-8f2b0fcb-d5b7-458a-a651-ae8377ea4bcc notion-enable-hover\" data-token-index=\"1\">Z\u00fcrich<\/span>[\/vc_custom_heading][\/vc_column_inner][vc_column_inner width=&#8221;3\/12&#8243;][\/vc_column_inner][\/vc_row_inner][\/vc_column][\/vc_row][vc_row row_height_percent=&#8221;0&#8243; override_padding=&#8221;yes&#8221; h_padding=&#8221;2&#8243; top_padding=&#8221;4&#8243; bottom_padding=&#8221;1&#8243; overlay_alpha=&#8221;100&#8243; gutter_size=&#8221;3&#8243; column_width_percent=&#8221;100&#8243; border_color=&#8221;color-gyho&#8221; border_style=&#8221;solid&#8221; shift_y=&#8221;0&#8243; z_index=&#8221;0&#8243; uncode_shortcode_id=&#8221;659510&#8243; border_color_type=&#8221;uncode-palette&#8221;][vc_column column_width_percent=&#8221;100&#8243; align_horizontal=&#8221;align_center&#8221; gutter_size=&#8221;3&#8243; overlay_alpha=&#8221;100&#8243; shift_x=&#8221;0&#8243; shift_y=&#8221;0&#8243; z_index=&#8221;0&#8243; medium_width=&#8221;0&#8243; zoom_width=&#8221;0&#8243; zoom_height=&#8221;0&#8243; width=&#8221;1\/1&#8243;][vc_row_inner][vc_column_inner width=&#8221;1\/1&#8243;][vc_custom_heading heading_semantic=&#8221;h3&#8243; text_size=&#8221;h1&#8243; uncode_shortcode_id=&#8221;127712&#8243;]<\/p>\n<h3>Wir sind der Impact Hub Z\u00fcrich und zu uns geh\u00f6ren das <a href=\"https:\/\/www.auer.coffee\/\" target=\"_blank\" rel=\"noopener\">Auer &amp; Co<\/a>.\u00a0sowie das <a href=\"https:\/\/www.kraftwerk.coffee\/\" target=\"_blank\" rel=\"noopener\">Kraftwerk Selnau<\/a>.\u00a0Gemeinsam mit der <a href=\"http:\/\/www.limmathaus.ch\/\" target=\"_blank\" rel=\"noopener\">Stiftung Limmathaus<\/a>\u00a0stemmen wir den grosszyklischen Umbau, um das denkmalgesch\u00fctzte Limmathaus den heutigen Bauauflagen anzupassen.<\/h3>\n<p>[\/vc_custom_heading][vc_custom_heading heading_semantic=&#8221;h3&#8243; text_size=&#8221;h3&#8243; uncode_shortcode_id=&#8221;138202&#8243;]Und danach? Danach beleben wir das Limmathaus: Mit Co-Working und Innovation, mit Gastronomie und Barbetrieb und mit einer breiten Palette an kulturellen Veranstaltungen im Party- und Musikbereich, mit Kunst, Kultur, Politik und vielseitigen Aktivit\u00e4ten.[\/vc_custom_heading][\/vc_column_inner][\/vc_row_inner][vc_gallery el_id=&#8221;gallery-85457&#8243; type=&#8221;carousel&#8221; medias=&#8221;118753,118757,118761,118765&#8243; carousel_lg=&#8221;4&#8243; carousel_md=&#8221;4&#8243; carousel_sm=&#8221;4&#8243; gutter_size=&#8221;3&#8243; media_items=&#8221;media|nolink|original,icon&#8221; carousel_interval=&#8221;3000&#8243; carousel_navspeed=&#8221;400&#8243; carousel_loop=&#8221;yes&#8221; stage_padding=&#8221;0&#8243; single_overlay_opacity=&#8221;50&#8243; single_overlay_anim=&#8221;no&#8221; single_text_anim=&#8221;no&#8221; single_image_anim=&#8221;no&#8221; single_padding=&#8221;2&#8243; single_border=&#8221;yes&#8221; title=&#8221;Clients&#8221; uncode_shortcode_id=&#8221;119511&#8243;][\/vc_column][\/vc_row][vc_row row_height_percent=&#8221;0&#8243; override_padding=&#8221;yes&#8221; h_padding=&#8221;2&#8243; top_padding=&#8221;5&#8243; bottom_padding=&#8221;5&#8243; overlay_alpha=&#8221;50&#8243; gutter_size=&#8221;3&#8243; column_width_percent=&#8221;100&#8243; shift_y=&#8221;0&#8243; z_index=&#8221;0&#8243;][vc_column width=&#8221;1\/1&#8243;][vc_accordion][vc_accordion_tab gutter_size=&#8221;2&#8243; column_padding=&#8221;2&#8243; title=&#8221;Impact Hub&#8221; tab_id=&#8221;1685166645-1-96&#8243;][vc_column_text uncode_shortcode_id=&#8221;163207&#8243;]Der Impact Hub Z\u00fcrich (IHZ) ist ein selbsttragendes Unternehmen mit dem Ziel, eine Gemeinschaft zur Vernetzung von engagierten und unternehmerischen Menschen in Z\u00fcrich aufzubauen. Der IHZ ist seit seiner Gr\u00fcndung im Jahr 2010 lokal im Kreis 5 verankert und gleichzeitig \u00fcber das internationale und gemeinn\u00fctzige Impact Hub Netzwerk international vernetzt.<\/p>\n<p>Die Hauptaktivit\u00e4ten des IHZ heute sind:<\/p>\n<ul>\n<li>Community Management und F\u00f6rderung von Unternehmertum<\/li>\n<li>Kultur- und Netzwerkveranstaltungen bis 1000 Personen<\/li>\n<li>\u00d6ffentlich zug\u00e4ngliche geteilte Arbeitspl\u00e4tze an drei Standorten (Hauptstandort am Sihlquai 131 (befristet bis 2024), Kraftwerk (befristet bis 2026), und Viadukt)<\/li>\n<li>Mehrfach ausgezeichnete Gastronomie<\/li>\n<li>Raumvermietung<\/li>\n<\/ul>\n<p>Im Impact Hub Netzwerk entstehen j\u00e4hrlich \u00fcber 1&#8217;000 neue Vollzeitstellen sowie rund 350 neue Projekte und Startups. Mehr als 80% der 700 Impact Hub Mitglieder geben an, eines der 17 Nachhaltigkeitsziele der Vereinten Nationen zu verfolgen.<\/p>\n<p>Zur Website des IHZ: <a href=\"https:\/\/zurich.impacthub.ch\/\">zurich.impacthub.ch<\/a>[\/vc_column_text][\/vc_accordion_tab][vc_accordion_tab gutter_size=&#8221;2&#8243; column_padding=&#8221;2&#8243; title=&#8221;Auer &amp; Co.&#8221; tab_id=&#8221;1685166645-2-70&#8243;][vc_column_text uncode_shortcode_id=&#8221;571351&#8243;]Das Auer &amp; Co. befindet sich am gleichen Standort wie das Colab des Impact Hubs und war seit Tag eins mit von der Partie. Das gem\u00fctliche Kafi mit der weitl\u00e4ufigen Terrasse im Innenhof bietet eine vegetarische Karte und hochwertige Kaffeekultur. Und es wird vielseitig genutzt: zum ruhigen Arbeiten, f\u00fcr einen Kaffeeplausch mit Freunden, f\u00fcr Partys oder ein Feierabendbier. Zudem finden regelm\u00e4ssig Spielabende und Comedy Nights statt.<\/p>\n<p>Komm vorbei oder besuche uns online: <a href=\"https:\/\/www.auer.coffee\/\">https:\/\/www.auer.coffee\/<\/a>[\/vc_column_text][\/vc_accordion_tab][vc_accordion_tab gutter_size=&#8221;2&#8243; column_padding=&#8221;2&#8243; title=&#8221;Kraftwerk Selnau&#8221; tab_id=&#8221;1685448936215-2-9&#8243;][vc_column_text uncode_shortcode_id=&#8221;801743&#8243;]Das Kraftwerk Selnau geh\u00f6rt zur Impact Hub Familie und betreibt im ehemaligen Elektrizit\u00e4tswerk direkt an der Sihl einen vielseitigen Erlebnisbetrieb. Hier passiert so einiges:<\/p>\n<ul>\n<li>Restaurant- und Barbetrieb\n<ul>\n<li>Das Restaurant Kraftwerk bietet eine breite und kreative Karte mit veganen und vegetarischen Speisen. Auch f\u00fcr Ap\u00e9ro und Eventgastronomie ist hier gesorgt. An der markanten Bar im Herzen des Innenraums bekommst du hochwertige Cocktails und es finden regelm\u00e4ssig After Work Aperos mit DJ-Begleitung statt.<\/li>\n<\/ul>\n<\/li>\n<li>Infrastruktur zum Arbeiten und Vernetzen\n<ul>\n<li>Wie im Colab am jetzigen Standort am Sihlquai 131 verf\u00fcgt auch das Kraftwerk Selnau \u00fcber Arbeitsinfrastrukturen der besonderen Art. Die Arbeits- und Sitzungsr\u00e4ume befinden sich in Schiffscontainern \u2013 mitten im Raum, aber dennoch ruhig und gesch\u00fctzt.<\/li>\n<\/ul>\n<\/li>\n<li>Private Events und Firmenanl\u00e4sse\n<ul>\n<li>Die Event Spaces hosten Events verschiedener Gr\u00f6ssen und Ausrichtungen. Ob Jubil\u00e4um einer grossen Versicherungsfirma, ein Weihnachtsessen einer Z\u00fcrcher Schreinerei, ein privates Geburtstagsfest mit Karaoke im Keller \u2013 das Kraftwerk Team verw\u00f6hnt unsere G\u00e4ste kulinarisch und mit Leidenschaft.<\/li>\n<\/ul>\n<\/li>\n<li>Politische Veranstaltungen und Podiumsdiskussionen\n<ul>\n<li>Das Kraftwerk bietet den idealen Raum f\u00fcr politische Streitgespr\u00e4che, TED Talks oder Podiumsdiskussionen.<\/li>\n<\/ul>\n<\/li>\n<li>Kommerzielle und nicht-kommerzielle Partys und Konzerte\n<ul>\n<li>Verschiedene Partyreihen von Grossveranstaltern, aber auch kleine Konzerte und Auftritte von DJs, die sich erst noch einen Namen machen m\u00f6chten \u2013 bei uns findest du ein breites Angebot an Musik- und Partyveranstaltungen. Zudem kannst du in unserem Karaoke-Keller auch selbst im Rampenlicht stehen.<\/li>\n<\/ul>\n<\/li>\n<li>Kunstausstellungen\n<ul>\n<li>Im Kraftwerk finden regelm\u00e4ssig Ausstellungen statt. Hier ist es uns wichtig, dass sowohl bekannte K\u00fcnstlerinnen, sowie auch noch unbekannte Kunstschaffende eine B\u00fchne finden, ihre Werke mit anderen Menschen zu teilen.<\/li>\n<\/ul>\n<\/li>\n<li>Aktivit\u00e4ten\n<ul>\n<li>Von Breath Work und Soundhealing Sessions \u00fcber Ecstatic Dances zu Yoga Events und Tribal Nights \u2013 das Kraftwerk Selnau bietet Platz f\u00fcr eine breite Palette an Aktivit\u00e4ten und Events.<\/li>\n<\/ul>\n<p>Komm vorbei oder besuche uns online: <a href=\"https:\/\/www.kraftwerk.coffee\/\">https:\/\/www.kraftwerk.coffee\/<\/a><\/li>\n<\/ul>\n<p>[\/vc_column_text][\/vc_accordion_tab][\/vc_accordion][\/vc_column][\/vc_row]<\/p>\n<\/div>","protected":false},"excerpt":{"rendered":"<p>[vc_row row_height_percent=&#8221;40&#8243; override_padding=&#8221;yes&#8221; h_padding=&#8221;2&#8243; top_padding=&#8221;5&#8243; bottom_padding=&#8221;5&#8243; back_color=&#8221;color-lxmt&#8221; back_image=&#8221;118790&#8243; parallax=&#8221;yes&#8221; overlay_color=&#8221;color-jevc&#8221; overlay_alpha=&#8221;20&#8243; equal_height=&#8221;yes&#8221; gutter_size=&#8221;3&#8243; column_width_percent=&#8221;100&#8243; shift_y=&#8221;0&#8243; z_index=&#8221;0&#8243; top_divider=&#8221;gradient&#8221; bottom_divider=&#8221;gradient&#8221; uncode_shortcode_id=&#8221;538840&#8243; back_color_type=&#8221;uncode-palette&#8221; [&hellip;]<\/p>\n","protected":false},"author":1,"featured_media":119419,"parent":0,"menu_order":0,"comment_status":"closed","ping_status":"closed","template":"","meta":{"footnotes":""},"class_list":["post-118773","page","type-page","status-publish","has-post-thumbnail","hentry"],"yoast_head":"<!-- This site is optimized with the Yoast SEO Premium plugin v25.8 (Yoast SEO v25.8) - https:\/\/yoast.com\/wordpress\/plugins\/seo\/ -->\n<title>About Us - Limmathaus<\/title>\n<meta name=\"robots\" content=\"index, follow, max-snippet:-1, max-image-preview:large, max-video-preview:-1\" \/>\n<link rel=\"canonical\" href=\"https:\/\/limmathaus.com\/de\/ueber-uns\/\" \/>\n<meta property=\"og:locale\" content=\"en_US\" \/>\n<meta property=\"og:type\" content=\"article\" \/>\n<meta property=\"og:title\" content=\"About Us\" \/>\n<meta property=\"og:description\" content=\"[vc_row row_height_percent=&#8221;40&#8243; override_padding=&#8221;yes&#8221; h_padding=&#8221;2&#8243; top_padding=&#8221;5&#8243; bottom_padding=&#8221;5&#8243; back_color=&#8221;color-lxmt&#8221; back_image=&#8221;118790&#8243; parallax=&#8221;yes&#8221; overlay_color=&#8221;color-jevc&#8221; overlay_alpha=&#8221;20&#8243; equal_height=&#8221;yes&#8221; gutter_size=&#8221;3&#8243; column_width_percent=&#8221;100&#8243; shift_y=&#8221;0&#8243; z_index=&#8221;0&#8243; top_divider=&#8221;gradient&#8221; bottom_divider=&#8221;gradient&#8221; uncode_shortcode_id=&#8221;538840&#8243; back_color_type=&#8221;uncode-palette&#8221; [&hellip;]\" \/>\n<meta property=\"og:url\" content=\"https:\/\/limmathaus.com\/de\/ueber-uns\/\" \/>\n<meta property=\"og:site_name\" content=\"Limmathaus\" \/>\n<meta property=\"article:modified_time\" content=\"2023-06-01T10:26:24+00:00\" \/>\n<meta property=\"og:image\" content=\"https:\/\/limmathaus.com\/wp-content\/uploads\/Limmathaus-Ueber-Uns.jpg\" \/>\n\t<meta property=\"og:image:width\" content=\"2200\" \/>\n\t<meta property=\"og:image:height\" content=\"1067\" \/>\n\t<meta property=\"og:image:type\" content=\"image\/jpeg\" \/>\n<meta name=\"twitter:card\" content=\"summary_large_image\" \/>\n<meta name=\"twitter:label1\" content=\"Est. reading time\" \/>\n\t<meta name=\"twitter:data1\" content=\"5 minutes\" \/>\n<script type=\"application\/ld+json\" class=\"yoast-schema-graph\">{\"@context\":\"https:\/\/schema.org\",\"@graph\":[{\"@type\":\"WebPage\",\"@id\":\"https:\/\/limmathaus.com\/de\/ueber-uns\/\",\"url\":\"https:\/\/limmathaus.com\/de\/ueber-uns\/\",\"name\":\"About Us - Limmathaus\",\"isPartOf\":{\"@id\":\"https:\/\/limmathaus.com\/de\/#website\"},\"primaryImageOfPage\":{\"@id\":\"https:\/\/limmathaus.com\/de\/ueber-uns\/#primaryimage\"},\"image\":{\"@id\":\"https:\/\/limmathaus.com\/de\/ueber-uns\/#primaryimage\"},\"thumbnailUrl\":\"https:\/\/limmathaus.com\/wp-content\/uploads\/Limmathaus-Ueber-Uns.jpg\",\"datePublished\":\"2023-04-13T06:03:46+00:00\",\"dateModified\":\"2023-06-01T10:26:24+00:00\",\"breadcrumb\":{\"@id\":\"https:\/\/limmathaus.com\/de\/ueber-uns\/#breadcrumb\"},\"inLanguage\":\"en-US\",\"potentialAction\":[{\"@type\":\"ReadAction\",\"target\":[\"https:\/\/limmathaus.com\/de\/ueber-uns\/\"]}]},{\"@type\":\"ImageObject\",\"inLanguage\":\"en-US\",\"@id\":\"https:\/\/limmathaus.com\/de\/ueber-uns\/#primaryimage\",\"url\":\"https:\/\/limmathaus.com\/wp-content\/uploads\/Limmathaus-Ueber-Uns.jpg\",\"contentUrl\":\"https:\/\/limmathaus.com\/wp-content\/uploads\/Limmathaus-Ueber-Uns.jpg\",\"width\":2200,\"height\":1067,\"caption\":\"Headebild Limmathaus\"},{\"@type\":\"BreadcrumbList\",\"@id\":\"https:\/\/limmathaus.com\/de\/ueber-uns\/#breadcrumb\",\"itemListElement\":[{\"@type\":\"ListItem\",\"position\":1,\"name\":\"Startseite\",\"item\":\"https:\/\/limmathaus.com\/de\/\"},{\"@type\":\"ListItem\",\"position\":2,\"name\":\"About Us\"}]},{\"@type\":\"WebSite\",\"@id\":\"https:\/\/limmathaus.com\/de\/#website\",\"url\":\"https:\/\/limmathaus.com\/de\/\",\"name\":\"Limmathaus\",\"description\":\"Der Begegnungsort f\u00fcrs Quartier\",\"publisher\":{\"@id\":\"https:\/\/limmathaus.com\/de\/#organization\"},\"potentialAction\":[{\"@type\":\"SearchAction\",\"target\":{\"@type\":\"EntryPoint\",\"urlTemplate\":\"https:\/\/limmathaus.com\/de\/?s={search_term_string}\"},\"query-input\":{\"@type\":\"PropertyValueSpecification\",\"valueRequired\":true,\"valueName\":\"search_term_string\"}}],\"inLanguage\":\"en-US\"},{\"@type\":\"Organization\",\"@id\":\"https:\/\/limmathaus.com\/de\/#organization\",\"name\":\"Limmathaus\",\"url\":\"https:\/\/limmathaus.com\/de\/\",\"logo\":{\"@type\":\"ImageObject\",\"inLanguage\":\"en-US\",\"@id\":\"https:\/\/limmathaus.com\/de\/#\/schema\/logo\/image\/\",\"url\":\"https:\/\/limmathaus.com\/wp-content\/uploads\/Limmatplatz-10.jpg\",\"contentUrl\":\"https:\/\/limmathaus.com\/wp-content\/uploads\/Limmatplatz-10.jpg\",\"width\":2200,\"height\":1275,\"caption\":\"Limmathaus\"},\"image\":{\"@id\":\"https:\/\/limmathaus.com\/de\/#\/schema\/logo\/image\/\"}}]}<\/script>\n<!-- \/ Yoast SEO Premium plugin. -->","yoast_head_json":{"title":"About Us - Limmathaus","robots":{"index":"index","follow":"follow","max-snippet":"max-snippet:-1","max-image-preview":"max-image-preview:large","max-video-preview":"max-video-preview:-1"},"canonical":"https:\/\/limmathaus.com\/de\/ueber-uns\/","og_locale":"en_US","og_type":"article","og_title":"About Us","og_description":"[vc_row row_height_percent=&#8221;40&#8243; override_padding=&#8221;yes&#8221; h_padding=&#8221;2&#8243; top_padding=&#8221;5&#8243; bottom_padding=&#8221;5&#8243; back_color=&#8221;color-lxmt&#8221; back_image=&#8221;118790&#8243; parallax=&#8221;yes&#8221; overlay_color=&#8221;color-jevc&#8221; overlay_alpha=&#8221;20&#8243; equal_height=&#8221;yes&#8221; gutter_size=&#8221;3&#8243; column_width_percent=&#8221;100&#8243; shift_y=&#8221;0&#8243; z_index=&#8221;0&#8243; top_divider=&#8221;gradient&#8221; bottom_divider=&#8221;gradient&#8221; uncode_shortcode_id=&#8221;538840&#8243; back_color_type=&#8221;uncode-palette&#8221; [&hellip;]","og_url":"https:\/\/limmathaus.com\/de\/ueber-uns\/","og_site_name":"Limmathaus","article_modified_time":"2023-06-01T10:26:24+00:00","og_image":[{"width":2200,"height":1067,"url":"https:\/\/limmathaus.com\/wp-content\/uploads\/Limmathaus-Ueber-Uns.jpg","type":"image\/jpeg"}],"twitter_card":"summary_large_image","twitter_misc":{"Est. reading time":"5 minutes"},"schema":{"@context":"https:\/\/schema.org","@graph":[{"@type":"WebPage","@id":"https:\/\/limmathaus.com\/de\/ueber-uns\/","url":"https:\/\/limmathaus.com\/de\/ueber-uns\/","name":"About Us - Limmathaus","isPartOf":{"@id":"https:\/\/limmathaus.com\/de\/#website"},"primaryImageOfPage":{"@id":"https:\/\/limmathaus.com\/de\/ueber-uns\/#primaryimage"},"image":{"@id":"https:\/\/limmathaus.com\/de\/ueber-uns\/#primaryimage"},"thumbnailUrl":"https:\/\/limmathaus.com\/wp-content\/uploads\/Limmathaus-Ueber-Uns.jpg","datePublished":"2023-04-13T06:03:46+00:00","dateModified":"2023-06-01T10:26:24+00:00","breadcrumb":{"@id":"https:\/\/limmathaus.com\/de\/ueber-uns\/#breadcrumb"},"inLanguage":"en-US","potentialAction":[{"@type":"ReadAction","target":["https:\/\/limmathaus.com\/de\/ueber-uns\/"]}]},{"@type":"ImageObject","inLanguage":"en-US","@id":"https:\/\/limmathaus.com\/de\/ueber-uns\/#primaryimage","url":"https:\/\/limmathaus.com\/wp-content\/uploads\/Limmathaus-Ueber-Uns.jpg","contentUrl":"https:\/\/limmathaus.com\/wp-content\/uploads\/Limmathaus-Ueber-Uns.jpg","width":2200,"height":1067,"caption":"Headebild Limmathaus"},{"@type":"BreadcrumbList","@id":"https:\/\/limmathaus.com\/de\/ueber-uns\/#breadcrumb","itemListElement":[{"@type":"ListItem","position":1,"name":"Startseite","item":"https:\/\/limmathaus.com\/de\/"},{"@type":"ListItem","position":2,"name":"About Us"}]},{"@type":"WebSite","@id":"https:\/\/limmathaus.com\/de\/#website","url":"https:\/\/limmathaus.com\/de\/","name":"Limmathaus","description":"Der Begegnungsort f\u00fcrs Quartier","publisher":{"@id":"https:\/\/limmathaus.com\/de\/#organization"},"potentialAction":[{"@type":"SearchAction","target":{"@type":"EntryPoint","urlTemplate":"https:\/\/limmathaus.com\/de\/?s={search_term_string}"},"query-input":{"@type":"PropertyValueSpecification","valueRequired":true,"valueName":"search_term_string"}}],"inLanguage":"en-US"},{"@type":"Organization","@id":"https:\/\/limmathaus.com\/de\/#organization","name":"Limmathaus","url":"https:\/\/limmathaus.com\/de\/","logo":{"@type":"ImageObject","inLanguage":"en-US","@id":"https:\/\/limmathaus.com\/de\/#\/schema\/logo\/image\/","url":"https:\/\/limmathaus.com\/wp-content\/uploads\/Limmatplatz-10.jpg","contentUrl":"https:\/\/limmathaus.com\/wp-content\/uploads\/Limmatplatz-10.jpg","width":2200,"height":1275,"caption":"Limmathaus"},"image":{"@id":"https:\/\/limmathaus.com\/de\/#\/schema\/logo\/image\/"}}]}},"_links":{"self":[{"href":"https:\/\/limmathaus.com\/en\/wp-json\/wp\/v2\/pages\/118773","targetHints":{"allow":["GET"]}}],"collection":[{"href":"https:\/\/limmathaus.com\/en\/wp-json\/wp\/v2\/pages"}],"about":[{"href":"https:\/\/limmathaus.com\/en\/wp-json\/wp\/v2\/types\/page"}],"author":[{"embeddable":true,"href":"https:\/\/limmathaus.com\/en\/wp-json\/wp\/v2\/users\/1"}],"replies":[{"embeddable":true,"href":"https:\/\/limmathaus.com\/en\/wp-json\/wp\/v2\/comments?post=118773"}],"version-history":[{"count":4,"href":"https:\/\/limmathaus.com\/en\/wp-json\/wp\/v2\/pages\/118773\/revisions"}],"predecessor-version":[{"id":118800,"href":"https:\/\/limmathaus.com\/en\/wp-json\/wp\/v2\/pages\/118773\/revisions\/118800"}],"wp:featuredmedia":[{"embeddable":true,"href":"https:\/\/limmathaus.com\/en\/wp-json\/wp\/v2\/media\/119419"}],"wp:attachment":[{"href":"https:\/\/limmathaus.com\/en\/wp-json\/wp\/v2\/media?parent=118773"}],"curies":[{"name":"wp","href":"https:\/\/api.w.org\/{rel}","templated":true}]}}