{"id":118558,"date":"2023-04-13T07:10:24","date_gmt":"2023-04-13T05:10:24","guid":{"rendered":"http:\/\/new.limmathaus.com\/wordpress\/angebot\/"},"modified":"2023-06-01T12:23:32","modified_gmt":"2023-06-01T10:23:32","slug":"limmathaus","status":"publish","type":"page","link":"https:\/\/limmathaus.com\/en\/limmathaus\/","title":{"rendered":"Limmathaus"},"content":{"rendered":"<div class=\"wpb-content-wrapper\"><p>[vc_row row_height_percent=&#8221;40&#8243; override_padding=&#8221;yes&#8221; h_padding=&#8221;2&#8243; top_padding=&#8221;5&#8243; bottom_padding=&#8221;5&#8243; back_color=&#8221;color-lxmt&#8221; back_image=&#8221;118790&#8243; parallax=&#8221;yes&#8221; overlay_color=&#8221;color-jevc&#8221; overlay_alpha=&#8221;20&#8243; equal_height=&#8221;yes&#8221; gutter_size=&#8221;3&#8243; column_width_percent=&#8221;100&#8243; shift_y=&#8221;0&#8243; z_index=&#8221;0&#8243; top_divider=&#8221;gradient&#8221; bottom_divider=&#8221;gradient&#8221; uncode_shortcode_id=&#8221;373221&#8243; back_color_type=&#8221;uncode-palette&#8221; overlay_color_type=&#8221;uncode-palette&#8221; shape_dividers=&#8221;&#8221;][vc_column column_width_percent=&#8221;100&#8243; position_vertical=&#8221;bottom&#8221; gutter_size=&#8221;3&#8243; style=&#8221;dark&#8221; overlay_alpha=&#8221;50&#8243; shift_x=&#8221;0&#8243; shift_y=&#8221;0&#8243; shift_y_down=&#8221;0&#8243; z_index=&#8221;0&#8243; medium_width=&#8221;0&#8243; mobile_width=&#8221;0&#8243; width=&#8221;1\/1&#8243;][vc_row_inner row_inner_height_percent=&#8221;0&#8243; overlay_alpha=&#8221;50&#8243; gutter_size=&#8221;3&#8243; shift_y=&#8221;0&#8243;][vc_column_inner column_width_percent=&#8221;100&#8243; gutter_size=&#8221;3&#8243; style=&#8221;dark&#8221; overlay_alpha=&#8221;50&#8243; shift_x=&#8221;0&#8243; shift_y=&#8221;0&#8243; shift_y_down=&#8221;0&#8243; z_index=&#8221;0&#8243; medium_width=&#8221;0&#8243; mobile_width=&#8221;0&#8243; css_animation=&#8221;alpha-anim&#8221; animation_delay=&#8221;200&#8243; width=&#8221;9\/12&#8243;][vc_custom_heading heading_semantic=&#8221;h1&#8243; text_size=&#8221;h1&#8243; uncode_shortcode_id=&#8221;853118&#8243;]Ein Ort der Begegnungen[\/vc_custom_heading][\/vc_column_inner][vc_column_inner width=&#8221;3\/12&#8243;][\/vc_column_inner][\/vc_row_inner][\/vc_column][\/vc_row][vc_row row_height_percent=&#8221;0&#8243; override_padding=&#8221;yes&#8221; h_padding=&#8221;2&#8243; top_padding=&#8221;4&#8243; bottom_padding=&#8221;2&#8243; overlay_alpha=&#8221;50&#8243; equal_height=&#8221;yes&#8221; gutter_size=&#8221;3&#8243; column_width_percent=&#8221;100&#8243; shift_y=&#8221;0&#8243; z_index=&#8221;0&#8243; el_class=&#8221;inverted-device-order&#8221; uncode_shortcode_id=&#8221;162088&#8243;][vc_column column_width_percent=&#8221;100&#8243; position_vertical=&#8221;middle&#8221; gutter_size=&#8221;3&#8243; back_color=&#8221;color-xsdn&#8221; overlay_alpha=&#8221;50&#8243; border_color=&#8221;color-jevc&#8221; border_style=&#8221;solid&#8221; shift_x=&#8221;0&#8243; shift_y=&#8221;0&#8243; shift_y_down=&#8221;0&#8243; z_index=&#8221;0&#8243; medium_width=&#8221;0&#8243; mobile_width=&#8221;0&#8243; radius=&#8221;sm&#8221; shadow=&#8221;xs&#8221; width=&#8221;1\/3&#8243; uncode_shortcode_id=&#8221;959732&#8243; back_color_type=&#8221;uncode-palette&#8221; border_color_type=&#8221;uncode-palette&#8221; link_to=&#8221;url:https%3A%2F%2Flimmathaus.commusik-party%2F|title:Musik%20%26%20Party&#8221;][vc_single_image media=&#8221;118649&#8243; media_width_percent=&#8221;100&#8243; uncode_shortcode_id=&#8221;141358&#8243;][vc_custom_heading heading_semantic=&#8221;h3&#8243; text_size=&#8221;h3&#8243; separator=&#8221;yes&#8221; subheading=&#8221;Im Limmathaus finden Musikveranstaltungen aller Art statt: B\u00fchne frei f\u00fcr Konzerte, Partys und Raves. Von Grossveranstaltungen \u00fcber intime Ap\u00e9ros mit lokalen DJs, im Limmathaus setzen wir auf Vielfalt. Lorem Ipsum dollar sit amet&#8221; uncode_shortcode_id=&#8221;180506&#8243;]Musik und Party[\/vc_custom_heading][vc_button size=&#8221;btn-link&#8221; icon_position=&#8221;right&#8221; icon=&#8221;fa fa-arrow-right2&#8243; link=&#8221;url:https%3A%2F%2Flimmathaus.commusik-party%2F|title:Innovation&#8221; uncode_shortcode_id=&#8221;104876&#8243;]Erfahre Mehr[\/vc_button][\/vc_column][vc_column column_width_percent=&#8221;100&#8243; gutter_size=&#8221;3&#8243; override_padding=&#8221;yes&#8221; column_padding=&#8221;3&#8243; back_color=&#8221;color-xsdn&#8221; overlay_alpha=&#8221;50&#8243; shift_x=&#8221;0&#8243; shift_y=&#8221;0&#8243; shift_y_down=&#8221;0&#8243; z_index=&#8221;0&#8243; medium_width=&#8221;0&#8243; mobile_width=&#8221;0&#8243; radius=&#8221;sm&#8221; shadow=&#8221;xs&#8221; width=&#8221;1\/3&#8243; uncode_shortcode_id=&#8221;180296&#8243; back_color_type=&#8221;uncode-palette&#8221; link_to=&#8221;url:https%3A%2F%2Flimmathaus.comkunst-politik%2F|title:Kunst%20%26%20Politik&#8221;][vc_single_image media=&#8221;118645&#8243; media_width_percent=&#8221;100&#8243; uncode_shortcode_id=&#8221;704887&#8243;][vc_custom_heading heading_semantic=&#8221;h3&#8243; text_size=&#8221;h3&#8243; separator=&#8221;yes&#8221; subheading=&#8221;Kunstausstellungen von bekannten oder noch unbekannten Kunstschaffenden sowie politischer Austausch haben Platz im Limmathaus. Wir freuen uns auf spannende Podiumsdiskussionen und vielf\u00e4ltige Kunst aus verschiedenen Bereichen.&#8221; uncode_shortcode_id=&#8221;293689&#8243;]Kunst und Politik[\/vc_custom_heading][vc_button size=&#8221;btn-link&#8221; icon_position=&#8221;right&#8221; icon=&#8221;fa fa-arrow-right2&#8243; link=&#8221;url:https%3A%2F%2Flimmathaus.comkunst-politik%2F|title:Zusammenarbeit&#8221; uncode_shortcode_id=&#8221;160036&#8243;]Erfahre Mehr[\/vc_button][\/vc_column][vc_column column_width_percent=&#8221;100&#8243; gutter_size=&#8221;3&#8243; override_padding=&#8221;yes&#8221; column_padding=&#8221;3&#8243; back_color=&#8221;color-xsdn&#8221; overlay_alpha=&#8221;50&#8243; shift_x=&#8221;0&#8243; shift_y=&#8221;0&#8243; shift_y_down=&#8221;0&#8243; z_index=&#8221;0&#8243; medium_width=&#8221;0&#8243; mobile_width=&#8221;0&#8243; radius=&#8221;sm&#8221; shadow=&#8221;xs&#8221; width=&#8221;1\/3&#8243; uncode_shortcode_id=&#8221;173209&#8243; back_color_type=&#8221;uncode-palette&#8221; link_to=&#8221;url:https%3A%2F%2Flimmathaus.comkultur-und-begegnung%2F|title:Kultur%20und%20Begegnung&#8221;][vc_single_image media=&#8221;118641&#8243; media_width_percent=&#8221;100&#8243; uncode_shortcode_id=&#8221;959145&#8243;][vc_custom_heading heading_semantic=&#8221;h3&#8243; text_size=&#8221;h3&#8243; separator=&#8221;yes&#8221; subheading=&#8221;Wir w\u00fcnschen uns einen Ort f\u00fcr freie Begegnungen, sei es einfach so oder im Rahmen einer Aktivit\u00e4t oder Veranstaltung. Yoga, Sound Bath Sessions, Cacao Ceremonies oder Ecstatic Dances bieten Raum f\u00fcr Austausch und Verbindung.&#8221; uncode_shortcode_id=&#8221;116847&#8243;]Kultur und Begegnung[\/vc_custom_heading][vc_button size=&#8221;btn-link&#8221; icon_position=&#8221;right&#8221; icon=&#8221;fa fa-arrow-right2&#8243; link=&#8221;url:https%3A%2F%2Flimmathaus.comkultur-und-begegnung%2F&#8221; uncode_shortcode_id=&#8221;242028&#8243;]Erfahre Mehr[\/vc_button][\/vc_column][\/vc_row][vc_row row_height_percent=&#8221;0&#8243; override_padding=&#8221;yes&#8221; h_padding=&#8221;2&#8243; top_padding=&#8221;1&#8243; bottom_padding=&#8221;5&#8243; overlay_alpha=&#8221;50&#8243; equal_height=&#8221;yes&#8221; gutter_size=&#8221;3&#8243; column_width_percent=&#8221;100&#8243; shift_y=&#8221;0&#8243; z_index=&#8221;0&#8243; el_class=&#8221;inverted-device-order&#8221; uncode_shortcode_id=&#8221;794820&#8243;][vc_column column_width_percent=&#8221;100&#8243; position_vertical=&#8221;middle&#8221; gutter_size=&#8221;3&#8243; override_padding=&#8221;yes&#8221; column_padding=&#8221;3&#8243; back_color=&#8221;color-xsdn&#8221; overlay_alpha=&#8221;50&#8243; shift_x=&#8221;0&#8243; shift_y=&#8221;0&#8243; shift_y_down=&#8221;0&#8243; z_index=&#8221;0&#8243; medium_width=&#8221;0&#8243; mobile_width=&#8221;0&#8243; radius=&#8221;sm&#8221; shadow=&#8221;xs&#8221; width=&#8221;1\/3&#8243; uncode_shortcode_id=&#8221;461874&#8243; back_color_type=&#8221;uncode-palette&#8221; link_to=&#8221;url:https%3A%2F%2Flimmathaus.comgastronomie%2F|title:Gastronomie&#8221;][vc_single_image media=&#8221;118635&#8243; media_width_percent=&#8221;100&#8243; uncode_shortcode_id=&#8221;507683&#8243;][vc_custom_heading heading_semantic=&#8221;h3&#8243; text_size=&#8221;h3&#8243; separator=&#8221;yes&#8221; subheading=&#8221;Ein grossfl\u00e4chiger Gastronomiebereich mit Innen- und Aussenbereichen bietet Platz f\u00fcr Restaurantbetrieb, Caff\u00e8 und Bar. Dich erwartet ein breites und kreatives Angebot an veganen und vegetarischen Speisen. Ob du mit Kind und Kegel oder auf einen gem\u00fctlichen Apero..&#8221; uncode_shortcode_id=&#8221;109606&#8243;]Gastronomie[\/vc_custom_heading][vc_button size=&#8221;btn-link&#8221; icon_position=&#8221;right&#8221; icon=&#8221;fa fa-arrow-right2&#8243; link=&#8221;url:https%3A%2F%2Flimmathaus.com%2Finnovation%2F|title:Innovation&#8221; uncode_shortcode_id=&#8221;106105&#8243;]Erfahre Mehr[\/vc_button][\/vc_column][vc_column column_width_percent=&#8221;100&#8243; gutter_size=&#8221;3&#8243; override_padding=&#8221;yes&#8221; column_padding=&#8221;3&#8243; back_color=&#8221;color-xsdn&#8221; overlay_alpha=&#8221;50&#8243; shift_x=&#8221;0&#8243; shift_y=&#8221;0&#8243; shift_y_down=&#8221;0&#8243; z_index=&#8221;0&#8243; medium_width=&#8221;0&#8243; mobile_width=&#8221;0&#8243; radius=&#8221;sm&#8221; shadow=&#8221;xs&#8221; width=&#8221;1\/3&#8243; uncode_shortcode_id=&#8221;156518&#8243; back_color_type=&#8221;uncode-palette&#8221; link_to=&#8221;url:https%3A%2F%2Flimmathaus.cominnovation%2F|title:Innovation&#8221;][vc_single_image media=&#8221;118624&#8243; media_width_percent=&#8221;100&#8243; uncode_shortcode_id=&#8221;906540&#8243;][vc_custom_heading heading_semantic=&#8221;h3&#8243; text_size=&#8221;h3&#8243; separator=&#8221;yes&#8221; subheading=&#8221;Der Hoteltrakt wird nach dem Umbau zum Arbeiten und Vernetzen genutzt. Arbeitspl\u00e4tze und Sitzungsr\u00e4ume f\u00fcr dich und dein Team stehen dir zur Verf\u00fcgung. Das Tolle ist, dass du hier viele spannende Menschen mit tollen Ideen kennenlernen kannst.&#8221; uncode_shortcode_id=&#8221;217673&#8243;]Innovation[\/vc_custom_heading][vc_button size=&#8221;btn-link&#8221; icon_position=&#8221;right&#8221; icon=&#8221;fa fa-arrow-right2&#8243; link=&#8221;url:https%3A%2F%2Flimmathaus.cominnovation%2F&#8221; uncode_shortcode_id=&#8221;133635&#8243;]Erfahre Mehr[\/vc_button][\/vc_column][vc_column column_width_percent=&#8221;100&#8243; gutter_size=&#8221;3&#8243; override_padding=&#8221;yes&#8221; column_padding=&#8221;3&#8243; back_color=&#8221;color-xsdn&#8221; overlay_alpha=&#8221;50&#8243; shift_x=&#8221;0&#8243; shift_y=&#8221;0&#8243; shift_y_down=&#8221;0&#8243; z_index=&#8221;0&#8243; medium_width=&#8221;0&#8243; mobile_width=&#8221;0&#8243; radius=&#8221;sm&#8221; shadow=&#8221;xs&#8221; width=&#8221;1\/3&#8243; uncode_shortcode_id=&#8221;148963&#8243; back_color_type=&#8221;uncode-palette&#8221; link_to=&#8221;url:https%3A%2F%2Flimmathaus.comzusammenarbeit%2F|title:Zusammenarbeit&#8221;][vc_single_image media=&#8221;118619&#8243; media_width_percent=&#8221;100&#8243; uncode_shortcode_id=&#8221;153477&#8243;][vc_custom_heading heading_semantic=&#8221;h3&#8243; text_size=&#8221;h3&#8243; separator=&#8221;yes&#8221; subheading=&#8221;Der Hoteltrakt wird nach dem Umbau zum Arbeiten und Vernetzen genutzt. Arbeitspl\u00e4tze und Sitzungsr\u00e4ume f\u00fcr dich und dein Team stehen dir zur Verf\u00fcgung. Das Tolle ist, dass du hier viele spannende Menschen mit tollen Ideen kennenlernen kannst.&#8221; uncode_shortcode_id=&#8221;562292&#8243;]Zusammenarbeit[\/vc_custom_heading][vc_button size=&#8221;btn-link&#8221; icon_position=&#8221;right&#8221; icon=&#8221;fa fa-arrow-right2&#8243; link=&#8221;url:https%3A%2F%2Flimmathaus.comzusammenarbeit%2F|title:Soziokultur&#8221; uncode_shortcode_id=&#8221;409568&#8243;]Erfahre Mehr[\/vc_button][\/vc_column][\/vc_row]<\/p>\n<\/div>","protected":false},"excerpt":{"rendered":"<p>[vc_row row_height_percent=&#8221;40&#8243; override_padding=&#8221;yes&#8221; h_padding=&#8221;2&#8243; top_padding=&#8221;5&#8243; bottom_padding=&#8221;5&#8243; back_color=&#8221;color-lxmt&#8221; back_image=&#8221;118790&#8243; parallax=&#8221;yes&#8221; overlay_color=&#8221;color-jevc&#8221; overlay_alpha=&#8221;20&#8243; equal_height=&#8221;yes&#8221; gutter_size=&#8221;3&#8243; column_width_percent=&#8221;100&#8243; shift_y=&#8221;0&#8243; z_index=&#8221;0&#8243; top_divider=&#8221;gradient&#8221; bottom_divider=&#8221;gradient&#8221; uncode_shortcode_id=&#8221;373221&#8243; back_color_type=&#8221;uncode-palette&#8221; [&hellip;]<\/p>\n","protected":false},"author":1,"featured_media":119419,"parent":0,"menu_order":0,"comment_status":"closed","ping_status":"closed","template":"","meta":{"footnotes":""},"class_list":["post-118558","page","type-page","status-publish","has-post-thumbnail","hentry"],"yoast_head":"<!-- This site is optimized with the Yoast SEO Premium plugin v25.8 (Yoast SEO v25.8) - https:\/\/yoast.com\/wordpress\/plugins\/seo\/ -->\n<title>Limmathaus - Limmathaus<\/title>\n<meta name=\"robots\" content=\"index, follow, max-snippet:-1, max-image-preview:large, max-video-preview:-1\" \/>\n<link rel=\"canonical\" href=\"https:\/\/limmathaus.com\/de\/limmathaus\/\" \/>\n<meta property=\"og:locale\" content=\"en_US\" \/>\n<meta property=\"og:type\" content=\"article\" \/>\n<meta property=\"og:title\" content=\"Limmathaus\" \/>\n<meta property=\"og:description\" content=\"[vc_row row_height_percent=&#8221;40&#8243; override_padding=&#8221;yes&#8221; h_padding=&#8221;2&#8243; top_padding=&#8221;5&#8243; bottom_padding=&#8221;5&#8243; back_color=&#8221;color-lxmt&#8221; back_image=&#8221;118790&#8243; parallax=&#8221;yes&#8221; overlay_color=&#8221;color-jevc&#8221; overlay_alpha=&#8221;20&#8243; equal_height=&#8221;yes&#8221; gutter_size=&#8221;3&#8243; column_width_percent=&#8221;100&#8243; shift_y=&#8221;0&#8243; z_index=&#8221;0&#8243; top_divider=&#8221;gradient&#8221; bottom_divider=&#8221;gradient&#8221; uncode_shortcode_id=&#8221;373221&#8243; back_color_type=&#8221;uncode-palette&#8221; [&hellip;]\" \/>\n<meta property=\"og:url\" content=\"https:\/\/limmathaus.com\/de\/limmathaus\/\" \/>\n<meta property=\"og:site_name\" content=\"Limmathaus\" \/>\n<meta property=\"article:modified_time\" content=\"2023-06-01T10:23:32+00:00\" \/>\n<meta name=\"twitter:card\" content=\"summary_large_image\" \/>\n<meta name=\"twitter:label1\" content=\"Est. reading time\" \/>\n\t<meta name=\"twitter:data1\" content=\"6 minutes\" \/>\n<script type=\"application\/ld+json\" class=\"yoast-schema-graph\">{\"@context\":\"https:\/\/schema.org\",\"@graph\":[{\"@type\":\"WebPage\",\"@id\":\"https:\/\/limmathaus.com\/de\/limmathaus\/\",\"url\":\"https:\/\/limmathaus.com\/de\/limmathaus\/\",\"name\":\"Limmathaus - Limmathaus\",\"isPartOf\":{\"@id\":\"https:\/\/limmathaus.com\/de\/#website\"},\"primaryImageOfPage\":{\"@id\":\"https:\/\/limmathaus.com\/de\/limmathaus\/#primaryimage\"},\"image\":{\"@id\":\"https:\/\/limmathaus.com\/de\/limmathaus\/#primaryimage\"},\"thumbnailUrl\":\"https:\/\/limmathaus.com\/wp-content\/uploads\/Limmathaus-Ueber-Uns.jpg\",\"datePublished\":\"2023-04-13T05:10:24+00:00\",\"dateModified\":\"2023-06-01T10:23:32+00:00\",\"breadcrumb\":{\"@id\":\"https:\/\/limmathaus.com\/de\/limmathaus\/#breadcrumb\"},\"inLanguage\":\"en-US\",\"potentialAction\":[{\"@type\":\"ReadAction\",\"target\":[\"https:\/\/limmathaus.com\/de\/limmathaus\/\"]}]},{\"@type\":\"ImageObject\",\"inLanguage\":\"en-US\",\"@id\":\"https:\/\/limmathaus.com\/de\/limmathaus\/#primaryimage\",\"url\":\"https:\/\/limmathaus.com\/wp-content\/uploads\/Limmathaus-Ueber-Uns.jpg\",\"contentUrl\":\"https:\/\/limmathaus.com\/wp-content\/uploads\/Limmathaus-Ueber-Uns.jpg\",\"width\":2200,\"height\":1067,\"caption\":\"Headebild Limmathaus\"},{\"@type\":\"BreadcrumbList\",\"@id\":\"https:\/\/limmathaus.com\/de\/limmathaus\/#breadcrumb\",\"itemListElement\":[{\"@type\":\"ListItem\",\"position\":1,\"name\":\"Startseite\",\"item\":\"https:\/\/limmathaus.com\/de\/\"},{\"@type\":\"ListItem\",\"position\":2,\"name\":\"Limmathaus\"}]},{\"@type\":\"WebSite\",\"@id\":\"https:\/\/limmathaus.com\/de\/#website\",\"url\":\"https:\/\/limmathaus.com\/de\/\",\"name\":\"Limmathaus\",\"description\":\"Der Begegnungsort f\u00fcrs Quartier\",\"publisher\":{\"@id\":\"https:\/\/limmathaus.com\/de\/#organization\"},\"potentialAction\":[{\"@type\":\"SearchAction\",\"target\":{\"@type\":\"EntryPoint\",\"urlTemplate\":\"https:\/\/limmathaus.com\/de\/?s={search_term_string}\"},\"query-input\":{\"@type\":\"PropertyValueSpecification\",\"valueRequired\":true,\"valueName\":\"search_term_string\"}}],\"inLanguage\":\"en-US\"},{\"@type\":\"Organization\",\"@id\":\"https:\/\/limmathaus.com\/de\/#organization\",\"name\":\"Limmathaus\",\"url\":\"https:\/\/limmathaus.com\/de\/\",\"logo\":{\"@type\":\"ImageObject\",\"inLanguage\":\"en-US\",\"@id\":\"https:\/\/limmathaus.com\/de\/#\/schema\/logo\/image\/\",\"url\":\"https:\/\/limmathaus.com\/wp-content\/uploads\/Limmatplatz-10.jpg\",\"contentUrl\":\"https:\/\/limmathaus.com\/wp-content\/uploads\/Limmatplatz-10.jpg\",\"width\":2200,\"height\":1275,\"caption\":\"Limmathaus\"},\"image\":{\"@id\":\"https:\/\/limmathaus.com\/de\/#\/schema\/logo\/image\/\"}}]}<\/script>\n<!-- \/ Yoast SEO Premium plugin. -->","yoast_head_json":{"title":"Limmathaus - Limmathaus","robots":{"index":"index","follow":"follow","max-snippet":"max-snippet:-1","max-image-preview":"max-image-preview:large","max-video-preview":"max-video-preview:-1"},"canonical":"https:\/\/limmathaus.com\/de\/limmathaus\/","og_locale":"en_US","og_type":"article","og_title":"Limmathaus","og_description":"[vc_row row_height_percent=&#8221;40&#8243; override_padding=&#8221;yes&#8221; h_padding=&#8221;2&#8243; top_padding=&#8221;5&#8243; bottom_padding=&#8221;5&#8243; back_color=&#8221;color-lxmt&#8221; back_image=&#8221;118790&#8243; parallax=&#8221;yes&#8221; overlay_color=&#8221;color-jevc&#8221; overlay_alpha=&#8221;20&#8243; equal_height=&#8221;yes&#8221; gutter_size=&#8221;3&#8243; column_width_percent=&#8221;100&#8243; shift_y=&#8221;0&#8243; z_index=&#8221;0&#8243; top_divider=&#8221;gradient&#8221; bottom_divider=&#8221;gradient&#8221; uncode_shortcode_id=&#8221;373221&#8243; back_color_type=&#8221;uncode-palette&#8221; [&hellip;]","og_url":"https:\/\/limmathaus.com\/de\/limmathaus\/","og_site_name":"Limmathaus","article_modified_time":"2023-06-01T10:23:32+00:00","twitter_card":"summary_large_image","twitter_misc":{"Est. reading time":"6 minutes"},"schema":{"@context":"https:\/\/schema.org","@graph":[{"@type":"WebPage","@id":"https:\/\/limmathaus.com\/de\/limmathaus\/","url":"https:\/\/limmathaus.com\/de\/limmathaus\/","name":"Limmathaus - Limmathaus","isPartOf":{"@id":"https:\/\/limmathaus.com\/de\/#website"},"primaryImageOfPage":{"@id":"https:\/\/limmathaus.com\/de\/limmathaus\/#primaryimage"},"image":{"@id":"https:\/\/limmathaus.com\/de\/limmathaus\/#primaryimage"},"thumbnailUrl":"https:\/\/limmathaus.com\/wp-content\/uploads\/Limmathaus-Ueber-Uns.jpg","datePublished":"2023-04-13T05:10:24+00:00","dateModified":"2023-06-01T10:23:32+00:00","breadcrumb":{"@id":"https:\/\/limmathaus.com\/de\/limmathaus\/#breadcrumb"},"inLanguage":"en-US","potentialAction":[{"@type":"ReadAction","target":["https:\/\/limmathaus.com\/de\/limmathaus\/"]}]},{"@type":"ImageObject","inLanguage":"en-US","@id":"https:\/\/limmathaus.com\/de\/limmathaus\/#primaryimage","url":"https:\/\/limmathaus.com\/wp-content\/uploads\/Limmathaus-Ueber-Uns.jpg","contentUrl":"https:\/\/limmathaus.com\/wp-content\/uploads\/Limmathaus-Ueber-Uns.jpg","width":2200,"height":1067,"caption":"Headebild Limmathaus"},{"@type":"BreadcrumbList","@id":"https:\/\/limmathaus.com\/de\/limmathaus\/#breadcrumb","itemListElement":[{"@type":"ListItem","position":1,"name":"Startseite","item":"https:\/\/limmathaus.com\/de\/"},{"@type":"ListItem","position":2,"name":"Limmathaus"}]},{"@type":"WebSite","@id":"https:\/\/limmathaus.com\/de\/#website","url":"https:\/\/limmathaus.com\/de\/","name":"Limmathaus","description":"Der Begegnungsort f\u00fcrs Quartier","publisher":{"@id":"https:\/\/limmathaus.com\/de\/#organization"},"potentialAction":[{"@type":"SearchAction","target":{"@type":"EntryPoint","urlTemplate":"https:\/\/limmathaus.com\/de\/?s={search_term_string}"},"query-input":{"@type":"PropertyValueSpecification","valueRequired":true,"valueName":"search_term_string"}}],"inLanguage":"en-US"},{"@type":"Organization","@id":"https:\/\/limmathaus.com\/de\/#organization","name":"Limmathaus","url":"https:\/\/limmathaus.com\/de\/","logo":{"@type":"ImageObject","inLanguage":"en-US","@id":"https:\/\/limmathaus.com\/de\/#\/schema\/logo\/image\/","url":"https:\/\/limmathaus.com\/wp-content\/uploads\/Limmatplatz-10.jpg","contentUrl":"https:\/\/limmathaus.com\/wp-content\/uploads\/Limmatplatz-10.jpg","width":2200,"height":1275,"caption":"Limmathaus"},"image":{"@id":"https:\/\/limmathaus.com\/de\/#\/schema\/logo\/image\/"}}]}},"_links":{"self":[{"href":"https:\/\/limmathaus.com\/en\/wp-json\/wp\/v2\/pages\/118558","targetHints":{"allow":["GET"]}}],"collection":[{"href":"https:\/\/limmathaus.com\/en\/wp-json\/wp\/v2\/pages"}],"about":[{"href":"https:\/\/limmathaus.com\/en\/wp-json\/wp\/v2\/types\/page"}],"author":[{"embeddable":true,"href":"https:\/\/limmathaus.com\/en\/wp-json\/wp\/v2\/users\/1"}],"replies":[{"embeddable":true,"href":"https:\/\/limmathaus.com\/en\/wp-json\/wp\/v2\/comments?post=118558"}],"version-history":[{"count":12,"href":"https:\/\/limmathaus.com\/en\/wp-json\/wp\/v2\/pages\/118558\/revisions"}],"predecessor-version":[{"id":118798,"href":"https:\/\/limmathaus.com\/en\/wp-json\/wp\/v2\/pages\/118558\/revisions\/118798"}],"wp:featuredmedia":[{"embeddable":true,"href":"https:\/\/limmathaus.com\/en\/wp-json\/wp\/v2\/media\/119419"}],"wp:attachment":[{"href":"https:\/\/limmathaus.com\/en\/wp-json\/wp\/v2\/media?parent=118558"}],"curies":[{"name":"wp","href":"https:\/\/api.w.org\/{rel}","templated":true}]}}