{"id":118276,"date":"2023-02-23T14:59:18","date_gmt":"2023-02-23T13:59:18","guid":{"rendered":"http:\/\/new.limmathaus.com\/wordpress\/qa\/"},"modified":"2023-06-01T12:34:51","modified_gmt":"2023-06-01T10:34:51","slug":"qa","status":"publish","type":"page","link":"https:\/\/limmathaus.com\/en\/qa\/","title":{"rendered":"Q &#038; A"},"content":{"rendered":"<div class=\"wpb-content-wrapper\"><p>[vc_row row_height_percent=&#8221;40&#8243; override_padding=&#8221;yes&#8221; h_padding=&#8221;2&#8243; top_padding=&#8221;5&#8243; bottom_padding=&#8221;5&#8243; back_color=&#8221;color-lxmt&#8221; back_image=&#8221;118790&#8243; parallax=&#8221;yes&#8221; overlay_color=&#8221;color-jevc&#8221; overlay_alpha=&#8221;20&#8243; equal_height=&#8221;yes&#8221; gutter_size=&#8221;3&#8243; column_width_percent=&#8221;100&#8243; shift_y=&#8221;0&#8243; z_index=&#8221;0&#8243; top_divider=&#8221;gradient&#8221; bottom_divider=&#8221;gradient&#8221; uncode_shortcode_id=&#8221;250141&#8243; overlay_color_type=&#8221;uncode-palette&#8221; shape_dividers=&#8221;&#8221; back_color_type=&#8221;uncode-palette&#8221;][vc_column column_width_percent=&#8221;100&#8243; position_vertical=&#8221;bottom&#8221; gutter_size=&#8221;3&#8243; style=&#8221;dark&#8221; overlay_alpha=&#8221;50&#8243; shift_x=&#8221;0&#8243; shift_y=&#8221;0&#8243; shift_y_down=&#8221;0&#8243; z_index=&#8221;0&#8243; medium_width=&#8221;0&#8243; mobile_width=&#8221;0&#8243; width=&#8221;1\/1&#8243;][vc_row_inner row_inner_height_percent=&#8221;0&#8243; overlay_alpha=&#8221;50&#8243; gutter_size=&#8221;3&#8243; shift_y=&#8221;0&#8243;][vc_column_inner column_width_percent=&#8221;100&#8243; gutter_size=&#8221;3&#8243; style=&#8221;dark&#8221; overlay_alpha=&#8221;50&#8243; shift_x=&#8221;0&#8243; shift_y=&#8221;0&#8243; shift_y_down=&#8221;0&#8243; z_index=&#8221;0&#8243; medium_width=&#8221;0&#8243; mobile_width=&#8221;0&#8243; css_animation=&#8221;alpha-anim&#8221; animation_delay=&#8221;200&#8243; width=&#8221;9\/12&#8243;][vc_custom_heading heading_semantic=&#8221;h1&#8243; text_size=&#8221;h1&#8243; uncode_shortcode_id=&#8221;210537&#8243;]Fragen &amp; Antworten[\/vc_custom_heading][\/vc_column_inner][vc_column_inner width=&#8221;3\/12&#8243;][\/vc_column_inner][\/vc_row_inner][\/vc_column][\/vc_row][vc_row][vc_column column_width_percent=&#8221;100&#8243; gutter_size=&#8221;3&#8243; overlay_alpha=&#8221;50&#8243; shift_x=&#8221;0&#8243; shift_y=&#8221;0&#8243; shift_y_down=&#8221;0&#8243; z_index=&#8221;0&#8243; medium_width=&#8221;0&#8243; mobile_width=&#8221;0&#8243; width=&#8221;1\/4&#8243; uncode_shortcode_id=&#8221;304219&#8243; css=&#8221;.vc_custom_1685166276471{padding-bottom: 64px !important;}&#8221;][\/vc_column][vc_column width=&#8221;1\/2&#8243;][vc_accordion][vc_accordion_tab gutter_size=&#8221;2&#8243; column_padding=&#8221;2&#8243; title=&#8221;Wieso die Sanierung?&#8221; tab_id=&#8221;1685113993-1-43&#8243;][vc_column_text uncode_shortcode_id=&#8221;183318&#8243;]<\/p>\n<p class=\"\">Das Limmathaus ist denkmalgesch\u00fctzt und eines der bedeutendsten Bauwerke des Neuen Bauens in Z\u00fcrich. Mit der Sanierung \u00f6ffnet es sich allen Bev\u00f6lkerungsgruppen und bleibt f\u00fcr mindestens weitere 30 Jahre erhalten.<\/p>\n<ul data-rte-list=\"default\">\n<li>\n<p class=\"\">F\u00fcr einen weiteren Betrieb muss das Limmathaus die aktuellen beh\u00f6rdlichen Auflagen erf\u00fcllen. Dies ist derzeit nicht gew\u00e4hrleistet. Einige Fristen wurden bereits \u00fcberschritten, was von den Beh\u00f6rden aber toleriert wird, weil eine grosszyklische Sanierung geplant ist.<\/p>\n<\/li>\n<li>\n<p class=\"\">Der Bau wurde gem\u00e4ss normalem Intervall letztmals vor \u00fcber 30 Jahren saniert. Die Bausubstanz ist heute in die Jahre gekommen und diverse Infrastrukturen am Ende ihrer Lebensdauer. Eine umfassende Instandsetzung ist n\u00f6tig.<\/p>\n<\/li>\n<li>\n<p class=\"\">Aufgrund der Komplexit\u00e4t und Nutzung des Geb\u00e4udes ist die Sanierung am effizientesten zu bewerkstelligen, wenn sie am St\u00fcck gemacht wird. Ein etappenweises Vorgehen mit Teilbetrieb wurde gepr\u00fcft. Es ist aber aufgrund zu hoher Einschr\u00e4nkungen, zu hoher Kosten und einer zu langen Bauzeit nicht zu begr\u00fcnden.<\/p>\n<\/li>\n<\/ul>\n<p>[\/vc_column_text][\/vc_accordion_tab][vc_accordion_tab gutter_size=&#8221;2&#8243; column_padding=&#8221;2&#8243; title=&#8221;Was bietet das neue Limmathaus&#8221; tab_id=&#8221;1685113993-2-65&#8243;][vc_column_text uncode_shortcode_id=&#8221;803360&#8243;]<\/p>\n<p class=\"\">Als ehemaliges Arbeiterhaus ist die Bestimmung des Limmathauses seit 1926, als \u00abOrt der Begegnung und des kulturellen Austausches\u00bb zu dienen.<\/p>\n<p class=\"\">Das neue Betriebskonzept beh\u00e4lt alle Konzerts\u00e4le wie gehabt. Konzerte und Partys werden wie bisher weitergef\u00fchrt. Das Angebot in diesen Bereichen wird aber um weitere Nutzungsformen auf alle Bev\u00f6lkerungsgruppen erweitert und der Beitrag an das Stadtz\u00fcrcher Kultur- und Gesellschaftsleben erh\u00f6ht sich somit.<\/p>\n<p class=\"\">Neu wird das Limmathaus in seiner Gesamtheit von morgens fr\u00fch bis sp\u00e4t in die Nacht von allen Stadtbewohner:innen genutzt werden k\u00f6nnen.<\/p>\n<p class=\"\">Angeboten werden:<\/p>\n<ul data-rte-list=\"default\">\n<li>\n<p class=\"\">Kultur &amp; Musik (Konzerte, Partys, Ausstellungen u.\u00e4.)<\/p>\n<\/li>\n<li>\n<p class=\"\">Gastronomie (Kaffee, Bar, Restaurant und Gartenrestaurant)<\/p>\n<\/li>\n<li>\n<p class=\"\">Begegnung &amp; Garten (Quartiertreffpunkt und offene Fl\u00e4chen)<\/p>\n<\/li>\n<li>\n<p class=\"\">Innovation (R\u00e4ume f\u00fcr kreative Kollaboration)<\/p>\n<\/li>\n<li>\n<p class=\"\">Zusammenarbeit &amp; Arbeit (flexible Arbeitspl\u00e4tze)<\/p>\n<\/li>\n<li>\n<p class=\"\">Bestehende drei Mietwohnungen<\/p>\n<\/li>\n<li>\n<p class=\"\">Bestehende Poststelle<\/p>\n<\/li>\n<\/ul>\n<p class=\"\">Eine 3D-Ansicht des neuen Limmathauses finden Sie <em>OBEN AUF DIESER WEBSITE<\/em>.<\/p>\n<p>[\/vc_column_text][\/vc_accordion_tab][vc_accordion_tab gutter_size=&#8221;2&#8243; column_padding=&#8221;2&#8243; title=&#8221;Wieso die Ausschreibung des neuen Betriebskonzeptes&#8221; tab_id=&#8221;1685113993-2-65&#8243;][vc_column_text uncode_shortcode_id=&#8221;422796&#8243;]<\/p>\n<p class=\"\">Die Stiftung Limmathaus (Eigent\u00fcmerin) hat aufgrund der n\u00f6tigen Sanierung und zur Sicherstellung der zuk\u00fcnftigen Finanzierung die beiden Parteien X-Tra Production AG (aktuelle P\u00e4chterin) sowie den Impact Hub Z\u00fcrich (IHZ) dazu eingeladen, ein Konzept f\u00fcr die n\u00e4chsten 20 Jahre einzugeben.<\/p>\n<ul data-rte-list=\"default\">\n<li>\n<p class=\"\">Der Prozess war f\u00fcr beide Parteien identisch und jederzeit transparent.<\/p>\n<\/li>\n<li>\n<p class=\"\">Am 29. Juni 2020 entschied sich der Stiftungsrat einstimmig f\u00fcr das Konzept des IHZ mit folgender Begr\u00fcndung: \u00abDas Konzept des IHZ ist gesellschaftspolitisch, programmatisch, inhaltlich und zielgruppenbezogen breiter angelegt. Es erlaubt auch zeitlich eine breitere und intensivere Ausnutzung aller R\u00e4ume. Zudem verspricht es eine gr\u00f6ssere \u00f6konomische Tragf\u00e4higkeit und er\u00f6ffnet dem Limmathaus eine langfristige sozio-kulturelle Perspektive.\u00bb<\/p>\n<\/li>\n<li>\n<p class=\"\">Der Stadtrat unterst\u00fctzt den Entscheid des Stiftungsrates.<\/p>\n<\/li>\n<\/ul>\n<p>[\/vc_column_text][\/vc_accordion_tab][vc_accordion_tab gutter_size=&#8221;2&#8243; column_padding=&#8221;2&#8243; title=&#8221;Wer sind die neuen P\u00e4chter&#8221; tab_id=&#8221;1685113993-2-65&#8243;][vc_column_text uncode_shortcode_id=&#8221;204057&#8243;]<\/p>\n<p class=\"\">Der Impact Hub Z\u00fcrich (IHZ) ist ein selbsttragendes Unternehmen mit dem Ziel, eine Gemeinschaft zur Vernetzung von engagierten und unternehmerischen Menschen in Z\u00fcrich aufzubauen. Der IHZ ist seit seiner Gr\u00fcndung im Jahr 2010 lokal im Kreis 5 verankert und gleichzeitig \u00fcber das internationale und gemeinn\u00fctzige Impact Hub Netzwerk international vernetzt.<\/p>\n<p class=\"\">Die Hauptaktivit\u00e4ten des IHZ heute sind:<\/p>\n<ul data-rte-list=\"default\">\n<li>\n<p class=\"\">Community Management und F\u00f6rderung von Unternehmertum<\/p>\n<\/li>\n<li>\n<p class=\"\">Kultur- und Netzwerkveranstaltungen bis 1000 Personen<\/p>\n<\/li>\n<li>\n<p class=\"\">\u00d6ffentlich zug\u00e4ngliche geteilte Arbeitspl\u00e4tze an drei Standorten (Hauptstandort am Sihlquai 131 (befristet bis 2024), Kraftwerk (befristet bis 2026), und Viadukt)<\/p>\n<\/li>\n<li>\n<p class=\"\">Mehrfach ausgezeichnete Gastronomie<\/p>\n<\/li>\n<li>\n<p class=\"\">Raumvermietung<\/p>\n<\/li>\n<\/ul>\n<p class=\"\">Im Impact Hub Netzwerk entstehen j\u00e4hrlich \u00fcber 1&#8217;000 neue Vollzeitstellen sowie rund 350 neue Projekte und Startups. Mehr als 80% der 700 Impact Hub Mitglieder geben an, eines der 17 Nachhaltigkeitsziele der Vereinten Nationen zu verfolgen.<\/p>\n<p class=\"\">Zur Website des IHZ:<br \/>\n<a href=\"https:\/\/zurich.impacthub.ch\/\" target=\"_blank\" rel=\"noopener\">zurich.impacthub.ch<\/a><\/p>\n<p>[\/vc_column_text][\/vc_accordion_tab][vc_accordion_tab gutter_size=&#8221;2&#8243; column_padding=&#8221;2&#8243; title=&#8221;Was geschieht mit dem Party- und Konzertprogramm&#8221; tab_id=&#8221;1685113993-2-65&#8243;][vc_column_text uncode_shortcode_id=&#8221;694219&#8243;]<\/p>\n<p class=\"\">Aufgrund des grundlegenden Sanierungsbedarfs des Geb\u00e4udes wird dieses f\u00fcr zwei Jahre komplett geschlossen, und der Betrieb aller Geb\u00e4udeteile mit Ausnahme der Poststelle wird eingestellt.<\/p>\n<p class=\"\">Nach der Wiederer\u00f6ffnung bleibt das neue Limmathaus ein wichtiger (Nacht-)Kulturort der Stadt Z\u00fcrich. Im grossen Saal, sowie in den weiteren R\u00e4umlichkeiten wie Foyer und Gastronomie sind im Konzept des Impact Hubs viele Kulturveranstaltungen vorgesehen. Es werden auch weiterhin Konzerte stattfinden.<\/p>\n<p class=\"\">Das Programm des neuen Limmathauses wird auf eine grosse Bandbreite setzen: Sowohl nicht- kommerzielle als auch kommerziellen Veranstaltungen mit bis zu 2\u2019000 G\u00e4sten, viele verschiedene Musikrichtungen und die Bereitstellung der S\u00e4le des Limmathauses f\u00fcr neue, junge, angehende K\u00fcnstler:innen, die ihre Fan-Basis erst noch aufbauen. Aufbauend auf den Erfahrungen zur F\u00f6rderung von Jungunternehmer:innen, plant der Impact Hub, u.a. in Zusammenarbeit mit der ZHdK, sowie privaten Organisationen, die aktive F\u00f6rderung von Kulturschaffenden im Limmathaus (bspw. \u201cArtist in Residence\u201d Programme).<\/p>\n<p>[\/vc_column_text][\/vc_accordion_tab][vc_accordion_tab gutter_size=&#8221;2&#8243; column_padding=&#8221;2&#8243; title=&#8221;Wieso braucht es eine 2-j\u00e4hrige Schliessung&#8221; tab_id=&#8221;1685448423279-5-1&#8243;][vc_column_text uncode_shortcode_id=&#8221;182111&#8243;]<\/p>\n<p class=\"\">Ein grosser Teil der Instandstellungsarbeiten betrifft die technische Infrastruktur, die v\u00f6llig veraltet ist und zum Teil noch gar nie erneuert wurde und die auch an die aktuellen Vorschriften wie Brandschutz oder Erdbebensicherheit angepasst werden muss. So kann z.B. das Geb\u00e4ude nicht halb geheizt werden, wenn die Heizung erneuert werden muss. Auch wenn man sich z.B. vorstellen kann, zuerst den Hoteltrakt, dann den Restaurantteil und dann die S\u00e4le zu restaurieren, so hilft das daher niemandem.<\/p>\n<p class=\"\">Eine gestaffelte Renovation w\u00e4re extrem teuer, weil z.B. f\u00fcr jede Auff\u00fchrung \/ Veranstaltung die Baustelle aufgehoben und ein Betriebszustand im Geb\u00e4ude hergestellt werden m\u00fcsste. Ein Saal kann nicht im Umbau stehend betrieben werden. So m\u00fcssten zwingend immer alle Fluchtwege von den S\u00e4len in den Obergeschossen sicher ins Freie f\u00fchren. Hierzu gibt es Vorschriften der Vereinigung Kantonaler Feuerversicherungen (VKF) zur Abmessung, Kennzeichnung, Beleuchtung und Materialisierung der Fluchtwege; man darf das Publikum nicht durch eine Baustelle fl\u00fcchten lassen. Die Situation ist diesbez\u00fcglich vergleichbar mit dem Kongresshaus oder der Restaurierung eines anderen komplexen Geb\u00e4udes.<\/p>\n<p>[\/vc_column_text][\/vc_accordion_tab][vc_accordion_tab gutter_size=&#8221;2&#8243; column_padding=&#8221;2&#8243; title=&#8221;Das zuk\u00fcnftige Geb\u00e4ude und seine Nutzungsbereiche&#8221; tab_id=&#8221;1685448423279-5-1&#8243;][vc_column_text uncode_shortcode_id=&#8221;167675&#8243;]<\/p>\n<p class=\"\">Aufteilung<\/p>\n<ul data-rte-list=\"default\">\n<li>\n<p class=\"\">30% \u00d6ffentliches Quartierzentrum mit Gastronomie und Begegnungszone im EG und 1. OG<\/p>\n<\/li>\n<li>\n<p class=\"\">35% Kulturelle Anl\u00e4sse und Konferenzen<\/p>\n<\/li>\n<li>\n<p class=\"\">35% Geteilte Ateliers und kollaborative Arbeitspl\u00e4tze<\/p>\n<\/li>\n<\/ul>\n<p>[\/vc_column_text][\/vc_accordion_tab][vc_accordion_tab gutter_size=&#8221;2&#8243; column_padding=&#8221;2&#8243; title=&#8221;Limmathaus als Quartiertreffpunkt&#8221; tab_id=&#8221;1685448423279-5-1&#8243;][vc_column_text uncode_shortcode_id=&#8221;170196&#8243;]<\/p>\n<div class=\"accordion-icon-container\" data-is-open=\"false\" aria-hidden=\"true\">\n<div class=\"arrow-container\">\n<div class=\"arrow\"><\/div>\n<\/div>\n<\/div>\n<div id=\"dropdown-block-6bffccf8429b30260bad-7\" class=\"accordion-item__dropdown accordion-item__dropdown--open\" role=\"region\" aria-labelledby=\"button-block-6bffccf8429b30260bad-7\">\n<div class=\" accordion-item__description \">\n<p class=\"\">Das neue Limmathaus gem. Konzept des Impact Hubs wird attraktive \u00f6ffentlich zug\u00e4ngliche R\u00e4ume aussen und innen schaffen. Das Ziel ist es, das Limmathaus als neuartiges, privates (in Kooperation) Begegnungszentrum im Industriequartier zu etablieren. Im neuen Konzept ist explizit vorgesehen, dass auch kleinere Quartierveranstaltungen ohne kommerziellen Zweck (und grosses Budget) die R\u00e4ume des Limmathaus regelm\u00e4ssig nutzen k\u00f6nnen. Dem Kreis 5 fehlt im Bereich Limmatplatz ein Quartierzentrum (o.\u00e4.) und das Limmathaus ist perfekt gelegen, um diesen Zweck zu erf\u00fcllen. Mit dem neuen Limmathaus gem. Konzept des Impact Hubs wird dies umgesetzt.<\/p>\n<\/div>\n<\/div>\n<p>[\/vc_column_text][\/vc_accordion_tab][vc_accordion_tab gutter_size=&#8221;2&#8243; column_padding=&#8221;2&#8243; title=&#8221;Welchen weiteren Mehrwert bringt das neue Limmathaus dem Raum Z\u00fcrich&#8221; tab_id=&#8221;1685448423279-5-1&#8243;][vc_column_text uncode_shortcode_id=&#8221;148520&#8243;]<\/p>\n<div class=\"accordion-icon-container\" data-is-open=\"false\" aria-hidden=\"true\">\n<div class=\"arrow-container\">\n<div class=\"arrow\">\n<p class=\"\"><strong><em>Schaffung von Arbeitspl\u00e4tzen im Bereich Nachhaltigkeit, Unternehmertum, Innovation<\/em><\/strong><\/p>\n<p class=\"\">Das neue Limmathaus wird ein wichtiger Job-Motor f\u00fcr zukunftsf\u00e4hige Arbeitsstellen und Karrieren in Z\u00fcrich. Im Impact Hub werden bereits heute 1\u2019000 neue Vollzeitsstellen pro Jahr durch dessen Mitglieder geschaffen und die Mitglieder schreiben rund 20% ihres unternehmerischen Erfolgs dem Impact Hub selbst zu. Die st\u00e4rksten Themenbereiche sind Umwelt\/Klima, digitale Technologie und Bildung. Es ist anzunehmen, dass sich diese Zahlen im gr\u00f6sseren Limmathaus signifikant steigern lassen.<\/p>\n<p class=\"\"><strong><em>Beitrag zur kantonalen Berufsbildungsmeile<\/em><\/strong><\/p>\n<p class=\"\">Das zuk\u00fcnftige Limmathaus wird schon allein durch die r\u00e4umliche N\u00e4he ein Teil der geplanten Berufsbildungsmeile des Kantons. Mit dem Impact Hub, der einerseits bereits mit verschiedenen kantonalen \u00c4mtern kooperiert bzw. kooperiert hat (inkl. Bildungsdirektion) und andererseits einen Schwerpunkt in der (Aus-)Bildung der Zukunft setzt, (bspw. durch Coding\/IT Kurse, Coaching Formate oder Karriereplanung) wird das neue Limmathaus eine attraktive Verbindung zwischen Berufsbildungsmeile und dem \u00fcbrigen Teil der Stadt Z\u00fcrich schaffen. Dazu geh\u00f6rt auch die vom Impact Hub selbst betriebene Gastronomie, die nicht nur zum Konsumieren, sondern auch zum Verweilen, Vernetzen und Lernen einl\u00e4dt (vgl. heutiges Caf\u00e9 Auer&amp;Co, sowie Bar\/Restaurant Kraftwerk, die beide vom Impact Hub betrieben werden).<\/p>\n<\/div>\n<\/div>\n<\/div>\n<p>[\/vc_column_text][\/vc_accordion_tab][\/vc_accordion][\/vc_column][vc_column width=&#8221;1\/4&#8243;][\/vc_column][\/vc_row]<\/p>\n<\/div>","protected":false},"excerpt":{"rendered":"<p>[vc_row row_height_percent=&#8221;40&#8243; override_padding=&#8221;yes&#8221; h_padding=&#8221;2&#8243; top_padding=&#8221;5&#8243; bottom_padding=&#8221;5&#8243; back_color=&#8221;color-lxmt&#8221; back_image=&#8221;118790&#8243; parallax=&#8221;yes&#8221; overlay_color=&#8221;color-jevc&#8221; overlay_alpha=&#8221;20&#8243; equal_height=&#8221;yes&#8221; gutter_size=&#8221;3&#8243; column_width_percent=&#8221;100&#8243; shift_y=&#8221;0&#8243; z_index=&#8221;0&#8243; top_divider=&#8221;gradient&#8221; bottom_divider=&#8221;gradient&#8221; uncode_shortcode_id=&#8221;250141&#8243; overlay_color_type=&#8221;uncode-palette&#8221; [&hellip;]<\/p>\n","protected":false},"author":1,"featured_media":0,"parent":0,"menu_order":0,"comment_status":"closed","ping_status":"closed","template":"","meta":{"footnotes":""},"class_list":["post-118276","page","type-page","status-publish","hentry"],"yoast_head":"<!-- This site is optimized with the Yoast SEO Premium plugin v25.8 (Yoast SEO v25.8) - https:\/\/yoast.com\/wordpress\/plugins\/seo\/ -->\n<title>Q &amp; A - Limmathaus<\/title>\n<meta name=\"robots\" content=\"index, follow, max-snippet:-1, max-image-preview:large, max-video-preview:-1\" \/>\n<link rel=\"canonical\" href=\"https:\/\/limmathaus.com\/de\/fragen-antworten\/\" \/>\n<meta property=\"og:locale\" content=\"en_US\" \/>\n<meta property=\"og:type\" content=\"article\" \/>\n<meta property=\"og:title\" content=\"Q &amp; A\" \/>\n<meta property=\"og:description\" content=\"[vc_row row_height_percent=&#8221;40&#8243; override_padding=&#8221;yes&#8221; h_padding=&#8221;2&#8243; top_padding=&#8221;5&#8243; bottom_padding=&#8221;5&#8243; back_color=&#8221;color-lxmt&#8221; back_image=&#8221;118790&#8243; parallax=&#8221;yes&#8221; overlay_color=&#8221;color-jevc&#8221; overlay_alpha=&#8221;20&#8243; equal_height=&#8221;yes&#8221; gutter_size=&#8221;3&#8243; column_width_percent=&#8221;100&#8243; shift_y=&#8221;0&#8243; z_index=&#8221;0&#8243; top_divider=&#8221;gradient&#8221; bottom_divider=&#8221;gradient&#8221; uncode_shortcode_id=&#8221;250141&#8243; overlay_color_type=&#8221;uncode-palette&#8221; [&hellip;]\" \/>\n<meta property=\"og:url\" content=\"https:\/\/limmathaus.com\/de\/fragen-antworten\/\" \/>\n<meta property=\"og:site_name\" content=\"Limmathaus\" \/>\n<meta property=\"article:modified_time\" content=\"2023-06-01T10:34:51+00:00\" \/>\n<meta name=\"twitter:card\" content=\"summary_large_image\" \/>\n<meta name=\"twitter:label1\" content=\"Est. reading time\" \/>\n\t<meta name=\"twitter:data1\" content=\"8 minutes\" \/>\n<script type=\"application\/ld+json\" class=\"yoast-schema-graph\">{\"@context\":\"https:\/\/schema.org\",\"@graph\":[{\"@type\":\"WebPage\",\"@id\":\"https:\/\/limmathaus.com\/de\/fragen-antworten\/\",\"url\":\"https:\/\/limmathaus.com\/de\/fragen-antworten\/\",\"name\":\"Q & A - Limmathaus\",\"isPartOf\":{\"@id\":\"https:\/\/limmathaus.com\/de\/#website\"},\"datePublished\":\"2023-02-23T13:59:18+00:00\",\"dateModified\":\"2023-06-01T10:34:51+00:00\",\"breadcrumb\":{\"@id\":\"https:\/\/limmathaus.com\/de\/fragen-antworten\/#breadcrumb\"},\"inLanguage\":\"en-US\",\"potentialAction\":[{\"@type\":\"ReadAction\",\"target\":[\"https:\/\/limmathaus.com\/de\/fragen-antworten\/\"]}]},{\"@type\":\"BreadcrumbList\",\"@id\":\"https:\/\/limmathaus.com\/de\/fragen-antworten\/#breadcrumb\",\"itemListElement\":[{\"@type\":\"ListItem\",\"position\":1,\"name\":\"Startseite\",\"item\":\"https:\/\/limmathaus.com\/de\/\"},{\"@type\":\"ListItem\",\"position\":2,\"name\":\"Q &#038; A\"}]},{\"@type\":\"WebSite\",\"@id\":\"https:\/\/limmathaus.com\/de\/#website\",\"url\":\"https:\/\/limmathaus.com\/de\/\",\"name\":\"Limmathaus\",\"description\":\"Der Begegnungsort f\u00fcrs Quartier\",\"publisher\":{\"@id\":\"https:\/\/limmathaus.com\/de\/#organization\"},\"potentialAction\":[{\"@type\":\"SearchAction\",\"target\":{\"@type\":\"EntryPoint\",\"urlTemplate\":\"https:\/\/limmathaus.com\/de\/?s={search_term_string}\"},\"query-input\":{\"@type\":\"PropertyValueSpecification\",\"valueRequired\":true,\"valueName\":\"search_term_string\"}}],\"inLanguage\":\"en-US\"},{\"@type\":\"Organization\",\"@id\":\"https:\/\/limmathaus.com\/de\/#organization\",\"name\":\"Limmathaus\",\"url\":\"https:\/\/limmathaus.com\/de\/\",\"logo\":{\"@type\":\"ImageObject\",\"inLanguage\":\"en-US\",\"@id\":\"https:\/\/limmathaus.com\/de\/#\/schema\/logo\/image\/\",\"url\":\"https:\/\/limmathaus.com\/wp-content\/uploads\/Limmatplatz-10.jpg\",\"contentUrl\":\"https:\/\/limmathaus.com\/wp-content\/uploads\/Limmatplatz-10.jpg\",\"width\":2200,\"height\":1275,\"caption\":\"Limmathaus\"},\"image\":{\"@id\":\"https:\/\/limmathaus.com\/de\/#\/schema\/logo\/image\/\"}}]}<\/script>\n<!-- \/ Yoast SEO Premium plugin. -->","yoast_head_json":{"title":"Q & A - Limmathaus","robots":{"index":"index","follow":"follow","max-snippet":"max-snippet:-1","max-image-preview":"max-image-preview:large","max-video-preview":"max-video-preview:-1"},"canonical":"https:\/\/limmathaus.com\/de\/fragen-antworten\/","og_locale":"en_US","og_type":"article","og_title":"Q & A","og_description":"[vc_row row_height_percent=&#8221;40&#8243; override_padding=&#8221;yes&#8221; h_padding=&#8221;2&#8243; top_padding=&#8221;5&#8243; bottom_padding=&#8221;5&#8243; back_color=&#8221;color-lxmt&#8221; back_image=&#8221;118790&#8243; parallax=&#8221;yes&#8221; overlay_color=&#8221;color-jevc&#8221; overlay_alpha=&#8221;20&#8243; equal_height=&#8221;yes&#8221; gutter_size=&#8221;3&#8243; column_width_percent=&#8221;100&#8243; shift_y=&#8221;0&#8243; z_index=&#8221;0&#8243; top_divider=&#8221;gradient&#8221; bottom_divider=&#8221;gradient&#8221; uncode_shortcode_id=&#8221;250141&#8243; overlay_color_type=&#8221;uncode-palette&#8221; [&hellip;]","og_url":"https:\/\/limmathaus.com\/de\/fragen-antworten\/","og_site_name":"Limmathaus","article_modified_time":"2023-06-01T10:34:51+00:00","twitter_card":"summary_large_image","twitter_misc":{"Est. reading time":"8 minutes"},"schema":{"@context":"https:\/\/schema.org","@graph":[{"@type":"WebPage","@id":"https:\/\/limmathaus.com\/de\/fragen-antworten\/","url":"https:\/\/limmathaus.com\/de\/fragen-antworten\/","name":"Q & A - Limmathaus","isPartOf":{"@id":"https:\/\/limmathaus.com\/de\/#website"},"datePublished":"2023-02-23T13:59:18+00:00","dateModified":"2023-06-01T10:34:51+00:00","breadcrumb":{"@id":"https:\/\/limmathaus.com\/de\/fragen-antworten\/#breadcrumb"},"inLanguage":"en-US","potentialAction":[{"@type":"ReadAction","target":["https:\/\/limmathaus.com\/de\/fragen-antworten\/"]}]},{"@type":"BreadcrumbList","@id":"https:\/\/limmathaus.com\/de\/fragen-antworten\/#breadcrumb","itemListElement":[{"@type":"ListItem","position":1,"name":"Startseite","item":"https:\/\/limmathaus.com\/de\/"},{"@type":"ListItem","position":2,"name":"Q &#038; A"}]},{"@type":"WebSite","@id":"https:\/\/limmathaus.com\/de\/#website","url":"https:\/\/limmathaus.com\/de\/","name":"Limmathaus","description":"Der Begegnungsort f\u00fcrs Quartier","publisher":{"@id":"https:\/\/limmathaus.com\/de\/#organization"},"potentialAction":[{"@type":"SearchAction","target":{"@type":"EntryPoint","urlTemplate":"https:\/\/limmathaus.com\/de\/?s={search_term_string}"},"query-input":{"@type":"PropertyValueSpecification","valueRequired":true,"valueName":"search_term_string"}}],"inLanguage":"en-US"},{"@type":"Organization","@id":"https:\/\/limmathaus.com\/de\/#organization","name":"Limmathaus","url":"https:\/\/limmathaus.com\/de\/","logo":{"@type":"ImageObject","inLanguage":"en-US","@id":"https:\/\/limmathaus.com\/de\/#\/schema\/logo\/image\/","url":"https:\/\/limmathaus.com\/wp-content\/uploads\/Limmatplatz-10.jpg","contentUrl":"https:\/\/limmathaus.com\/wp-content\/uploads\/Limmatplatz-10.jpg","width":2200,"height":1275,"caption":"Limmathaus"},"image":{"@id":"https:\/\/limmathaus.com\/de\/#\/schema\/logo\/image\/"}}]}},"_links":{"self":[{"href":"https:\/\/limmathaus.com\/en\/wp-json\/wp\/v2\/pages\/118276","targetHints":{"allow":["GET"]}}],"collection":[{"href":"https:\/\/limmathaus.com\/en\/wp-json\/wp\/v2\/pages"}],"about":[{"href":"https:\/\/limmathaus.com\/en\/wp-json\/wp\/v2\/types\/page"}],"author":[{"embeddable":true,"href":"https:\/\/limmathaus.com\/en\/wp-json\/wp\/v2\/users\/1"}],"replies":[{"embeddable":true,"href":"https:\/\/limmathaus.com\/en\/wp-json\/wp\/v2\/comments?post=118276"}],"version-history":[{"count":8,"href":"https:\/\/limmathaus.com\/en\/wp-json\/wp\/v2\/pages\/118276\/revisions"}],"predecessor-version":[{"id":118804,"href":"https:\/\/limmathaus.com\/en\/wp-json\/wp\/v2\/pages\/118276\/revisions\/118804"}],"wp:attachment":[{"href":"https:\/\/limmathaus.com\/en\/wp-json\/wp\/v2\/media?parent=118276"}],"curies":[{"name":"wp","href":"https:\/\/api.w.org\/{rel}","templated":true}]}}