{"id":68,"date":"2023-02-23T16:06:16","date_gmt":"2023-02-23T15:06:16","guid":{"rendered":"http:\/\/new.limmathaus.com\/wordpress\/?page_id=68"},"modified":"2024-11-18T15:18:19","modified_gmt":"2024-11-18T14:18:19","slug":"gastronomie","status":"publish","type":"page","link":"https:\/\/limmathaus.com\/de\/limmathaus\/gastronomie\/","title":{"rendered":"Gastronomie"},"content":{"rendered":"<div class=\"wpb-content-wrapper\"><p>[vc_row][vc_column width=&#8220;1\/1&#8243;][uncode_breadcrumbs text_lead=&#8220;small&#8220;][\/vc_column][\/vc_row][vc_row row_height_percent=&#8220;0&#8243; overlay_alpha=&#8220;50&#8243; gutter_size=&#8220;3&#8243; column_width_percent=&#8220;100&#8243; shift_y=&#8220;0&#8243; z_index=&#8220;0&#8243; uncode_shortcode_id=&#8220;317606&#8243; css=&#8220;.vc_custom_1685450572238{padding-top: 32px !important;padding-bottom: 32px !important;}&#8220;][vc_column width=&#8220;1\/2&#8243;][vc_custom_heading text_size=&#8220;h3&#8243; uncode_shortcode_id=&#8220;108746&#8243;]Vegetarische und vegane Gastronomie im Limmathaus[\/vc_custom_heading][vc_column_text uncode_shortcode_id=&#8220;169998&#8243;]Eine kunterbunte K\u00fcche mit einer breiten Auswahl an veganen und vegetarischen Gerichten erwartet dich im Limmathaus. Wir engagieren uns mit dem Impact Hub schon seit 2005 f\u00fcr Nachhaltigkeit und das setzen wir auch in unserer Gastronomie fort: lokal, saisonal, bio, mit fairen Arbeitsbedingungen und L\u00f6hnen![\/vc_column_text][vc_row_inner][vc_column_inner width=&#8220;1\/1&#8243;][vc_column_text uncode_shortcode_id=&#8220;203082&#8243;]<\/p>\n<h3 class=\"h3\">Caf\u00e9<\/h3>\n<p>Unsere Baristas brennen f\u00fcr Kaffeekultur und beherrschen ihre Kunst. Ein breites Angebot an feinen Kuchen und veganem Geb\u00e4ck l\u00e4dt zum Verweilen und Geniessen ein.[\/vc_column_text][vc_column_text uncode_shortcode_id=&#8220;686177&#8243;]<\/p>\n<div class=\"icon-box-heading icon-box-fa-1x\">\n<h3 class=\"h3\">Restaurant<\/h3>\n<\/div>\n<p>Im Restaurantbetrieb werden ausschliesslich vegetarische und vegane Speisen angeboten. Es erwarten dich kreative Vorspeisen, leckere Hauptg\u00e4nge und verf\u00fchrerische Desserts &#8211; ob zum Zmorge, Zmittag oder Znacht.[\/vc_column_text][vc_column_text uncode_shortcode_id=&#8220;720902&#8243;]<\/p>\n<div class=\"icon-box-heading icon-box-fa-1x\">\n<h3 class=\"h3\">Bar<\/h3>\n<\/div>\n<p>Hier trinkst du ein <span class=\"discussion-level-1 discussion-id-0172f162-f15f-4a35-995c-a34628d1e0ca notion-enable-hover\" data-token-index=\"1\">Feierabendbier<\/span>, geniesst bekannte Barklassiker oder probierst unsere eigenen Kreationen \u2013 nat\u00fcrlich stehen vegane und vegetarische Ap\u00e9ro-H\u00e4ppchen bereit.[\/vc_column_text][\/vc_column_inner][\/vc_row_inner][vc_button border_width=&#8220;0&#8243; link=&#8220;url:https%3A%2F%2Flimmathaus.com%2Fde%2Flimmathaus%2F|title:Limmathaus&#8220; uncode_shortcode_id=&#8220;147082&#8243;]Zur\u00fcck zur \u00dcbersicht[\/vc_button][\/vc_column][vc_column width=&#8220;1\/2&#8243;][vc_single_image media=&#8220;119332&#8243; media_width_percent=&#8220;100&#8243; uncode_shortcode_id=&#8220;107874&#8243;][\/vc_column][\/vc_row][vc_row row_height_percent=&#8220;0&#8243; override_padding=&#8220;yes&#8220; h_padding=&#8220;2&#8243; top_padding=&#8220;5&#8243; bottom_padding=&#8220;5&#8243; back_color=&#8220;color-wayh&#8220; back_image=&#8220;119378&#8243; parallax=&#8220;yes&#8220; overlay_color=&#8220;color-jevc&#8220; overlay_alpha=&#8220;50&#8243; gutter_size=&#8220;3&#8243; column_width_percent=&#8220;100&#8243; shift_y=&#8220;0&#8243; z_index=&#8220;0&#8243; top_divider=&#8220;gradient&#8220; bottom_divider=&#8220;gradient&#8220; uncode_shortcode_id=&#8220;622255&#8243; back_color_type=&#8220;uncode-palette&#8220; overlay_color_type=&#8220;uncode-palette&#8220;][vc_column column_width_percent=&#8220;100&#8243; position_vertical=&#8220;middle&#8220; align_horizontal=&#8220;align_center&#8220; gutter_size=&#8220;4&#8243; style=&#8220;dark&#8220; overlay_alpha=&#8220;50&#8243; shift_x=&#8220;0&#8243; shift_y=&#8220;0&#8243; shift_y_down=&#8220;0&#8243; z_index=&#8220;0&#8243; medium_width=&#8220;0&#8243; mobile_width=&#8220;0&#8243; width=&#8220;1\/1&#8243;][vc_row_inner row_inner_height_percent=&#8220;0&#8243; overlay_alpha=&#8220;50&#8243; gutter_size=&#8220;4&#8243; shift_y=&#8220;0&#8243; z_index=&#8220;0&#8243;][vc_column_inner column_width_percent=&#8220;100&#8243; align_horizontal=&#8220;align_center&#8220; gutter_size=&#8220;3&#8243; style=&#8220;dark&#8220; overlay_alpha=&#8220;50&#8243; shift_x=&#8220;0&#8243; shift_y=&#8220;0&#8243; shift_y_down=&#8220;0&#8243; z_index=&#8220;0&#8243; medium_width=&#8220;0&#8243; mobile_width=&#8220;0&#8243; width=&#8220;1\/1&#8243;][vc_custom_heading heading_semantic=&#8220;h3&#8243; text_size=&#8220;h1&#8243; css_animation=&#8220;curtain&#8220; interval_animation=&#8220;200&#8243; uncode_shortcode_id=&#8220;106806&#8243;]<span class=\"heading-text-highlight \" data-atts='{\"bg\":\"style-color-xsdn-bg\",\"height\":\"15%\",\"offset\":\"0.15em\",\"opacity\":\"0.25\",\"animated\":\"yes\"}'>Du m\u00f6chtest schon heute einen Eindruck bekommen, wie die Gastronomie im Limmathaus schmecken und aussehen k\u00f6nnte?<\/span>[\/vc_custom_heading][vc_custom_heading heading_semantic=&#8220;p&#8220; text_size=&#8220;h4&#8243; text_weight=&#8220;400&#8243; css_animation=&#8220;curtain&#8220; uncode_shortcode_id=&#8220;197672&#8243;]Dann besuche das Auer &amp; Co. oder das Kraftwerk.[\/vc_custom_heading][vc_empty_space empty_h=&#8220;1&#8243; mobile_visibility=&#8220;yes&#8220;][vc_button border_width=&#8220;0&#8243; css_animation=&#8220;zoom-in&#8220; animation_delay=&#8220;800&#8243; link=&#8220;url:https%3A%2F%2Fwww.kraftwerk.coffee%2F|target:_blank&#8220; uncode_shortcode_id=&#8220;526205&#8243;]Kraftwerk[\/vc_button][vc_button border_width=&#8220;0&#8243; css_animation=&#8220;zoom-in&#8220; animation_delay=&#8220;800&#8243; link=&#8220;url:https%3A%2F%2Fwww.auer.coffee%2F|target:_blank&#8220; uncode_shortcode_id=&#8220;119449&#8243;]Auer &amp; Co.[\/vc_button][\/vc_column_inner][\/vc_row_inner][\/vc_column][\/vc_row]<\/p>\n<\/div>","protected":false},"excerpt":{"rendered":"<p>[vc_row][vc_column width=&#8220;1\/1&#8243;][uncode_breadcrumbs text_lead=&#8220;small&#8220;][\/vc_column][\/vc_row][vc_row row_height_percent=&#8220;0&#8243; overlay_alpha=&#8220;50&#8243; gutter_size=&#8220;3&#8243; column_width_percent=&#8220;100&#8243; shift_y=&#8220;0&#8243; z_index=&#8220;0&#8243; uncode_shortcode_id=&#8220;317606&#8243; css=&#8220;.vc_custom_1685450572238{padding-top: 32px !important;padding-bottom: 32px !important;}&#8220;][vc_column width=&#8220;1\/2&#8243;][vc_custom_heading text_size=&#8220;h3&#8243; uncode_shortcode_id=&#8220;108746&#8243;]Vegetarische und vegane [&hellip;]<\/p>\n","protected":false},"author":1,"featured_media":119332,"parent":117743,"menu_order":0,"comment_status":"closed","ping_status":"closed","template":"","meta":{"footnotes":""},"class_list":["post-68","page","type-page","status-publish","has-post-thumbnail","hentry"],"yoast_head":"<!-- This site is optimized with the Yoast SEO Premium plugin v25.8 (Yoast SEO v25.8) - https:\/\/yoast.com\/wordpress\/plugins\/seo\/ -->\n<title>Gastronomie | Limmathaus<\/title>\n<meta name=\"description\" content=\"Gastronomie im Limmathaus: Es erwartet dich eine kunterbunte K\u00fcche mit einer breiten Auswahl an veganen und vegetarischen Gerichten.\" \/>\n<meta name=\"robots\" content=\"index, follow, max-snippet:-1, max-image-preview:large, max-video-preview:-1\" \/>\n<link rel=\"canonical\" href=\"https:\/\/limmathaus.com\/de\/limmathaus\/gastronomie\/\" \/>\n<meta property=\"og:locale\" content=\"de_DE\" \/>\n<meta property=\"og:type\" content=\"article\" \/>\n<meta property=\"og:title\" content=\"Gastronomie\" \/>\n<meta property=\"og:description\" content=\"Gastronomie im Limmathaus: Es erwartet dich eine kunterbunte K\u00fcche mit einer breiten Auswahl an veganen und vegetarischen Gerichten.\" \/>\n<meta property=\"og:url\" content=\"https:\/\/limmathaus.com\/de\/limmathaus\/gastronomie\/\" \/>\n<meta property=\"og:site_name\" content=\"Limmathaus\" \/>\n<meta property=\"article:modified_time\" content=\"2024-11-18T14:18:19+00:00\" \/>\n<meta property=\"og:image\" content=\"https:\/\/limmathaus.com\/wp-content\/uploads\/Gastronomie-Limmathaus.png\" \/>\n\t<meta property=\"og:image:width\" content=\"1274\" \/>\n\t<meta property=\"og:image:height\" content=\"1326\" \/>\n\t<meta property=\"og:image:type\" content=\"image\/png\" \/>\n<meta name=\"twitter:card\" content=\"summary_large_image\" \/>\n<meta name=\"twitter:label1\" content=\"Gesch\u00e4tzte Lesezeit\" \/>\n\t<meta name=\"twitter:data1\" content=\"2\u00a0Minuten\" \/>\n<script type=\"application\/ld+json\" class=\"yoast-schema-graph\">{\"@context\":\"https:\/\/schema.org\",\"@graph\":[{\"@type\":\"WebPage\",\"@id\":\"https:\/\/limmathaus.com\/de\/limmathaus\/gastronomie\/\",\"url\":\"https:\/\/limmathaus.com\/de\/limmathaus\/gastronomie\/\",\"name\":\"Gastronomie | Limmathaus\",\"isPartOf\":{\"@id\":\"https:\/\/limmathaus.com\/de\/#website\"},\"primaryImageOfPage\":{\"@id\":\"https:\/\/limmathaus.com\/de\/limmathaus\/gastronomie\/#primaryimage\"},\"image\":{\"@id\":\"https:\/\/limmathaus.com\/de\/limmathaus\/gastronomie\/#primaryimage\"},\"thumbnailUrl\":\"https:\/\/limmathaus.com\/wp-content\/uploads\/Gastronomie-Limmathaus.png\",\"datePublished\":\"2023-02-23T15:06:16+00:00\",\"dateModified\":\"2024-11-18T14:18:19+00:00\",\"description\":\"Gastronomie im Limmathaus: Es erwartet dich eine kunterbunte K\u00fcche mit einer breiten Auswahl an veganen und vegetarischen Gerichten.\",\"breadcrumb\":{\"@id\":\"https:\/\/limmathaus.com\/de\/limmathaus\/gastronomie\/#breadcrumb\"},\"inLanguage\":\"de\",\"potentialAction\":[{\"@type\":\"ReadAction\",\"target\":[\"https:\/\/limmathaus.com\/de\/limmathaus\/gastronomie\/\"]}]},{\"@type\":\"ImageObject\",\"inLanguage\":\"de\",\"@id\":\"https:\/\/limmathaus.com\/de\/limmathaus\/gastronomie\/#primaryimage\",\"url\":\"https:\/\/limmathaus.com\/wp-content\/uploads\/Gastronomie-Limmathaus.png\",\"contentUrl\":\"https:\/\/limmathaus.com\/wp-content\/uploads\/Gastronomie-Limmathaus.png\",\"width\":1274,\"height\":1326,\"caption\":\"Illustration mit Person mit Brot\"},{\"@type\":\"BreadcrumbList\",\"@id\":\"https:\/\/limmathaus.com\/de\/limmathaus\/gastronomie\/#breadcrumb\",\"itemListElement\":[{\"@type\":\"ListItem\",\"position\":1,\"name\":\"Startseite\",\"item\":\"https:\/\/limmathaus.com\/de\/\"},{\"@type\":\"ListItem\",\"position\":2,\"name\":\"Limmathaus\",\"item\":\"https:\/\/limmathaus.com\/de\/limmathaus\/\"},{\"@type\":\"ListItem\",\"position\":3,\"name\":\"Gastronomie\"}]},{\"@type\":\"WebSite\",\"@id\":\"https:\/\/limmathaus.com\/de\/#website\",\"url\":\"https:\/\/limmathaus.com\/de\/\",\"name\":\"Limmathaus\",\"description\":\"Der Begegnungsort f\u00fcrs Quartier\",\"publisher\":{\"@id\":\"https:\/\/limmathaus.com\/de\/#organization\"},\"potentialAction\":[{\"@type\":\"SearchAction\",\"target\":{\"@type\":\"EntryPoint\",\"urlTemplate\":\"https:\/\/limmathaus.com\/de\/?s={search_term_string}\"},\"query-input\":{\"@type\":\"PropertyValueSpecification\",\"valueRequired\":true,\"valueName\":\"search_term_string\"}}],\"inLanguage\":\"de\"},{\"@type\":\"Organization\",\"@id\":\"https:\/\/limmathaus.com\/de\/#organization\",\"name\":\"Limmathaus\",\"url\":\"https:\/\/limmathaus.com\/de\/\",\"logo\":{\"@type\":\"ImageObject\",\"inLanguage\":\"de\",\"@id\":\"https:\/\/limmathaus.com\/de\/#\/schema\/logo\/image\/\",\"url\":\"https:\/\/limmathaus.com\/wp-content\/uploads\/Limmatplatz-10.jpg\",\"contentUrl\":\"https:\/\/limmathaus.com\/wp-content\/uploads\/Limmatplatz-10.jpg\",\"width\":2200,\"height\":1275,\"caption\":\"Limmathaus\"},\"image\":{\"@id\":\"https:\/\/limmathaus.com\/de\/#\/schema\/logo\/image\/\"}}]}<\/script>\n<!-- \/ Yoast SEO Premium plugin. -->","yoast_head_json":{"title":"Gastronomie | Limmathaus","description":"Gastronomie im Limmathaus: Es erwartet dich eine kunterbunte K\u00fcche mit einer breiten Auswahl an veganen und vegetarischen Gerichten.","robots":{"index":"index","follow":"follow","max-snippet":"max-snippet:-1","max-image-preview":"max-image-preview:large","max-video-preview":"max-video-preview:-1"},"canonical":"https:\/\/limmathaus.com\/de\/limmathaus\/gastronomie\/","og_locale":"de_DE","og_type":"article","og_title":"Gastronomie","og_description":"Gastronomie im Limmathaus: Es erwartet dich eine kunterbunte K\u00fcche mit einer breiten Auswahl an veganen und vegetarischen Gerichten.","og_url":"https:\/\/limmathaus.com\/de\/limmathaus\/gastronomie\/","og_site_name":"Limmathaus","article_modified_time":"2024-11-18T14:18:19+00:00","og_image":[{"width":1274,"height":1326,"url":"https:\/\/limmathaus.com\/wp-content\/uploads\/Gastronomie-Limmathaus.png","type":"image\/png"}],"twitter_card":"summary_large_image","twitter_misc":{"Gesch\u00e4tzte Lesezeit":"2\u00a0Minuten"},"schema":{"@context":"https:\/\/schema.org","@graph":[{"@type":"WebPage","@id":"https:\/\/limmathaus.com\/de\/limmathaus\/gastronomie\/","url":"https:\/\/limmathaus.com\/de\/limmathaus\/gastronomie\/","name":"Gastronomie | Limmathaus","isPartOf":{"@id":"https:\/\/limmathaus.com\/de\/#website"},"primaryImageOfPage":{"@id":"https:\/\/limmathaus.com\/de\/limmathaus\/gastronomie\/#primaryimage"},"image":{"@id":"https:\/\/limmathaus.com\/de\/limmathaus\/gastronomie\/#primaryimage"},"thumbnailUrl":"https:\/\/limmathaus.com\/wp-content\/uploads\/Gastronomie-Limmathaus.png","datePublished":"2023-02-23T15:06:16+00:00","dateModified":"2024-11-18T14:18:19+00:00","description":"Gastronomie im Limmathaus: Es erwartet dich eine kunterbunte K\u00fcche mit einer breiten Auswahl an veganen und vegetarischen Gerichten.","breadcrumb":{"@id":"https:\/\/limmathaus.com\/de\/limmathaus\/gastronomie\/#breadcrumb"},"inLanguage":"de","potentialAction":[{"@type":"ReadAction","target":["https:\/\/limmathaus.com\/de\/limmathaus\/gastronomie\/"]}]},{"@type":"ImageObject","inLanguage":"de","@id":"https:\/\/limmathaus.com\/de\/limmathaus\/gastronomie\/#primaryimage","url":"https:\/\/limmathaus.com\/wp-content\/uploads\/Gastronomie-Limmathaus.png","contentUrl":"https:\/\/limmathaus.com\/wp-content\/uploads\/Gastronomie-Limmathaus.png","width":1274,"height":1326,"caption":"Illustration mit Person mit Brot"},{"@type":"BreadcrumbList","@id":"https:\/\/limmathaus.com\/de\/limmathaus\/gastronomie\/#breadcrumb","itemListElement":[{"@type":"ListItem","position":1,"name":"Startseite","item":"https:\/\/limmathaus.com\/de\/"},{"@type":"ListItem","position":2,"name":"Limmathaus","item":"https:\/\/limmathaus.com\/de\/limmathaus\/"},{"@type":"ListItem","position":3,"name":"Gastronomie"}]},{"@type":"WebSite","@id":"https:\/\/limmathaus.com\/de\/#website","url":"https:\/\/limmathaus.com\/de\/","name":"Limmathaus","description":"Der Begegnungsort f\u00fcrs Quartier","publisher":{"@id":"https:\/\/limmathaus.com\/de\/#organization"},"potentialAction":[{"@type":"SearchAction","target":{"@type":"EntryPoint","urlTemplate":"https:\/\/limmathaus.com\/de\/?s={search_term_string}"},"query-input":{"@type":"PropertyValueSpecification","valueRequired":true,"valueName":"search_term_string"}}],"inLanguage":"de"},{"@type":"Organization","@id":"https:\/\/limmathaus.com\/de\/#organization","name":"Limmathaus","url":"https:\/\/limmathaus.com\/de\/","logo":{"@type":"ImageObject","inLanguage":"de","@id":"https:\/\/limmathaus.com\/de\/#\/schema\/logo\/image\/","url":"https:\/\/limmathaus.com\/wp-content\/uploads\/Limmatplatz-10.jpg","contentUrl":"https:\/\/limmathaus.com\/wp-content\/uploads\/Limmatplatz-10.jpg","width":2200,"height":1275,"caption":"Limmathaus"},"image":{"@id":"https:\/\/limmathaus.com\/de\/#\/schema\/logo\/image\/"}}]}},"_links":{"self":[{"href":"https:\/\/limmathaus.com\/de\/wp-json\/wp\/v2\/pages\/68","targetHints":{"allow":["GET"]}}],"collection":[{"href":"https:\/\/limmathaus.com\/de\/wp-json\/wp\/v2\/pages"}],"about":[{"href":"https:\/\/limmathaus.com\/de\/wp-json\/wp\/v2\/types\/page"}],"author":[{"embeddable":true,"href":"https:\/\/limmathaus.com\/de\/wp-json\/wp\/v2\/users\/1"}],"replies":[{"embeddable":true,"href":"https:\/\/limmathaus.com\/de\/wp-json\/wp\/v2\/comments?post=68"}],"version-history":[{"count":27,"href":"https:\/\/limmathaus.com\/de\/wp-json\/wp\/v2\/pages\/68\/revisions"}],"predecessor-version":[{"id":119801,"href":"https:\/\/limmathaus.com\/de\/wp-json\/wp\/v2\/pages\/68\/revisions\/119801"}],"up":[{"embeddable":true,"href":"https:\/\/limmathaus.com\/de\/wp-json\/wp\/v2\/pages\/117743"}],"wp:featuredmedia":[{"embeddable":true,"href":"https:\/\/limmathaus.com\/de\/wp-json\/wp\/v2\/media\/119332"}],"wp:attachment":[{"href":"https:\/\/limmathaus.com\/de\/wp-json\/wp\/v2\/media?parent=68"}],"curies":[{"name":"wp","href":"https:\/\/api.w.org\/{rel}","templated":true}]}}