{"id":37,"date":"2023-02-23T14:58:49","date_gmt":"2023-02-23T14:58:49","guid":{"rendered":"http:\/\/new.limmathaus.com\/wordpress\/?page_id=37"},"modified":"2024-11-18T15:19:43","modified_gmt":"2024-11-18T14:19:43","slug":"quartiertreff","status":"publish","type":"page","link":"https:\/\/limmathaus.com\/de\/limmathaus\/quartiertreff\/","title":{"rendered":"Quartiertreff"},"content":{"rendered":"<div class=\"wpb-content-wrapper\"><p>[vc_row][vc_column width=&#8220;1\/1&#8243;][uncode_breadcrumbs text_lead=&#8220;small&#8220;][\/vc_column][\/vc_row][vc_row row_height_percent=&#8220;0&#8243; overlay_alpha=&#8220;50&#8243; gutter_size=&#8220;3&#8243; column_width_percent=&#8220;100&#8243; shift_y=&#8220;0&#8243; z_index=&#8220;0&#8243; uncode_shortcode_id=&#8220;317606&#8243; css=&#8220;.vc_custom_1685450572238{padding-top: 32px !important;padding-bottom: 32px !important;}&#8220;][vc_column width=&#8220;1\/2&#8243;][vc_custom_heading uncode_shortcode_id=&#8220;158025&#8243;]Der Treffpunkt im Quartier[\/vc_custom_heading][vc_column_text uncode_shortcode_id=&#8220;111837&#8243;]Das Limmathaus soll Platz bieten f\u00fcr alle im Quartier \u2013 mit vielf\u00e4ltigen Veranstaltungen f\u00fcr Familien, junge und \u00e4ltere Menschen. Zudem entstehen im Limmathaus offene R\u00e4ume, die ohne Konsumation zug\u00e4nglich sind.[\/vc_column_text][vc_column_text uncode_shortcode_id=&#8220;370846&#8243;]<strong>Offener Quartierplatz<br \/>\n<\/strong>Wir \u00f6ffnen den Vorplatz f\u00fcrs Quartier. Die Fl\u00e4che zwischen Limmathaus, Hans-Bader-Saal und Johanneskirche wird ein wundersch\u00f6ner, begr\u00fcnter und \u00f6ffentlicher Platz f\u00fcr das Quartier. Direkt am Limmatplatz, f\u00fcnf Gehminuten vom HB und am Beginn der Langstrasse entsteht hier ein neuer Treffpunkt und Erholungsort.[\/vc_column_text][vc_column_text uncode_shortcode_id=&#8220;112624&#8243;]<strong>\u00d6ffentliches Foyer<br \/>\n<\/strong>Im denkmalgesch\u00fctzten Foyer im Herzen des Limmathauses entsteht ein \u00f6ffentlicher Innenraum. \u00dcber den Tag wird das Foyer zum \u00f6ffentlichen Ort, an dem G\u00e4ste ohne Konsumationszwang verweilen k\u00f6nnen. Sch\u00fcler*innen von der Berufsbildungsmeile d\u00fcrfen ihr mitgebrachtes Mittagessen konsumieren und wer mag, kann auch bei Regenwetter eine Sitzpause einlegen und dem Treiben im Limmathaus zuschauen.[\/vc_column_text][vc_column_text uncode_shortcode_id=&#8220;700285&#8243;]<strong>Aktivit\u00e4ten und Veranstaltungen<br \/>\n<\/strong>Ein vielf\u00e4ltiges Angebot an alternativen Aktivit\u00e4ten steht auf dem Programm: Von Yoga Sessions und Cacao Ceremonies \u00fcber Spieleabende und Comedy Nights &#8211; das Limmathaus ist offen f\u00fcr Aktivit\u00e4ten aller Art. Zudem soll das Limmathaus auch f\u00fcr private kleine Veranstaltungen ohne grosses Budget genutzt werden k\u00f6nnen, wie zum Beispiel f\u00fcr ein Geburtstagsfest, <span class=\"discussion-id-c4466323-fd11-4172-9fad-1ae7ded0342e notion-enable-hover\" data-token-index=\"1\">einen Vereinsanlass<\/span> oder eine private Party.[\/vc_column_text][vc_button border_width=&#8220;0&#8243; link=&#8220;url:https%3A%2F%2Flimmathaus.com%2Fde%2Flimmathaus%2F|title:Limmathaus&#8220; uncode_shortcode_id=&#8220;295269&#8243;]Zur\u00fcck zur \u00dcbersicht[\/vc_button][\/vc_column][vc_column width=&#8220;1\/2&#8243;][vc_single_image media=&#8220;119348&#8243; media_width_percent=&#8220;80&#8243; uncode_shortcode_id=&#8220;529503&#8243;][\/vc_column][\/vc_row][vc_row row_height_percent=&#8220;0&#8243; override_padding=&#8220;yes&#8220; h_padding=&#8220;2&#8243; top_padding=&#8220;5&#8243; bottom_padding=&#8220;5&#8243; back_color=&#8220;color-wayh&#8220; back_image=&#8220;119378&#8243; parallax=&#8220;yes&#8220; overlay_color=&#8220;color-jevc&#8220; overlay_alpha=&#8220;50&#8243; gutter_size=&#8220;3&#8243; column_width_percent=&#8220;100&#8243; shift_y=&#8220;0&#8243; z_index=&#8220;0&#8243; top_divider=&#8220;gradient&#8220; bottom_divider=&#8220;gradient&#8220; uncode_shortcode_id=&#8220;827309&#8243; back_color_type=&#8220;uncode-palette&#8220; overlay_color_type=&#8220;uncode-palette&#8220;][vc_column column_width_percent=&#8220;100&#8243; position_vertical=&#8220;middle&#8220; align_horizontal=&#8220;align_center&#8220; gutter_size=&#8220;4&#8243; style=&#8220;dark&#8220; overlay_alpha=&#8220;50&#8243; shift_x=&#8220;0&#8243; shift_y=&#8220;0&#8243; shift_y_down=&#8220;0&#8243; z_index=&#8220;0&#8243; medium_width=&#8220;0&#8243; mobile_width=&#8220;0&#8243; width=&#8220;1\/1&#8243;][vc_row_inner row_inner_height_percent=&#8220;0&#8243; overlay_alpha=&#8220;50&#8243; gutter_size=&#8220;4&#8243; shift_y=&#8220;0&#8243; z_index=&#8220;0&#8243;][vc_column_inner column_width_percent=&#8220;100&#8243; align_horizontal=&#8220;align_center&#8220; gutter_size=&#8220;3&#8243; style=&#8220;dark&#8220; overlay_alpha=&#8220;50&#8243; shift_x=&#8220;0&#8243; shift_y=&#8220;0&#8243; shift_y_down=&#8220;0&#8243; z_index=&#8220;0&#8243; medium_width=&#8220;0&#8243; mobile_width=&#8220;0&#8243; width=&#8220;1\/1&#8243;][vc_custom_heading heading_semantic=&#8220;h3&#8243; text_size=&#8220;h1&#8243; css_animation=&#8220;curtain&#8220; interval_animation=&#8220;200&#8243; uncode_shortcode_id=&#8220;396722&#8243;]<span class=\"heading-text-highlight \" data-atts='{\"bg\":\"style-color-xsdn-bg\",\"height\":\"15%\",\"offset\":\"0.15em\",\"opacity\":\"0.25\",\"animated\":\"yes\"}'>Du m\u00f6chtest anderen Menschen ungezwungen begegnen oder suchst einen Ort, an welchem du deine liebste Aktivit\u00e4t mit anderen Menschen teilen kannst? Oder einfach einen coolen Raum f\u00fcr deine Geburtstagsparty?<\/span>[\/vc_custom_heading][vc_custom_heading heading_semantic=&#8220;p&#8220; text_size=&#8220;h4&#8243; text_weight=&#8220;400&#8243; css_animation=&#8220;curtain&#8220; uncode_shortcode_id=&#8220;208838&#8243;]Melde dich bei uns &#8211; wir freuen uns auf dich und deine Gruppe![\/vc_custom_heading][vc_empty_space empty_h=&#8220;1&#8243; mobile_visibility=&#8220;yes&#8220;][vc_button border_width=&#8220;0&#8243; css_animation=&#8220;zoom-in&#8220; animation_delay=&#8220;800&#8243; link=&#8220;url:mailto%3Alimmathaus%40impacthub.ch|target:_blank&#8220; uncode_shortcode_id=&#8220;223575&#8243;]limmathaus@impacthub.ch[\/vc_button][\/vc_column_inner][\/vc_row_inner][\/vc_column][\/vc_row]<\/p>\n<\/div>","protected":false},"excerpt":{"rendered":"<p>[vc_row][vc_column width=&#8220;1\/1&#8243;][uncode_breadcrumbs text_lead=&#8220;small&#8220;][\/vc_column][\/vc_row][vc_row row_height_percent=&#8220;0&#8243; overlay_alpha=&#8220;50&#8243; gutter_size=&#8220;3&#8243; column_width_percent=&#8220;100&#8243; shift_y=&#8220;0&#8243; z_index=&#8220;0&#8243; uncode_shortcode_id=&#8220;317606&#8243; css=&#8220;.vc_custom_1685450572238{padding-top: 32px !important;padding-bottom: 32px !important;}&#8220;][vc_column width=&#8220;1\/2&#8243;][vc_custom_heading uncode_shortcode_id=&#8220;158025&#8243;]Der Treffpunkt im Quartier[\/vc_custom_heading][vc_column_text [&hellip;]<\/p>\n","protected":false},"author":1,"featured_media":119348,"parent":117743,"menu_order":0,"comment_status":"closed","ping_status":"closed","template":"","meta":{"footnotes":""},"class_list":["post-37","page","type-page","status-publish","has-post-thumbnail","hentry"],"yoast_head":"<!-- This site is optimized with the Yoast SEO Premium plugin v25.8 (Yoast SEO v25.8) - https:\/\/yoast.com\/wordpress\/plugins\/seo\/ -->\n<title>Quartiertreff | Limmathaus<\/title>\n<meta name=\"description\" content=\"Quartiertreff im Limmathaus: Ob zum Feierabendbier oder f\u00fcr den Kindergeburtstag \u2013 im Limmathaus treffen sich die Menschen aus dem Quartier.\" \/>\n<meta name=\"robots\" content=\"index, follow, max-snippet:-1, max-image-preview:large, max-video-preview:-1\" \/>\n<link rel=\"canonical\" href=\"https:\/\/limmathaus.com\/de\/limmathaus\/quartiertreff\/\" \/>\n<meta property=\"og:locale\" content=\"de_DE\" \/>\n<meta property=\"og:type\" content=\"article\" \/>\n<meta property=\"og:title\" content=\"Quartiertreff\" \/>\n<meta property=\"og:description\" content=\"Quartiertreff im Limmathaus: Ob zum Feierabendbier oder f\u00fcr den Kindergeburtstag \u2013 im Limmathaus treffen sich die Menschen aus dem Quartier.\" \/>\n<meta property=\"og:url\" content=\"https:\/\/limmathaus.com\/de\/limmathaus\/quartiertreff\/\" \/>\n<meta property=\"og:site_name\" content=\"Limmathaus\" \/>\n<meta property=\"article:modified_time\" content=\"2024-11-18T14:19:43+00:00\" \/>\n<meta property=\"og:image\" content=\"https:\/\/limmathaus.com\/wp-content\/uploads\/Quartiertreff-Limmathaus.png\" \/>\n\t<meta property=\"og:image:width\" content=\"1274\" \/>\n\t<meta property=\"og:image:height\" content=\"1326\" \/>\n\t<meta property=\"og:image:type\" content=\"image\/png\" \/>\n<meta name=\"twitter:card\" content=\"summary_large_image\" \/>\n<meta name=\"twitter:label1\" content=\"Gesch\u00e4tzte Lesezeit\" \/>\n\t<meta name=\"twitter:data1\" content=\"2\u00a0Minuten\" \/>\n<script type=\"application\/ld+json\" class=\"yoast-schema-graph\">{\"@context\":\"https:\/\/schema.org\",\"@graph\":[{\"@type\":\"WebPage\",\"@id\":\"https:\/\/limmathaus.com\/de\/limmathaus\/quartiertreff\/\",\"url\":\"https:\/\/limmathaus.com\/de\/limmathaus\/quartiertreff\/\",\"name\":\"Quartiertreff | Limmathaus\",\"isPartOf\":{\"@id\":\"https:\/\/limmathaus.com\/de\/#website\"},\"primaryImageOfPage\":{\"@id\":\"https:\/\/limmathaus.com\/de\/limmathaus\/quartiertreff\/#primaryimage\"},\"image\":{\"@id\":\"https:\/\/limmathaus.com\/de\/limmathaus\/quartiertreff\/#primaryimage\"},\"thumbnailUrl\":\"https:\/\/limmathaus.com\/wp-content\/uploads\/Quartiertreff-Limmathaus.png\",\"datePublished\":\"2023-02-23T14:58:49+00:00\",\"dateModified\":\"2024-11-18T14:19:43+00:00\",\"description\":\"Quartiertreff im Limmathaus: Ob zum Feierabendbier oder f\u00fcr den Kindergeburtstag \u2013 im Limmathaus treffen sich die Menschen aus dem Quartier.\",\"breadcrumb\":{\"@id\":\"https:\/\/limmathaus.com\/de\/limmathaus\/quartiertreff\/#breadcrumb\"},\"inLanguage\":\"de\",\"potentialAction\":[{\"@type\":\"ReadAction\",\"target\":[\"https:\/\/limmathaus.com\/de\/limmathaus\/quartiertreff\/\"]}]},{\"@type\":\"ImageObject\",\"inLanguage\":\"de\",\"@id\":\"https:\/\/limmathaus.com\/de\/limmathaus\/quartiertreff\/#primaryimage\",\"url\":\"https:\/\/limmathaus.com\/wp-content\/uploads\/Quartiertreff-Limmathaus.png\",\"contentUrl\":\"https:\/\/limmathaus.com\/wp-content\/uploads\/Quartiertreff-Limmathaus.png\",\"width\":1274,\"height\":1326,\"caption\":\"Illustration zu Quartiertreff mit Leuten am Tisch und G\u00e4rtner\"},{\"@type\":\"BreadcrumbList\",\"@id\":\"https:\/\/limmathaus.com\/de\/limmathaus\/quartiertreff\/#breadcrumb\",\"itemListElement\":[{\"@type\":\"ListItem\",\"position\":1,\"name\":\"Startseite\",\"item\":\"https:\/\/limmathaus.com\/de\/\"},{\"@type\":\"ListItem\",\"position\":2,\"name\":\"Limmathaus\",\"item\":\"https:\/\/limmathaus.com\/de\/limmathaus\/\"},{\"@type\":\"ListItem\",\"position\":3,\"name\":\"Quartiertreff\"}]},{\"@type\":\"WebSite\",\"@id\":\"https:\/\/limmathaus.com\/de\/#website\",\"url\":\"https:\/\/limmathaus.com\/de\/\",\"name\":\"Limmathaus\",\"description\":\"Der Begegnungsort f\u00fcrs Quartier\",\"publisher\":{\"@id\":\"https:\/\/limmathaus.com\/de\/#organization\"},\"potentialAction\":[{\"@type\":\"SearchAction\",\"target\":{\"@type\":\"EntryPoint\",\"urlTemplate\":\"https:\/\/limmathaus.com\/de\/?s={search_term_string}\"},\"query-input\":{\"@type\":\"PropertyValueSpecification\",\"valueRequired\":true,\"valueName\":\"search_term_string\"}}],\"inLanguage\":\"de\"},{\"@type\":\"Organization\",\"@id\":\"https:\/\/limmathaus.com\/de\/#organization\",\"name\":\"Limmathaus\",\"url\":\"https:\/\/limmathaus.com\/de\/\",\"logo\":{\"@type\":\"ImageObject\",\"inLanguage\":\"de\",\"@id\":\"https:\/\/limmathaus.com\/de\/#\/schema\/logo\/image\/\",\"url\":\"https:\/\/limmathaus.com\/wp-content\/uploads\/Limmatplatz-10.jpg\",\"contentUrl\":\"https:\/\/limmathaus.com\/wp-content\/uploads\/Limmatplatz-10.jpg\",\"width\":2200,\"height\":1275,\"caption\":\"Limmathaus\"},\"image\":{\"@id\":\"https:\/\/limmathaus.com\/de\/#\/schema\/logo\/image\/\"}}]}<\/script>\n<!-- \/ Yoast SEO Premium plugin. -->","yoast_head_json":{"title":"Quartiertreff | Limmathaus","description":"Quartiertreff im Limmathaus: Ob zum Feierabendbier oder f\u00fcr den Kindergeburtstag \u2013 im Limmathaus treffen sich die Menschen aus dem Quartier.","robots":{"index":"index","follow":"follow","max-snippet":"max-snippet:-1","max-image-preview":"max-image-preview:large","max-video-preview":"max-video-preview:-1"},"canonical":"https:\/\/limmathaus.com\/de\/limmathaus\/quartiertreff\/","og_locale":"de_DE","og_type":"article","og_title":"Quartiertreff","og_description":"Quartiertreff im Limmathaus: Ob zum Feierabendbier oder f\u00fcr den Kindergeburtstag \u2013 im Limmathaus treffen sich die Menschen aus dem Quartier.","og_url":"https:\/\/limmathaus.com\/de\/limmathaus\/quartiertreff\/","og_site_name":"Limmathaus","article_modified_time":"2024-11-18T14:19:43+00:00","og_image":[{"width":1274,"height":1326,"url":"https:\/\/limmathaus.com\/wp-content\/uploads\/Quartiertreff-Limmathaus.png","type":"image\/png"}],"twitter_card":"summary_large_image","twitter_misc":{"Gesch\u00e4tzte Lesezeit":"2\u00a0Minuten"},"schema":{"@context":"https:\/\/schema.org","@graph":[{"@type":"WebPage","@id":"https:\/\/limmathaus.com\/de\/limmathaus\/quartiertreff\/","url":"https:\/\/limmathaus.com\/de\/limmathaus\/quartiertreff\/","name":"Quartiertreff | Limmathaus","isPartOf":{"@id":"https:\/\/limmathaus.com\/de\/#website"},"primaryImageOfPage":{"@id":"https:\/\/limmathaus.com\/de\/limmathaus\/quartiertreff\/#primaryimage"},"image":{"@id":"https:\/\/limmathaus.com\/de\/limmathaus\/quartiertreff\/#primaryimage"},"thumbnailUrl":"https:\/\/limmathaus.com\/wp-content\/uploads\/Quartiertreff-Limmathaus.png","datePublished":"2023-02-23T14:58:49+00:00","dateModified":"2024-11-18T14:19:43+00:00","description":"Quartiertreff im Limmathaus: Ob zum Feierabendbier oder f\u00fcr den Kindergeburtstag \u2013 im Limmathaus treffen sich die Menschen aus dem Quartier.","breadcrumb":{"@id":"https:\/\/limmathaus.com\/de\/limmathaus\/quartiertreff\/#breadcrumb"},"inLanguage":"de","potentialAction":[{"@type":"ReadAction","target":["https:\/\/limmathaus.com\/de\/limmathaus\/quartiertreff\/"]}]},{"@type":"ImageObject","inLanguage":"de","@id":"https:\/\/limmathaus.com\/de\/limmathaus\/quartiertreff\/#primaryimage","url":"https:\/\/limmathaus.com\/wp-content\/uploads\/Quartiertreff-Limmathaus.png","contentUrl":"https:\/\/limmathaus.com\/wp-content\/uploads\/Quartiertreff-Limmathaus.png","width":1274,"height":1326,"caption":"Illustration zu Quartiertreff mit Leuten am Tisch und G\u00e4rtner"},{"@type":"BreadcrumbList","@id":"https:\/\/limmathaus.com\/de\/limmathaus\/quartiertreff\/#breadcrumb","itemListElement":[{"@type":"ListItem","position":1,"name":"Startseite","item":"https:\/\/limmathaus.com\/de\/"},{"@type":"ListItem","position":2,"name":"Limmathaus","item":"https:\/\/limmathaus.com\/de\/limmathaus\/"},{"@type":"ListItem","position":3,"name":"Quartiertreff"}]},{"@type":"WebSite","@id":"https:\/\/limmathaus.com\/de\/#website","url":"https:\/\/limmathaus.com\/de\/","name":"Limmathaus","description":"Der Begegnungsort f\u00fcrs Quartier","publisher":{"@id":"https:\/\/limmathaus.com\/de\/#organization"},"potentialAction":[{"@type":"SearchAction","target":{"@type":"EntryPoint","urlTemplate":"https:\/\/limmathaus.com\/de\/?s={search_term_string}"},"query-input":{"@type":"PropertyValueSpecification","valueRequired":true,"valueName":"search_term_string"}}],"inLanguage":"de"},{"@type":"Organization","@id":"https:\/\/limmathaus.com\/de\/#organization","name":"Limmathaus","url":"https:\/\/limmathaus.com\/de\/","logo":{"@type":"ImageObject","inLanguage":"de","@id":"https:\/\/limmathaus.com\/de\/#\/schema\/logo\/image\/","url":"https:\/\/limmathaus.com\/wp-content\/uploads\/Limmatplatz-10.jpg","contentUrl":"https:\/\/limmathaus.com\/wp-content\/uploads\/Limmatplatz-10.jpg","width":2200,"height":1275,"caption":"Limmathaus"},"image":{"@id":"https:\/\/limmathaus.com\/de\/#\/schema\/logo\/image\/"}}]}},"_links":{"self":[{"href":"https:\/\/limmathaus.com\/de\/wp-json\/wp\/v2\/pages\/37","targetHints":{"allow":["GET"]}}],"collection":[{"href":"https:\/\/limmathaus.com\/de\/wp-json\/wp\/v2\/pages"}],"about":[{"href":"https:\/\/limmathaus.com\/de\/wp-json\/wp\/v2\/types\/page"}],"author":[{"embeddable":true,"href":"https:\/\/limmathaus.com\/de\/wp-json\/wp\/v2\/users\/1"}],"replies":[{"embeddable":true,"href":"https:\/\/limmathaus.com\/de\/wp-json\/wp\/v2\/comments?post=37"}],"version-history":[{"count":18,"href":"https:\/\/limmathaus.com\/de\/wp-json\/wp\/v2\/pages\/37\/revisions"}],"predecessor-version":[{"id":119805,"href":"https:\/\/limmathaus.com\/de\/wp-json\/wp\/v2\/pages\/37\/revisions\/119805"}],"up":[{"embeddable":true,"href":"https:\/\/limmathaus.com\/de\/wp-json\/wp\/v2\/pages\/117743"}],"wp:featuredmedia":[{"embeddable":true,"href":"https:\/\/limmathaus.com\/de\/wp-json\/wp\/v2\/media\/119348"}],"wp:attachment":[{"href":"https:\/\/limmathaus.com\/de\/wp-json\/wp\/v2\/media?parent=37"}],"curies":[{"name":"wp","href":"https:\/\/api.w.org\/{rel}","templated":true}]}}