{"id":32,"date":"2023-02-23T14:59:18","date_gmt":"2023-02-23T14:59:18","guid":{"rendered":"http:\/\/new.limmathaus.com\/wordpress\/?page_id=32"},"modified":"2023-07-31T14:36:32","modified_gmt":"2023-07-31T12:36:32","slug":"fragen-antworten","status":"publish","type":"page","link":"https:\/\/limmathaus.com\/de\/fragen-antworten\/","title":{"rendered":"Fragen und Antworten"},"content":{"rendered":"<div class=\"wpb-content-wrapper\"><p>[vc_row row_height_percent=&#8220;60&#8243; override_padding=&#8220;yes&#8220; h_padding=&#8220;2&#8243; top_padding=&#8220;5&#8243; bottom_padding=&#8220;5&#8243; back_image=&#8220;119423&#8243; back_position=&#8220;center top&#8220; parallax=&#8220;yes&#8220; kburns=&#8220;yes&#8220; overlay_color=&#8220;color-jevc&#8220; overlay_alpha=&#8220;50&#8243; equal_height=&#8220;yes&#8220; gutter_size=&#8220;3&#8243; column_width_percent=&#8220;100&#8243; shift_y=&#8220;0&#8243; z_index=&#8220;0&#8243; top_divider=&#8220;gradient&#8220; bottom_divider=&#8220;gradient&#8220; uncode_shortcode_id=&#8220;177740&#8243; overlay_color_type=&#8220;uncode-palette&#8220;][vc_column column_width_percent=&#8220;100&#8243; position_vertical=&#8220;bottom&#8220; gutter_size=&#8220;3&#8243; style=&#8220;dark&#8220; overlay_alpha=&#8220;50&#8243; shift_x=&#8220;0&#8243; shift_y=&#8220;0&#8243; shift_y_down=&#8220;0&#8243; z_index=&#8220;0&#8243; medium_width=&#8220;0&#8243; mobile_width=&#8220;0&#8243; width=&#8220;1\/1&#8243;][vc_row_inner row_inner_height_percent=&#8220;0&#8243; overlay_alpha=&#8220;50&#8243; gutter_size=&#8220;3&#8243; shift_y=&#8220;0&#8243;][vc_column_inner column_width_percent=&#8220;100&#8243; gutter_size=&#8220;3&#8243; style=&#8220;dark&#8220; overlay_alpha=&#8220;50&#8243; shift_x=&#8220;0&#8243; shift_y=&#8220;0&#8243; shift_y_down=&#8220;0&#8243; z_index=&#8220;0&#8243; medium_width=&#8220;0&#8243; mobile_width=&#8220;0&#8243; css_animation=&#8220;alpha-anim&#8220; animation_delay=&#8220;200&#8243; width=&#8220;9\/12&#8243;][vc_custom_heading heading_semantic=&#8220;h6&#8243; text_size=&#8220;h6&#8243; text_transform=&#8220;uppercase&#8220; uncode_shortcode_id=&#8220;199238&#8243;]Limmathaus[\/vc_custom_heading][vc_custom_heading heading_semantic=&#8220;h1&#8243; text_size=&#8220;h1&#8243; uncode_shortcode_id=&#8220;177176&#8243;]Fragen und Antworten[\/vc_custom_heading][\/vc_column_inner][vc_column_inner width=&#8220;3\/12&#8243;][\/vc_column_inner][\/vc_row_inner][\/vc_column][\/vc_row][vc_row unlock_row=&#8220;&#8220; row_height_percent=&#8220;0&#8243; overlay_alpha=&#8220;50&#8243; gutter_size=&#8220;3&#8243; column_width_percent=&#8220;100&#8243; shift_y=&#8220;0&#8243; z_index=&#8220;0&#8243; uncode_shortcode_id=&#8220;110067&#8243; css=&#8220;.vc_custom_1688725499331{border-top-width: 32px !important;}&#8220;][vc_column column_width_percent=&#8220;100&#8243; gutter_size=&#8220;3&#8243; overlay_alpha=&#8220;50&#8243; shift_x=&#8220;0&#8243; shift_y=&#8220;0&#8243; shift_y_down=&#8220;0&#8243; z_index=&#8220;0&#8243; medium_width=&#8220;0&#8243; mobile_width=&#8220;0&#8243; width=&#8220;1\/1&#8243; uncode_shortcode_id=&#8220;103044&#8243; css=&#8220;.vc_custom_1688725539976{padding-top: 64px !important;padding-bottom: 64px !important;}&#8220;][vc_accordion][vc_accordion_tab gutter_size=&#8220;2&#8243; column_padding=&#8220;2&#8243; title=&#8220;Ist die Sanierung wirklich n\u00f6tig?&#8220; tab_id=&#8220;1685113993-1-43&#8243;][vc_column_text uncode_shortcode_id=&#8220;181917&#8243;]Ja.<\/p>\n<ul>\n<li>Damit das Limmathaus weiter bestehen kann, muss es die aktuellen beh\u00f6rdlichen Auflagen erf\u00fcllen. Ohne Sanierung kann dies nicht mehr gew\u00e4hrleistet werden.<\/li>\n<li>Das Limmathaus ist denkmalgesch\u00fctzt und eines der bedeutendsten Bauwerke des Neuen Bauens in Z\u00fcrich. Es soll darum der Stadt Z\u00fcrich unbedingt erhalten werden. Die Sanierung erm\u00f6glicht den Erhalt auch f\u00fcr zuk\u00fcnftige Generationen.<\/li>\n<li>Die Bausubstanz ist heute in die Jahre gekommen, die letzte Sanierung fand vor \u00fcber 30 Jahren statt. Diverse Infrastrukturen sind am Ende ihrer Lebensdauer und eine umfassende Instandsetzung ist n\u00f6tig.<\/li>\n<\/ul>\n<p>[\/vc_column_text][\/vc_accordion_tab][vc_accordion_tab gutter_size=&#8220;2&#8243; column_padding=&#8220;2&#8243; title=&#8220;Wieso wird das Limmathaus f\u00fcr zwei Jahre geschlossen?&#8220; tab_id=&#8220;1685113993-2-65&#8243;][vc_column_text uncode_shortcode_id=&#8220;171276&#8243;]Der Kern der Geb\u00e4udestruktur ist veraltet und wurde zum Teil noch nie erneuert. Diese muss nun an die aktuellen Vorschriften f\u00fcr Brandschutz oder Erdbebensicherheit angepasst werden. Ein grosser Teil der Instandsetzungsarbeiten betrifft diesen Kern.<\/p>\n<ul>\n<li>Ein etappenweises Vorgehen mit Teilbetrieb wurde gepr\u00fcft, ist aber aufgrund zu hoher Einschr\u00e4nkungen, zu hoher Kosten und einer zu langen Bauzeit nicht realisierbar. So kann bspw. ein Saal nicht im Umbau stehend betrieben werden. Die Situation ist vergleichbar mit dem Kongresshaus oder der Restaurierung eines anderen komplexen Geb\u00e4udes.<\/li>\n<li>Ein weiterer wichtiger Grund sind die Fluchtwege: Es m\u00fcssen zwingend immer alle Fluchtwege von den S\u00e4len in den Obergeschossen sicher ins Freie f\u00fchren. Hierzu gibt es Vorschriften der Vereinigung Kantonaler Feuerversicherungen (VKF) zur Abmessung, Kennzeichnung, Beleuchtung und Materialisierung der Fluchtwege; man darf das Publikum nicht durch eine Baustelle fl\u00fcchten lassen.<\/li>\n<\/ul>\n<p>[\/vc_column_text][\/vc_accordion_tab][vc_accordion_tab gutter_size=&#8220;2&#8243; column_padding=&#8220;2&#8243; title=&#8220;Was bietet das neue Limmathaus?&#8220; tab_id=&#8220;1688720109766-9-2&#8243;][vc_column_text uncode_shortcode_id=&#8220;105822&#8243;]Das neue Limmathaus soll wieder zur\u00fcck zum urspr\u00fcnglichen Zweck: Im Jahr 1926 ist die Idee geboren, ein Arbeiterhaus f\u00fcr die Bewohner des Quartiers zu schaffen als einen \u00abOrt der Begegnung und des kulturellen Austausches\u00bb.<\/p>\n<p>Und genau das wird im neuen Limmathaus umgesetzt werden. Alle Konzerts\u00e4le bleiben wie gehabt, so dass Konzerte und Partys wie bisher weitergef\u00fchrt werden k\u00f6nnen. Zus\u00e4tzlich sollen aber auch alle anderen Geb\u00e4udeteile f\u00fcr die \u00d6ffentlichkeit zug\u00e4nglich und nutzbar gemacht werden. Damit wird das Limmathaus f\u00fcr alle Bev\u00f6lkerungsgruppen interessant und der Beitrag an das Z\u00fcrcher Kultur- und Gesellschaftsleben erh\u00f6ht sich somit.<\/p>\n<p>Neu wird das Limmathaus in seiner Gesamtheit von morgens fr\u00fch bis sp\u00e4t in die Nacht von allen Menschen offen stehen.<\/p>\n<p>Angeboten werden:<\/p>\n<ul>\n<li>Party und Musik (Konzerte, Partys, u.\u00e4.)<\/li>\n<li>Kunst und Kultur (Kunstausstellungen, u.\u00e4.)<\/li>\n<li>Politik und Gesellschaft (Podiumsdiskussionen, politische Veranstaltungen)<\/li>\n<li>Gastronomie (Kaffee, Bar, Restaurant und Gartenrestaurant)<\/li>\n<li>Begegnung &amp; Garten (Quartiertreffpunkt und Bereiche ohne Konsumation)<\/li>\n<li>Innovation (R\u00e4ume f\u00fcr kreative Kollaboration)<\/li>\n<li>Engagement &amp; Zusammenarbeit (flexible Arbeitspl\u00e4tze)<\/li>\n<li>Bestehende drei Mietwohnungen<\/li>\n<\/ul>\n<p>[\/vc_column_text][\/vc_accordion_tab][vc_accordion_tab gutter_size=&#8220;2&#8243; column_padding=&#8220;2&#8243; title=&#8220;Wieso wurde ein neues Betriebskonzept ausgeschrieben?&#8220; tab_id=&#8220;1688720253040-10-9&#8243;][vc_column_text uncode_shortcode_id=&#8220;817803&#8243;]Die Eigent\u00fcmerin des Limmathauses, die Stiftung Limmathaus, hat aufgrund der n\u00f6tigen Sanierung und zur Sicherstellung der zuk\u00fcnftigen Finanzierung die beiden Unternehmen X-Tra Production AG (P\u00e4chterin in den vergangenen 25 Jahren) sowie die Impact Hub Z\u00fcrich AG dazu eingeladen, ein Konzept f\u00fcr die n\u00e4chsten 30 Jahre vorzustellen.<\/p>\n<ul>\n<li>Der mehrmonatige Auswahlprozess beinhaltete u.a. eine Pr\u00e4sentation mit Fragerunde vor dem Gesamtstiftungsrat der Stiftung Limmathaus, sowie eine standardisierte 30-seitige Nutzwertanalyse, um beide Konzepte objektiv vergleichen zu k\u00f6nnen.<\/li>\n<li>An seiner Stiftungsratssitzung vom 29. Juni 2020 entschied sich der Stiftungsrat ohne Gegenstimmen f\u00fcr das Konzept des Impact Hub Z\u00fcrich mit folgender Begr\u00fcndung: \u00abDas Konzept des Impact Hub Z\u00fcrich ist gesellschaftspolitisch, programmatisch, inhaltlich und zielgruppenbezogen breiter angelegt. Es erlaubt auch zeitlich eine breitere und intensivere Ausnutzung aller R\u00e4ume. Zudem verspricht es eine gr\u00f6ssere \u00f6konomische Tragf\u00e4higkeit und er\u00f6ffnet dem Limmathaus eine langfristige sozio-kulturelle Perspektive.\u00bb<\/li>\n<li>Die Stadt Z\u00fcrich ist mit drei Stiftungsr\u00e4ten im zw\u00f6lfk\u00f6pfigen Stiftungsrat vertreten. Der Stadtrat unterst\u00fctzt den Entscheid des Stiftungsrates.<\/li>\n<\/ul>\n<p>[\/vc_column_text][\/vc_accordion_tab][vc_accordion_tab gutter_size=&#8220;2&#8243; column_padding=&#8220;2&#8243; title=&#8220;Wer sind die neuen P\u00e4chter des Limmathauses?&#8220; tab_id=&#8220;1688720464567-9-5&#8243;][vc_column_text uncode_shortcode_id=&#8220;792740&#8243;]Wir sind der Impact Hub Z\u00fcrich, das Caf\u00e9 Auer &amp; Co. und das Kraftwerk Selnau &#8211; erfahre hier alles <a href=\"https:\/\/limmathaus.comueber-uns\/\">\u00fcber uns<\/a>.[\/vc_column_text][\/vc_accordion_tab][vc_accordion_tab gutter_size=&#8220;2&#8243; column_padding=&#8220;2&#8243; title=&#8220;Gibt es nach dem P\u00e4chterwechsel noch Grossveranstaltungen, Partys und Konzerte im Limmathaus?&#8220; tab_id=&#8220;1688720469634-10-1&#8243;][vc_column_text uncode_shortcode_id=&#8220;526685&#8243;]Ja &#8211; und wir freuen uns bereits, mit euch im Limmathaus weiterzufeiern.<\/p>\n<p>Nach der Wiederer\u00f6ffnung bleibt das neue Limmathaus weiterhin ein wichtiger Kulturort der Stadt Z\u00fcrich und dazu geh\u00f6ren auch Grossveranstaltungen, Partys und Konzerte.<\/p>\n<p>Neu werden auch alle anderen Teile des Geb\u00e4udes genutzt und f\u00fcr die \u00d6ffentlichkeit zug\u00e4nglich gemacht.<\/p>\n<p>Schau dir hier das ganze <a href=\"https:\/\/limmathaus.comlimmathaus\/\">Limmathaus<\/a> Programm an und komm schon heute zum Feiern ins Kraftwerk mit dem Kellerclub \u00d3 do Borogod\u00f3 oder ins Auer &amp; Co.[\/vc_column_text][\/vc_accordion_tab][vc_accordion_tab gutter_size=&#8220;2&#8243; column_padding=&#8220;2&#8243; title=&#8220;Wie wird das Limmathaus zum Quartiertreffpunkt?&#8220; tab_id=&#8220;1685448423279-5-1&#8243;][vc_column_text uncode_shortcode_id=&#8220;116578&#8243;]Das neue Limmathaus wird gem\u00e4ss dem Konzept des Impact Hubs ganzheitlich ge\u00f6ffnet. Damit werden alle Teile des Geb\u00e4udes f\u00fcr die \u00d6ffentlichkeit nutzbar inklusive dem grossz\u00fcgigen Vorplatz bzw. Garten im Aussenbereich.<\/p>\n<p>Das Ziel ist es, das Limmathaus als Begegnungszort im Industriequartier zu etablieren. Die Menschen im Quartier und in Z\u00fcrich sind eingeladen, das Geb\u00e4ude nach ihren W\u00fcnschen zu nutzen und das Programm mitzugestalten. Im neuen Konzept ist explizit vorgesehen, dass auch kleinere Quartierveranstaltungen ohne kommerziellen Zweck und ohne grosses Budget die R\u00e4ume des Limmathaus regelm\u00e4ssig nutzen k\u00f6nnen.<\/p>\n<p>Dem Kreis 5 fehlt im Bereich Limmatplatz ein Quartierzentrum und das Limmathaus ist perfekt gelegen, um diese L\u00fccke zu schliessen. Wir m\u00f6chten dies mit dem neuen Konzept f\u00fcr das Limmathaus erm\u00f6glichen.[\/vc_column_text][\/vc_accordion_tab][vc_accordion_tab gutter_size=&#8220;2&#8243; column_padding=&#8220;2&#8243; title=&#8220;Welche Vorteile neben dem Quartiertreff bringt das neue Limmathaus?&#8220; tab_id=&#8220;1688720585689-9-10&#8243;][vc_column_text uncode_shortcode_id=&#8220;174448&#8243;]<\/p>\n<div class=\"accordion-icon-container\" data-is-open=\"false\" aria-hidden=\"true\">\n<div class=\"arrow-container\">\n<div class=\"arrow\"><span style=\"font-family: -apple-system, BlinkMacSystemFont, 'Segoe UI', Roboto, Oxygen-Sans, Ubuntu, Cantarell, 'Helvetica Neue', sans-serif;\">Neben der \u00d6ffnung des ganzen Geb\u00e4udes und der Erweiterung der Nutzung in den R\u00e4umen bringt das neue Limmathaus noch weitere Vorteile:<\/span><\/div>\n<\/div>\n<\/div>\n<div id=\"dropdown-block-6bffccf8429b30260bad-7\" class=\"accordion-item__dropdown accordion-item__dropdown--open\" role=\"region\" aria-labelledby=\"button-block-6bffccf8429b30260bad-7\">\n<div class=\" accordion-item__description \">\n<p><em><strong>Schaffung von Arbeitspl\u00e4tzen im Bereich Nachhaltigkeit, Unternehmertum, Innovation<\/strong><\/em><\/p>\n<p>Das neue Limmathaus wird ein wichtiger Job-Motor f\u00fcr zukunftsf\u00e4hige Arbeitsstellen und Karrieren in Z\u00fcrich. Im Impact Hub werden bereits heute 1\u2019000 neue netto Vollzeit-Arbeitspl\u00e4tze pro Jahr durch dessen Mitglieder geschaffen und die Mitglieder schreiben etwa 20% ihres unternehmerischen Erfolgs dem Impact Hub selbst zu. Die st\u00e4rksten Themenbereiche sind Umwelt und Klima, digitale Technologie und Bildung. Im zuk\u00fcnftigen Limmathaus wird sich dieser Beitrag f\u00fcr Z\u00fcrich und die Schweiz sogar noch steigern lassen.<\/p>\n<p><em><strong>Beitrag zur kantonalen Berufsbildungsmeile<\/strong><\/em><\/p>\n<p>Das zuk\u00fcnftige Limmathaus wird schon allein durch die r\u00e4umliche N\u00e4he ein Teil der geplanten Berufsbildungsmeile des Kantons. Mit dem Impact Hub, der einerseits bereits mit verschiedenen kantonalen \u00c4mtern kooperiert bzw. kooperiert hat (inkl. Bildungsdirektion) und andererseits einen Schwerpunkt in der (Aus-)Bildung der Zukunft setzt &#8211; bspw. durch Coding\/IT Kurse, Coaching Formate oder Karriereplanung, wird das neue Limmathaus eine attraktive Verbindung zwischen Berufsbildungsmeile und dem \u00fcbrigen Teil der Stadt Z\u00fcrich und dem Kanton schaffen. Dazu geh\u00f6rt auch die vom Impact Hub selbst betriebene Gastronomie, die nicht nur zum Konsumieren, sondern auch zum Verweilen, Vernetzen und Lernen einl\u00e4dt. Dies kannst du auch heute schon im Caf\u00e9 Auer&amp;Co, sowie im Bar\/Restaurant Kraftwerk erleben, die beide vom Impact Hub betrieben werden.<\/p>\n<\/div>\n<\/div>\n<p>[\/vc_column_text][\/vc_accordion_tab][\/vc_accordion][\/vc_column][\/vc_row][vc_row row_height_percent=&#8220;0&#8243; override_padding=&#8220;yes&#8220; h_padding=&#8220;2&#8243; top_padding=&#8220;5&#8243; bottom_padding=&#8220;0&#8243; back_color=&#8220;color-wayh&#8220; overlay_color=&#8220;color-jevc&#8220; overlay_alpha=&#8220;20&#8243; gutter_size=&#8220;3&#8243; column_width_percent=&#8220;100&#8243; shift_y=&#8220;0&#8243; z_index=&#8220;0&#8243; top_divider=&#8220;gradient&#8220; bottom_divider=&#8220;gradient&#8220; uncode_shortcode_id=&#8220;178987&#8243; back_color_type=&#8220;uncode-palette&#8220; overlay_color_type=&#8220;uncode-palette&#8220;][vc_column column_width_percent=&#8220;100&#8243; position_vertical=&#8220;middle&#8220; align_horizontal=&#8220;align_center&#8220; gutter_size=&#8220;4&#8243; style=&#8220;dark&#8220; overlay_alpha=&#8220;50&#8243; shift_x=&#8220;0&#8243; shift_y=&#8220;0&#8243; shift_y_down=&#8220;0&#8243; z_index=&#8220;0&#8243; medium_width=&#8220;0&#8243; mobile_width=&#8220;0&#8243; width=&#8220;1\/1&#8243;][vc_row_inner row_inner_height_percent=&#8220;0&#8243; overlay_alpha=&#8220;50&#8243; gutter_size=&#8220;4&#8243; shift_y=&#8220;0&#8243; z_index=&#8220;0&#8243;][vc_column_inner column_width_percent=&#8220;100&#8243; align_horizontal=&#8220;align_center&#8220; gutter_size=&#8220;3&#8243; style=&#8220;dark&#8220; overlay_alpha=&#8220;50&#8243; shift_x=&#8220;0&#8243; shift_y=&#8220;0&#8243; shift_y_down=&#8220;0&#8243; z_index=&#8220;0&#8243; medium_width=&#8220;0&#8243; mobile_width=&#8220;0&#8243; width=&#8220;1\/1&#8243;][vc_custom_heading heading_semantic=&#8220;h3&#8243; text_size=&#8220;h1&#8243; css_animation=&#8220;curtain&#8220; interval_animation=&#8220;200&#8243; uncode_shortcode_id=&#8220;972297&#8243;]<span class=\"heading-text-highlight \" data-atts='{\"bg\":\"style-color-xsdn-bg\",\"height\":\"15%\",\"offset\":\"0.15em\",\"opacity\":\"0.25\",\"animated\":\"yes\"}'>Hast du weitere Fragen zum zuk\u00fcnftigen Limmathaus und dessen Nutzung?<\/span>[\/vc_custom_heading][vc_custom_heading heading_semantic=&#8220;p&#8220; text_size=&#8220;h4&#8243; text_weight=&#8220;400&#8243; css_animation=&#8220;curtain&#8220; uncode_shortcode_id=&#8220;262430&#8243;]Dann kontaktiere uns gleich direkt, wir beantworten gerne alle deine Fragen rund ums Limmathaus.[\/vc_custom_heading][vc_empty_space empty_h=&#8220;1&#8243; mobile_visibility=&#8220;yes&#8220;][vc_button border_width=&#8220;0&#8243; css_animation=&#8220;zoom-in&#8220; animation_delay=&#8220;800&#8243; link=&#8220;url:mailto%3Alimmathaus%40impacthub.ch|target:_blank&#8220; uncode_shortcode_id=&#8220;678873&#8243;]limmathaus@impacthub.ch[\/vc_button][\/vc_column_inner][\/vc_row_inner][\/vc_column][\/vc_row]<\/p>\n<\/div>","protected":false},"excerpt":{"rendered":"<p>[vc_row row_height_percent=&#8220;60&#8243; override_padding=&#8220;yes&#8220; h_padding=&#8220;2&#8243; top_padding=&#8220;5&#8243; bottom_padding=&#8220;5&#8243; back_image=&#8220;119423&#8243; back_position=&#8220;center top&#8220; parallax=&#8220;yes&#8220; kburns=&#8220;yes&#8220; overlay_color=&#8220;color-jevc&#8220; overlay_alpha=&#8220;50&#8243; equal_height=&#8220;yes&#8220; gutter_size=&#8220;3&#8243; column_width_percent=&#8220;100&#8243; shift_y=&#8220;0&#8243; z_index=&#8220;0&#8243; top_divider=&#8220;gradient&#8220; bottom_divider=&#8220;gradient&#8220; [&hellip;]<\/p>\n","protected":false},"author":1,"featured_media":0,"parent":0,"menu_order":0,"comment_status":"closed","ping_status":"closed","template":"","meta":{"footnotes":""},"class_list":["post-32","page","type-page","status-publish","hentry"],"yoast_head":"<!-- This site is optimized with the Yoast SEO Premium plugin v25.8 (Yoast SEO v25.8) - https:\/\/yoast.com\/wordpress\/plugins\/seo\/ -->\n<title>Fragen und Antworten | Limmathaus<\/title>\n<meta name=\"description\" content=\"Hier findest du Antworten auf die wichtigsten Fragen zum Limmathaus. Kontaktiere uns direkt, wenn du noch mehr erfahren m\u00f6chtest.\" \/>\n<meta name=\"robots\" content=\"index, follow, max-snippet:-1, max-image-preview:large, max-video-preview:-1\" \/>\n<link rel=\"canonical\" href=\"https:\/\/limmathaus.com\/de\/fragen-antworten\/\" \/>\n<meta property=\"og:locale\" content=\"de_DE\" \/>\n<meta property=\"og:type\" content=\"article\" \/>\n<meta property=\"og:title\" content=\"Fragen und Antworten\" \/>\n<meta property=\"og:description\" content=\"Hier findest du Antworten auf die wichtigsten Fragen zum Limmathaus. Kontaktiere uns direkt, wenn du noch mehr erfahren m\u00f6chtest.\" \/>\n<meta property=\"og:url\" content=\"https:\/\/limmathaus.com\/de\/fragen-antworten\/\" \/>\n<meta property=\"og:site_name\" content=\"Limmathaus\" \/>\n<meta property=\"article:modified_time\" content=\"2023-07-31T12:36:32+00:00\" \/>\n<meta name=\"twitter:card\" content=\"summary_large_image\" \/>\n<meta name=\"twitter:label1\" content=\"Gesch\u00e4tzte Lesezeit\" \/>\n\t<meta name=\"twitter:data1\" content=\"7\u00a0Minuten\" \/>\n<script type=\"application\/ld+json\" class=\"yoast-schema-graph\">{\"@context\":\"https:\/\/schema.org\",\"@graph\":[{\"@type\":\"WebPage\",\"@id\":\"https:\/\/limmathaus.com\/de\/fragen-antworten\/\",\"url\":\"https:\/\/limmathaus.com\/de\/fragen-antworten\/\",\"name\":\"Fragen und Antworten | Limmathaus\",\"isPartOf\":{\"@id\":\"https:\/\/limmathaus.com\/de\/#website\"},\"datePublished\":\"2023-02-23T14:59:18+00:00\",\"dateModified\":\"2023-07-31T12:36:32+00:00\",\"description\":\"Hier findest du Antworten auf die wichtigsten Fragen zum Limmathaus. Kontaktiere uns direkt, wenn du noch mehr erfahren m\u00f6chtest.\",\"breadcrumb\":{\"@id\":\"https:\/\/limmathaus.com\/de\/fragen-antworten\/#breadcrumb\"},\"inLanguage\":\"de\",\"potentialAction\":[{\"@type\":\"ReadAction\",\"target\":[\"https:\/\/limmathaus.com\/de\/fragen-antworten\/\"]}]},{\"@type\":\"BreadcrumbList\",\"@id\":\"https:\/\/limmathaus.com\/de\/fragen-antworten\/#breadcrumb\",\"itemListElement\":[{\"@type\":\"ListItem\",\"position\":1,\"name\":\"Startseite\",\"item\":\"https:\/\/limmathaus.com\/de\/\"},{\"@type\":\"ListItem\",\"position\":2,\"name\":\"Fragen und Antworten\"}]},{\"@type\":\"WebSite\",\"@id\":\"https:\/\/limmathaus.com\/de\/#website\",\"url\":\"https:\/\/limmathaus.com\/de\/\",\"name\":\"Limmathaus\",\"description\":\"Der Begegnungsort f\u00fcrs Quartier\",\"publisher\":{\"@id\":\"https:\/\/limmathaus.com\/de\/#organization\"},\"potentialAction\":[{\"@type\":\"SearchAction\",\"target\":{\"@type\":\"EntryPoint\",\"urlTemplate\":\"https:\/\/limmathaus.com\/de\/?s={search_term_string}\"},\"query-input\":{\"@type\":\"PropertyValueSpecification\",\"valueRequired\":true,\"valueName\":\"search_term_string\"}}],\"inLanguage\":\"de\"},{\"@type\":\"Organization\",\"@id\":\"https:\/\/limmathaus.com\/de\/#organization\",\"name\":\"Limmathaus\",\"url\":\"https:\/\/limmathaus.com\/de\/\",\"logo\":{\"@type\":\"ImageObject\",\"inLanguage\":\"de\",\"@id\":\"https:\/\/limmathaus.com\/de\/#\/schema\/logo\/image\/\",\"url\":\"https:\/\/limmathaus.com\/wp-content\/uploads\/Limmatplatz-10.jpg\",\"contentUrl\":\"https:\/\/limmathaus.com\/wp-content\/uploads\/Limmatplatz-10.jpg\",\"width\":2200,\"height\":1275,\"caption\":\"Limmathaus\"},\"image\":{\"@id\":\"https:\/\/limmathaus.com\/de\/#\/schema\/logo\/image\/\"}}]}<\/script>\n<!-- \/ Yoast SEO Premium plugin. -->","yoast_head_json":{"title":"Fragen und Antworten | Limmathaus","description":"Hier findest du Antworten auf die wichtigsten Fragen zum Limmathaus. Kontaktiere uns direkt, wenn du noch mehr erfahren m\u00f6chtest.","robots":{"index":"index","follow":"follow","max-snippet":"max-snippet:-1","max-image-preview":"max-image-preview:large","max-video-preview":"max-video-preview:-1"},"canonical":"https:\/\/limmathaus.com\/de\/fragen-antworten\/","og_locale":"de_DE","og_type":"article","og_title":"Fragen und Antworten","og_description":"Hier findest du Antworten auf die wichtigsten Fragen zum Limmathaus. Kontaktiere uns direkt, wenn du noch mehr erfahren m\u00f6chtest.","og_url":"https:\/\/limmathaus.com\/de\/fragen-antworten\/","og_site_name":"Limmathaus","article_modified_time":"2023-07-31T12:36:32+00:00","twitter_card":"summary_large_image","twitter_misc":{"Gesch\u00e4tzte Lesezeit":"7\u00a0Minuten"},"schema":{"@context":"https:\/\/schema.org","@graph":[{"@type":"WebPage","@id":"https:\/\/limmathaus.com\/de\/fragen-antworten\/","url":"https:\/\/limmathaus.com\/de\/fragen-antworten\/","name":"Fragen und Antworten | Limmathaus","isPartOf":{"@id":"https:\/\/limmathaus.com\/de\/#website"},"datePublished":"2023-02-23T14:59:18+00:00","dateModified":"2023-07-31T12:36:32+00:00","description":"Hier findest du Antworten auf die wichtigsten Fragen zum Limmathaus. Kontaktiere uns direkt, wenn du noch mehr erfahren m\u00f6chtest.","breadcrumb":{"@id":"https:\/\/limmathaus.com\/de\/fragen-antworten\/#breadcrumb"},"inLanguage":"de","potentialAction":[{"@type":"ReadAction","target":["https:\/\/limmathaus.com\/de\/fragen-antworten\/"]}]},{"@type":"BreadcrumbList","@id":"https:\/\/limmathaus.com\/de\/fragen-antworten\/#breadcrumb","itemListElement":[{"@type":"ListItem","position":1,"name":"Startseite","item":"https:\/\/limmathaus.com\/de\/"},{"@type":"ListItem","position":2,"name":"Fragen und Antworten"}]},{"@type":"WebSite","@id":"https:\/\/limmathaus.com\/de\/#website","url":"https:\/\/limmathaus.com\/de\/","name":"Limmathaus","description":"Der Begegnungsort f\u00fcrs Quartier","publisher":{"@id":"https:\/\/limmathaus.com\/de\/#organization"},"potentialAction":[{"@type":"SearchAction","target":{"@type":"EntryPoint","urlTemplate":"https:\/\/limmathaus.com\/de\/?s={search_term_string}"},"query-input":{"@type":"PropertyValueSpecification","valueRequired":true,"valueName":"search_term_string"}}],"inLanguage":"de"},{"@type":"Organization","@id":"https:\/\/limmathaus.com\/de\/#organization","name":"Limmathaus","url":"https:\/\/limmathaus.com\/de\/","logo":{"@type":"ImageObject","inLanguage":"de","@id":"https:\/\/limmathaus.com\/de\/#\/schema\/logo\/image\/","url":"https:\/\/limmathaus.com\/wp-content\/uploads\/Limmatplatz-10.jpg","contentUrl":"https:\/\/limmathaus.com\/wp-content\/uploads\/Limmatplatz-10.jpg","width":2200,"height":1275,"caption":"Limmathaus"},"image":{"@id":"https:\/\/limmathaus.com\/de\/#\/schema\/logo\/image\/"}}]}},"_links":{"self":[{"href":"https:\/\/limmathaus.com\/de\/wp-json\/wp\/v2\/pages\/32","targetHints":{"allow":["GET"]}}],"collection":[{"href":"https:\/\/limmathaus.com\/de\/wp-json\/wp\/v2\/pages"}],"about":[{"href":"https:\/\/limmathaus.com\/de\/wp-json\/wp\/v2\/types\/page"}],"author":[{"embeddable":true,"href":"https:\/\/limmathaus.com\/de\/wp-json\/wp\/v2\/users\/1"}],"replies":[{"embeddable":true,"href":"https:\/\/limmathaus.com\/de\/wp-json\/wp\/v2\/comments?post=32"}],"version-history":[{"count":53,"href":"https:\/\/limmathaus.com\/de\/wp-json\/wp\/v2\/pages\/32\/revisions"}],"predecessor-version":[{"id":119747,"href":"https:\/\/limmathaus.com\/de\/wp-json\/wp\/v2\/pages\/32\/revisions\/119747"}],"wp:attachment":[{"href":"https:\/\/limmathaus.com\/de\/wp-json\/wp\/v2\/media?parent=32"}],"curies":[{"name":"wp","href":"https:\/\/api.w.org\/{rel}","templated":true}]}}