{"id":30,"date":"2023-02-23T14:58:18","date_gmt":"2023-02-23T14:58:18","guid":{"rendered":"http:\/\/new.limmathaus.com\/wordpress\/?page_id=30"},"modified":"2024-11-18T12:03:50","modified_gmt":"2024-11-18T11:03:50","slug":"home","status":"publish","type":"page","link":"https:\/\/limmathaus.com\/de\/","title":{"rendered":"Startseite"},"content":{"rendered":"<div class=\"wpb-content-wrapper\"><p>[vc_row row_height_percent=&#8220;0&#8243; override_padding=&#8220;yes&#8220; h_padding=&#8220;2&#8243; top_padding=&#8220;7&#8243; bottom_padding=&#8220;7&#8243; back_color=&#8220;color-wayh&#8220; overlay_color=&#8220;accent&#8220; overlay_alpha=&#8220;50&#8243; gutter_size=&#8220;3&#8243; column_width_percent=&#8220;100&#8243; shift_y=&#8220;0&#8243; z_index=&#8220;0&#8243; top_divider=&#8220;gradient&#8220; bottom_divider=&#8220;gradient&#8220; inverted_device_order=&#8220;yes&#8220; auto_height_device=&#8220;yes&#8220; uncode_shortcode_id=&#8220;122018&#8243; back_color_type=&#8220;uncode-palette&#8220; overlay_color_type=&#8220;uncode-palette&#8220;][vc_column column_width_use_pixel=&#8220;yes&#8220; position_vertical=&#8220;middle&#8220; gutter_size=&#8220;4&#8243; style=&#8220;dark&#8220; overlay_alpha=&#8220;50&#8243; shift_x=&#8220;0&#8243; shift_y=&#8220;0&#8243; shift_y_down=&#8220;0&#8243; z_index=&#8220;0&#8243; medium_width=&#8220;0&#8243; mobile_width=&#8220;0&#8243; width=&#8220;1\/1&#8243; uncode_shortcode_id=&#8220;186018&#8243; column_width_pixel=&#8220;1000&#8243;][vc_custom_heading heading_semantic=&#8220;h3&#8243; text_size=&#8220;h1&#8243; uncode_shortcode_id=&#8220;104790&#8243;]Willkommen im Limmathaus \u2013 dem Begegnungsort f\u00fcrs Quartier, die Stadt und die ganze Region[\/vc_custom_heading][vc_row_inner row_inner_height_percent=&#8220;0&#8243; overlay_alpha=&#8220;50&#8243; gutter_size=&#8220;4&#8243; shift_y=&#8220;0&#8243; z_index=&#8220;0&#8243; limit_content=&#8220;&#8220;][vc_column_inner column_width_percent=&#8220;100&#8243; gutter_size=&#8220;3&#8243; style=&#8220;dark&#8220; overlay_alpha=&#8220;50&#8243; shift_x=&#8220;0&#8243; shift_y=&#8220;0&#8243; shift_y_down=&#8220;0&#8243; z_index=&#8220;0&#8243; medium_width=&#8220;0&#8243; mobile_width=&#8220;0&#8243; width=&#8220;1\/1&#8243; uncode_shortcode_id=&#8220;500698&#8243;][vc_column_text text_lead=&#8220;yes&#8220; uncode_shortcode_id=&#8220;205895&#8243;]Das Limmathaus kommt zur\u00fcck ins Quartier und vereint Kultur und Begegnung, Gastronomie und Bar, Kreation und Innovation, Party und Musik, Dialog und Diskussion, Kunst und Engagment und vieles mehr unter einem Dach.<\/p>\n<p>Das denkmalgesch\u00fctzte Geb\u00e4ude wurde im Jahr 1931 errichtet und steht nun vor einer grossen Sanierung. Mit der Sanierung kommt die R\u00fcckf\u00fchrung zum urspr\u00fcnglichen Zweck des Geb\u00e4udes als Begegnungsort f\u00fcr die Menschen im Quartier sowie in und um Z\u00fcrich, als Haus der Arbeit und der Kultur.<\/p>\n<p>Das erwartet dich im Limmathaus:[\/vc_column_text][vc_empty_space empty_h=&#8220;1&#8243; mobile_visibility=&#8220;yes&#8220;][\/vc_column_inner][\/vc_row_inner][vc_separator sep_color=&#8220;,Default&#8220;][\/vc_column][\/vc_row][vc_row row_height_percent=&#8220;0&#8243; override_padding=&#8220;yes&#8220; h_padding=&#8220;2&#8243; top_padding=&#8220;4&#8243; bottom_padding=&#8220;2&#8243; overlay_alpha=&#8220;50&#8243; equal_height=&#8220;yes&#8220; gutter_size=&#8220;4&#8243; column_width_percent=&#8220;100&#8243; shift_y=&#8220;0&#8243; z_index=&#8220;0&#8243; el_class=&#8220;inverted-device-order&#8220; uncode_shortcode_id=&#8220;193510&#8243;][vc_column column_width_percent=&#8220;100&#8243; position_horizontal=&#8220;left&#8220; gutter_size=&#8220;3&#8243; override_padding=&#8220;yes&#8220; column_padding=&#8220;3&#8243; back_color=&#8220;color-xsdn&#8220; back_image=&#8220;119367&#8243; back_position=&#8220;center center&#8220; parallax=&#8220;yes&#8220; overlay_color=&#8220;color-xsdn&#8220; overlay_alpha=&#8220;50&#8243; radius=&#8220;sm&#8220; shadow=&#8220;std&#8220; border_color=&#8220;color-jevc&#8220; border_style=&#8220;solid&#8220; shift_x=&#8220;0&#8243; shift_y=&#8220;0&#8243; shift_y_down=&#8220;0&#8243; z_index=&#8220;0&#8243; medium_width=&#8220;0&#8243; mobile_width=&#8220;0&#8243; width=&#8220;1\/2&#8243; uncode_shortcode_id=&#8220;187811&#8243; back_color_type=&#8220;uncode-palette&#8220; border_color_type=&#8220;uncode-palette&#8220; link_to=&#8220;url:https%3A%2F%2Flimmathaus.com%2Fde%2Flimmathaus%2Fmusik-party%2F|title:Musik%20%26%20Party&#8220; overlay_color_type=&#8220;uncode-palette&#8220;][vc_single_image media=&#8220;119340&#8243; media_width_percent=&#8220;50&#8243; alignment=&#8220;center&#8220; uncode_shortcode_id=&#8220;171940&#8243; media_link=&#8220;url:https%3A%2F%2Flimmathaus.com%2Fde%2Flimmathaus%2Fmusik-party%2F&#8220;][vc_column_text text_color=&#8220;color-wayh&#8220; uncode_shortcode_id=&#8220;122955&#8243; text_color_type=&#8220;uncode-palette&#8220;]<\/p>\n<h3 style=\"text-align: left;\">Musik und Party<\/h3>\n<p style=\"text-align: left;\">Im Limmathaus sollen Musikveranstaltungen aller Art stattfinden: B\u00fchne frei f\u00fcr Konzerte, Partys und Raves. Von Grossveranstaltungen \u00fcber kleine Konzerte zu intimen Live Sets mit lokalen DJs \u2013 im Limmathaus setzen wir auf Vielfalt. Daf\u00fcr wollen wir mit unterschiedlichen Veranstalter*innen und der lokalen Musikszene zusammen arbeiten.<\/p>\n<p>[\/vc_column_text][vc_button border_width=&#8220;0&#8243; uncode_shortcode_id=&#8220;152176&#8243; link=&#8220;url:https%3A%2F%2Flimmathaus.com%2Fde%2Flimmathaus%2Fmusik-party%2F|title:Musik%20und%20Party|target:_blank&#8220;]Mehr erfahren[\/vc_button][\/vc_column][vc_column column_width_percent=&#8220;100&#8243; gutter_size=&#8220;3&#8243; override_padding=&#8220;yes&#8220; column_padding=&#8220;3&#8243; back_color=&#8220;color-xsdn&#8220; back_image=&#8220;119362&#8243; parallax=&#8220;yes&#8220; overlay_color=&#8220;color-xsdn&#8220; overlay_alpha=&#8220;50&#8243; radius=&#8220;sm&#8220; shadow=&#8220;std&#8220; shift_x=&#8220;0&#8243; shift_y=&#8220;0&#8243; shift_y_down=&#8220;0&#8243; z_index=&#8220;0&#8243; medium_width=&#8220;0&#8243; mobile_width=&#8220;0&#8243; width=&#8220;1\/2&#8243; uncode_shortcode_id=&#8220;503357&#8243; back_color_type=&#8220;uncode-palette&#8220; link_to=&#8220;url:https%3A%2F%2Flimmathaus.com%2Fde%2Flimmathaus%2Fkunst-kultur%2F|title:Kunst%20%26%20Kultur&#8220; overlay_color_type=&#8220;uncode-palette&#8220;][vc_single_image media=&#8220;119336&#8243; media_width_percent=&#8220;50&#8243; alignment=&#8220;center&#8220; uncode_shortcode_id=&#8220;565226&#8243;][vc_column_text text_color=&#8220;color-wayh&#8220; uncode_shortcode_id=&#8220;150453&#8243; text_color_type=&#8220;uncode-palette&#8220;]<\/p>\n<h3>Kunst und Kultur<\/h3>\n<p>Kunstausstellungen und Kulturveranstaltungen von bekannten oder <span class=\"discussion-id-bf081e5c-3bbe-4e27-bc29-946edaec29cf notion-enable-hover\" data-token-index=\"1\">weniger bekannten<\/span> Kunstschaffenden haben Platz im Limmathaus. Wir wollen ein Haus sein mit Performances und Vorstellungen aus verschiedenen Sparten. Wir freuen uns auf gesellschaftliche Impulse und vielf\u00e4ltige Kunst aus verschiedenen Bereichen.[\/vc_column_text][vc_button border_width=&#8220;0&#8243; uncode_shortcode_id=&#8220;918592&#8243; link=&#8220;url:https%3A%2F%2Flimmathaus.com%2Fde%2Flimmathaus%2Fkunst-kultur%2F|title:Kunst%20und%20Kultur&#8220;]Mehr erfahren[\/vc_button][\/vc_column][\/vc_row][vc_row row_height_percent=&#8220;0&#8243; override_padding=&#8220;yes&#8220; h_padding=&#8220;2&#8243; top_padding=&#8220;2&#8243; bottom_padding=&#8220;2&#8243; overlay_alpha=&#8220;50&#8243; equal_height=&#8220;yes&#8220; gutter_size=&#8220;4&#8243; column_width_percent=&#8220;100&#8243; shift_y=&#8220;0&#8243; z_index=&#8220;0&#8243; el_class=&#8220;inverted-device-order&#8220; uncode_shortcode_id=&#8220;128951&#8243;][vc_column column_width_percent=&#8220;100&#8243; position_horizontal=&#8220;left&#8220; gutter_size=&#8220;3&#8243; override_padding=&#8220;yes&#8220; column_padding=&#8220;3&#8243; back_color=&#8220;color-xsdn&#8220; back_image=&#8220;119362&#8243; back_position=&#8220;center center&#8220; parallax=&#8220;yes&#8220; overlay_color=&#8220;color-xsdn&#8220; overlay_alpha=&#8220;50&#8243; radius=&#8220;sm&#8220; shadow=&#8220;std&#8220; border_color=&#8220;color-jevc&#8220; border_style=&#8220;solid&#8220; shift_x=&#8220;0&#8243; shift_y=&#8220;0&#8243; shift_y_down=&#8220;0&#8243; z_index=&#8220;0&#8243; medium_width=&#8220;0&#8243; mobile_width=&#8220;0&#8243; width=&#8220;1\/2&#8243; uncode_shortcode_id=&#8220;114453&#8243; back_color_type=&#8220;uncode-palette&#8220; border_color_type=&#8220;uncode-palette&#8220; link_to=&#8220;url:https%3A%2F%2Flimmathaus.com%2Fde%2Flimmathaus%2Fpolitik-zivilgesellschaft%2F|title:Politik%20und%20Zivilgesellschaft&#8220; overlay_color_type=&#8220;uncode-palette&#8220;][vc_single_image media=&#8220;119344&#8243; media_width_percent=&#8220;50&#8243; alignment=&#8220;center&#8220; uncode_shortcode_id=&#8220;106223&#8243;][vc_column_text text_color=&#8220;color-wayh&#8220; uncode_shortcode_id=&#8220;188011&#8243; text_color_type=&#8220;uncode-palette&#8220;]<\/p>\n<h3 style=\"text-align: left;\">Politik und Zivilgesellschaft<\/h3>\n<p>Wir w\u00fcnschen uns einen Ort f\u00fcr gesellschaftlichen Austausch und Begegnungen &#8211; ob beim Stammtisch im informellen Rahmen oder bei einer Podiumsdiskussion zum Stand der Demokratie. Auch unkonventionelle Formate, neue Gruppierungen und Initiativen sind im Limmathaus willkommen.[\/vc_column_text][vc_button radius=&#8220;btn-default-shape&#8220; border_animation=&#8220;btn-ripple-out&#8220; border_width=&#8220;0&#8243; uncode_shortcode_id=&#8220;297329&#8243; link=&#8220;url:https%3A%2F%2Flimmathaus.com%2Fde%2Flimmathaus%2Fpolitik-zivilgesellschaft%2F|title:Politik%20und%20Zivilgesellschaft&#8220;]Mehr erfahren[\/vc_button][\/vc_column][vc_column column_width_percent=&#8220;100&#8243; gutter_size=&#8220;3&#8243; override_padding=&#8220;yes&#8220; column_padding=&#8220;3&#8243; back_color=&#8220;color-xsdn&#8220; back_image=&#8220;119367&#8243; parallax=&#8220;yes&#8220; overlay_color=&#8220;color-xsdn&#8220; overlay_alpha=&#8220;50&#8243; radius=&#8220;sm&#8220; shadow=&#8220;std&#8220; shift_x=&#8220;0&#8243; shift_y=&#8220;0&#8243; shift_y_down=&#8220;0&#8243; z_index=&#8220;0&#8243; medium_width=&#8220;0&#8243; mobile_width=&#8220;0&#8243; width=&#8220;1\/2&#8243; uncode_shortcode_id=&#8220;211460&#8243; back_color_type=&#8220;uncode-palette&#8220; link_to=&#8220;url:https%3A%2F%2Flimmathaus.com%2Fde%2Flimmathaus%2Fgastronomie%2F|title:Gastronomie&#8220; overlay_color_type=&#8220;uncode-palette&#8220;][vc_single_image media=&#8220;119332&#8243; media_width_percent=&#8220;50&#8243; alignment=&#8220;center&#8220; uncode_shortcode_id=&#8220;140091&#8243;][vc_column_text text_color=&#8220;color-wayh&#8220; uncode_shortcode_id=&#8220;181405&#8243; text_color_type=&#8220;uncode-palette&#8220;]<\/p>\n<h3>Gastronomie<\/h3>\n<p>Eine grosse Gastronomie mit Innen- und Aussenbereichen bietet Platz f\u00fcr Restaurantbetrieb, Caf\u00e9 und Bar. Dich erwartet ein breites Angebot an veganen und vegetarischen Speisen. F\u00fcr Familien, Feinschmecker*innen, Fans von Ap\u00e9ro \u2013 wir freuen uns auf dich![\/vc_column_text][vc_button border_width=&#8220;0&#8243; uncode_shortcode_id=&#8220;105250&#8243; link=&#8220;url:https%3A%2F%2Flimmathaus.com%2Fde%2Flimmathaus%2Fgastronomie%2F|title:Gastronomie&#8220;]Mehr erfahren[\/vc_button][\/vc_column][\/vc_row][vc_row row_height_percent=&#8220;0&#8243; override_padding=&#8220;yes&#8220; h_padding=&#8220;2&#8243; top_padding=&#8220;2&#8243; bottom_padding=&#8220;4&#8243; overlay_alpha=&#8220;50&#8243; equal_height=&#8220;yes&#8220; gutter_size=&#8220;4&#8243; column_width_percent=&#8220;100&#8243; shift_y=&#8220;0&#8243; z_index=&#8220;0&#8243; el_class=&#8220;inverted-device-order&#8220; uncode_shortcode_id=&#8220;845742&#8243;][vc_column column_width_percent=&#8220;100&#8243; position_horizontal=&#8220;left&#8220; gutter_size=&#8220;3&#8243; override_padding=&#8220;yes&#8220; column_padding=&#8220;3&#8243; back_color=&#8220;color-xsdn&#8220; back_image=&#8220;119367&#8243; back_position=&#8220;center center&#8220; parallax=&#8220;yes&#8220; overlay_color=&#8220;color-xsdn&#8220; overlay_alpha=&#8220;50&#8243; radius=&#8220;sm&#8220; shadow=&#8220;std&#8220; border_color=&#8220;color-jevc&#8220; border_style=&#8220;solid&#8220; shift_x=&#8220;0&#8243; shift_y=&#8220;0&#8243; shift_y_down=&#8220;0&#8243; z_index=&#8220;0&#8243; medium_width=&#8220;0&#8243; mobile_width=&#8220;0&#8243; width=&#8220;1\/2&#8243; uncode_shortcode_id=&#8220;698466&#8243; back_color_type=&#8220;uncode-palette&#8220; border_color_type=&#8220;uncode-palette&#8220; link_to=&#8220;url:https%3A%2F%2Flimmathaus.com%2Fde%2Flimmathaus%2Fengagement-zusammenarbeit%2F|title:Engagement%20und%20Zusammenarbeit&#8220; overlay_color_type=&#8220;uncode-palette&#8220;][vc_single_image media=&#8220;119328&#8243; media_width_percent=&#8220;50&#8243; alignment=&#8220;center&#8220; uncode_shortcode_id=&#8220;107981&#8243;][vc_column_text text_color=&#8220;color-wayh&#8220; uncode_shortcode_id=&#8220;192308&#8243; text_color_type=&#8220;uncode-palette&#8220;]<\/p>\n<h3 style=\"text-align: left;\"><strong>Engagement und Zusammenarbeit<\/strong><\/h3>\n<p><span class=\"discussion-id-086f8c49-a7bb-4b55-a312-1b322aba15e6 notion-enable-hover\" data-token-index=\"0\">Der ehemalige Hotelbereich des Limmathauses wird zu einem Ort, wo Projekte mit gesellschaftlichem Impact entstehen und sich weiterentwickeln &#8211; mit Coworking, flexiblen B\u00fcros und Sitzungsr\u00e4umen. Hier triffst du engagierte Menschen, <\/span>spannende Unternehmer*innen und kreative K\u00f6pfe, <span class=\"discussion-id-086f8c49-a7bb-4b55-a312-1b322aba15e6 notion-enable-hover\" data-token-index=\"2\">die sich f\u00fcr eine nachhaltige Entwicklung einsetzen und Zusammenarbeit suchen.<\/span>[\/vc_column_text][vc_button border_width=&#8220;0&#8243; icon_position=&#8220;right&#8220; icon=&#8220;fa fa-arrow-right2&#8243; link=&#8220;url:https%3A%2F%2Flimmathaus.com%2Fde%2Flimmathaus%2Fengagement-zusammenarbeit%2F|title:Engagement%20und%20Zusammenarbeit&#8220; uncode_shortcode_id=&#8220;166517&#8243;]Mehr erfahren[\/vc_button][\/vc_column][vc_column column_width_percent=&#8220;100&#8243; gutter_size=&#8220;3&#8243; override_padding=&#8220;yes&#8220; column_padding=&#8220;3&#8243; back_color=&#8220;color-xsdn&#8220; back_image=&#8220;119362&#8243; parallax=&#8220;yes&#8220; overlay_color=&#8220;color-xsdn&#8220; overlay_alpha=&#8220;50&#8243; radius=&#8220;sm&#8220; shadow=&#8220;std&#8220; shift_x=&#8220;0&#8243; shift_y=&#8220;0&#8243; shift_y_down=&#8220;0&#8243; z_index=&#8220;0&#8243; medium_width=&#8220;0&#8243; mobile_width=&#8220;0&#8243; width=&#8220;1\/2&#8243; uncode_shortcode_id=&#8220;179173&#8243; back_color_type=&#8220;uncode-palette&#8220; link_to=&#8220;url:https%3A%2F%2Flimmathaus.com%2Fde%2Flimmathaus%2Fquartiertreff%2F|title:Quartiertreff&#8220; overlay_color_type=&#8220;uncode-palette&#8220;][vc_single_image media=&#8220;119348&#8243; media_width_percent=&#8220;50&#8243; alignment=&#8220;center&#8220; uncode_shortcode_id=&#8220;941520&#8243;][vc_column_text text_color=&#8220;color-wayh&#8220; uncode_shortcode_id=&#8220;199531&#8243; text_color_type=&#8220;uncode-palette&#8220;]<\/p>\n<h3>Quartiertreff<\/h3>\n<p>Mit der \u00d6ffnung des Vorplatzes zwischen dem Limmathaus und der Johanneskirche, sowie einem Innen- und Aussenbereichen ohne Konsumationszwang entsteht im Limmathaus ein \u00f6ffentlicher Treffpunkt f\u00fcr das Quartier &#8211; hier sind internationale G\u00e4ste genauso willkommen wie unsere Nachbar*innen rund um den Limmatplatz. Wir freuen uns auf ein buntes Miteinander.[\/vc_column_text][vc_button border_width=&#8220;0&#8243; icon_position=&#8220;right&#8220; icon=&#8220;fa fa-arrow-right2&#8243; link=&#8220;url:https%3A%2F%2Flimmathaus.com%2Fde%2Flimmathaus%2Fquartiertreff%2F|title:Quartiertreff&#8220; uncode_shortcode_id=&#8220;623544&#8243;]Mehr erfahren[\/vc_button][\/vc_column][\/vc_row][vc_row row_height_percent=&#8220;0&#8243; override_padding=&#8220;yes&#8220; h_padding=&#8220;2&#8243; top_padding=&#8220;4&#8243; bottom_padding=&#8220;4&#8243; back_color=&#8220;color-wayh&#8220; overlay_alpha=&#8220;50&#8243; gutter_size=&#8220;100&#8243; column_width_percent=&#8220;100&#8243; shift_y=&#8220;0&#8243; z_index=&#8220;2&#8243; style=&#8220;inherited&#8220; uncode_shortcode_id=&#8220;501881&#8243; back_color_type=&#8220;uncode-palette&#8220;][vc_column column_width_percent=&#8220;100&#8243; position_vertical=&#8220;middle&#8220; align_horizontal=&#8220;align_center&#8220; gutter_size=&#8220;0&#8243; style=&#8220;dark&#8220; overlay_alpha=&#8220;100&#8243; shift_x=&#8220;0&#8243; shift_y=&#8220;0&#8243; shift_y_down=&#8220;0&#8243; z_index=&#8220;0&#8243; medium_width=&#8220;0&#8243; mobile_width=&#8220;0&#8243; css_animation=&#8220;alpha-anim&#8220; zoom_width=&#8220;0&#8243; zoom_height=&#8220;0&#8243; width=&#8220;1\/1&#8243; uncode_shortcode_id=&#8220;486406&#8243;][vc_custom_heading heading_semantic=&#8220;h3&#8243; text_size=&#8220;h1&#8243; css_animation=&#8220;marquee-scroll&#8220; marquee_clone=&#8220;yes&#8220; uncode_shortcode_id=&#8220;130068&#8243;]Kultur, Gastronomie, Kreation, Musik, Dialog, Kunst, Politik,[\/vc_custom_heading][vc_custom_heading heading_semantic=&#8220;h3&#8243; text_size=&#8220;h1&#8243; css_animation=&#8220;marquee-scroll-opposite&#8220; marquee_clone=&#8220;yes&#8220; uncode_shortcode_id=&#8220;210376&#8243;]Begegnung, Bar, Zusammenarbeit, Party, Diskussion, Engagement,[\/vc_custom_heading][\/vc_column][\/vc_row][vc_row row_height_percent=&#8220;0&#8243; override_padding=&#8220;yes&#8220; h_padding=&#8220;2&#8243; top_padding=&#8220;5&#8243; bottom_padding=&#8220;5&#8243; back_color=&#8220;color-xsdn&#8220; overlay_alpha=&#8220;50&#8243; gutter_size=&#8220;3&#8243; column_width_percent=&#8220;100&#8243; shift_y=&#8220;0&#8243; z_index=&#8220;0&#8243; uncode_shortcode_id=&#8220;170541&#8243; back_color_type=&#8220;uncode-palette&#8220;][vc_column column_width_percent=&#8220;100&#8243; gutter_size=&#8220;6&#8243; overlay_alpha=&#8220;50&#8243; shift_x=&#8220;0&#8243; shift_y=&#8220;0&#8243; shift_y_down=&#8220;0&#8243; z_index=&#8220;0&#8243; medium_width=&#8220;0&#8243; mobile_width=&#8220;0&#8243; width=&#8220;1\/1&#8243; uncode_shortcode_id=&#8220;155801&#8243;][uncode_index el_id=&#8220;index-456789&#8243; index_type=&#8220;table&#8220; loop=&#8220;size:3|order_by:date|post_type:post|taxonomy_count:10&#8243; gutter_size=&#8220;4&#8243; table_border=&#8220;yes&#8220; table_click_row=&#8220;yes&#8220; table_hover=&#8220;opacity-inverted&#8220; post_table_items=&#8220;col-one|3,date,col-two|6,title,spacer|half,text|excerpt|100,col-three|3,link|default|default_size&#8220; table_images_size=&#8220;one-one&#8220; single_overlay_opacity=&#8220;50&#8243; single_table_last_align=&#8220;right&#8220; single_padding=&#8220;2&#8243; single_title_dimension=&#8220;h4&#8243; table_general_typo=&#8220;yes&#8220; single_border=&#8220;yes&#8220; uncode_shortcode_id=&#8220;163304&#8243;][\/vc_column][\/vc_row]<\/p>\n<\/div>","protected":false},"excerpt":{"rendered":"<p>[vc_row row_height_percent=&#8220;0&#8243; override_padding=&#8220;yes&#8220; h_padding=&#8220;2&#8243; top_padding=&#8220;7&#8243; bottom_padding=&#8220;7&#8243; back_color=&#8220;color-wayh&#8220; overlay_color=&#8220;accent&#8220; overlay_alpha=&#8220;50&#8243; gutter_size=&#8220;3&#8243; column_width_percent=&#8220;100&#8243; shift_y=&#8220;0&#8243; z_index=&#8220;0&#8243; top_divider=&#8220;gradient&#8220; bottom_divider=&#8220;gradient&#8220; inverted_device_order=&#8220;yes&#8220; auto_height_device=&#8220;yes&#8220; uncode_shortcode_id=&#8220;122018&#8243; back_color_type=&#8220;uncode-palette&#8220; overlay_color_type=&#8220;uncode-palette&#8220;][vc_column [&hellip;]<\/p>\n","protected":false},"author":1,"featured_media":0,"parent":0,"menu_order":0,"comment_status":"closed","ping_status":"closed","template":"","meta":{"footnotes":""},"class_list":["post-30","page","type-page","status-publish","hentry"],"yoast_head":"<!-- This site is optimized with the Yoast SEO Premium plugin v25.8 (Yoast SEO v25.8) - https:\/\/yoast.com\/wordpress\/plugins\/seo\/ -->\n<title>Limmathaus | Z\u00fcrich<\/title>\n<meta name=\"description\" content=\"Willkommen im Limmathaus: Ein Ort der Begegnung im Herzen von Z\u00fcrich. Geniesse Konzerte, Partys, Zusammenarbeit, Kultur, Kunst und vieles.\" \/>\n<meta name=\"robots\" content=\"index, follow, max-snippet:-1, max-image-preview:large, max-video-preview:-1\" \/>\n<link rel=\"canonical\" href=\"https:\/\/limmathaus.com\/de\/\" \/>\n<meta property=\"og:locale\" content=\"de_DE\" \/>\n<meta property=\"og:type\" content=\"article\" \/>\n<meta property=\"og:title\" content=\"Startseite\" \/>\n<meta property=\"og:description\" content=\"Willkommen im Limmathaus: Ein Ort der Begegnung im Herzen von Z\u00fcrich. Geniesse Konzerte, Partys, Zusammenarbeit, Kultur, Kunst und vieles.\" \/>\n<meta property=\"og:url\" content=\"https:\/\/limmathaus.com\/de\/\" \/>\n<meta property=\"og:site_name\" content=\"Limmathaus\" \/>\n<meta property=\"article:modified_time\" content=\"2024-11-18T11:03:50+00:00\" \/>\n<meta name=\"twitter:card\" content=\"summary_large_image\" \/>\n<meta name=\"twitter:label1\" content=\"Gesch\u00e4tzte Lesezeit\" \/>\n\t<meta name=\"twitter:data1\" content=\"5\u00a0Minuten\" \/>\n<script type=\"application\/ld+json\" class=\"yoast-schema-graph\">{\"@context\":\"https:\/\/schema.org\",\"@graph\":[{\"@type\":\"WebPage\",\"@id\":\"https:\/\/limmathaus.com\/de\/\",\"url\":\"https:\/\/limmathaus.com\/de\/\",\"name\":\"Limmathaus | Z\u00fcrich\",\"isPartOf\":{\"@id\":\"https:\/\/limmathaus.com\/de\/#website\"},\"datePublished\":\"2023-02-23T14:58:18+00:00\",\"dateModified\":\"2024-11-18T11:03:50+00:00\",\"description\":\"Willkommen im Limmathaus: Ein Ort der Begegnung im Herzen von Z\u00fcrich. Geniesse Konzerte, Partys, Zusammenarbeit, Kultur, Kunst und vieles.\",\"breadcrumb\":{\"@id\":\"https:\/\/limmathaus.com\/de\/#breadcrumb\"},\"inLanguage\":\"de\",\"potentialAction\":[{\"@type\":\"ReadAction\",\"target\":[\"https:\/\/limmathaus.com\/de\/\"]}]},{\"@type\":\"BreadcrumbList\",\"@id\":\"https:\/\/limmathaus.com\/de\/#breadcrumb\",\"itemListElement\":[{\"@type\":\"ListItem\",\"position\":1,\"name\":\"Startseite\",\"item\":\"https:\/\/limmathaus.com\/de\/\"},{\"@type\":\"ListItem\",\"position\":2,\"name\":\"Startseite\"}]},{\"@type\":\"WebSite\",\"@id\":\"https:\/\/limmathaus.com\/de\/#website\",\"url\":\"https:\/\/limmathaus.com\/de\/\",\"name\":\"Limmathaus\",\"description\":\"Der Begegnungsort f\u00fcrs Quartier\",\"publisher\":{\"@id\":\"https:\/\/limmathaus.com\/de\/#organization\"},\"potentialAction\":[{\"@type\":\"SearchAction\",\"target\":{\"@type\":\"EntryPoint\",\"urlTemplate\":\"https:\/\/limmathaus.com\/de\/?s={search_term_string}\"},\"query-input\":{\"@type\":\"PropertyValueSpecification\",\"valueRequired\":true,\"valueName\":\"search_term_string\"}}],\"inLanguage\":\"de\"},{\"@type\":\"Organization\",\"@id\":\"https:\/\/limmathaus.com\/de\/#organization\",\"name\":\"Limmathaus\",\"url\":\"https:\/\/limmathaus.com\/de\/\",\"logo\":{\"@type\":\"ImageObject\",\"inLanguage\":\"de\",\"@id\":\"https:\/\/limmathaus.com\/de\/#\/schema\/logo\/image\/\",\"url\":\"https:\/\/limmathaus.com\/wp-content\/uploads\/Limmatplatz-10.jpg\",\"contentUrl\":\"https:\/\/limmathaus.com\/wp-content\/uploads\/Limmatplatz-10.jpg\",\"width\":2200,\"height\":1275,\"caption\":\"Limmathaus\"},\"image\":{\"@id\":\"https:\/\/limmathaus.com\/de\/#\/schema\/logo\/image\/\"}}]}<\/script>\n<!-- \/ Yoast SEO Premium plugin. -->","yoast_head_json":{"title":"Limmathaus | Z\u00fcrich","description":"Willkommen im Limmathaus: Ein Ort der Begegnung im Herzen von Z\u00fcrich. Geniesse Konzerte, Partys, Zusammenarbeit, Kultur, Kunst und vieles.","robots":{"index":"index","follow":"follow","max-snippet":"max-snippet:-1","max-image-preview":"max-image-preview:large","max-video-preview":"max-video-preview:-1"},"canonical":"https:\/\/limmathaus.com\/de\/","og_locale":"de_DE","og_type":"article","og_title":"Startseite","og_description":"Willkommen im Limmathaus: Ein Ort der Begegnung im Herzen von Z\u00fcrich. Geniesse Konzerte, Partys, Zusammenarbeit, Kultur, Kunst und vieles.","og_url":"https:\/\/limmathaus.com\/de\/","og_site_name":"Limmathaus","article_modified_time":"2024-11-18T11:03:50+00:00","twitter_card":"summary_large_image","twitter_misc":{"Gesch\u00e4tzte Lesezeit":"5\u00a0Minuten"},"schema":{"@context":"https:\/\/schema.org","@graph":[{"@type":"WebPage","@id":"https:\/\/limmathaus.com\/de\/","url":"https:\/\/limmathaus.com\/de\/","name":"Limmathaus | Z\u00fcrich","isPartOf":{"@id":"https:\/\/limmathaus.com\/de\/#website"},"datePublished":"2023-02-23T14:58:18+00:00","dateModified":"2024-11-18T11:03:50+00:00","description":"Willkommen im Limmathaus: Ein Ort der Begegnung im Herzen von Z\u00fcrich. Geniesse Konzerte, Partys, Zusammenarbeit, Kultur, Kunst und vieles.","breadcrumb":{"@id":"https:\/\/limmathaus.com\/de\/#breadcrumb"},"inLanguage":"de","potentialAction":[{"@type":"ReadAction","target":["https:\/\/limmathaus.com\/de\/"]}]},{"@type":"BreadcrumbList","@id":"https:\/\/limmathaus.com\/de\/#breadcrumb","itemListElement":[{"@type":"ListItem","position":1,"name":"Startseite","item":"https:\/\/limmathaus.com\/de\/"},{"@type":"ListItem","position":2,"name":"Startseite"}]},{"@type":"WebSite","@id":"https:\/\/limmathaus.com\/de\/#website","url":"https:\/\/limmathaus.com\/de\/","name":"Limmathaus","description":"Der Begegnungsort f\u00fcrs Quartier","publisher":{"@id":"https:\/\/limmathaus.com\/de\/#organization"},"potentialAction":[{"@type":"SearchAction","target":{"@type":"EntryPoint","urlTemplate":"https:\/\/limmathaus.com\/de\/?s={search_term_string}"},"query-input":{"@type":"PropertyValueSpecification","valueRequired":true,"valueName":"search_term_string"}}],"inLanguage":"de"},{"@type":"Organization","@id":"https:\/\/limmathaus.com\/de\/#organization","name":"Limmathaus","url":"https:\/\/limmathaus.com\/de\/","logo":{"@type":"ImageObject","inLanguage":"de","@id":"https:\/\/limmathaus.com\/de\/#\/schema\/logo\/image\/","url":"https:\/\/limmathaus.com\/wp-content\/uploads\/Limmatplatz-10.jpg","contentUrl":"https:\/\/limmathaus.com\/wp-content\/uploads\/Limmatplatz-10.jpg","width":2200,"height":1275,"caption":"Limmathaus"},"image":{"@id":"https:\/\/limmathaus.com\/de\/#\/schema\/logo\/image\/"}}]}},"_links":{"self":[{"href":"https:\/\/limmathaus.com\/de\/wp-json\/wp\/v2\/pages\/30","targetHints":{"allow":["GET"]}}],"collection":[{"href":"https:\/\/limmathaus.com\/de\/wp-json\/wp\/v2\/pages"}],"about":[{"href":"https:\/\/limmathaus.com\/de\/wp-json\/wp\/v2\/types\/page"}],"author":[{"embeddable":true,"href":"https:\/\/limmathaus.com\/de\/wp-json\/wp\/v2\/users\/1"}],"replies":[{"embeddable":true,"href":"https:\/\/limmathaus.com\/de\/wp-json\/wp\/v2\/comments?post=30"}],"version-history":[{"count":126,"href":"https:\/\/limmathaus.com\/de\/wp-json\/wp\/v2\/pages\/30\/revisions"}],"predecessor-version":[{"id":119794,"href":"https:\/\/limmathaus.com\/de\/wp-json\/wp\/v2\/pages\/30\/revisions\/119794"}],"wp:attachment":[{"href":"https:\/\/limmathaus.com\/de\/wp-json\/wp\/v2\/media?parent=30"}],"curies":[{"name":"wp","href":"https:\/\/api.w.org\/{rel}","templated":true}]}}