{"id":29,"date":"2023-02-23T14:58:35","date_gmt":"2023-02-23T14:58:35","guid":{"rendered":"http:\/\/new.limmathaus.com\/wordpress\/?page_id=29"},"modified":"2024-11-18T15:17:52","modified_gmt":"2024-11-18T14:17:52","slug":"engagement-zusammenarbeit","status":"publish","type":"page","link":"https:\/\/limmathaus.com\/de\/limmathaus\/engagement-zusammenarbeit\/","title":{"rendered":"Engagement und Zusammenarbeit"},"content":{"rendered":"<div class=\"wpb-content-wrapper\"><p>[vc_row][vc_column width=&#8220;1\/1&#8243;][uncode_breadcrumbs text_lead=&#8220;small&#8220;][\/vc_column][\/vc_row][vc_row row_height_percent=&#8220;0&#8243; overlay_alpha=&#8220;50&#8243; gutter_size=&#8220;3&#8243; column_width_percent=&#8220;100&#8243; shift_y=&#8220;0&#8243; z_index=&#8220;0&#8243; uncode_shortcode_id=&#8220;317606&#8243; css=&#8220;.vc_custom_1685450572238{padding-top: 32px !important;padding-bottom: 32px !important;}&#8220;][vc_column width=&#8220;1\/2&#8243;][vc_custom_heading uncode_shortcode_id=&#8220;166004&#8243;]Engagement und Zusammenarbeit[\/vc_custom_heading][vc_column_text uncode_shortcode_id=&#8220;162092&#8243;]<span class=\"discussion-id-b74c0b91-5124-4397-8ed5-0ff2c99146c6 notion-enable-hover\" data-token-index=\"0\">Im einstigen Hotelteil des Limmathauses entsteht Infrastruktur und Raum f\u00fcr Zusammenarbeit und Kreation. <\/span>[\/vc_column_text][vc_column_text uncode_shortcode_id=&#8220;663091&#8243;]<strong>Coworking<br \/>\n<\/strong>Coworking f\u00f6rdert Community und Zusammenarbeit. Und das nutzen die \u00fcber 700 Mitglieder jeden Tag bei uns. Wir sind mit dem Impact Hub seit 2005 Pioner*innen f\u00fcr Coworking und Community. <span class=\"discussion-level-1 discussion-id-318be8eb-4fa9-45e3-94bc-7982966d7af1 notion-enable-hover\" data-token-index=\"1\">Bei uns kannst du New Work und die Zukunft der Arbeitswelt schon heute erleben.<\/span>[\/vc_column_text][vc_column_text uncode_shortcode_id=&#8220;170931&#8243;]<strong>B\u00fcros und Sitzungsr\u00e4ume<\/strong><br \/>\nOb einzelne Menschen oder Teams, ob aus Z\u00fcrich oder von sonst wo &#8211; im Limmathaus entsteht hervorragende Infrastruktur zum Arbeiten. Dank den geteilten Arbeitspl\u00e4tzen wird sektoren\u00fcbergreifende Kollaboration gef\u00f6rdert, wobei neue Ideen und Ans\u00e4tze entstehen. Spannende Workshops sowie der stetige Ideenaustausch in der Impact Hub Community erschaffen ein inspirierendes Arbeitsumfeld.[\/vc_column_text][vc_column_text uncode_shortcode_id=&#8220;869027&#8243;]<strong>Freiraum und Ateliers f\u00fcr Kreative<\/strong><br \/>\nDie Kreativwirtschaft soll im Stadtzentrum von Z\u00fcrich verankert bleiben. Kreativarbeiter*innen und <span class=\"discussion-id-420ee54a-ffdc-4e16-b5ab-1dd7bd9a4728 notion-enable-hover\" data-token-index=\"1\">Kunstschaffende in vielf\u00e4ltigen Themen finden im Limmathaus Platz zum Kreieren. <\/span>Die Arbeitsbereiche k\u00f6nnen fix oder zeitlich begrenzt genutzt werden. Gemeinsam mit unseren Partnerinstitutionen k\u00f6nnen wir auch Unterst\u00fctzung bei den Mietkonditionen leisten.[\/vc_column_text][vc_button border_width=&#8220;0&#8243; link=&#8220;url:https%3A%2F%2Flimmathaus.com%2Fde%2Flimmathaus%2F|title:Limmathaus&#8220; uncode_shortcode_id=&#8220;756055&#8243;]Zur\u00fcck zur \u00dcbersicht[\/vc_button][\/vc_column][vc_column width=&#8220;1\/2&#8243;][vc_single_image media=&#8220;119328&#8243; media_width_percent=&#8220;100&#8243; uncode_shortcode_id=&#8220;174814&#8243;][\/vc_column][\/vc_row][vc_row row_height_percent=&#8220;0&#8243; override_padding=&#8220;yes&#8220; h_padding=&#8220;2&#8243; top_padding=&#8220;5&#8243; bottom_padding=&#8220;5&#8243; back_color=&#8220;color-wayh&#8220; back_image=&#8220;119378&#8243; overlay_color=&#8220;color-jevc&#8220; overlay_alpha=&#8220;50&#8243; gutter_size=&#8220;3&#8243; column_width_percent=&#8220;100&#8243; shift_y=&#8220;0&#8243; z_index=&#8220;0&#8243; top_divider=&#8220;gradient&#8220; bottom_divider=&#8220;gradient&#8220; uncode_shortcode_id=&#8220;165878&#8243; back_color_type=&#8220;uncode-palette&#8220; overlay_color_type=&#8220;uncode-palette&#8220;][vc_column column_width_percent=&#8220;100&#8243; position_vertical=&#8220;middle&#8220; align_horizontal=&#8220;align_center&#8220; gutter_size=&#8220;4&#8243; style=&#8220;dark&#8220; overlay_alpha=&#8220;50&#8243; shift_x=&#8220;0&#8243; shift_y=&#8220;0&#8243; shift_y_down=&#8220;0&#8243; z_index=&#8220;0&#8243; medium_width=&#8220;0&#8243; mobile_width=&#8220;0&#8243; width=&#8220;1\/1&#8243;][vc_row_inner row_inner_height_percent=&#8220;0&#8243; overlay_alpha=&#8220;50&#8243; gutter_size=&#8220;4&#8243; shift_y=&#8220;0&#8243; z_index=&#8220;0&#8243;][vc_column_inner column_width_percent=&#8220;100&#8243; align_horizontal=&#8220;align_center&#8220; gutter_size=&#8220;3&#8243; style=&#8220;dark&#8220; overlay_alpha=&#8220;50&#8243; shift_x=&#8220;0&#8243; shift_y=&#8220;0&#8243; shift_y_down=&#8220;0&#8243; z_index=&#8220;0&#8243; medium_width=&#8220;0&#8243; mobile_width=&#8220;0&#8243; width=&#8220;1\/1&#8243;][vc_custom_heading heading_semantic=&#8220;h3&#8243; text_size=&#8220;h1&#8243; css_animation=&#8220;curtain&#8220; interval_animation=&#8220;200&#8243; uncode_shortcode_id=&#8220;415876&#8243;]<span class=\"heading-text-highlight \" data-atts='{\"bg\":\"style-color-xsdn-bg\",\"height\":\"15%\",\"offset\":\"0.15em\",\"opacity\":\"0.25\",\"animated\":\"yes\"}'>Du f\u00fchlst dich von diesem Angebot angesprochen und m\u00f6chtest den Raum im Limmathaus gerne f\u00fcr dich nutzen?<\/span>[\/vc_custom_heading][vc_custom_heading heading_semantic=&#8220;p&#8220; text_size=&#8220;h4&#8243; text_weight=&#8220;400&#8243; css_animation=&#8220;curtain&#8220; uncode_shortcode_id=&#8220;149197&#8243;]Wunderbar! Melde dich bei uns, wir freuen uns auf deine Ideen![\/vc_custom_heading][vc_empty_space empty_h=&#8220;1&#8243; mobile_visibility=&#8220;yes&#8220;][vc_button border_width=&#8220;0&#8243; css_animation=&#8220;zoom-in&#8220; animation_delay=&#8220;800&#8243; link=&#8220;url:mailto%3Alimmathaus%40impacthub.ch|target:_blank&#8220; uncode_shortcode_id=&#8220;992535&#8243;]limmathaus@impacthub.ch[\/vc_button][\/vc_column_inner][\/vc_row_inner][\/vc_column][\/vc_row]<\/p>\n<\/div>","protected":false},"excerpt":{"rendered":"<p>[vc_row][vc_column width=&#8220;1\/1&#8243;][uncode_breadcrumbs text_lead=&#8220;small&#8220;][\/vc_column][\/vc_row][vc_row row_height_percent=&#8220;0&#8243; overlay_alpha=&#8220;50&#8243; gutter_size=&#8220;3&#8243; column_width_percent=&#8220;100&#8243; shift_y=&#8220;0&#8243; z_index=&#8220;0&#8243; uncode_shortcode_id=&#8220;317606&#8243; css=&#8220;.vc_custom_1685450572238{padding-top: 32px !important;padding-bottom: 32px !important;}&#8220;][vc_column width=&#8220;1\/2&#8243;][vc_custom_heading uncode_shortcode_id=&#8220;166004&#8243;]Engagement und Zusammenarbeit[\/vc_custom_heading][vc_column_text uncode_shortcode_id=&#8220;162092&#8243;]Im [&hellip;]<\/p>\n","protected":false},"author":1,"featured_media":119328,"parent":117743,"menu_order":0,"comment_status":"closed","ping_status":"closed","template":"","meta":{"footnotes":""},"class_list":["post-29","page","type-page","status-publish","has-post-thumbnail","hentry"],"yoast_head":"<!-- This site is optimized with the Yoast SEO Premium plugin v25.8 (Yoast SEO v25.8) - https:\/\/yoast.com\/wordpress\/plugins\/seo\/ -->\n<title>Engagement und Zusammenarbeit | Limmathaus<\/title>\n<meta name=\"description\" content=\"Der Hoteltrakt wird neu f\u00fcr Engagement und Zusammenarbeit genutzt. Finde deinen Arbeits- oder Atelierplatz mitten in Z\u00fcrich am Limmatplatz.\" \/>\n<meta name=\"robots\" content=\"index, follow, max-snippet:-1, max-image-preview:large, max-video-preview:-1\" \/>\n<link rel=\"canonical\" href=\"https:\/\/limmathaus.com\/de\/limmathaus\/engagement-zusammenarbeit\/\" \/>\n<meta property=\"og:locale\" content=\"de_DE\" \/>\n<meta property=\"og:type\" content=\"article\" \/>\n<meta property=\"og:title\" content=\"Engagement und Zusammenarbeit\" \/>\n<meta property=\"og:description\" content=\"Der Hoteltrakt wird neu f\u00fcr Engagement und Zusammenarbeit genutzt. Finde deinen Arbeits- oder Atelierplatz mitten in Z\u00fcrich am Limmatplatz.\" \/>\n<meta property=\"og:url\" content=\"https:\/\/limmathaus.com\/de\/limmathaus\/engagement-zusammenarbeit\/\" \/>\n<meta property=\"og:site_name\" content=\"Limmathaus\" \/>\n<meta property=\"article:modified_time\" content=\"2024-11-18T14:17:52+00:00\" \/>\n<meta property=\"og:image\" content=\"https:\/\/limmathaus.com\/wp-content\/uploads\/Engagement-Zusammenarbeit-Limmathaus.png\" \/>\n\t<meta property=\"og:image:width\" content=\"1274\" \/>\n\t<meta property=\"og:image:height\" content=\"1326\" \/>\n\t<meta property=\"og:image:type\" content=\"image\/png\" \/>\n<meta name=\"twitter:card\" content=\"summary_large_image\" \/>\n<meta name=\"twitter:label1\" content=\"Gesch\u00e4tzte Lesezeit\" \/>\n\t<meta name=\"twitter:data1\" content=\"2\u00a0Minuten\" \/>\n<script type=\"application\/ld+json\" class=\"yoast-schema-graph\">{\"@context\":\"https:\/\/schema.org\",\"@graph\":[{\"@type\":\"WebPage\",\"@id\":\"https:\/\/limmathaus.com\/de\/limmathaus\/engagement-zusammenarbeit\/\",\"url\":\"https:\/\/limmathaus.com\/de\/limmathaus\/engagement-zusammenarbeit\/\",\"name\":\"Engagement und Zusammenarbeit | Limmathaus\",\"isPartOf\":{\"@id\":\"https:\/\/limmathaus.com\/de\/#website\"},\"primaryImageOfPage\":{\"@id\":\"https:\/\/limmathaus.com\/de\/limmathaus\/engagement-zusammenarbeit\/#primaryimage\"},\"image\":{\"@id\":\"https:\/\/limmathaus.com\/de\/limmathaus\/engagement-zusammenarbeit\/#primaryimage\"},\"thumbnailUrl\":\"https:\/\/limmathaus.com\/wp-content\/uploads\/Engagement-Zusammenarbeit-Limmathaus.png\",\"datePublished\":\"2023-02-23T14:58:35+00:00\",\"dateModified\":\"2024-11-18T14:17:52+00:00\",\"description\":\"Der Hoteltrakt wird neu f\u00fcr Engagement und Zusammenarbeit genutzt. Finde deinen Arbeits- oder Atelierplatz mitten in Z\u00fcrich am Limmatplatz.\",\"breadcrumb\":{\"@id\":\"https:\/\/limmathaus.com\/de\/limmathaus\/engagement-zusammenarbeit\/#breadcrumb\"},\"inLanguage\":\"de\",\"potentialAction\":[{\"@type\":\"ReadAction\",\"target\":[\"https:\/\/limmathaus.com\/de\/limmathaus\/engagement-zusammenarbeit\/\"]}]},{\"@type\":\"ImageObject\",\"inLanguage\":\"de\",\"@id\":\"https:\/\/limmathaus.com\/de\/limmathaus\/engagement-zusammenarbeit\/#primaryimage\",\"url\":\"https:\/\/limmathaus.com\/wp-content\/uploads\/Engagement-Zusammenarbeit-Limmathaus.png\",\"contentUrl\":\"https:\/\/limmathaus.com\/wp-content\/uploads\/Engagement-Zusammenarbeit-Limmathaus.png\",\"width\":1274,\"height\":1326,\"caption\":\"Illustration mit Personen am einem runden Tisch\"},{\"@type\":\"BreadcrumbList\",\"@id\":\"https:\/\/limmathaus.com\/de\/limmathaus\/engagement-zusammenarbeit\/#breadcrumb\",\"itemListElement\":[{\"@type\":\"ListItem\",\"position\":1,\"name\":\"Startseite\",\"item\":\"https:\/\/limmathaus.com\/de\/\"},{\"@type\":\"ListItem\",\"position\":2,\"name\":\"Limmathaus\",\"item\":\"https:\/\/limmathaus.com\/de\/limmathaus\/\"},{\"@type\":\"ListItem\",\"position\":3,\"name\":\"Engagement und Zusammenarbeit\"}]},{\"@type\":\"WebSite\",\"@id\":\"https:\/\/limmathaus.com\/de\/#website\",\"url\":\"https:\/\/limmathaus.com\/de\/\",\"name\":\"Limmathaus\",\"description\":\"Der Begegnungsort f\u00fcrs Quartier\",\"publisher\":{\"@id\":\"https:\/\/limmathaus.com\/de\/#organization\"},\"potentialAction\":[{\"@type\":\"SearchAction\",\"target\":{\"@type\":\"EntryPoint\",\"urlTemplate\":\"https:\/\/limmathaus.com\/de\/?s={search_term_string}\"},\"query-input\":{\"@type\":\"PropertyValueSpecification\",\"valueRequired\":true,\"valueName\":\"search_term_string\"}}],\"inLanguage\":\"de\"},{\"@type\":\"Organization\",\"@id\":\"https:\/\/limmathaus.com\/de\/#organization\",\"name\":\"Limmathaus\",\"url\":\"https:\/\/limmathaus.com\/de\/\",\"logo\":{\"@type\":\"ImageObject\",\"inLanguage\":\"de\",\"@id\":\"https:\/\/limmathaus.com\/de\/#\/schema\/logo\/image\/\",\"url\":\"https:\/\/limmathaus.com\/wp-content\/uploads\/Limmatplatz-10.jpg\",\"contentUrl\":\"https:\/\/limmathaus.com\/wp-content\/uploads\/Limmatplatz-10.jpg\",\"width\":2200,\"height\":1275,\"caption\":\"Limmathaus\"},\"image\":{\"@id\":\"https:\/\/limmathaus.com\/de\/#\/schema\/logo\/image\/\"}}]}<\/script>\n<!-- \/ Yoast SEO Premium plugin. -->","yoast_head_json":{"title":"Engagement und Zusammenarbeit | Limmathaus","description":"Der Hoteltrakt wird neu f\u00fcr Engagement und Zusammenarbeit genutzt. Finde deinen Arbeits- oder Atelierplatz mitten in Z\u00fcrich am Limmatplatz.","robots":{"index":"index","follow":"follow","max-snippet":"max-snippet:-1","max-image-preview":"max-image-preview:large","max-video-preview":"max-video-preview:-1"},"canonical":"https:\/\/limmathaus.com\/de\/limmathaus\/engagement-zusammenarbeit\/","og_locale":"de_DE","og_type":"article","og_title":"Engagement und Zusammenarbeit","og_description":"Der Hoteltrakt wird neu f\u00fcr Engagement und Zusammenarbeit genutzt. Finde deinen Arbeits- oder Atelierplatz mitten in Z\u00fcrich am Limmatplatz.","og_url":"https:\/\/limmathaus.com\/de\/limmathaus\/engagement-zusammenarbeit\/","og_site_name":"Limmathaus","article_modified_time":"2024-11-18T14:17:52+00:00","og_image":[{"width":1274,"height":1326,"url":"https:\/\/limmathaus.com\/wp-content\/uploads\/Engagement-Zusammenarbeit-Limmathaus.png","type":"image\/png"}],"twitter_card":"summary_large_image","twitter_misc":{"Gesch\u00e4tzte Lesezeit":"2\u00a0Minuten"},"schema":{"@context":"https:\/\/schema.org","@graph":[{"@type":"WebPage","@id":"https:\/\/limmathaus.com\/de\/limmathaus\/engagement-zusammenarbeit\/","url":"https:\/\/limmathaus.com\/de\/limmathaus\/engagement-zusammenarbeit\/","name":"Engagement und Zusammenarbeit | Limmathaus","isPartOf":{"@id":"https:\/\/limmathaus.com\/de\/#website"},"primaryImageOfPage":{"@id":"https:\/\/limmathaus.com\/de\/limmathaus\/engagement-zusammenarbeit\/#primaryimage"},"image":{"@id":"https:\/\/limmathaus.com\/de\/limmathaus\/engagement-zusammenarbeit\/#primaryimage"},"thumbnailUrl":"https:\/\/limmathaus.com\/wp-content\/uploads\/Engagement-Zusammenarbeit-Limmathaus.png","datePublished":"2023-02-23T14:58:35+00:00","dateModified":"2024-11-18T14:17:52+00:00","description":"Der Hoteltrakt wird neu f\u00fcr Engagement und Zusammenarbeit genutzt. Finde deinen Arbeits- oder Atelierplatz mitten in Z\u00fcrich am Limmatplatz.","breadcrumb":{"@id":"https:\/\/limmathaus.com\/de\/limmathaus\/engagement-zusammenarbeit\/#breadcrumb"},"inLanguage":"de","potentialAction":[{"@type":"ReadAction","target":["https:\/\/limmathaus.com\/de\/limmathaus\/engagement-zusammenarbeit\/"]}]},{"@type":"ImageObject","inLanguage":"de","@id":"https:\/\/limmathaus.com\/de\/limmathaus\/engagement-zusammenarbeit\/#primaryimage","url":"https:\/\/limmathaus.com\/wp-content\/uploads\/Engagement-Zusammenarbeit-Limmathaus.png","contentUrl":"https:\/\/limmathaus.com\/wp-content\/uploads\/Engagement-Zusammenarbeit-Limmathaus.png","width":1274,"height":1326,"caption":"Illustration mit Personen am einem runden Tisch"},{"@type":"BreadcrumbList","@id":"https:\/\/limmathaus.com\/de\/limmathaus\/engagement-zusammenarbeit\/#breadcrumb","itemListElement":[{"@type":"ListItem","position":1,"name":"Startseite","item":"https:\/\/limmathaus.com\/de\/"},{"@type":"ListItem","position":2,"name":"Limmathaus","item":"https:\/\/limmathaus.com\/de\/limmathaus\/"},{"@type":"ListItem","position":3,"name":"Engagement und Zusammenarbeit"}]},{"@type":"WebSite","@id":"https:\/\/limmathaus.com\/de\/#website","url":"https:\/\/limmathaus.com\/de\/","name":"Limmathaus","description":"Der Begegnungsort f\u00fcrs Quartier","publisher":{"@id":"https:\/\/limmathaus.com\/de\/#organization"},"potentialAction":[{"@type":"SearchAction","target":{"@type":"EntryPoint","urlTemplate":"https:\/\/limmathaus.com\/de\/?s={search_term_string}"},"query-input":{"@type":"PropertyValueSpecification","valueRequired":true,"valueName":"search_term_string"}}],"inLanguage":"de"},{"@type":"Organization","@id":"https:\/\/limmathaus.com\/de\/#organization","name":"Limmathaus","url":"https:\/\/limmathaus.com\/de\/","logo":{"@type":"ImageObject","inLanguage":"de","@id":"https:\/\/limmathaus.com\/de\/#\/schema\/logo\/image\/","url":"https:\/\/limmathaus.com\/wp-content\/uploads\/Limmatplatz-10.jpg","contentUrl":"https:\/\/limmathaus.com\/wp-content\/uploads\/Limmatplatz-10.jpg","width":2200,"height":1275,"caption":"Limmathaus"},"image":{"@id":"https:\/\/limmathaus.com\/de\/#\/schema\/logo\/image\/"}}]}},"_links":{"self":[{"href":"https:\/\/limmathaus.com\/de\/wp-json\/wp\/v2\/pages\/29","targetHints":{"allow":["GET"]}}],"collection":[{"href":"https:\/\/limmathaus.com\/de\/wp-json\/wp\/v2\/pages"}],"about":[{"href":"https:\/\/limmathaus.com\/de\/wp-json\/wp\/v2\/types\/page"}],"author":[{"embeddable":true,"href":"https:\/\/limmathaus.com\/de\/wp-json\/wp\/v2\/users\/1"}],"replies":[{"embeddable":true,"href":"https:\/\/limmathaus.com\/de\/wp-json\/wp\/v2\/comments?post=29"}],"version-history":[{"count":16,"href":"https:\/\/limmathaus.com\/de\/wp-json\/wp\/v2\/pages\/29\/revisions"}],"predecessor-version":[{"id":119800,"href":"https:\/\/limmathaus.com\/de\/wp-json\/wp\/v2\/pages\/29\/revisions\/119800"}],"up":[{"embeddable":true,"href":"https:\/\/limmathaus.com\/de\/wp-json\/wp\/v2\/pages\/117743"}],"wp:featuredmedia":[{"embeddable":true,"href":"https:\/\/limmathaus.com\/de\/wp-json\/wp\/v2\/media\/119328"}],"wp:attachment":[{"href":"https:\/\/limmathaus.com\/de\/wp-json\/wp\/v2\/media?parent=29"}],"curies":[{"name":"wp","href":"https:\/\/api.w.org\/{rel}","templated":true}]}}