{"id":28,"date":"2023-02-23T14:58:06","date_gmt":"2023-02-23T14:58:06","guid":{"rendered":"http:\/\/new.limmathaus.com\/wordpress\/?page_id=28"},"modified":"2024-11-18T15:19:01","modified_gmt":"2024-11-18T14:19:01","slug":"musik-party","status":"publish","type":"page","link":"https:\/\/limmathaus.com\/de\/limmathaus\/musik-party\/","title":{"rendered":"Musik und Party"},"content":{"rendered":"<div class=\"wpb-content-wrapper\"><p>[vc_row][vc_column width=&#8220;1\/1&#8243;][uncode_breadcrumbs text_lead=&#8220;small&#8220;][\/vc_column][\/vc_row][vc_row row_height_percent=&#8220;0&#8243; overlay_alpha=&#8220;50&#8243; gutter_size=&#8220;3&#8243; column_width_percent=&#8220;100&#8243; shift_y=&#8220;0&#8243; z_index=&#8220;0&#8243; uncode_shortcode_id=&#8220;317606&#8243; css=&#8220;.vc_custom_1685450572238{padding-top: 32px !important;padding-bottom: 32px !important;}&#8220;][vc_column width=&#8220;1\/2&#8243;][vc_custom_heading uncode_shortcode_id=&#8220;667376&#8243;]Musik und Party im Limmathaus[\/vc_custom_heading][vc_column_text uncode_shortcode_id=&#8220;184474&#8243;]Musikkultur und Veranstaltungen rund um Musik werden ein fester Bestandteil des neuen Limmathauses. Dabei setzen wir Wert auf Vielfalt: Von Grossveranstaltungen mit bekannten Namen \u00fcber experimentelle Musikrichtungen hin zu Newcomer*innen. Bei uns hat alles Platz.[\/vc_column_text][vc_column_text uncode_shortcode_id=&#8220;465130&#8243;]<strong>Grossveranstaltungen<br \/>\n<\/strong>Regelm\u00e4ssige Konzerte und Partyreihen von etablierten Veranstalter*innen werden zum fixen Programm geh\u00f6ren. Dabei steht einerseits der grosse Saal f\u00fcr rund 1\u2019500 Menschen zur Verf\u00fcgung sowie ganz neu auch das einmalige Foyer mit bis zu 750 G\u00e4sten im Erdgeschoss.[\/vc_column_text][vc_column_text uncode_shortcode_id=&#8220;132925&#8243;]<strong>Kleinkunst und Experimentelles<br \/>\n<\/strong>B\u00fchne frei f\u00fcr das Unkonventionelle oder Unbekanntes. Wir wollen Raum zum Ausprobieren und Entdecken bieten und dem Publikum auch Zug\u00e4nge zu unbekannten oder in kleineren Szenen bekannten K\u00fcnstler*innen erm\u00f6glichen.[\/vc_column_text][vc_column_text uncode_shortcode_id=&#8220;146695&#8243;]<strong>Newcomer*innen<br \/>\n<\/strong>Stehst du noch am Anfang deiner Musiker*innen-Karriere? Im Limmathaus findest du Gleichgesinnte, Probeb\u00fchnen und ein erstes Publikum um dich und deine Musik zu zeigen.[\/vc_column_text][vc_button border_width=&#8220;0&#8243; link=&#8220;url:https%3A%2F%2Flimmathaus.com%2Fde%2Flimmathaus%2F|title:Limmathaus&#8220; uncode_shortcode_id=&#8220;153544&#8243;]Zur\u00fcck zur \u00dcbersicht[\/vc_button][\/vc_column][vc_column width=&#8220;1\/2&#8243;][vc_single_image media=&#8220;119340&#8243; media_width_percent=&#8220;100&#8243; uncode_shortcode_id=&#8220;153187&#8243;][\/vc_column][\/vc_row][vc_row row_height_percent=&#8220;0&#8243; override_padding=&#8220;yes&#8220; h_padding=&#8220;2&#8243; top_padding=&#8220;5&#8243; bottom_padding=&#8220;5&#8243; back_color=&#8220;color-wayh&#8220; back_image=&#8220;119378&#8243; parallax=&#8220;yes&#8220; overlay_color=&#8220;color-jevc&#8220; overlay_alpha=&#8220;50&#8243; gutter_size=&#8220;3&#8243; column_width_percent=&#8220;100&#8243; shift_y=&#8220;0&#8243; z_index=&#8220;0&#8243; top_divider=&#8220;gradient&#8220; bottom_divider=&#8220;gradient&#8220; uncode_shortcode_id=&#8220;205241&#8243; back_color_type=&#8220;uncode-palette&#8220; overlay_color_type=&#8220;uncode-palette&#8220;][vc_column column_width_percent=&#8220;100&#8243; position_vertical=&#8220;middle&#8220; align_horizontal=&#8220;align_center&#8220; gutter_size=&#8220;4&#8243; style=&#8220;dark&#8220; overlay_alpha=&#8220;50&#8243; shift_x=&#8220;0&#8243; shift_y=&#8220;0&#8243; shift_y_down=&#8220;0&#8243; z_index=&#8220;0&#8243; medium_width=&#8220;0&#8243; mobile_width=&#8220;0&#8243; width=&#8220;1\/1&#8243;][vc_row_inner row_inner_height_percent=&#8220;0&#8243; overlay_alpha=&#8220;50&#8243; gutter_size=&#8220;4&#8243; shift_y=&#8220;0&#8243; z_index=&#8220;0&#8243;][vc_column_inner column_width_percent=&#8220;100&#8243; align_horizontal=&#8220;align_center&#8220; gutter_size=&#8220;3&#8243; style=&#8220;dark&#8220; overlay_alpha=&#8220;50&#8243; shift_x=&#8220;0&#8243; shift_y=&#8220;0&#8243; shift_y_down=&#8220;0&#8243; z_index=&#8220;0&#8243; medium_width=&#8220;0&#8243; mobile_width=&#8220;0&#8243; width=&#8220;1\/1&#8243;][vc_custom_heading heading_semantic=&#8220;h3&#8243; text_size=&#8220;h1&#8243; css_animation=&#8220;curtain&#8220; interval_animation=&#8220;200&#8243; uncode_shortcode_id=&#8220;168442&#8243;]<span class=\"heading-text-highlight \" data-atts='{\"bg\":\"style-color-xsdn-bg\",\"height\":\"15%\",\"offset\":\"0.15em\",\"opacity\":\"0.25\",\"animated\":\"yes\"}'>Du suchst eine B\u00fchne und m\u00f6chtest deine Musik mit anderen Menschen teilen?<\/span>[\/vc_custom_heading][vc_custom_heading heading_semantic=&#8220;p&#8220; text_size=&#8220;h4&#8243; text_weight=&#8220;400&#8243; css_animation=&#8220;curtain&#8220; uncode_shortcode_id=&#8220;409524&#8243;]Wunderbar! Melde dich jetzt bei uns und wir finden bestimmt einen passenden Raum f\u00fcr dein Musikprojekt.[\/vc_custom_heading][vc_empty_space empty_h=&#8220;1&#8243; mobile_visibility=&#8220;yes&#8220;][vc_button border_width=&#8220;0&#8243; css_animation=&#8220;zoom-in&#8220; animation_delay=&#8220;800&#8243; link=&#8220;url:mailto%3Alimmathaus%40impacthub.ch|target:_blank&#8220; uncode_shortcode_id=&#8220;172204&#8243;]limmathaus@impacthub.ch[\/vc_button][\/vc_column_inner][\/vc_row_inner][\/vc_column][\/vc_row]<\/p>\n<\/div>","protected":false},"excerpt":{"rendered":"<p>[vc_row][vc_column width=&#8220;1\/1&#8243;][uncode_breadcrumbs text_lead=&#8220;small&#8220;][\/vc_column][\/vc_row][vc_row row_height_percent=&#8220;0&#8243; overlay_alpha=&#8220;50&#8243; gutter_size=&#8220;3&#8243; column_width_percent=&#8220;100&#8243; shift_y=&#8220;0&#8243; z_index=&#8220;0&#8243; uncode_shortcode_id=&#8220;317606&#8243; css=&#8220;.vc_custom_1685450572238{padding-top: 32px !important;padding-bottom: 32px !important;}&#8220;][vc_column width=&#8220;1\/2&#8243;][vc_custom_heading uncode_shortcode_id=&#8220;667376&#8243;]Musik und Party im [&hellip;]<\/p>\n","protected":false},"author":1,"featured_media":119340,"parent":117743,"menu_order":0,"comment_status":"closed","ping_status":"closed","template":"","meta":{"footnotes":""},"class_list":["post-28","page","type-page","status-publish","has-post-thumbnail","hentry"],"yoast_head":"<!-- This site is optimized with the Yoast SEO Premium plugin v25.8 (Yoast SEO v25.8) - https:\/\/yoast.com\/wordpress\/plugins\/seo\/ -->\n<title>Musik und Party |\u00a0Limmathaus<\/title>\n<meta name=\"description\" content=\"Musik und Party im Limmathaus: Konzerte, Grossveranstaltungen, Partys und Musikkultur stehen im neuen Limmathaus auf dem Programm.\" \/>\n<meta name=\"robots\" content=\"index, follow, max-snippet:-1, max-image-preview:large, max-video-preview:-1\" \/>\n<link rel=\"canonical\" href=\"https:\/\/limmathaus.com\/de\/limmathaus\/musik-party\/\" \/>\n<meta property=\"og:locale\" content=\"de_DE\" \/>\n<meta property=\"og:type\" content=\"article\" \/>\n<meta property=\"og:title\" content=\"Musik und Party\" \/>\n<meta property=\"og:description\" content=\"Musik und Party im Limmathaus: Konzerte, Grossveranstaltungen, Partys und Musikkultur stehen im neuen Limmathaus auf dem Programm.\" \/>\n<meta property=\"og:url\" content=\"https:\/\/limmathaus.com\/de\/limmathaus\/musik-party\/\" \/>\n<meta property=\"og:site_name\" content=\"Limmathaus\" \/>\n<meta property=\"article:modified_time\" content=\"2024-11-18T14:19:01+00:00\" \/>\n<meta property=\"og:image\" content=\"https:\/\/limmathaus.com\/wp-content\/uploads\/Musik-Party-Limmathaus.png\" \/>\n\t<meta property=\"og:image:width\" content=\"1274\" \/>\n\t<meta property=\"og:image:height\" content=\"1326\" \/>\n\t<meta property=\"og:image:type\" content=\"image\/png\" \/>\n<meta name=\"twitter:card\" content=\"summary_large_image\" \/>\n<meta name=\"twitter:label1\" content=\"Gesch\u00e4tzte Lesezeit\" \/>\n\t<meta name=\"twitter:data1\" content=\"2\u00a0Minuten\" \/>\n<script type=\"application\/ld+json\" class=\"yoast-schema-graph\">{\"@context\":\"https:\/\/schema.org\",\"@graph\":[{\"@type\":\"WebPage\",\"@id\":\"https:\/\/limmathaus.com\/de\/limmathaus\/musik-party\/\",\"url\":\"https:\/\/limmathaus.com\/de\/limmathaus\/musik-party\/\",\"name\":\"Musik und Party |\u00a0Limmathaus\",\"isPartOf\":{\"@id\":\"https:\/\/limmathaus.com\/de\/#website\"},\"primaryImageOfPage\":{\"@id\":\"https:\/\/limmathaus.com\/de\/limmathaus\/musik-party\/#primaryimage\"},\"image\":{\"@id\":\"https:\/\/limmathaus.com\/de\/limmathaus\/musik-party\/#primaryimage\"},\"thumbnailUrl\":\"https:\/\/limmathaus.com\/wp-content\/uploads\/Musik-Party-Limmathaus.png\",\"datePublished\":\"2023-02-23T14:58:06+00:00\",\"dateModified\":\"2024-11-18T14:19:01+00:00\",\"description\":\"Musik und Party im Limmathaus: Konzerte, Grossveranstaltungen, Partys und Musikkultur stehen im neuen Limmathaus auf dem Programm.\",\"breadcrumb\":{\"@id\":\"https:\/\/limmathaus.com\/de\/limmathaus\/musik-party\/#breadcrumb\"},\"inLanguage\":\"de\",\"potentialAction\":[{\"@type\":\"ReadAction\",\"target\":[\"https:\/\/limmathaus.com\/de\/limmathaus\/musik-party\/\"]}]},{\"@type\":\"ImageObject\",\"inLanguage\":\"de\",\"@id\":\"https:\/\/limmathaus.com\/de\/limmathaus\/musik-party\/#primaryimage\",\"url\":\"https:\/\/limmathaus.com\/wp-content\/uploads\/Musik-Party-Limmathaus.png\",\"contentUrl\":\"https:\/\/limmathaus.com\/wp-content\/uploads\/Musik-Party-Limmathaus.png\",\"width\":1274,\"height\":1326,\"caption\":\"Illustration mit Leuten die Party machen\"},{\"@type\":\"BreadcrumbList\",\"@id\":\"https:\/\/limmathaus.com\/de\/limmathaus\/musik-party\/#breadcrumb\",\"itemListElement\":[{\"@type\":\"ListItem\",\"position\":1,\"name\":\"Startseite\",\"item\":\"https:\/\/limmathaus.com\/de\/\"},{\"@type\":\"ListItem\",\"position\":2,\"name\":\"Limmathaus\",\"item\":\"https:\/\/limmathaus.com\/de\/limmathaus\/\"},{\"@type\":\"ListItem\",\"position\":3,\"name\":\"Musik und Party\"}]},{\"@type\":\"WebSite\",\"@id\":\"https:\/\/limmathaus.com\/de\/#website\",\"url\":\"https:\/\/limmathaus.com\/de\/\",\"name\":\"Limmathaus\",\"description\":\"Der Begegnungsort f\u00fcrs Quartier\",\"publisher\":{\"@id\":\"https:\/\/limmathaus.com\/de\/#organization\"},\"potentialAction\":[{\"@type\":\"SearchAction\",\"target\":{\"@type\":\"EntryPoint\",\"urlTemplate\":\"https:\/\/limmathaus.com\/de\/?s={search_term_string}\"},\"query-input\":{\"@type\":\"PropertyValueSpecification\",\"valueRequired\":true,\"valueName\":\"search_term_string\"}}],\"inLanguage\":\"de\"},{\"@type\":\"Organization\",\"@id\":\"https:\/\/limmathaus.com\/de\/#organization\",\"name\":\"Limmathaus\",\"url\":\"https:\/\/limmathaus.com\/de\/\",\"logo\":{\"@type\":\"ImageObject\",\"inLanguage\":\"de\",\"@id\":\"https:\/\/limmathaus.com\/de\/#\/schema\/logo\/image\/\",\"url\":\"https:\/\/limmathaus.com\/wp-content\/uploads\/Limmatplatz-10.jpg\",\"contentUrl\":\"https:\/\/limmathaus.com\/wp-content\/uploads\/Limmatplatz-10.jpg\",\"width\":2200,\"height\":1275,\"caption\":\"Limmathaus\"},\"image\":{\"@id\":\"https:\/\/limmathaus.com\/de\/#\/schema\/logo\/image\/\"}}]}<\/script>\n<!-- \/ Yoast SEO Premium plugin. -->","yoast_head_json":{"title":"Musik und Party |\u00a0Limmathaus","description":"Musik und Party im Limmathaus: Konzerte, Grossveranstaltungen, Partys und Musikkultur stehen im neuen Limmathaus auf dem Programm.","robots":{"index":"index","follow":"follow","max-snippet":"max-snippet:-1","max-image-preview":"max-image-preview:large","max-video-preview":"max-video-preview:-1"},"canonical":"https:\/\/limmathaus.com\/de\/limmathaus\/musik-party\/","og_locale":"de_DE","og_type":"article","og_title":"Musik und Party","og_description":"Musik und Party im Limmathaus: Konzerte, Grossveranstaltungen, Partys und Musikkultur stehen im neuen Limmathaus auf dem Programm.","og_url":"https:\/\/limmathaus.com\/de\/limmathaus\/musik-party\/","og_site_name":"Limmathaus","article_modified_time":"2024-11-18T14:19:01+00:00","og_image":[{"width":1274,"height":1326,"url":"https:\/\/limmathaus.com\/wp-content\/uploads\/Musik-Party-Limmathaus.png","type":"image\/png"}],"twitter_card":"summary_large_image","twitter_misc":{"Gesch\u00e4tzte Lesezeit":"2\u00a0Minuten"},"schema":{"@context":"https:\/\/schema.org","@graph":[{"@type":"WebPage","@id":"https:\/\/limmathaus.com\/de\/limmathaus\/musik-party\/","url":"https:\/\/limmathaus.com\/de\/limmathaus\/musik-party\/","name":"Musik und Party |\u00a0Limmathaus","isPartOf":{"@id":"https:\/\/limmathaus.com\/de\/#website"},"primaryImageOfPage":{"@id":"https:\/\/limmathaus.com\/de\/limmathaus\/musik-party\/#primaryimage"},"image":{"@id":"https:\/\/limmathaus.com\/de\/limmathaus\/musik-party\/#primaryimage"},"thumbnailUrl":"https:\/\/limmathaus.com\/wp-content\/uploads\/Musik-Party-Limmathaus.png","datePublished":"2023-02-23T14:58:06+00:00","dateModified":"2024-11-18T14:19:01+00:00","description":"Musik und Party im Limmathaus: Konzerte, Grossveranstaltungen, Partys und Musikkultur stehen im neuen Limmathaus auf dem Programm.","breadcrumb":{"@id":"https:\/\/limmathaus.com\/de\/limmathaus\/musik-party\/#breadcrumb"},"inLanguage":"de","potentialAction":[{"@type":"ReadAction","target":["https:\/\/limmathaus.com\/de\/limmathaus\/musik-party\/"]}]},{"@type":"ImageObject","inLanguage":"de","@id":"https:\/\/limmathaus.com\/de\/limmathaus\/musik-party\/#primaryimage","url":"https:\/\/limmathaus.com\/wp-content\/uploads\/Musik-Party-Limmathaus.png","contentUrl":"https:\/\/limmathaus.com\/wp-content\/uploads\/Musik-Party-Limmathaus.png","width":1274,"height":1326,"caption":"Illustration mit Leuten die Party machen"},{"@type":"BreadcrumbList","@id":"https:\/\/limmathaus.com\/de\/limmathaus\/musik-party\/#breadcrumb","itemListElement":[{"@type":"ListItem","position":1,"name":"Startseite","item":"https:\/\/limmathaus.com\/de\/"},{"@type":"ListItem","position":2,"name":"Limmathaus","item":"https:\/\/limmathaus.com\/de\/limmathaus\/"},{"@type":"ListItem","position":3,"name":"Musik und Party"}]},{"@type":"WebSite","@id":"https:\/\/limmathaus.com\/de\/#website","url":"https:\/\/limmathaus.com\/de\/","name":"Limmathaus","description":"Der Begegnungsort f\u00fcrs Quartier","publisher":{"@id":"https:\/\/limmathaus.com\/de\/#organization"},"potentialAction":[{"@type":"SearchAction","target":{"@type":"EntryPoint","urlTemplate":"https:\/\/limmathaus.com\/de\/?s={search_term_string}"},"query-input":{"@type":"PropertyValueSpecification","valueRequired":true,"valueName":"search_term_string"}}],"inLanguage":"de"},{"@type":"Organization","@id":"https:\/\/limmathaus.com\/de\/#organization","name":"Limmathaus","url":"https:\/\/limmathaus.com\/de\/","logo":{"@type":"ImageObject","inLanguage":"de","@id":"https:\/\/limmathaus.com\/de\/#\/schema\/logo\/image\/","url":"https:\/\/limmathaus.com\/wp-content\/uploads\/Limmatplatz-10.jpg","contentUrl":"https:\/\/limmathaus.com\/wp-content\/uploads\/Limmatplatz-10.jpg","width":2200,"height":1275,"caption":"Limmathaus"},"image":{"@id":"https:\/\/limmathaus.com\/de\/#\/schema\/logo\/image\/"}}]}},"_links":{"self":[{"href":"https:\/\/limmathaus.com\/de\/wp-json\/wp\/v2\/pages\/28","targetHints":{"allow":["GET"]}}],"collection":[{"href":"https:\/\/limmathaus.com\/de\/wp-json\/wp\/v2\/pages"}],"about":[{"href":"https:\/\/limmathaus.com\/de\/wp-json\/wp\/v2\/types\/page"}],"author":[{"embeddable":true,"href":"https:\/\/limmathaus.com\/de\/wp-json\/wp\/v2\/users\/1"}],"replies":[{"embeddable":true,"href":"https:\/\/limmathaus.com\/de\/wp-json\/wp\/v2\/comments?post=28"}],"version-history":[{"count":27,"href":"https:\/\/limmathaus.com\/de\/wp-json\/wp\/v2\/pages\/28\/revisions"}],"predecessor-version":[{"id":119803,"href":"https:\/\/limmathaus.com\/de\/wp-json\/wp\/v2\/pages\/28\/revisions\/119803"}],"up":[{"embeddable":true,"href":"https:\/\/limmathaus.com\/de\/wp-json\/wp\/v2\/pages\/117743"}],"wp:featuredmedia":[{"embeddable":true,"href":"https:\/\/limmathaus.com\/de\/wp-json\/wp\/v2\/media\/119340"}],"wp:attachment":[{"href":"https:\/\/limmathaus.com\/de\/wp-json\/wp\/v2\/media?parent=28"}],"curies":[{"name":"wp","href":"https:\/\/api.w.org\/{rel}","templated":true}]}}