{"id":26,"date":"2023-02-23T14:41:18","date_gmt":"2023-02-23T14:41:18","guid":{"rendered":"http:\/\/new.limmathaus.com\/wordpress\/?page_id=26"},"modified":"2023-07-31T14:20:14","modified_gmt":"2023-07-31T12:20:14","slug":"geschichte-zukunft","status":"publish","type":"page","link":"https:\/\/limmathaus.com\/de\/geschichte-zukunft\/","title":{"rendered":"Geschichte und Zukunft"},"content":{"rendered":"<div class=\"wpb-content-wrapper\"><p>[vc_row row_height_percent=&#8220;60&#8243; override_padding=&#8220;yes&#8220; h_padding=&#8220;2&#8243; top_padding=&#8220;5&#8243; bottom_padding=&#8220;5&#8243; back_color=&#8220;color-jevc&#8220; back_image=&#8220;119389&#8243; back_position=&#8220;center bottom&#8220; kburns=&#8220;yes&#8220; overlay_color=&#8220;color-jevc&#8220; overlay_alpha=&#8220;40&#8243; equal_height=&#8220;yes&#8220; gutter_size=&#8220;3&#8243; column_width_percent=&#8220;100&#8243; shift_y=&#8220;0&#8243; z_index=&#8220;0&#8243; top_divider=&#8220;gradient&#8220; bottom_divider=&#8220;gradient&#8220; uncode_shortcode_id=&#8220;641799&#8243; back_color_type=&#8220;uncode-palette&#8220; overlay_color_type=&#8220;uncode-palette&#8220;][vc_column column_width_percent=&#8220;100&#8243; position_vertical=&#8220;bottom&#8220; gutter_size=&#8220;3&#8243; style=&#8220;dark&#8220; overlay_alpha=&#8220;50&#8243; shift_x=&#8220;0&#8243; shift_y=&#8220;0&#8243; shift_y_down=&#8220;0&#8243; z_index=&#8220;0&#8243; medium_width=&#8220;0&#8243; mobile_width=&#8220;0&#8243; width=&#8220;1\/1&#8243;][vc_row_inner row_inner_height_percent=&#8220;0&#8243; overlay_alpha=&#8220;50&#8243; gutter_size=&#8220;3&#8243; shift_y=&#8220;0&#8243;][vc_column_inner column_width_percent=&#8220;100&#8243; gutter_size=&#8220;3&#8243; style=&#8220;dark&#8220; overlay_alpha=&#8220;50&#8243; shift_x=&#8220;0&#8243; shift_y=&#8220;0&#8243; shift_y_down=&#8220;0&#8243; z_index=&#8220;0&#8243; medium_width=&#8220;0&#8243; mobile_width=&#8220;0&#8243; css_animation=&#8220;alpha-anim&#8220; animation_delay=&#8220;200&#8243; width=&#8220;9\/12&#8243;][vc_custom_heading heading_semantic=&#8220;h6&#8243; text_size=&#8220;h6&#8243; text_transform=&#8220;uppercase&#8220; uncode_shortcode_id=&#8220;562986&#8243;]<\/p>\n<p style=\"text-align: left;\">Limmathaus<\/p>\n<p>[\/vc_custom_heading][vc_custom_heading heading_semantic=&#8220;h1&#8243; text_size=&#8220;h1&#8243; uncode_shortcode_id=&#8220;179319&#8243;]Geschichte und Zukunft[\/vc_custom_heading][\/vc_column_inner][vc_column_inner width=&#8220;3\/12&#8243;][\/vc_column_inner][\/vc_row_inner][\/vc_column][\/vc_row][vc_row row_height_percent=&#8220;0&#8243; overlay_alpha=&#8220;50&#8243; gutter_size=&#8220;3&#8243; column_width_percent=&#8220;100&#8243; shift_y=&#8220;0&#8243; z_index=&#8220;0&#8243; uncode_shortcode_id=&#8220;317606&#8243; css=&#8220;.vc_custom_1685450572238{padding-top: 32px !important;padding-bottom: 32px !important;}&#8220;][vc_column width=&#8220;1\/2&#8243;][vc_custom_heading uncode_shortcode_id=&#8220;108186&#8243;]Ein Haus f\u00fcrs Quartier[\/vc_custom_heading][vc_column_text text_lead=&#8220;yes&#8220; uncode_shortcode_id=&#8220;714679&#8243;]Die \u00abVolksgenossenschaft Z\u00fcrich 5\u00bb erbaute das Limmathaus 1930\/1931 mit einer klaren Vision: Es sollte ein Ort der Begegnung sowie des kulturellen und soziokulturellen Austausches sein, ein Begegnungsort f\u00fcr das politische und das gesellschaftliche Leben, aber auch f\u00fcr den Alltag. Bereits seit der Er\u00f6ffnung waren das \u00abPostbureau\u00bb und eine Gastwirtschaft Teil des Limmathauses.[\/vc_column_text][vc_column_text uncode_shortcode_id=&#8220;105255&#8243;]Das Limmathaus ist ein ikonisches Geb\u00e4ude im Bauhausstil und bildet mit der nahegelegenen Kunstgewerbeschule ein Zeugnis des \u00abNeuen Bauens\u00bb aus den 1930er-Jahren. Darum steht das Geb\u00e4ude unter Denkmalschutz. Durch den Hans-Bader-Saal ist es mit der angrenzenden Johanneskirche verbunden, einer reformierten Kirche aus dem Jahr 1898.<\/p>\n<p>Geplant wurde das Geb\u00e4ude vom Schweizer Architekten Karl Egender, einem wichtigen Protagonisten des neuen Bauens in Z\u00fcrich. Seinen Pl\u00e4nen entstammen auch weitere Wahrzeichen Z\u00fcrichs, darunter das Albisriederhaus, der Globus am L\u00f6wenplatz sowie das Hallenstadium in Oerlikon.[\/vc_column_text][\/vc_column][vc_column width=&#8220;1\/2&#8243;][vc_empty_space empty_h=&#8220;2&#8243;][vc_column_text uncode_shortcode_id=&#8220;658818&#8243;]Seit 2013 ist die neu gegr\u00fcndete \u00abStiftung Limmathaus Z\u00fcrich\u00bb Eigent\u00fcmerin und k\u00fcmmert sich seither um das Limmathaus.[\/vc_column_text][vc_column_text uncode_shortcode_id=&#8220;167205&#8243;]<strong><span class=\"discussion-id-9a31a2d6-5f86-4683-8db5-bd00dab973c3 notion-enable-hover\" data-token-index=\"0\">Br\u00fccke zur Gegenwart<\/span><\/strong><br \/>\nDas Limmathaus wurde auch in den vergangenen Jahren vielf\u00e4ltig genutzt. So ist die Poststelle noch immer Teil des Limmathauses. Hinzu kamen in den vergangenen 20 Jahren ein Hotelbetrieb und Co-Living, verschiedene Gastronomieangebote, der Club X-tra, die Kung-Fu-Schule Sewer und eine Yoga-Schule.[\/vc_column_text][vc_column_text uncode_shortcode_id=&#8220;905094&#8243;]<strong>Zur\u00fcck in die Zukunft<\/strong><br \/>\nMit der umfassenden Sanierung und dem P\u00e4chterwechsel soll sich die Nutzung des Limmathauses erweitern und dem urspr\u00fcnglichen Zweck ann\u00e4hern. Das ganze Geb\u00e4ude soll (fast) rund um die Uhr zug\u00e4nglich und belebt werden: Gastro- und Barbetrieb, Clubbetrieb und Konzerte mit kommerziellen und nicht-kommerziellen Veranstaltungen, Kunstausstellungen im digitalen und analogen Bereich, Coworking und Innovations-R\u00e4ume, politische Veranstaltungen und Podiumsdiskussionen, diverse Aktivit\u00e4ten wie Quartierveranstaltungen, Pop-up Formate, Tanzkurse und vieles, an das wir noch gar nicht gedacht haben.[\/vc_column_text][\/vc_column][\/vc_row][vc_row row_height_percent=&#8220;100&#8243; override_padding=&#8220;yes&#8220; h_padding=&#8220;2&#8243; top_padding=&#8220;3&#8243; bottom_padding=&#8220;3&#8243; back_color=&#8220;color-wayh&#8220; overlay_alpha=&#8220;50&#8243; gutter_size=&#8220;4&#8243; column_width_percent=&#8220;100&#8243; shift_y=&#8220;0&#8243; z_index=&#8220;0&#8243; uncode_shortcode_id=&#8220;841474&#8243; back_color_type=&#8220;uncode-palette&#8220;][vc_column column_width_percent=&#8220;100&#8243; position_vertical=&#8220;middle&#8220; gutter_size=&#8220;4&#8243; style=&#8220;dark&#8220; overlay_alpha=&#8220;50&#8243; shift_x=&#8220;0&#8243; shift_y=&#8220;0&#8243; shift_y_down=&#8220;0&#8243; z_index=&#8220;0&#8243; medium_width=&#8220;0&#8243; mobile_width=&#8220;0&#8243; width=&#8220;1\/1&#8243; uncode_shortcode_id=&#8220;163093&#8243;][vc_custom_heading text_size=&#8220;h1&#8243; text_weight=&#8220;500&#8243; uncode_shortcode_id=&#8220;152420&#8243;]Limmathaus im Laufe der Geschichte[\/vc_custom_heading][vc_gallery el_id=&#8220;gallery-185343&#8243; type=&#8220;sticky-scroll&#8220; sticky_wrap=&#8220;column&#8220; medias=&#8220;119513,119517,119521,119525,119529,119533,119537,119541,119545,119549,119553,119557,119561,119565,119569&#8243; sticky_th_grid_lg=&#8220;2.5&#8243; sticky_th_grid_md=&#8220;2.5&#8243; sticky_th_grid_sm=&#8220;1&#8243; gutter_size=&#8220;5&#8243; media_items=&#8220;media|lightbox|original&#8220; sticky_scroll_v_align=&#8220;middle&#8220; single_overlay_opacity=&#8220;50&#8243; single_overlay_anim=&#8220;no&#8220; single_text_anim=&#8220;no&#8220; single_image_magnetic=&#8220;yes&#8220; single_padding=&#8220;2&#8243; single_title_dimension=&#8220;h3&#8243; single_border=&#8220;yes&#8220; single_css_animation=&#8220;alpha-anim&#8220; single_animation_speed=&#8220;1000&#8243; lbox_title=&#8220;yes&#8220; lbox_caption=&#8220;yes&#8220; lbox_social=&#8220;yes&#8220; lbox_deep=&#8220;yes&#8220; lbox_no_tmb=&#8220;yes&#8220; horizontal_th_size=&#8220;vh&#8220; uncode_shortcode_id=&#8220;443620&#8243;][vc_empty_space][\/vc_column][\/vc_row][vc_row row_height_percent=&#8220;0&#8243; override_padding=&#8220;yes&#8220; h_padding=&#8220;2&#8243; top_padding=&#8220;5&#8243; bottom_padding=&#8220;5&#8243; back_color=&#8220;color-lxmt&#8220; back_image=&#8220;119378&#8243; overlay_color=&#8220;color-jevc&#8220; overlay_alpha=&#8220;30&#8243; gutter_size=&#8220;3&#8243; column_width_percent=&#8220;100&#8243; shift_y=&#8220;0&#8243; z_index=&#8220;0&#8243; top_divider=&#8220;gradient&#8220; bottom_divider=&#8220;gradient&#8220; uncode_shortcode_id=&#8220;136433&#8243; back_color_type=&#8220;uncode-palette&#8220; overlay_color_type=&#8220;uncode-palette&#8220;][vc_column column_width_percent=&#8220;100&#8243; position_vertical=&#8220;middle&#8220; align_horizontal=&#8220;align_center&#8220; gutter_size=&#8220;4&#8243; style=&#8220;dark&#8220; overlay_alpha=&#8220;50&#8243; shift_x=&#8220;0&#8243; shift_y=&#8220;0&#8243; shift_y_down=&#8220;0&#8243; z_index=&#8220;0&#8243; medium_width=&#8220;0&#8243; mobile_width=&#8220;0&#8243; width=&#8220;1\/1&#8243;][vc_row_inner row_inner_height_percent=&#8220;0&#8243; overlay_alpha=&#8220;50&#8243; gutter_size=&#8220;4&#8243; shift_y=&#8220;0&#8243; z_index=&#8220;0&#8243;][vc_column_inner column_width_percent=&#8220;100&#8243; align_horizontal=&#8220;align_center&#8220; gutter_size=&#8220;3&#8243; style=&#8220;dark&#8220; overlay_alpha=&#8220;50&#8243; shift_x=&#8220;0&#8243; shift_y=&#8220;0&#8243; shift_y_down=&#8220;0&#8243; z_index=&#8220;0&#8243; medium_width=&#8220;0&#8243; mobile_width=&#8220;0&#8243; width=&#8220;1\/1&#8243;][vc_custom_heading heading_semantic=&#8220;h3&#8243; text_size=&#8220;h1&#8243; css_animation=&#8220;curtain&#8220; interval_animation=&#8220;200&#8243; uncode_shortcode_id=&#8220;916546&#8243;]<span class=\"heading-text-highlight \" data-atts='{\"bg\":\"style-color-xsdn-bg\",\"height\":\"15%\",\"offset\":\"0.15em\",\"opacity\":\"0.25\",\"animated\":\"yes\"}'>Hast du Fragen zur Geschichte oder zur Zukunft des Limmathauses?<\/span>[\/vc_custom_heading][vc_custom_heading heading_semantic=&#8220;p&#8220; text_size=&#8220;h4&#8243; text_weight=&#8220;400&#8243; css_animation=&#8220;curtain&#8220; uncode_shortcode_id=&#8220;981041&#8243;]<span class=\"discussion-id-eddfbd8c-f037-4788-8e94-d0015edec720 notion-enable-hover\" data-token-index=\"0\">Dann melde dich gleich direkt bei uns, wir beantworten deine Fragen gerne.<\/span>[\/vc_custom_heading][vc_empty_space empty_h=&#8220;1&#8243; mobile_visibility=&#8220;yes&#8220;][vc_button border_width=&#8220;0&#8243; css_animation=&#8220;zoom-in&#8220; animation_delay=&#8220;800&#8243; link=&#8220;url:mailto%3Alimmathaus%40impacthub.ch|target:_blank&#8220; uncode_shortcode_id=&#8220;196793&#8243;]limmathaus@impacthub.ch[\/vc_button][\/vc_column_inner][\/vc_row_inner][\/vc_column][\/vc_row]<\/p>\n<\/div>","protected":false},"excerpt":{"rendered":"<p>[vc_row row_height_percent=&#8220;60&#8243; override_padding=&#8220;yes&#8220; h_padding=&#8220;2&#8243; top_padding=&#8220;5&#8243; bottom_padding=&#8220;5&#8243; back_color=&#8220;color-jevc&#8220; back_image=&#8220;119389&#8243; back_position=&#8220;center bottom&#8220; kburns=&#8220;yes&#8220; overlay_color=&#8220;color-jevc&#8220; overlay_alpha=&#8220;40&#8243; equal_height=&#8220;yes&#8220; gutter_size=&#8220;3&#8243; column_width_percent=&#8220;100&#8243; shift_y=&#8220;0&#8243; z_index=&#8220;0&#8243; top_divider=&#8220;gradient&#8220; bottom_divider=&#8220;gradient&#8220; [&hellip;]<\/p>\n","protected":false},"author":1,"featured_media":0,"parent":0,"menu_order":0,"comment_status":"closed","ping_status":"closed","template":"","meta":{"footnotes":""},"class_list":["post-26","page","type-page","status-publish","hentry"],"yoast_head":"<!-- This site is optimized with the Yoast SEO Premium plugin v25.8 (Yoast SEO v25.8) - https:\/\/yoast.com\/wordpress\/plugins\/seo\/ -->\n<title>Geschichte und Zukunft | Limmathaus<\/title>\n<meta name=\"description\" content=\"Erfahre mehr \u00fcber die Geschichte und die Zukunft der Limmathauses: Das neue Limmathaus soll wieder ein &quot;Ort der Begegnung&quot; werden.\" \/>\n<meta name=\"robots\" content=\"index, follow, max-snippet:-1, max-image-preview:large, max-video-preview:-1\" \/>\n<link rel=\"canonical\" href=\"https:\/\/limmathaus.com\/de\/geschichte-zukunft\/\" \/>\n<meta property=\"og:locale\" content=\"de_DE\" \/>\n<meta property=\"og:type\" content=\"article\" \/>\n<meta property=\"og:title\" content=\"Geschichte und Zukunft\" \/>\n<meta property=\"og:description\" content=\"Erfahre mehr \u00fcber die Geschichte und die Zukunft der Limmathauses: Das neue Limmathaus soll wieder ein &quot;Ort der Begegnung&quot; werden.\" \/>\n<meta property=\"og:url\" content=\"https:\/\/limmathaus.com\/de\/geschichte-zukunft\/\" \/>\n<meta property=\"og:site_name\" content=\"Limmathaus\" \/>\n<meta property=\"article:modified_time\" content=\"2023-07-31T12:20:14+00:00\" \/>\n<meta name=\"twitter:card\" content=\"summary_large_image\" \/>\n<meta name=\"twitter:label1\" content=\"Gesch\u00e4tzte Lesezeit\" \/>\n\t<meta name=\"twitter:data1\" content=\"3\u00a0Minuten\" \/>\n<script type=\"application\/ld+json\" class=\"yoast-schema-graph\">{\"@context\":\"https:\/\/schema.org\",\"@graph\":[{\"@type\":\"WebPage\",\"@id\":\"https:\/\/limmathaus.com\/de\/geschichte-zukunft\/\",\"url\":\"https:\/\/limmathaus.com\/de\/geschichte-zukunft\/\",\"name\":\"Geschichte und Zukunft | Limmathaus\",\"isPartOf\":{\"@id\":\"https:\/\/limmathaus.com\/de\/#website\"},\"datePublished\":\"2023-02-23T14:41:18+00:00\",\"dateModified\":\"2023-07-31T12:20:14+00:00\",\"description\":\"Erfahre mehr \u00fcber die Geschichte und die Zukunft der Limmathauses: Das neue Limmathaus soll wieder ein \\\"Ort der Begegnung\\\" werden.\",\"breadcrumb\":{\"@id\":\"https:\/\/limmathaus.com\/de\/geschichte-zukunft\/#breadcrumb\"},\"inLanguage\":\"de\",\"potentialAction\":[{\"@type\":\"ReadAction\",\"target\":[\"https:\/\/limmathaus.com\/de\/geschichte-zukunft\/\"]}]},{\"@type\":\"BreadcrumbList\",\"@id\":\"https:\/\/limmathaus.com\/de\/geschichte-zukunft\/#breadcrumb\",\"itemListElement\":[{\"@type\":\"ListItem\",\"position\":1,\"name\":\"Startseite\",\"item\":\"https:\/\/limmathaus.com\/de\/\"},{\"@type\":\"ListItem\",\"position\":2,\"name\":\"Geschichte und Zukunft\"}]},{\"@type\":\"WebSite\",\"@id\":\"https:\/\/limmathaus.com\/de\/#website\",\"url\":\"https:\/\/limmathaus.com\/de\/\",\"name\":\"Limmathaus\",\"description\":\"Der Begegnungsort f\u00fcrs Quartier\",\"publisher\":{\"@id\":\"https:\/\/limmathaus.com\/de\/#organization\"},\"potentialAction\":[{\"@type\":\"SearchAction\",\"target\":{\"@type\":\"EntryPoint\",\"urlTemplate\":\"https:\/\/limmathaus.com\/de\/?s={search_term_string}\"},\"query-input\":{\"@type\":\"PropertyValueSpecification\",\"valueRequired\":true,\"valueName\":\"search_term_string\"}}],\"inLanguage\":\"de\"},{\"@type\":\"Organization\",\"@id\":\"https:\/\/limmathaus.com\/de\/#organization\",\"name\":\"Limmathaus\",\"url\":\"https:\/\/limmathaus.com\/de\/\",\"logo\":{\"@type\":\"ImageObject\",\"inLanguage\":\"de\",\"@id\":\"https:\/\/limmathaus.com\/de\/#\/schema\/logo\/image\/\",\"url\":\"https:\/\/limmathaus.com\/wp-content\/uploads\/Limmatplatz-10.jpg\",\"contentUrl\":\"https:\/\/limmathaus.com\/wp-content\/uploads\/Limmatplatz-10.jpg\",\"width\":2200,\"height\":1275,\"caption\":\"Limmathaus\"},\"image\":{\"@id\":\"https:\/\/limmathaus.com\/de\/#\/schema\/logo\/image\/\"}}]}<\/script>\n<!-- \/ Yoast SEO Premium plugin. -->","yoast_head_json":{"title":"Geschichte und Zukunft | Limmathaus","description":"Erfahre mehr \u00fcber die Geschichte und die Zukunft der Limmathauses: Das neue Limmathaus soll wieder ein \"Ort der Begegnung\" werden.","robots":{"index":"index","follow":"follow","max-snippet":"max-snippet:-1","max-image-preview":"max-image-preview:large","max-video-preview":"max-video-preview:-1"},"canonical":"https:\/\/limmathaus.com\/de\/geschichte-zukunft\/","og_locale":"de_DE","og_type":"article","og_title":"Geschichte und Zukunft","og_description":"Erfahre mehr \u00fcber die Geschichte und die Zukunft der Limmathauses: Das neue Limmathaus soll wieder ein \"Ort der Begegnung\" werden.","og_url":"https:\/\/limmathaus.com\/de\/geschichte-zukunft\/","og_site_name":"Limmathaus","article_modified_time":"2023-07-31T12:20:14+00:00","twitter_card":"summary_large_image","twitter_misc":{"Gesch\u00e4tzte Lesezeit":"3\u00a0Minuten"},"schema":{"@context":"https:\/\/schema.org","@graph":[{"@type":"WebPage","@id":"https:\/\/limmathaus.com\/de\/geschichte-zukunft\/","url":"https:\/\/limmathaus.com\/de\/geschichte-zukunft\/","name":"Geschichte und Zukunft | Limmathaus","isPartOf":{"@id":"https:\/\/limmathaus.com\/de\/#website"},"datePublished":"2023-02-23T14:41:18+00:00","dateModified":"2023-07-31T12:20:14+00:00","description":"Erfahre mehr \u00fcber die Geschichte und die Zukunft der Limmathauses: Das neue Limmathaus soll wieder ein \"Ort der Begegnung\" werden.","breadcrumb":{"@id":"https:\/\/limmathaus.com\/de\/geschichte-zukunft\/#breadcrumb"},"inLanguage":"de","potentialAction":[{"@type":"ReadAction","target":["https:\/\/limmathaus.com\/de\/geschichte-zukunft\/"]}]},{"@type":"BreadcrumbList","@id":"https:\/\/limmathaus.com\/de\/geschichte-zukunft\/#breadcrumb","itemListElement":[{"@type":"ListItem","position":1,"name":"Startseite","item":"https:\/\/limmathaus.com\/de\/"},{"@type":"ListItem","position":2,"name":"Geschichte und Zukunft"}]},{"@type":"WebSite","@id":"https:\/\/limmathaus.com\/de\/#website","url":"https:\/\/limmathaus.com\/de\/","name":"Limmathaus","description":"Der Begegnungsort f\u00fcrs Quartier","publisher":{"@id":"https:\/\/limmathaus.com\/de\/#organization"},"potentialAction":[{"@type":"SearchAction","target":{"@type":"EntryPoint","urlTemplate":"https:\/\/limmathaus.com\/de\/?s={search_term_string}"},"query-input":{"@type":"PropertyValueSpecification","valueRequired":true,"valueName":"search_term_string"}}],"inLanguage":"de"},{"@type":"Organization","@id":"https:\/\/limmathaus.com\/de\/#organization","name":"Limmathaus","url":"https:\/\/limmathaus.com\/de\/","logo":{"@type":"ImageObject","inLanguage":"de","@id":"https:\/\/limmathaus.com\/de\/#\/schema\/logo\/image\/","url":"https:\/\/limmathaus.com\/wp-content\/uploads\/Limmatplatz-10.jpg","contentUrl":"https:\/\/limmathaus.com\/wp-content\/uploads\/Limmatplatz-10.jpg","width":2200,"height":1275,"caption":"Limmathaus"},"image":{"@id":"https:\/\/limmathaus.com\/de\/#\/schema\/logo\/image\/"}}]}},"_links":{"self":[{"href":"https:\/\/limmathaus.com\/de\/wp-json\/wp\/v2\/pages\/26","targetHints":{"allow":["GET"]}}],"collection":[{"href":"https:\/\/limmathaus.com\/de\/wp-json\/wp\/v2\/pages"}],"about":[{"href":"https:\/\/limmathaus.com\/de\/wp-json\/wp\/v2\/types\/page"}],"author":[{"embeddable":true,"href":"https:\/\/limmathaus.com\/de\/wp-json\/wp\/v2\/users\/1"}],"replies":[{"embeddable":true,"href":"https:\/\/limmathaus.com\/de\/wp-json\/wp\/v2\/comments?post=26"}],"version-history":[{"count":86,"href":"https:\/\/limmathaus.com\/de\/wp-json\/wp\/v2\/pages\/26\/revisions"}],"predecessor-version":[{"id":119743,"href":"https:\/\/limmathaus.com\/de\/wp-json\/wp\/v2\/pages\/26\/revisions\/119743"}],"wp:attachment":[{"href":"https:\/\/limmathaus.com\/de\/wp-json\/wp\/v2\/media?parent=26"}],"curies":[{"name":"wp","href":"https:\/\/api.w.org\/{rel}","templated":true}]}}