{"id":118446,"date":"2023-05-29T22:31:00","date_gmt":"2023-05-29T20:31:00","guid":{"rendered":"http:\/\/new.limmathaus.com\/wordpress\/?page_id=118446"},"modified":"2024-11-18T15:19:23","modified_gmt":"2024-11-18T14:19:23","slug":"politik-zivilgesellschaft","status":"publish","type":"page","link":"https:\/\/limmathaus.com\/de\/limmathaus\/politik-zivilgesellschaft\/","title":{"rendered":"Politik und Zivilgesellschaft"},"content":{"rendered":"<div class=\"wpb-content-wrapper\"><p>[vc_row][vc_column width=&#8220;1\/1&#8243;][uncode_breadcrumbs text_lead=&#8220;small&#8220;][\/vc_column][\/vc_row][vc_row row_height_percent=&#8220;0&#8243; overlay_alpha=&#8220;50&#8243; gutter_size=&#8220;3&#8243; column_width_percent=&#8220;100&#8243; shift_y=&#8220;0&#8243; z_index=&#8220;0&#8243; uncode_shortcode_id=&#8220;317606&#8243; css=&#8220;.vc_custom_1685450572238{padding-top: 32px !important;padding-bottom: 32px !important;}&#8220;][vc_column width=&#8220;1\/2&#8243;][vc_custom_heading uncode_shortcode_id=&#8220;189175&#8243;]Politik und Zivilgesellschaft[\/vc_custom_heading][vc_column_text uncode_shortcode_id=&#8220;197696&#8243;]Das Limmathaus soll ein Ort f\u00fcr politisch interessierte und engagierte Menschen werden. Hier entsteht Platz f\u00fcr Debatten zu aktuellen Themen, Diskussionen zum Stand der Demokratie in Z\u00fcrich und der Schweiz und<span class=\"discussion-id-e4e5f86f-75b6-45a3-bffa-c5eba6abcea6 notion-enable-hover\" data-token-index=\"1\"> um gesellschaftliche Themen und Herausforderungen konkret anzugehen. Dabei stehen wir<\/span>\u00a0f\u00fcr Nachhaltigkeit und einen offenen Austausch untereinander &#8211; auch wenn nicht alle der gleichen Meinung sind.[\/vc_column_text][vc_column_text uncode_shortcode_id=&#8220;245051&#8243;]<strong>B\u00fchne f\u00fcr die Politik<\/strong><br \/>\n\u00d6ffentliche, politische Veranstaltungen wie Podiumsdiskussionen oder moderierte Streitgespr\u00e4che finden im Limmathaus statt. Gesellschaftsrelevante Themen sollen platziert und debattiert werden &#8211; und dabei Raum geschaffen werden, wo Menschen mit unterschiedlichen Meinungen zusammenkommen.[\/vc_column_text][vc_column_text uncode_shortcode_id=&#8220;736178&#8243;]<strong>Raum f\u00fcr zivilgesellschaftliche Arbeit<\/strong><br \/>\nIm Limmathaus schaffen wir Raum f\u00fcr zivilgesellschaftliches und politisches Engagement. Vom internen Parteianlass, \u00fcber den Beginn politischer Initiativen bis hin zu Arbeits- und Lagerr\u00e4umen f\u00fcr zivile Bewegungen und Streiks wird es Platz im Limmathaus haben. <span class=\"discussion-id-3de65495-502b-46ec-afe1-f85176c7aa85 notion-enable-hover\" data-token-index=\"1\">Im Limmathaus sollen nicht nur Themen debattiert, sondern auch angegangen werden<\/span> &#8211; und hierf\u00fcr Menschen zusammenfinden.[\/vc_column_text][vc_button border_width=&#8220;0&#8243; link=&#8220;url:https%3A%2F%2Flimmathaus.com%2Fde%2Flimmathaus%2F|title:Limmathaus&#8220; uncode_shortcode_id=&#8220;114943&#8243;]Zur\u00fcck zur \u00dcbersicht[\/vc_button][\/vc_column][vc_column width=&#8220;1\/2&#8243;][vc_single_image media=&#8220;119344&#8243; media_width_percent=&#8220;100&#8243; uncode_shortcode_id=&#8220;157305&#8243;][\/vc_column][\/vc_row][vc_row row_height_percent=&#8220;0&#8243; override_padding=&#8220;yes&#8220; h_padding=&#8220;2&#8243; top_padding=&#8220;5&#8243; bottom_padding=&#8220;5&#8243; back_color=&#8220;color-wayh&#8220; back_image=&#8220;119378&#8243; parallax=&#8220;yes&#8220; overlay_color=&#8220;color-jevc&#8220; overlay_alpha=&#8220;50&#8243; gutter_size=&#8220;3&#8243; column_width_percent=&#8220;100&#8243; shift_y=&#8220;0&#8243; z_index=&#8220;0&#8243; top_divider=&#8220;gradient&#8220; bottom_divider=&#8220;gradient&#8220; uncode_shortcode_id=&#8220;117499&#8243; back_color_type=&#8220;uncode-palette&#8220; overlay_color_type=&#8220;uncode-palette&#8220;][vc_column column_width_percent=&#8220;100&#8243; position_vertical=&#8220;middle&#8220; align_horizontal=&#8220;align_center&#8220; gutter_size=&#8220;4&#8243; style=&#8220;dark&#8220; overlay_alpha=&#8220;50&#8243; shift_x=&#8220;0&#8243; shift_y=&#8220;0&#8243; shift_y_down=&#8220;0&#8243; z_index=&#8220;0&#8243; medium_width=&#8220;0&#8243; mobile_width=&#8220;0&#8243; width=&#8220;1\/1&#8243;][vc_row_inner row_inner_height_percent=&#8220;0&#8243; overlay_alpha=&#8220;50&#8243; gutter_size=&#8220;4&#8243; shift_y=&#8220;0&#8243; z_index=&#8220;0&#8243;][vc_column_inner column_width_percent=&#8220;100&#8243; align_horizontal=&#8220;align_center&#8220; gutter_size=&#8220;3&#8243; style=&#8220;dark&#8220; overlay_alpha=&#8220;50&#8243; shift_x=&#8220;0&#8243; shift_y=&#8220;0&#8243; shift_y_down=&#8220;0&#8243; z_index=&#8220;0&#8243; medium_width=&#8220;0&#8243; mobile_width=&#8220;0&#8243; width=&#8220;1\/1&#8243;][vc_custom_heading heading_semantic=&#8220;h3&#8243; text_size=&#8220;h1&#8243; css_animation=&#8220;curtain&#8220; interval_animation=&#8220;200&#8243; uncode_shortcode_id=&#8220;172080&#8243;]<span class=\"heading-text-highlight \" data-atts='{\"bg\":\"style-color-xsdn-bg\",\"height\":\"15%\",\"offset\":\"0.15em\",\"opacity\":\"0.25\",\"animated\":\"yes\"}'><span class=\"discussion-id-ebee2cd5-b1ff-4825-a893-797f6d070a1c notion-enable-hover\" data-token-index=\"0\">Bist du auf der Suche nach einem Ort, an welchem du die politische Entwicklung in Z\u00fcrich und der Schweiz f\u00f6rdern kannst oder einen Dialog mit gleichgesinnten oder andersdenkenden Menschen finden m\u00f6chtest?<\/span><\/span>[\/vc_custom_heading][vc_custom_heading heading_semantic=&#8220;p&#8220; text_size=&#8220;h4&#8243; text_weight=&#8220;400&#8243; css_animation=&#8220;curtain&#8220; uncode_shortcode_id=&#8220;706100&#8243;]<span class=\"discussion-id-ebee2cd5-b1ff-4825-a893-797f6d070a1c notion-enable-hover\" data-token-index=\"0\">Melde dich bei uns<\/span><span class=\"discussion-id-ebee2cd5-b1ff-4825-a893-797f6d070a1c notion-enable-hover\" data-token-index=\"2\"> &#8211; wir freuen uns auf deine Meinung!<\/span>[\/vc_custom_heading][vc_empty_space empty_h=&#8220;1&#8243; mobile_visibility=&#8220;yes&#8220;][vc_button border_width=&#8220;0&#8243; css_animation=&#8220;zoom-in&#8220; animation_delay=&#8220;800&#8243; link=&#8220;url:mailto%3Alimmathaus%40impacthub.ch|target:_blank&#8220; uncode_shortcode_id=&#8220;146594&#8243;]limmathaus@impacthub.ch[\/vc_button][\/vc_column_inner][\/vc_row_inner][\/vc_column][\/vc_row]<\/p>\n<\/div>","protected":false},"excerpt":{"rendered":"<p>[vc_row][vc_column width=&#8220;1\/1&#8243;][uncode_breadcrumbs text_lead=&#8220;small&#8220;][\/vc_column][\/vc_row][vc_row row_height_percent=&#8220;0&#8243; overlay_alpha=&#8220;50&#8243; gutter_size=&#8220;3&#8243; column_width_percent=&#8220;100&#8243; shift_y=&#8220;0&#8243; z_index=&#8220;0&#8243; uncode_shortcode_id=&#8220;317606&#8243; css=&#8220;.vc_custom_1685450572238{padding-top: 32px !important;padding-bottom: 32px !important;}&#8220;][vc_column width=&#8220;1\/2&#8243;][vc_custom_heading uncode_shortcode_id=&#8220;189175&#8243;]Politik und Zivilgesellschaft[\/vc_custom_heading][vc_column_text uncode_shortcode_id=&#8220;197696&#8243;]Das [&hellip;]<\/p>\n","protected":false},"author":1,"featured_media":0,"parent":117743,"menu_order":0,"comment_status":"closed","ping_status":"closed","template":"","meta":{"footnotes":""},"class_list":["post-118446","page","type-page","status-publish","hentry"],"yoast_head":"<!-- This site is optimized with the Yoast SEO Premium plugin v25.8 (Yoast SEO v25.8) - https:\/\/yoast.com\/wordpress\/plugins\/seo\/ -->\n<title>Politik und Zivilgesellschaft | Limmathaus<\/title>\n<meta name=\"description\" content=\"Politik und Zivilgesellschaft im Limmathaus: Austausch, Diskussion und die politische Entwicklung der Schweiz haben Platz im Limmathaus.\" \/>\n<meta name=\"robots\" content=\"index, follow, max-snippet:-1, max-image-preview:large, max-video-preview:-1\" \/>\n<link rel=\"canonical\" href=\"https:\/\/limmathaus.com\/de\/limmathaus\/politik-zivilgesellschaft\/\" \/>\n<meta property=\"og:locale\" content=\"de_DE\" \/>\n<meta property=\"og:type\" content=\"article\" \/>\n<meta property=\"og:title\" content=\"Politik und Zivilgesellschaft\" \/>\n<meta property=\"og:description\" content=\"Politik und Zivilgesellschaft im Limmathaus: Austausch, Diskussion und die politische Entwicklung der Schweiz haben Platz im Limmathaus.\" \/>\n<meta property=\"og:url\" content=\"https:\/\/limmathaus.com\/de\/limmathaus\/politik-zivilgesellschaft\/\" \/>\n<meta property=\"og:site_name\" content=\"Limmathaus\" \/>\n<meta property=\"article:modified_time\" content=\"2024-11-18T14:19:23+00:00\" \/>\n<meta name=\"twitter:card\" content=\"summary_large_image\" \/>\n<meta name=\"twitter:label1\" content=\"Gesch\u00e4tzte Lesezeit\" \/>\n\t<meta name=\"twitter:data1\" content=\"2\u00a0Minuten\" \/>\n<script type=\"application\/ld+json\" class=\"yoast-schema-graph\">{\"@context\":\"https:\/\/schema.org\",\"@graph\":[{\"@type\":\"WebPage\",\"@id\":\"https:\/\/limmathaus.com\/de\/limmathaus\/politik-zivilgesellschaft\/\",\"url\":\"https:\/\/limmathaus.com\/de\/limmathaus\/politik-zivilgesellschaft\/\",\"name\":\"Politik und Zivilgesellschaft | Limmathaus\",\"isPartOf\":{\"@id\":\"https:\/\/limmathaus.com\/de\/#website\"},\"datePublished\":\"2023-05-29T20:31:00+00:00\",\"dateModified\":\"2024-11-18T14:19:23+00:00\",\"description\":\"Politik und Zivilgesellschaft im Limmathaus: Austausch, Diskussion und die politische Entwicklung der Schweiz haben Platz im Limmathaus.\",\"breadcrumb\":{\"@id\":\"https:\/\/limmathaus.com\/de\/limmathaus\/politik-zivilgesellschaft\/#breadcrumb\"},\"inLanguage\":\"de\",\"potentialAction\":[{\"@type\":\"ReadAction\",\"target\":[\"https:\/\/limmathaus.com\/de\/limmathaus\/politik-zivilgesellschaft\/\"]}]},{\"@type\":\"BreadcrumbList\",\"@id\":\"https:\/\/limmathaus.com\/de\/limmathaus\/politik-zivilgesellschaft\/#breadcrumb\",\"itemListElement\":[{\"@type\":\"ListItem\",\"position\":1,\"name\":\"Startseite\",\"item\":\"https:\/\/limmathaus.com\/de\/\"},{\"@type\":\"ListItem\",\"position\":2,\"name\":\"Limmathaus\",\"item\":\"https:\/\/limmathaus.com\/de\/limmathaus\/\"},{\"@type\":\"ListItem\",\"position\":3,\"name\":\"Politik und Zivilgesellschaft\"}]},{\"@type\":\"WebSite\",\"@id\":\"https:\/\/limmathaus.com\/de\/#website\",\"url\":\"https:\/\/limmathaus.com\/de\/\",\"name\":\"Limmathaus\",\"description\":\"Der Begegnungsort f\u00fcrs Quartier\",\"publisher\":{\"@id\":\"https:\/\/limmathaus.com\/de\/#organization\"},\"potentialAction\":[{\"@type\":\"SearchAction\",\"target\":{\"@type\":\"EntryPoint\",\"urlTemplate\":\"https:\/\/limmathaus.com\/de\/?s={search_term_string}\"},\"query-input\":{\"@type\":\"PropertyValueSpecification\",\"valueRequired\":true,\"valueName\":\"search_term_string\"}}],\"inLanguage\":\"de\"},{\"@type\":\"Organization\",\"@id\":\"https:\/\/limmathaus.com\/de\/#organization\",\"name\":\"Limmathaus\",\"url\":\"https:\/\/limmathaus.com\/de\/\",\"logo\":{\"@type\":\"ImageObject\",\"inLanguage\":\"de\",\"@id\":\"https:\/\/limmathaus.com\/de\/#\/schema\/logo\/image\/\",\"url\":\"https:\/\/limmathaus.com\/wp-content\/uploads\/Limmatplatz-10.jpg\",\"contentUrl\":\"https:\/\/limmathaus.com\/wp-content\/uploads\/Limmatplatz-10.jpg\",\"width\":2200,\"height\":1275,\"caption\":\"Limmathaus\"},\"image\":{\"@id\":\"https:\/\/limmathaus.com\/de\/#\/schema\/logo\/image\/\"}}]}<\/script>\n<!-- \/ Yoast SEO Premium plugin. -->","yoast_head_json":{"title":"Politik und Zivilgesellschaft | Limmathaus","description":"Politik und Zivilgesellschaft im Limmathaus: Austausch, Diskussion und die politische Entwicklung der Schweiz haben Platz im Limmathaus.","robots":{"index":"index","follow":"follow","max-snippet":"max-snippet:-1","max-image-preview":"max-image-preview:large","max-video-preview":"max-video-preview:-1"},"canonical":"https:\/\/limmathaus.com\/de\/limmathaus\/politik-zivilgesellschaft\/","og_locale":"de_DE","og_type":"article","og_title":"Politik und Zivilgesellschaft","og_description":"Politik und Zivilgesellschaft im Limmathaus: Austausch, Diskussion und die politische Entwicklung der Schweiz haben Platz im Limmathaus.","og_url":"https:\/\/limmathaus.com\/de\/limmathaus\/politik-zivilgesellschaft\/","og_site_name":"Limmathaus","article_modified_time":"2024-11-18T14:19:23+00:00","twitter_card":"summary_large_image","twitter_misc":{"Gesch\u00e4tzte Lesezeit":"2\u00a0Minuten"},"schema":{"@context":"https:\/\/schema.org","@graph":[{"@type":"WebPage","@id":"https:\/\/limmathaus.com\/de\/limmathaus\/politik-zivilgesellschaft\/","url":"https:\/\/limmathaus.com\/de\/limmathaus\/politik-zivilgesellschaft\/","name":"Politik und Zivilgesellschaft | Limmathaus","isPartOf":{"@id":"https:\/\/limmathaus.com\/de\/#website"},"datePublished":"2023-05-29T20:31:00+00:00","dateModified":"2024-11-18T14:19:23+00:00","description":"Politik und Zivilgesellschaft im Limmathaus: Austausch, Diskussion und die politische Entwicklung der Schweiz haben Platz im Limmathaus.","breadcrumb":{"@id":"https:\/\/limmathaus.com\/de\/limmathaus\/politik-zivilgesellschaft\/#breadcrumb"},"inLanguage":"de","potentialAction":[{"@type":"ReadAction","target":["https:\/\/limmathaus.com\/de\/limmathaus\/politik-zivilgesellschaft\/"]}]},{"@type":"BreadcrumbList","@id":"https:\/\/limmathaus.com\/de\/limmathaus\/politik-zivilgesellschaft\/#breadcrumb","itemListElement":[{"@type":"ListItem","position":1,"name":"Startseite","item":"https:\/\/limmathaus.com\/de\/"},{"@type":"ListItem","position":2,"name":"Limmathaus","item":"https:\/\/limmathaus.com\/de\/limmathaus\/"},{"@type":"ListItem","position":3,"name":"Politik und Zivilgesellschaft"}]},{"@type":"WebSite","@id":"https:\/\/limmathaus.com\/de\/#website","url":"https:\/\/limmathaus.com\/de\/","name":"Limmathaus","description":"Der Begegnungsort f\u00fcrs Quartier","publisher":{"@id":"https:\/\/limmathaus.com\/de\/#organization"},"potentialAction":[{"@type":"SearchAction","target":{"@type":"EntryPoint","urlTemplate":"https:\/\/limmathaus.com\/de\/?s={search_term_string}"},"query-input":{"@type":"PropertyValueSpecification","valueRequired":true,"valueName":"search_term_string"}}],"inLanguage":"de"},{"@type":"Organization","@id":"https:\/\/limmathaus.com\/de\/#organization","name":"Limmathaus","url":"https:\/\/limmathaus.com\/de\/","logo":{"@type":"ImageObject","inLanguage":"de","@id":"https:\/\/limmathaus.com\/de\/#\/schema\/logo\/image\/","url":"https:\/\/limmathaus.com\/wp-content\/uploads\/Limmatplatz-10.jpg","contentUrl":"https:\/\/limmathaus.com\/wp-content\/uploads\/Limmatplatz-10.jpg","width":2200,"height":1275,"caption":"Limmathaus"},"image":{"@id":"https:\/\/limmathaus.com\/de\/#\/schema\/logo\/image\/"}}]}},"_links":{"self":[{"href":"https:\/\/limmathaus.com\/de\/wp-json\/wp\/v2\/pages\/118446","targetHints":{"allow":["GET"]}}],"collection":[{"href":"https:\/\/limmathaus.com\/de\/wp-json\/wp\/v2\/pages"}],"about":[{"href":"https:\/\/limmathaus.com\/de\/wp-json\/wp\/v2\/types\/page"}],"author":[{"embeddable":true,"href":"https:\/\/limmathaus.com\/de\/wp-json\/wp\/v2\/users\/1"}],"replies":[{"embeddable":true,"href":"https:\/\/limmathaus.com\/de\/wp-json\/wp\/v2\/comments?post=118446"}],"version-history":[{"count":17,"href":"https:\/\/limmathaus.com\/de\/wp-json\/wp\/v2\/pages\/118446\/revisions"}],"predecessor-version":[{"id":119804,"href":"https:\/\/limmathaus.com\/de\/wp-json\/wp\/v2\/pages\/118446\/revisions\/119804"}],"up":[{"embeddable":true,"href":"https:\/\/limmathaus.com\/de\/wp-json\/wp\/v2\/pages\/117743"}],"wp:attachment":[{"href":"https:\/\/limmathaus.com\/de\/wp-json\/wp\/v2\/media?parent=118446"}],"curies":[{"name":"wp","href":"https:\/\/api.w.org\/{rel}","templated":true}]}}