{"id":118443,"date":"2023-05-29T22:27:54","date_gmt":"2023-05-29T20:27:54","guid":{"rendered":"http:\/\/new.limmathaus.com\/wordpress\/?page_id=118443"},"modified":"2024-11-18T15:18:41","modified_gmt":"2024-11-18T14:18:41","slug":"kunst-kultur","status":"publish","type":"page","link":"https:\/\/limmathaus.com\/de\/limmathaus\/kunst-kultur\/","title":{"rendered":"Kunst und Kultur"},"content":{"rendered":"<div class=\"wpb-content-wrapper\"><p>[vc_row][vc_column width=&#8220;1\/1&#8243;][uncode_breadcrumbs text_lead=&#8220;small&#8220;][\/vc_column][\/vc_row][vc_row row_height_percent=&#8220;0&#8243; back_color=&#8220;color-xsdn&#8220; overlay_color=&#8220;color-xsdn&#8220; overlay_alpha=&#8220;95&#8243; gutter_size=&#8220;3&#8243; column_width_percent=&#8220;100&#8243; shift_y=&#8220;0&#8243; z_index=&#8220;0&#8243; uncode_shortcode_id=&#8220;137539&#8243; css=&#8220;.vc_custom_1688130532655{padding-top: 32px !important;padding-bottom: 32px !important;}&#8220; back_color_type=&#8220;uncode-palette&#8220; overlay_color_type=&#8220;uncode-palette&#8220;][vc_column width=&#8220;1\/2&#8243;][vc_custom_heading uncode_shortcode_id=&#8220;601957&#8243;]Kunst und Kultur[\/vc_custom_heading][vc_column_text uncode_shortcode_id=&#8220;176980&#8243;]Kunstausstellungen und kulturelle Veranstaltungen werden fester Bestandteil des neuen Limmathauses sein. Wenn du bereits einen kleinen Einblick in die Zukunft der kulturellen Veranstaltungen im Limmathaus haben m\u00f6chtest, schau dir das Programm im <a class=\"notion-link-token notion-focusable-token notion-enable-hover\" tabindex=\"0\" href=\"https:\/\/www.kraftwerk.coffee\/#kulturprogramm\" rel=\"noopener noreferrer\" data-token-index=\"1\"><span class=\"link-annotation-unknown-block-id-1267155581\">Kraftwerk<\/span><\/a> an.[\/vc_column_text][vc_column_text uncode_shortcode_id=&#8220;238607&#8243;]<strong>Sichtbarkeit<br \/>\n<\/strong>Kunstschaffende aus der Schweiz, aber auch international, bereits bekannt oder noch unbekannt sollen im Limmathaus auf die B\u00fchne, um ihre Kunst mit anderen Menschen zu teilen. Dabei setzen wir auf ein vielf\u00e4ltiges und breites Ausstellungsprogramm. Das weitl\u00e4ufige Geb\u00e4ude und die gute Infrastruktur setzen verschiedene Kunstformen in Szene.[\/vc_column_text][vc_column_text uncode_shortcode_id=&#8220;145401&#8243;]<strong>F\u00f6rderung von Kulturschaffenden<br \/>\n<\/strong>Gemeinsam mit unseren Partner*innen-Institutionen erwarten dich im Limmathaus F\u00f6rderangebote und In-Residence Programme, die dich und deine Kunst unterst\u00fctzen. Wir begleiten im Impact Hub schon seit 2009 jedes Jahr hunderte Z\u00fcrcher*innen, die sich mit ihrem eigenen Projekt ihren Traum erf\u00fcllen.[\/vc_column_text][vc_button button_color=&#8220;color-jevc&#8220; border_width=&#8220;0&#8243; link=&#8220;url:https%3A%2F%2Flimmathaus.com%2Fde%2Flimmathaus%2F|title:Limmathaus&#8220; button_color_type=&#8220;uncode-palette&#8220; uncode_shortcode_id=&#8220;192018&#8243;]Zur\u00fcck zur \u00dcbersicht[\/vc_button][\/vc_column][vc_column width=&#8220;1\/2&#8243;][vc_single_image media=&#8220;119336&#8243; media_width_percent=&#8220;100&#8243; uncode_shortcode_id=&#8220;180850&#8243;][\/vc_column][\/vc_row][vc_row row_height_percent=&#8220;0&#8243; override_padding=&#8220;yes&#8220; h_padding=&#8220;2&#8243; top_padding=&#8220;5&#8243; bottom_padding=&#8220;5&#8243; back_color=&#8220;color-wayh&#8220; back_image=&#8220;119378&#8243; parallax=&#8220;yes&#8220; overlay_color=&#8220;color-jevc&#8220; overlay_alpha=&#8220;50&#8243; gutter_size=&#8220;3&#8243; column_width_percent=&#8220;100&#8243; shift_y=&#8220;0&#8243; z_index=&#8220;0&#8243; top_divider=&#8220;gradient&#8220; bottom_divider=&#8220;gradient&#8220; uncode_shortcode_id=&#8220;321782&#8243; back_color_type=&#8220;uncode-palette&#8220; overlay_color_type=&#8220;uncode-palette&#8220;][vc_column column_width_percent=&#8220;100&#8243; position_vertical=&#8220;middle&#8220; align_horizontal=&#8220;align_center&#8220; gutter_size=&#8220;4&#8243; style=&#8220;dark&#8220; overlay_alpha=&#8220;50&#8243; shift_x=&#8220;0&#8243; shift_y=&#8220;0&#8243; shift_y_down=&#8220;0&#8243; z_index=&#8220;0&#8243; medium_width=&#8220;0&#8243; mobile_width=&#8220;0&#8243; width=&#8220;1\/1&#8243;][vc_row_inner row_inner_height_percent=&#8220;0&#8243; overlay_alpha=&#8220;50&#8243; gutter_size=&#8220;4&#8243; shift_y=&#8220;0&#8243; z_index=&#8220;0&#8243;][vc_column_inner column_width_percent=&#8220;100&#8243; align_horizontal=&#8220;align_center&#8220; gutter_size=&#8220;3&#8243; style=&#8220;dark&#8220; overlay_alpha=&#8220;50&#8243; shift_x=&#8220;0&#8243; shift_y=&#8220;0&#8243; shift_y_down=&#8220;0&#8243; z_index=&#8220;0&#8243; medium_width=&#8220;0&#8243; mobile_width=&#8220;0&#8243; width=&#8220;1\/1&#8243;][vc_custom_heading heading_semantic=&#8220;h3&#8243; text_size=&#8220;h1&#8243; css_animation=&#8220;curtain&#8220; interval_animation=&#8220;200&#8243; uncode_shortcode_id=&#8220;197774&#8243;]<span class=\"heading-text-highlight \" data-atts='{\"bg\":\"style-color-xsdn-bg\",\"height\":\"15%\",\"offset\":\"0.15em\",\"opacity\":\"0.25\",\"animated\":\"yes\"}'>Du hast bereits eine Idee f\u00fcr ein Projekt und m\u00f6chtest das Limmathaus gerne mit deinen kreativen Ideen bereichern?<\/span>[\/vc_custom_heading][vc_custom_heading heading_semantic=&#8220;p&#8220; text_size=&#8220;h4&#8243; text_weight=&#8220;400&#8243; css_animation=&#8220;curtain&#8220; uncode_shortcode_id=&#8220;360694&#8243;]Super, dann melde dich jetzt bei uns und lass uns den passenden Raum f\u00fcr dich finden.[\/vc_custom_heading][vc_empty_space empty_h=&#8220;1&#8243; mobile_visibility=&#8220;yes&#8220;][vc_button border_width=&#8220;0&#8243; css_animation=&#8220;zoom-in&#8220; animation_delay=&#8220;800&#8243; link=&#8220;url:mailto%3Alimmathaus%40impacthub.ch|target:_blank&#8220; uncode_shortcode_id=&#8220;192741&#8243;]limmathaus@impacthub.ch[\/vc_button][\/vc_column_inner][\/vc_row_inner][\/vc_column][\/vc_row]<\/p>\n<\/div>","protected":false},"excerpt":{"rendered":"<p>[vc_row][vc_column width=&#8220;1\/1&#8243;][uncode_breadcrumbs text_lead=&#8220;small&#8220;][\/vc_column][\/vc_row][vc_row row_height_percent=&#8220;0&#8243; back_color=&#8220;color-xsdn&#8220; overlay_color=&#8220;color-xsdn&#8220; overlay_alpha=&#8220;95&#8243; gutter_size=&#8220;3&#8243; column_width_percent=&#8220;100&#8243; shift_y=&#8220;0&#8243; z_index=&#8220;0&#8243; uncode_shortcode_id=&#8220;137539&#8243; css=&#8220;.vc_custom_1688130532655{padding-top: 32px !important;padding-bottom: 32px !important;}&#8220; back_color_type=&#8220;uncode-palette&#8220; overlay_color_type=&#8220;uncode-palette&#8220;][vc_column width=&#8220;1\/2&#8243;][vc_custom_heading [&hellip;]<\/p>\n","protected":false},"author":1,"featured_media":0,"parent":117743,"menu_order":0,"comment_status":"closed","ping_status":"closed","template":"","meta":{"footnotes":""},"class_list":["post-118443","page","type-page","status-publish","hentry"],"yoast_head":"<!-- This site is optimized with the Yoast SEO Premium plugin v25.8 (Yoast SEO v25.8) - https:\/\/yoast.com\/wordpress\/plugins\/seo\/ -->\n<title>Kunst und Kultur | Limmathaus<\/title>\n<meta name=\"description\" content=\"Kunst und Kultur im Limmathaus: Freue dich auf Kunstausstellungen und kulturelle Veranstaltungen im neuen Limmathauses.\" \/>\n<meta name=\"robots\" content=\"index, follow, max-snippet:-1, max-image-preview:large, max-video-preview:-1\" \/>\n<link rel=\"canonical\" href=\"https:\/\/limmathaus.com\/de\/limmathaus\/kunst-kultur\/\" \/>\n<meta property=\"og:locale\" content=\"de_DE\" \/>\n<meta property=\"og:type\" content=\"article\" \/>\n<meta property=\"og:title\" content=\"Kunst und Kultur\" \/>\n<meta property=\"og:description\" content=\"Kunst und Kultur im Limmathaus: Freue dich auf Kunstausstellungen und kulturelle Veranstaltungen im neuen Limmathauses.\" \/>\n<meta property=\"og:url\" content=\"https:\/\/limmathaus.com\/de\/limmathaus\/kunst-kultur\/\" \/>\n<meta property=\"og:site_name\" content=\"Limmathaus\" \/>\n<meta property=\"article:modified_time\" content=\"2024-11-18T14:18:41+00:00\" \/>\n<meta name=\"twitter:card\" content=\"summary_large_image\" \/>\n<meta name=\"twitter:label1\" content=\"Gesch\u00e4tzte Lesezeit\" \/>\n\t<meta name=\"twitter:data1\" content=\"2\u00a0Minuten\" \/>\n<script type=\"application\/ld+json\" class=\"yoast-schema-graph\">{\"@context\":\"https:\/\/schema.org\",\"@graph\":[{\"@type\":\"WebPage\",\"@id\":\"https:\/\/limmathaus.com\/de\/limmathaus\/kunst-kultur\/\",\"url\":\"https:\/\/limmathaus.com\/de\/limmathaus\/kunst-kultur\/\",\"name\":\"Kunst und Kultur | Limmathaus\",\"isPartOf\":{\"@id\":\"https:\/\/limmathaus.com\/de\/#website\"},\"datePublished\":\"2023-05-29T20:27:54+00:00\",\"dateModified\":\"2024-11-18T14:18:41+00:00\",\"description\":\"Kunst und Kultur im Limmathaus: Freue dich auf Kunstausstellungen und kulturelle Veranstaltungen im neuen Limmathauses.\",\"breadcrumb\":{\"@id\":\"https:\/\/limmathaus.com\/de\/limmathaus\/kunst-kultur\/#breadcrumb\"},\"inLanguage\":\"de\",\"potentialAction\":[{\"@type\":\"ReadAction\",\"target\":[\"https:\/\/limmathaus.com\/de\/limmathaus\/kunst-kultur\/\"]}]},{\"@type\":\"BreadcrumbList\",\"@id\":\"https:\/\/limmathaus.com\/de\/limmathaus\/kunst-kultur\/#breadcrumb\",\"itemListElement\":[{\"@type\":\"ListItem\",\"position\":1,\"name\":\"Startseite\",\"item\":\"https:\/\/limmathaus.com\/de\/\"},{\"@type\":\"ListItem\",\"position\":2,\"name\":\"Limmathaus\",\"item\":\"https:\/\/limmathaus.com\/de\/limmathaus\/\"},{\"@type\":\"ListItem\",\"position\":3,\"name\":\"Kunst und Kultur\"}]},{\"@type\":\"WebSite\",\"@id\":\"https:\/\/limmathaus.com\/de\/#website\",\"url\":\"https:\/\/limmathaus.com\/de\/\",\"name\":\"Limmathaus\",\"description\":\"Der Begegnungsort f\u00fcrs Quartier\",\"publisher\":{\"@id\":\"https:\/\/limmathaus.com\/de\/#organization\"},\"potentialAction\":[{\"@type\":\"SearchAction\",\"target\":{\"@type\":\"EntryPoint\",\"urlTemplate\":\"https:\/\/limmathaus.com\/de\/?s={search_term_string}\"},\"query-input\":{\"@type\":\"PropertyValueSpecification\",\"valueRequired\":true,\"valueName\":\"search_term_string\"}}],\"inLanguage\":\"de\"},{\"@type\":\"Organization\",\"@id\":\"https:\/\/limmathaus.com\/de\/#organization\",\"name\":\"Limmathaus\",\"url\":\"https:\/\/limmathaus.com\/de\/\",\"logo\":{\"@type\":\"ImageObject\",\"inLanguage\":\"de\",\"@id\":\"https:\/\/limmathaus.com\/de\/#\/schema\/logo\/image\/\",\"url\":\"https:\/\/limmathaus.com\/wp-content\/uploads\/Limmatplatz-10.jpg\",\"contentUrl\":\"https:\/\/limmathaus.com\/wp-content\/uploads\/Limmatplatz-10.jpg\",\"width\":2200,\"height\":1275,\"caption\":\"Limmathaus\"},\"image\":{\"@id\":\"https:\/\/limmathaus.com\/de\/#\/schema\/logo\/image\/\"}}]}<\/script>\n<!-- \/ Yoast SEO Premium plugin. -->","yoast_head_json":{"title":"Kunst und Kultur | Limmathaus","description":"Kunst und Kultur im Limmathaus: Freue dich auf Kunstausstellungen und kulturelle Veranstaltungen im neuen Limmathauses.","robots":{"index":"index","follow":"follow","max-snippet":"max-snippet:-1","max-image-preview":"max-image-preview:large","max-video-preview":"max-video-preview:-1"},"canonical":"https:\/\/limmathaus.com\/de\/limmathaus\/kunst-kultur\/","og_locale":"de_DE","og_type":"article","og_title":"Kunst und Kultur","og_description":"Kunst und Kultur im Limmathaus: Freue dich auf Kunstausstellungen und kulturelle Veranstaltungen im neuen Limmathauses.","og_url":"https:\/\/limmathaus.com\/de\/limmathaus\/kunst-kultur\/","og_site_name":"Limmathaus","article_modified_time":"2024-11-18T14:18:41+00:00","twitter_card":"summary_large_image","twitter_misc":{"Gesch\u00e4tzte Lesezeit":"2\u00a0Minuten"},"schema":{"@context":"https:\/\/schema.org","@graph":[{"@type":"WebPage","@id":"https:\/\/limmathaus.com\/de\/limmathaus\/kunst-kultur\/","url":"https:\/\/limmathaus.com\/de\/limmathaus\/kunst-kultur\/","name":"Kunst und Kultur | Limmathaus","isPartOf":{"@id":"https:\/\/limmathaus.com\/de\/#website"},"datePublished":"2023-05-29T20:27:54+00:00","dateModified":"2024-11-18T14:18:41+00:00","description":"Kunst und Kultur im Limmathaus: Freue dich auf Kunstausstellungen und kulturelle Veranstaltungen im neuen Limmathauses.","breadcrumb":{"@id":"https:\/\/limmathaus.com\/de\/limmathaus\/kunst-kultur\/#breadcrumb"},"inLanguage":"de","potentialAction":[{"@type":"ReadAction","target":["https:\/\/limmathaus.com\/de\/limmathaus\/kunst-kultur\/"]}]},{"@type":"BreadcrumbList","@id":"https:\/\/limmathaus.com\/de\/limmathaus\/kunst-kultur\/#breadcrumb","itemListElement":[{"@type":"ListItem","position":1,"name":"Startseite","item":"https:\/\/limmathaus.com\/de\/"},{"@type":"ListItem","position":2,"name":"Limmathaus","item":"https:\/\/limmathaus.com\/de\/limmathaus\/"},{"@type":"ListItem","position":3,"name":"Kunst und Kultur"}]},{"@type":"WebSite","@id":"https:\/\/limmathaus.com\/de\/#website","url":"https:\/\/limmathaus.com\/de\/","name":"Limmathaus","description":"Der Begegnungsort f\u00fcrs Quartier","publisher":{"@id":"https:\/\/limmathaus.com\/de\/#organization"},"potentialAction":[{"@type":"SearchAction","target":{"@type":"EntryPoint","urlTemplate":"https:\/\/limmathaus.com\/de\/?s={search_term_string}"},"query-input":{"@type":"PropertyValueSpecification","valueRequired":true,"valueName":"search_term_string"}}],"inLanguage":"de"},{"@type":"Organization","@id":"https:\/\/limmathaus.com\/de\/#organization","name":"Limmathaus","url":"https:\/\/limmathaus.com\/de\/","logo":{"@type":"ImageObject","inLanguage":"de","@id":"https:\/\/limmathaus.com\/de\/#\/schema\/logo\/image\/","url":"https:\/\/limmathaus.com\/wp-content\/uploads\/Limmatplatz-10.jpg","contentUrl":"https:\/\/limmathaus.com\/wp-content\/uploads\/Limmatplatz-10.jpg","width":2200,"height":1275,"caption":"Limmathaus"},"image":{"@id":"https:\/\/limmathaus.com\/de\/#\/schema\/logo\/image\/"}}]}},"_links":{"self":[{"href":"https:\/\/limmathaus.com\/de\/wp-json\/wp\/v2\/pages\/118443","targetHints":{"allow":["GET"]}}],"collection":[{"href":"https:\/\/limmathaus.com\/de\/wp-json\/wp\/v2\/pages"}],"about":[{"href":"https:\/\/limmathaus.com\/de\/wp-json\/wp\/v2\/types\/page"}],"author":[{"embeddable":true,"href":"https:\/\/limmathaus.com\/de\/wp-json\/wp\/v2\/users\/1"}],"replies":[{"embeddable":true,"href":"https:\/\/limmathaus.com\/de\/wp-json\/wp\/v2\/comments?post=118443"}],"version-history":[{"count":26,"href":"https:\/\/limmathaus.com\/de\/wp-json\/wp\/v2\/pages\/118443\/revisions"}],"predecessor-version":[{"id":119802,"href":"https:\/\/limmathaus.com\/de\/wp-json\/wp\/v2\/pages\/118443\/revisions\/119802"}],"up":[{"embeddable":true,"href":"https:\/\/limmathaus.com\/de\/wp-json\/wp\/v2\/pages\/117743"}],"wp:attachment":[{"href":"https:\/\/limmathaus.com\/de\/wp-json\/wp\/v2\/media?parent=118443"}],"curies":[{"name":"wp","href":"https:\/\/api.w.org\/{rel}","templated":true}]}}