{"id":118260,"date":"2023-04-13T08:03:46","date_gmt":"2023-04-13T06:03:46","guid":{"rendered":"http:\/\/new.limmathaus.com\/wordpress\/?page_id=118260"},"modified":"2023-07-31T14:35:41","modified_gmt":"2023-07-31T12:35:41","slug":"ueber-uns","status":"publish","type":"page","link":"https:\/\/limmathaus.com\/de\/ueber-uns\/","title":{"rendered":"\u00dcber uns"},"content":{"rendered":"<div class=\"wpb-content-wrapper\"><p>[vc_row row_height_percent=&#8220;60&#8243; override_padding=&#8220;yes&#8220; h_padding=&#8220;2&#8243; top_padding=&#8220;5&#8243; bottom_padding=&#8220;5&#8243; back_color=&#8220;color-jevc&#8220; back_image=&#8220;119418&#8243; back_position=&#8220;center bottom&#8220; kburns=&#8220;yes&#8220; overlay_color=&#8220;color-jevc&#8220; overlay_alpha=&#8220;40&#8243; equal_height=&#8220;yes&#8220; gutter_size=&#8220;3&#8243; column_width_percent=&#8220;100&#8243; shift_y=&#8220;0&#8243; z_index=&#8220;0&#8243; top_divider=&#8220;gradient&#8220; bottom_divider=&#8220;gradient&#8220; uncode_shortcode_id=&#8220;191061&#8243; back_color_type=&#8220;uncode-palette&#8220; overlay_color_type=&#8220;uncode-palette&#8220;][vc_column column_width_percent=&#8220;100&#8243; position_vertical=&#8220;bottom&#8220; gutter_size=&#8220;3&#8243; style=&#8220;dark&#8220; overlay_alpha=&#8220;50&#8243; shift_x=&#8220;0&#8243; shift_y=&#8220;0&#8243; shift_y_down=&#8220;0&#8243; z_index=&#8220;0&#8243; medium_width=&#8220;0&#8243; mobile_width=&#8220;0&#8243; width=&#8220;1\/1&#8243;][vc_row_inner row_inner_height_percent=&#8220;0&#8243; overlay_alpha=&#8220;50&#8243; gutter_size=&#8220;3&#8243; shift_y=&#8220;0&#8243;][vc_column_inner column_width_percent=&#8220;100&#8243; gutter_size=&#8220;3&#8243; style=&#8220;dark&#8220; overlay_alpha=&#8220;50&#8243; shift_x=&#8220;0&#8243; shift_y=&#8220;0&#8243; shift_y_down=&#8220;0&#8243; z_index=&#8220;0&#8243; medium_width=&#8220;0&#8243; mobile_width=&#8220;0&#8243; css_animation=&#8220;alpha-anim&#8220; animation_delay=&#8220;200&#8243; width=&#8220;9\/12&#8243;][vc_custom_heading heading_semantic=&#8220;h6&#8243; text_size=&#8220;h6&#8243; text_transform=&#8220;uppercase&#8220; uncode_shortcode_id=&#8220;562986&#8243;]<\/p>\n<p style=\"text-align: left;\">Limmathaus<\/p>\n<p>[\/vc_custom_heading][vc_custom_heading heading_semantic=&#8220;h1&#8243; text_size=&#8220;h1&#8243; uncode_shortcode_id=&#8220;166003&#8243;]\u00dcber uns[\/vc_custom_heading][\/vc_column_inner][vc_column_inner width=&#8220;3\/12&#8243;][\/vc_column_inner][\/vc_row_inner][\/vc_column][\/vc_row][vc_row row_height_percent=&#8220;0&#8243; override_padding=&#8220;yes&#8220; h_padding=&#8220;2&#8243; top_padding=&#8220;4&#8243; bottom_padding=&#8220;1&#8243; overlay_alpha=&#8220;100&#8243; gutter_size=&#8220;3&#8243; column_width_percent=&#8220;100&#8243; border_color=&#8220;color-gyho&#8220; border_style=&#8220;solid&#8220; shift_y=&#8220;0&#8243; z_index=&#8220;0&#8243; uncode_shortcode_id=&#8220;659510&#8243; border_color_type=&#8220;uncode-palette&#8220;][vc_column column_width_percent=&#8220;100&#8243; align_horizontal=&#8220;align_center&#8220; gutter_size=&#8220;3&#8243; overlay_alpha=&#8220;100&#8243; shift_x=&#8220;0&#8243; shift_y=&#8220;0&#8243; z_index=&#8220;0&#8243; medium_width=&#8220;0&#8243; zoom_width=&#8220;0&#8243; zoom_height=&#8220;0&#8243; width=&#8220;1\/1&#8243;][vc_row_inner][vc_column_inner width=&#8220;1\/1&#8243;][vc_custom_heading heading_semantic=&#8220;h3&#8243; text_size=&#8220;h1&#8243; uncode_shortcode_id=&#8220;712634&#8243;]<\/p>\n<h3>Wir sind der <a href=\"https:\/\/zurich.impacthub.ch\/\">Impact Hub Z\u00fcrich<\/a> und zu uns geh\u00f6ren das <a href=\"https:\/\/www.auer.coffee\/\" target=\"_blank\" rel=\"noopener\">Auer &amp; Co<\/a>.\u00a0sowie das <a href=\"https:\/\/www.kraftwerk.coffee\/\" target=\"_blank\" rel=\"noopener\">Kraftwerk<\/a>. Gemeinsam mit der <a href=\"http:\/\/www.limmathaus.ch\/\" target=\"_blank\" rel=\"noopener\">Stiftung Limmathaus<\/a> und weiteren Partner*innen und G\u00f6nner*innen m\u00f6chten wir das Limmathaus f\u00fcr die kommenden Generationen zu erhalten. Darum stemmen wir die umfassende Sanierung und passen das denkmalgesch\u00fctzte Limmathaus den heutigen Bauauflagen an.<\/h3>\n<p>[\/vc_custom_heading][vc_custom_heading heading_semantic=&#8220;p&#8220; text_size=&#8220;&#8220; uncode_shortcode_id=&#8220;305674&#8243;]Und nach der Sanierung? Danach beleben wir das Limmathaus: mit Gastronomie, Barbetrieb und einer breiten Palette an kulturellen Veranstaltungen im Party- und Musikbereich, mit Kunst, Kultur, Politik, mit Coworking und Innovation und vielseitigen Aktivit\u00e4ten.[\/vc_custom_heading][\/vc_column_inner][\/vc_row_inner][vc_gallery el_id=&#8220;gallery-85457&#8243; type=&#8220;carousel&#8220; medias=&#8220;118753,118757,118761,118765&#8243; carousel_lg=&#8220;4&#8243; carousel_md=&#8220;4&#8243; carousel_sm=&#8220;4&#8243; gutter_size=&#8220;3&#8243; media_items=&#8220;media|nolink|original,icon&#8220; carousel_interval=&#8220;3000&#8243; carousel_navspeed=&#8220;400&#8243; carousel_loop=&#8220;yes&#8220; stage_padding=&#8220;0&#8243; single_overlay_opacity=&#8220;50&#8243; single_overlay_anim=&#8220;no&#8220; single_text_anim=&#8220;no&#8220; single_image_anim=&#8220;no&#8220; single_padding=&#8220;2&#8243; single_border=&#8220;yes&#8220; title=&#8220;Clients&#8220; uncode_shortcode_id=&#8220;119511&#8243;][\/vc_column][\/vc_row][vc_row row_height_percent=&#8220;0&#8243; override_padding=&#8220;yes&#8220; h_padding=&#8220;2&#8243; top_padding=&#8220;5&#8243; bottom_padding=&#8220;5&#8243; overlay_alpha=&#8220;50&#8243; gutter_size=&#8220;3&#8243; column_width_percent=&#8220;100&#8243; shift_y=&#8220;0&#8243; z_index=&#8220;0&#8243;][vc_column width=&#8220;1\/1&#8243;][vc_accordion][vc_accordion_tab gutter_size=&#8220;2&#8243; column_padding=&#8220;2&#8243; title=&#8220;Impact Hub&#8220; tab_id=&#8220;1685166645-1-96&#8243;][vc_column_text uncode_shortcode_id=&#8220;136874&#8243;]<strong>Der Impact Hub Z\u00fcrich ist ein lokales KMU mit dem Ziel, engagierte Menschen zusammenzubringen und zu f\u00f6rdern, um einen Beitrag zur nachhaltigen Entwicklung in Z\u00fcrich zu leisten.<\/strong><\/p>\n<p>Der Impact Hub Z\u00fcrich ist seit seiner Gr\u00fcndung im Jahr 2010 lokal im Kreis 5 verankert und gleichzeitig \u00fcber das internationale und gemeinn\u00fctzige Impact Hub Netzwerk mit \u00fcber 100 Impact Hubs vernetzt &#8211; von A wie Accra bis Z wie Z\u00fcrich.<\/p>\n<p>Die Hauptaktivit\u00e4ten des Impact Hubs heute sind:<\/p>\n<ul>\n<li>Community Management und F\u00f6rderung von nachhaltigem Unternehmertum u.a. mit Programmen wie <a href=\"http:\/\/www.kickstart-innovation.com\">Kickstart<\/a>, dem <a href=\"https:\/\/www.stadt-zuerich.ch\/gud\/de\/index\/departement\/strategie_politik\/umweltstrategie\/klimapolitik\/klimaforum.html\">Klimaforum der Stadt Z\u00fcrich<\/a>, der <a href=\"https:\/\/www.cetransition.ch\/\">Circular Economy Transition<\/a>\u00a0oder der <a href=\"https:\/\/female-founders.ch\/\">Female Founders<\/a> Initiative.<\/li>\n<li>\u00dcber 100 Kulturveranstaltungen pro Jahr &#8211; von kleinen Konzerten im Keller Club bis hin zu Raves mit rund 1\u2019000 G\u00e4sten.<\/li>\n<li>\u00d6ffentlich zug\u00e4ngliche geteilte Arbeitspl\u00e4tze an drei Standorten: Dem Hauptstandort am Sihlquai 131 (befristet bis 2026), dem Kraftwerk Selnau (befristet bis 2027) und den Viadukt B\u00f6gen D &amp; E (gemeinsam mit Patagonia).<\/li>\n<li>Mehrfach ausgezeichnete vegane und vegetarische Gastronomie und Baristas.<\/li>\n<li>Raumvermietung und Sitzungszimmer in einmaliger, urban-industrieller Atmosph\u00e4re.<\/li>\n<\/ul>\n<p>Im Impact Hub Netzwerk entstehen j\u00e4hrlich etwa 1&#8217;000 neue netto Vollzeit-Arbeitsstellen, sowie rund 350 neue Projekte und Start-ups. Mehr als 80% der 700 Impact Hub Mitglieder leisten einen Beitrag zu einem der 17 Ziele zur nachhaltigen Entwicklung der Vereinten Nationen (\u201dSDGs\u201d).<\/p>\n<p>Hier geht&#8217;s zur Website des Impact Hub Z\u00fcrich: <a href=\"https:\/\/zurich.impacthub.ch\/\">zurich.impacthub.ch<\/a>[\/vc_column_text][\/vc_accordion_tab][vc_accordion_tab gutter_size=&#8220;2&#8243; column_padding=&#8220;2&#8243; title=&#8220;Auer &amp; Co.&#8220; tab_id=&#8220;1685166645-2-70&#8243;][vc_column_text uncode_shortcode_id=&#8220;527957&#8243;]<strong>Das Caf\u00e9 Auer &amp; Co. befindet sich am gleichen Standort wie der Hauptstandort des Impact Hubs im Industriequartier.<\/strong><\/p>\n<p>Das gem\u00fctliche Kafi mit der Terrasse im Innenhof bietet eine vegetarische Karte und hochwertige Kaffeekultur. Und es wird vielseitig genutzt: zum ruhigen Arbeiten, f\u00fcr einen Kaffeeplausch mit Freunden, f\u00fcr Partys oder ein Feierabendbier. Zudem finden regelm\u00e4ssig Spielabende und Comedy Nights statt. Auch Meetups wie das <a href=\"https:\/\/www.meetup.com\/be-queer-zurich-meetup\/\">be queer! Z\u00fcrich<\/a> geh\u00f6ren zu den Stammg\u00e4sten im Auer.<\/p>\n<p>Komm vorbei oder besuche uns online: <a href=\"https:\/\/www.auer.coffee\/\">auer.coffee\/<\/a>[\/vc_column_text][\/vc_accordion_tab][vc_accordion_tab gutter_size=&#8220;2&#8243; column_padding=&#8220;2&#8243; title=&#8220;Kraftwerk Selnau&#8220; tab_id=&#8220;1685448936215-2-9&#8243;][vc_column_text uncode_shortcode_id=&#8220;132448&#8243;]<strong>Das Kraftwerk Selnau geh\u00f6rt zur Impact Hub Familie und betreibt im ehemaligen ewz Unterwerk Selnau direkt an der Sihl einen vielseitigen Kultur-, Gastro- und Innovationsort.<\/strong><\/p>\n<p>Hier gehen jedes Jahr \u00fcber 120\u2019000 Menschen ein und aus:<\/p>\n<ul>\n<li>Restaurant- und Barbetrieb<br \/>\nDas Restaurant Kraftwerk bietet eine breite und kreative Karte mit veganen und vegetarischen Speisen. Auch f\u00fcr Ap\u00e9ros und Eventgastronomie ist hier gesorgt. An der markanten Bar im Herzen des Innenraums bekommst du hochwertige Cocktails und es finden regelm\u00e4ssig Feierabend-Anl\u00e4sse mit DJ-Begleitung statt.<\/li>\n<li>Infrastruktur zum Arbeiten und Vernetzen<br \/>\nWie am Sihlquai 131 verf\u00fcgt auch das Kraftwerk Selnau \u00fcber Arbeitsinfrastrukturen der besonderen Art. Die Arbeits- und Sitzungsr\u00e4ume befinden sich in 22 Schiffscontainern \u2013 mitten im Raum, aber dennoch ruhig und gesch\u00fctzt. Hier beginnen viele Z\u00fcrcher Unternehmer*innen und Start-ups ihre Reise.<\/li>\n<li>Private Events und Firmenanl\u00e4sse<br \/>\nDie Veranstaltungsr\u00e4ume bieten Platz f\u00fcr Events verschiedener Gr\u00f6ssen und Ausrichtungen. Ob Jubil\u00e4umsfeier eines Grossunternehmens, ein Weihnachtsessen einer Z\u00fcrcher Schreinerei, ein Geburtstagsfest mit Karaoke im Keller \u2013 das Kraftwerk Team verw\u00f6hnt unsere G\u00e4ste kulinarisch und mit Leidenschaft.<\/li>\n<li>Politische Veranstaltungen und Podiumsdiskussionen<br \/>\nDas Kraftwerk bietet den idealen Raum f\u00fcr politische Streitgespr\u00e4che, Podiumsdiskussionen, oder unsere monatlichen <a style=\"font-family: -apple-system, BlinkMacSystemFont, 'Segoe UI', Roboto, Oxygen-Sans, Ubuntu, Cantarell, 'Helvetica Neue', sans-serif;\" href=\"https:\/\/democracydrinks.org\/\">Democracy Drinks Z\u00fcrich<\/a><span style=\"font-family: -apple-system, BlinkMacSystemFont, 'Segoe UI', Roboto, Oxygen-Sans, Ubuntu, Cantarell, 'Helvetica Neue', sans-serif;\">.<\/span><\/li>\n<li>Kommerzielle und nicht-kommerzielle Partys und Konzerte<br \/>\nVerschiedene Partyreihen von Grossveranstaltern, kleine Konzerte und Auftritte von DJs, die sich erst noch einen Namen machen m\u00f6chten \u2013 bei uns findest du ein breites Angebot an Musik- und Partyveranstaltungen. Im Keller kannst du im Club \u00d3 do Borogod\u00f3 abfeiern.<\/li>\n<li>Kunstausstellungen<br \/>\nIm Kraftwerk finden regelm\u00e4ssig Ausstellungen statt. Hier ist es uns wichtig, dass sowohl bekannte K\u00fcnstler*innen, sowie auch unbekannte Kunstschaffende eine B\u00fchne finden, ihre Werke mit anderen Menschen zu teilen.<\/li>\n<li>Aktivit\u00e4ten<br \/>\nVon Breath Work und Soundhealing Sessions \u00fcber Ecstatic Dances zu Yoga Events und Tribal Nights \u2013 das Kraftwerk Selnau bietet Platz f\u00fcr eine breite Palette an unkonventionellen Aktivit\u00e4ten und Events.<\/li>\n<\/ul>\n<p>Komm vorbei oder besuche uns online: <a href=\"https:\/\/www.kraftwerk.coffee\/\">kraftwerk.coffee\/<\/a>[\/vc_column_text][\/vc_accordion_tab][\/vc_accordion][\/vc_column][\/vc_row][vc_row row_height_percent=&#8220;0&#8243; override_padding=&#8220;yes&#8220; h_padding=&#8220;2&#8243; top_padding=&#8220;5&#8243; bottom_padding=&#8220;5&#8243; back_color=&#8220;color-wayh&#8220; back_image=&#8220;119378&#8243; overlay_color=&#8220;color-jevc&#8220; overlay_alpha=&#8220;30&#8243; gutter_size=&#8220;3&#8243; column_width_percent=&#8220;100&#8243; shift_y=&#8220;0&#8243; z_index=&#8220;0&#8243; top_divider=&#8220;gradient&#8220; bottom_divider=&#8220;gradient&#8220; uncode_shortcode_id=&#8220;739525&#8243; back_color_type=&#8220;uncode-palette&#8220; overlay_color_type=&#8220;uncode-palette&#8220;][vc_column column_width_percent=&#8220;100&#8243; position_vertical=&#8220;middle&#8220; align_horizontal=&#8220;align_center&#8220; gutter_size=&#8220;4&#8243; style=&#8220;dark&#8220; overlay_alpha=&#8220;50&#8243; shift_x=&#8220;0&#8243; shift_y=&#8220;0&#8243; shift_y_down=&#8220;0&#8243; z_index=&#8220;0&#8243; medium_width=&#8220;0&#8243; mobile_width=&#8220;0&#8243; width=&#8220;1\/1&#8243;][vc_row_inner row_inner_height_percent=&#8220;0&#8243; overlay_alpha=&#8220;50&#8243; gutter_size=&#8220;4&#8243; shift_y=&#8220;0&#8243; z_index=&#8220;0&#8243;][vc_column_inner column_width_percent=&#8220;100&#8243; align_horizontal=&#8220;align_center&#8220; gutter_size=&#8220;3&#8243; style=&#8220;dark&#8220; overlay_alpha=&#8220;50&#8243; shift_x=&#8220;0&#8243; shift_y=&#8220;0&#8243; shift_y_down=&#8220;0&#8243; z_index=&#8220;0&#8243; medium_width=&#8220;0&#8243; mobile_width=&#8220;0&#8243; width=&#8220;1\/1&#8243;][vc_custom_heading heading_semantic=&#8220;h3&#8243; text_size=&#8220;h1&#8243; css_animation=&#8220;curtain&#8220; interval_animation=&#8220;200&#8243; uncode_shortcode_id=&#8220;160559&#8243;]<span class=\"heading-text-highlight \" data-atts='{\"bg\":\"style-color-xsdn-bg\",\"height\":\"15%\",\"offset\":\"0.15em\",\"opacity\":\"0.25\",\"animated\":\"yes\"}'>Du m\u00f6chtest mehr \u00fcber uns erfahren?<\/span>[\/vc_custom_heading][vc_custom_heading heading_semantic=&#8220;p&#8220; text_size=&#8220;h4&#8243; text_weight=&#8220;400&#8243; css_animation=&#8220;curtain&#8220; uncode_shortcode_id=&#8220;588453&#8243;]Sehr gut, melde dich gleich direkt bei uns &#8211; wir beantworten deine Fragen gerne.[\/vc_custom_heading][vc_empty_space empty_h=&#8220;1&#8243; mobile_visibility=&#8220;yes&#8220;][vc_button border_width=&#8220;0&#8243; css_animation=&#8220;zoom-in&#8220; animation_delay=&#8220;800&#8243; link=&#8220;url:mailto%3Alimmathaus%40impacthub.ch|target:_blank&#8220; uncode_shortcode_id=&#8220;782882&#8243;]limmathaus@impacthub.ch[\/vc_button][\/vc_column_inner][\/vc_row_inner][\/vc_column][\/vc_row]<\/p>\n<\/div>","protected":false},"excerpt":{"rendered":"<p>[vc_row row_height_percent=&#8220;60&#8243; override_padding=&#8220;yes&#8220; h_padding=&#8220;2&#8243; top_padding=&#8220;5&#8243; bottom_padding=&#8220;5&#8243; back_color=&#8220;color-jevc&#8220; back_image=&#8220;119418&#8243; back_position=&#8220;center bottom&#8220; kburns=&#8220;yes&#8220; overlay_color=&#8220;color-jevc&#8220; overlay_alpha=&#8220;40&#8243; equal_height=&#8220;yes&#8220; gutter_size=&#8220;3&#8243; column_width_percent=&#8220;100&#8243; shift_y=&#8220;0&#8243; z_index=&#8220;0&#8243; top_divider=&#8220;gradient&#8220; bottom_divider=&#8220;gradient&#8220; [&hellip;]<\/p>\n","protected":false},"author":1,"featured_media":119418,"parent":0,"menu_order":0,"comment_status":"closed","ping_status":"closed","template":"","meta":{"footnotes":""},"class_list":["post-118260","page","type-page","status-publish","has-post-thumbnail","hentry"],"yoast_head":"<!-- This site is optimized with the Yoast SEO Premium plugin v25.8 (Yoast SEO v25.8) - https:\/\/yoast.com\/wordpress\/plugins\/seo\/ -->\n<title>\u00dcber uns | Limmathaus<\/title>\n<meta name=\"description\" content=\"Wer zieht ins neue Limmathaus? Der Impact Hub Z\u00fcrich, das Auer &amp; Co. und das Kraftwerk beleben gemeinsam das neue Limmathaus.\" \/>\n<meta name=\"robots\" content=\"index, follow, max-snippet:-1, max-image-preview:large, max-video-preview:-1\" \/>\n<link rel=\"canonical\" href=\"https:\/\/limmathaus.com\/de\/ueber-uns\/\" \/>\n<meta property=\"og:locale\" content=\"de_DE\" \/>\n<meta property=\"og:type\" content=\"article\" \/>\n<meta property=\"og:title\" content=\"\u00dcber uns\" \/>\n<meta property=\"og:description\" content=\"Wer zieht ins neue Limmathaus? Der Impact Hub Z\u00fcrich, das Auer &amp; Co. und das Kraftwerk beleben gemeinsam das neue Limmathaus.\" \/>\n<meta property=\"og:url\" content=\"https:\/\/limmathaus.com\/de\/ueber-uns\/\" \/>\n<meta property=\"og:site_name\" content=\"Limmathaus\" \/>\n<meta property=\"article:modified_time\" content=\"2023-07-31T12:35:41+00:00\" \/>\n<meta property=\"og:image\" content=\"https:\/\/limmathaus.com\/wp-content\/uploads\/Limmathaus-Ueber-Uns.jpg\" \/>\n\t<meta property=\"og:image:width\" content=\"2200\" \/>\n\t<meta property=\"og:image:height\" content=\"1067\" \/>\n\t<meta property=\"og:image:type\" content=\"image\/jpeg\" \/>\n<meta name=\"twitter:card\" content=\"summary_large_image\" \/>\n<meta name=\"twitter:image\" content=\"https:\/\/limmathaus.com\/wp-content\/uploads\/Limmathaus-Ueber-Uns.jpg\" \/>\n<meta name=\"twitter:label1\" content=\"Gesch\u00e4tzte Lesezeit\" \/>\n\t<meta name=\"twitter:data1\" content=\"6\u00a0Minuten\" \/>\n<script type=\"application\/ld+json\" class=\"yoast-schema-graph\">{\"@context\":\"https:\/\/schema.org\",\"@graph\":[{\"@type\":\"WebPage\",\"@id\":\"https:\/\/limmathaus.com\/de\/ueber-uns\/\",\"url\":\"https:\/\/limmathaus.com\/de\/ueber-uns\/\",\"name\":\"\u00dcber uns | Limmathaus\",\"isPartOf\":{\"@id\":\"https:\/\/limmathaus.com\/de\/#website\"},\"primaryImageOfPage\":{\"@id\":\"https:\/\/limmathaus.com\/de\/ueber-uns\/#primaryimage\"},\"image\":{\"@id\":\"https:\/\/limmathaus.com\/de\/ueber-uns\/#primaryimage\"},\"thumbnailUrl\":\"https:\/\/limmathaus.com\/wp-content\/uploads\/Limmathaus-Ueber-Uns.jpg\",\"datePublished\":\"2023-04-13T06:03:46+00:00\",\"dateModified\":\"2023-07-31T12:35:41+00:00\",\"description\":\"Wer zieht ins neue Limmathaus? Der Impact Hub Z\u00fcrich, das Auer & Co. und das Kraftwerk beleben gemeinsam das neue Limmathaus.\",\"breadcrumb\":{\"@id\":\"https:\/\/limmathaus.com\/de\/ueber-uns\/#breadcrumb\"},\"inLanguage\":\"de\",\"potentialAction\":[{\"@type\":\"ReadAction\",\"target\":[\"https:\/\/limmathaus.com\/de\/ueber-uns\/\"]}]},{\"@type\":\"ImageObject\",\"inLanguage\":\"de\",\"@id\":\"https:\/\/limmathaus.com\/de\/ueber-uns\/#primaryimage\",\"url\":\"https:\/\/limmathaus.com\/wp-content\/uploads\/Limmathaus-Ueber-Uns.jpg\",\"contentUrl\":\"https:\/\/limmathaus.com\/wp-content\/uploads\/Limmathaus-Ueber-Uns.jpg\",\"width\":2200,\"height\":1067,\"caption\":\"Headebild Limmathaus\"},{\"@type\":\"BreadcrumbList\",\"@id\":\"https:\/\/limmathaus.com\/de\/ueber-uns\/#breadcrumb\",\"itemListElement\":[{\"@type\":\"ListItem\",\"position\":1,\"name\":\"Startseite\",\"item\":\"https:\/\/limmathaus.com\/de\/\"},{\"@type\":\"ListItem\",\"position\":2,\"name\":\"\u00dcber uns\"}]},{\"@type\":\"WebSite\",\"@id\":\"https:\/\/limmathaus.com\/de\/#website\",\"url\":\"https:\/\/limmathaus.com\/de\/\",\"name\":\"Limmathaus\",\"description\":\"Der Begegnungsort f\u00fcrs Quartier\",\"publisher\":{\"@id\":\"https:\/\/limmathaus.com\/de\/#organization\"},\"potentialAction\":[{\"@type\":\"SearchAction\",\"target\":{\"@type\":\"EntryPoint\",\"urlTemplate\":\"https:\/\/limmathaus.com\/de\/?s={search_term_string}\"},\"query-input\":{\"@type\":\"PropertyValueSpecification\",\"valueRequired\":true,\"valueName\":\"search_term_string\"}}],\"inLanguage\":\"de\"},{\"@type\":\"Organization\",\"@id\":\"https:\/\/limmathaus.com\/de\/#organization\",\"name\":\"Limmathaus\",\"url\":\"https:\/\/limmathaus.com\/de\/\",\"logo\":{\"@type\":\"ImageObject\",\"inLanguage\":\"de\",\"@id\":\"https:\/\/limmathaus.com\/de\/#\/schema\/logo\/image\/\",\"url\":\"https:\/\/limmathaus.com\/wp-content\/uploads\/Limmatplatz-10.jpg\",\"contentUrl\":\"https:\/\/limmathaus.com\/wp-content\/uploads\/Limmatplatz-10.jpg\",\"width\":2200,\"height\":1275,\"caption\":\"Limmathaus\"},\"image\":{\"@id\":\"https:\/\/limmathaus.com\/de\/#\/schema\/logo\/image\/\"}}]}<\/script>\n<!-- \/ Yoast SEO Premium plugin. -->","yoast_head_json":{"title":"\u00dcber uns | Limmathaus","description":"Wer zieht ins neue Limmathaus? Der Impact Hub Z\u00fcrich, das Auer & Co. und das Kraftwerk beleben gemeinsam das neue Limmathaus.","robots":{"index":"index","follow":"follow","max-snippet":"max-snippet:-1","max-image-preview":"max-image-preview:large","max-video-preview":"max-video-preview:-1"},"canonical":"https:\/\/limmathaus.com\/de\/ueber-uns\/","og_locale":"de_DE","og_type":"article","og_title":"\u00dcber uns","og_description":"Wer zieht ins neue Limmathaus? Der Impact Hub Z\u00fcrich, das Auer & Co. und das Kraftwerk beleben gemeinsam das neue Limmathaus.","og_url":"https:\/\/limmathaus.com\/de\/ueber-uns\/","og_site_name":"Limmathaus","article_modified_time":"2023-07-31T12:35:41+00:00","og_image":[{"width":2200,"height":1067,"url":"https:\/\/limmathaus.com\/wp-content\/uploads\/Limmathaus-Ueber-Uns.jpg","type":"image\/jpeg"}],"twitter_card":"summary_large_image","twitter_image":"https:\/\/limmathaus.com\/wp-content\/uploads\/Limmathaus-Ueber-Uns.jpg","twitter_misc":{"Gesch\u00e4tzte Lesezeit":"6\u00a0Minuten"},"schema":{"@context":"https:\/\/schema.org","@graph":[{"@type":"WebPage","@id":"https:\/\/limmathaus.com\/de\/ueber-uns\/","url":"https:\/\/limmathaus.com\/de\/ueber-uns\/","name":"\u00dcber uns | Limmathaus","isPartOf":{"@id":"https:\/\/limmathaus.com\/de\/#website"},"primaryImageOfPage":{"@id":"https:\/\/limmathaus.com\/de\/ueber-uns\/#primaryimage"},"image":{"@id":"https:\/\/limmathaus.com\/de\/ueber-uns\/#primaryimage"},"thumbnailUrl":"https:\/\/limmathaus.com\/wp-content\/uploads\/Limmathaus-Ueber-Uns.jpg","datePublished":"2023-04-13T06:03:46+00:00","dateModified":"2023-07-31T12:35:41+00:00","description":"Wer zieht ins neue Limmathaus? Der Impact Hub Z\u00fcrich, das Auer & Co. und das Kraftwerk beleben gemeinsam das neue Limmathaus.","breadcrumb":{"@id":"https:\/\/limmathaus.com\/de\/ueber-uns\/#breadcrumb"},"inLanguage":"de","potentialAction":[{"@type":"ReadAction","target":["https:\/\/limmathaus.com\/de\/ueber-uns\/"]}]},{"@type":"ImageObject","inLanguage":"de","@id":"https:\/\/limmathaus.com\/de\/ueber-uns\/#primaryimage","url":"https:\/\/limmathaus.com\/wp-content\/uploads\/Limmathaus-Ueber-Uns.jpg","contentUrl":"https:\/\/limmathaus.com\/wp-content\/uploads\/Limmathaus-Ueber-Uns.jpg","width":2200,"height":1067,"caption":"Headebild Limmathaus"},{"@type":"BreadcrumbList","@id":"https:\/\/limmathaus.com\/de\/ueber-uns\/#breadcrumb","itemListElement":[{"@type":"ListItem","position":1,"name":"Startseite","item":"https:\/\/limmathaus.com\/de\/"},{"@type":"ListItem","position":2,"name":"\u00dcber uns"}]},{"@type":"WebSite","@id":"https:\/\/limmathaus.com\/de\/#website","url":"https:\/\/limmathaus.com\/de\/","name":"Limmathaus","description":"Der Begegnungsort f\u00fcrs Quartier","publisher":{"@id":"https:\/\/limmathaus.com\/de\/#organization"},"potentialAction":[{"@type":"SearchAction","target":{"@type":"EntryPoint","urlTemplate":"https:\/\/limmathaus.com\/de\/?s={search_term_string}"},"query-input":{"@type":"PropertyValueSpecification","valueRequired":true,"valueName":"search_term_string"}}],"inLanguage":"de"},{"@type":"Organization","@id":"https:\/\/limmathaus.com\/de\/#organization","name":"Limmathaus","url":"https:\/\/limmathaus.com\/de\/","logo":{"@type":"ImageObject","inLanguage":"de","@id":"https:\/\/limmathaus.com\/de\/#\/schema\/logo\/image\/","url":"https:\/\/limmathaus.com\/wp-content\/uploads\/Limmatplatz-10.jpg","contentUrl":"https:\/\/limmathaus.com\/wp-content\/uploads\/Limmatplatz-10.jpg","width":2200,"height":1275,"caption":"Limmathaus"},"image":{"@id":"https:\/\/limmathaus.com\/de\/#\/schema\/logo\/image\/"}}]}},"_links":{"self":[{"href":"https:\/\/limmathaus.com\/de\/wp-json\/wp\/v2\/pages\/118260","targetHints":{"allow":["GET"]}}],"collection":[{"href":"https:\/\/limmathaus.com\/de\/wp-json\/wp\/v2\/pages"}],"about":[{"href":"https:\/\/limmathaus.com\/de\/wp-json\/wp\/v2\/types\/page"}],"author":[{"embeddable":true,"href":"https:\/\/limmathaus.com\/de\/wp-json\/wp\/v2\/users\/1"}],"replies":[{"embeddable":true,"href":"https:\/\/limmathaus.com\/de\/wp-json\/wp\/v2\/comments?post=118260"}],"version-history":[{"count":48,"href":"https:\/\/limmathaus.com\/de\/wp-json\/wp\/v2\/pages\/118260\/revisions"}],"predecessor-version":[{"id":119746,"href":"https:\/\/limmathaus.com\/de\/wp-json\/wp\/v2\/pages\/118260\/revisions\/119746"}],"wp:featuredmedia":[{"embeddable":true,"href":"https:\/\/limmathaus.com\/de\/wp-json\/wp\/v2\/media\/119418"}],"wp:attachment":[{"href":"https:\/\/limmathaus.com\/de\/wp-json\/wp\/v2\/media?parent=118260"}],"curies":[{"name":"wp","href":"https:\/\/api.w.org\/{rel}","templated":true}]}}